{"id":108,"date":"2021-10-07T17:55:55","date_gmt":"2021-10-07T23:55:55","guid":{"rendered":"http:\/\/municipiomugica.com\/?page_id=108"},"modified":"2022-01-11T13:51:27","modified_gmt":"2022-01-11T19:51:27","slug":"municipio","status":"publish","type":"page","link":"https:\/\/municipiomugica.com\/index.php\/municipio\/","title":{"rendered":"MUNICIPIO"},"content":{"rendered":"\n<div class=\"wp-block-image\"><figure class=\"aligncenter size-full\"><img loading=\"lazy\" decoding=\"async\" width=\"176\" height=\"176\" src=\"http:\/\/municipiomugica.com\/wp-content\/uploads\/2021\/10\/176px-Escudo_de_Nueva_Italia.png\" alt=\"\" class=\"wp-image-220\" srcset=\"https:\/\/municipiomugica.com\/wp-content\/uploads\/2021\/10\/176px-Escudo_de_Nueva_Italia.png 176w, https:\/\/municipiomugica.com\/wp-content\/uploads\/2021\/10\/176px-Escudo_de_Nueva_Italia-150x150.png 150w\" sizes=\"auto, (max-width: 176px) 100vw, 176px\" \/><\/figure><\/div>\n\n\n\n<p>Lo que es en la actualidad el municipio de M\u00fagica, tiene sus or\u00edgenes a principios de este siglo en la hacienda conocida como Ojo de Agua . En 1903, la Hacienda fue cedida por sus propietarios, los se\u00f1ores Velazco, a la familia del Italiano Dante Cusi. El Lugar, hasta el momento de su venta, lo habitaban unas 20 familias, que viv\u00edan del cultivo del ma\u00edz de temporal y de la cr\u00eda de algunas cabezas de ganado. A esta propiedad, se le llam\u00f3 Nueva Italia.<\/p>\n\n\n\n<p>Sus habitantes en su mayor\u00eda, son originarios de otros lugares del estado y distintas localidades de Par\u00e1cuaro. En 1938, el Gral. L\u00e1zaro C\u00e1rdenas , expropi\u00f3 los terrenos de la hacienda, para repartirlos entre ejidatarios.<\/p>\n\n\n\n<p>El 12 de febrero de 1942, se constituy\u00f3 en municipio con el nombre de Zaragoza, siendo su cabecera municipal la \u201c Villa de la Nueva Italia de Ruiz \u201d, en memoria del historiador michoacano Eduardo Ruiz. El 18 de diciembre de 1969, el municipio de Zaragoza, cambio su nombre por el de M\u00fagica, en memoria del revolucionario y legislador michoacano, Francisco J. M\u00fagica. Su cabecera municipal, contin\u00fao siendo Nueva Italia de Ruiz.<\/p>\n\n\n\n<div class=\"wp-block-image\"><figure class=\"aligncenter size-full is-resized\"><img loading=\"lazy\" decoding=\"async\" src=\"http:\/\/municipiomugica.com\/wp-content\/uploads\/2021\/10\/130280843_2726646857646516_7163946983268092585_n.jpg\" alt=\"\" class=\"wp-image-219\" width=\"347\" height=\"463\" srcset=\"https:\/\/municipiomugica.com\/wp-content\/uploads\/2021\/10\/130280843_2726646857646516_7163946983268092585_n.jpg 701w, https:\/\/municipiomugica.com\/wp-content\/uploads\/2021\/10\/130280843_2726646857646516_7163946983268092585_n-225x300.jpg 225w\" sizes=\"auto, (max-width: 347px) 100vw, 347px\" \/><\/figure><\/div>\n\n\n\n<p><\/p>\n\n\n\n<p><\/p>\n","protected":false},"excerpt":{"rendered":"<p>Lo que es en la actualidad el municipio de M\u00fagica, tiene sus or\u00edgenes a principios de este siglo en la hacienda conocida como Ojo de Agua . En 1903, la &#8230;<\/p>\n","protected":false},"author":1,"featured_media":0,"parent":0,"menu_order":39,"comment_status":"closed","ping_status":"closed","template":"","meta":{"om_disable_all_campaigns":false,"footnotes":""},"class_list":["post-108","page","type-page","status-publish","hentry"],"aioseo_notices":[],"_links":{"self":[{"href":"https:\/\/municipiomugica.com\/index.php\/wp-json\/wp\/v2\/pages\/108","targetHints":{"allow":["GET"]}}],"collection":[{"href":"https:\/\/municipiomugica.com\/index.php\/wp-json\/wp\/v2\/pages"}],"about":[{"href":"https:\/\/municipiomugica.com\/index.php\/wp-json\/wp\/v2\/types\/page"}],"author":[{"embeddable":true,"href":"https:\/\/municipiomugica.com\/index.php\/wp-json\/wp\/v2\/users\/1"}],"replies":[{"embeddable":true,"href":"https:\/\/municipiomugica.com\/index.php\/wp-json\/wp\/v2\/comments?post=108"}],"version-history":[{"count":2,"href":"https:\/\/municipiomugica.com\/index.php\/wp-json\/wp\/v2\/pages\/108\/revisions"}],"predecessor-version":[{"id":1170,"href":"https:\/\/municipiomugica.com\/index.php\/wp-json\/wp\/v2\/pages\/108\/revisions\/1170"}],"wp:attachment":[{"href":"https:\/\/municipiomugica.com\/index.php\/wp-json\/wp\/v2\/media?parent=108"}],"curies":[{"name":"wp","href":"https:\/\/api.w.org\/{rel}","templated":true}]}}