{"id":112,"date":"2021-10-07T17:56:44","date_gmt":"2021-10-07T23:56:44","guid":{"rendered":"http:\/\/municipiomugica.com\/?page_id=112"},"modified":"2021-10-08T00:13:35","modified_gmt":"2021-10-08T06:13:35","slug":"cronologia-de-presidentes","status":"publish","type":"page","link":"https:\/\/municipiomugica.com\/index.php\/cronologia-de-presidentes\/","title":{"rendered":"CRONOLOG\u00cdA DE PRESIDENTES"},"content":{"rendered":"\n<figure class=\"wp-block-table\"><table><tbody><tr><td class=\"has-text-align-center\" data-align=\"center\">Manuel Ram\u00edrez Soto<\/td><td class=\"has-text-align-center\" data-align=\"center\">1942-1943<\/td><\/tr><tr><td class=\"has-text-align-center\" data-align=\"center\">Luis Moreno<\/td><td class=\"has-text-align-center\" data-align=\"center\">1943-1944<\/td><\/tr><tr><td class=\"has-text-align-center\" data-align=\"center\">Ignacio Herrera Silva<\/td><td class=\"has-text-align-center\" data-align=\"center\">1944<\/td><\/tr><tr><td class=\"has-text-align-center\" data-align=\"center\">Juan Reyes Angel<\/td><td class=\"has-text-align-center\" data-align=\"center\">1944-1945<\/td><\/tr><tr><td class=\"has-text-align-center\" data-align=\"center\">Pablo Padilla M.<\/td><td class=\"has-text-align-center\" data-align=\"center\">1946<\/td><\/tr><tr><td class=\"has-text-align-center\" data-align=\"center\">Alejo Andrade Moreno<\/td><td class=\"has-text-align-center\" data-align=\"center\">1946<\/td><\/tr><tr><td class=\"has-text-align-center\" data-align=\"center\">Francisco Marroqu\u00edn<\/td><td class=\"has-text-align-center\" data-align=\"center\">1947<\/td><\/tr><tr><td class=\"has-text-align-center\" data-align=\"center\">J. Jes\u00fas Garc\u00eda S.<\/td><td class=\"has-text-align-center\" data-align=\"center\">1947<\/td><\/tr><tr><td class=\"has-text-align-center\" data-align=\"center\">Heriberto Garc\u00eda<\/td><td class=\"has-text-align-center\" data-align=\"center\">1947<\/td><\/tr><tr><td class=\"has-text-align-center\" data-align=\"center\">Mayor V\u00edctor Salcedo<\/td><td class=\"has-text-align-center\" data-align=\"center\">1947-1949<\/td><\/tr><tr><td class=\"has-text-align-center\" data-align=\"center\">Rosendo Abarca Camacho<\/td><td class=\"has-text-align-center\" data-align=\"center\">1950<\/td><\/tr><tr><td class=\"has-text-align-center\" data-align=\"center\">Indalecio Sandoval<\/td><td class=\"has-text-align-center\" data-align=\"center\">1951<\/td><\/tr><tr><td class=\"has-text-align-center\" data-align=\"center\">Gabino S\u00e1nchez S.<\/td><td class=\"has-text-align-center\" data-align=\"center\">1951<\/td><\/tr><tr><td class=\"has-text-align-center\" data-align=\"center\">Luis Huerta G.<\/td><td class=\"has-text-align-center\" data-align=\"center\">1952-1953<\/td><\/tr><tr><td class=\"has-text-align-center\" data-align=\"center\">Filiberto Manzo C.<\/td><td class=\"has-text-align-center\" data-align=\"center\">1954<\/td><\/tr><tr><td class=\"has-text-align-center\" data-align=\"center\">Profr. Mateo Ram\u00edrez<\/td><td class=\"has-text-align-center\" data-align=\"center\">1954-1956<\/td><\/tr><tr><td class=\"has-text-align-center\" data-align=\"center\">Profr. Jes\u00fas Figueroa<\/td><td class=\"has-text-align-center\" data-align=\"center\">1957-1959<\/td><\/tr><tr><td class=\"has-text-align-center\" data-align=\"center\">Pablo Padilla Mart\u00ednez<\/td><td class=\"has-text-align-center\" data-align=\"center\">1960-1962<\/td><\/tr><tr><td class=\"has-text-align-center\" data-align=\"center\">J. Jes\u00fas Barajas T.<\/td><td class=\"has-text-align-center\" data-align=\"center\">1963-1965<\/td><\/tr><tr><td class=\"has-text-align-center\" data-align=\"center\">Profr. Luis Quezada M.<\/td><td class=\"has-text-align-center\" data-align=\"center\">1966-1968<\/td><\/tr><tr><td class=\"has-text-align-center\" data-align=\"center\">Eladio Guerrero L\u00f3pez<\/td><td class=\"has-text-align-center\" data-align=\"center\">1968<\/td><\/tr><tr><td class=\"has-text-align-center\" data-align=\"center\">Profr. Mateo Ram\u00edrez<\/td><td class=\"has-text-align-center\" data-align=\"center\">1969-1971<\/td><\/tr><tr><td class=\"has-text-align-center\" data-align=\"center\">Julio Landa Ram\u00edrez<\/td><td class=\"has-text-align-center\" data-align=\"center\">1972<\/td><\/tr><tr><td class=\"has-text-align-center\" data-align=\"center\">Dr. Emiliano Moreno R.<\/td><td class=\"has-text-align-center\" data-align=\"center\">1972-1974<\/td><\/tr><tr><td class=\"has-text-align-center\" data-align=\"center\">Delfino P\u00e9rez Jim\u00e9nez<\/td><td class=\"has-text-align-center\" data-align=\"center\">1975-1977<\/td><\/tr><tr><td class=\"has-text-align-center\" data-align=\"center\">Dr. Emiliano Moreno R.<\/td><td class=\"has-text-align-center\" data-align=\"center\">1978-1980<\/td><\/tr><tr><td class=\"has-text-align-center\" data-align=\"center\">Profr. Manuel Hern\u00e1ndez<\/td><td class=\"has-text-align-center\" data-align=\"center\">1981-1983<\/td><\/tr><tr><td class=\"has-text-align-center\" data-align=\"center\">Ing. Jos\u00e9 Hern\u00e1ndez G.<\/td><td class=\"has-text-align-center\" data-align=\"center\">1984-1985<\/td><\/tr><tr><td class=\"has-text-align-center\" data-align=\"center\">Rogelio Orozco<\/td><td class=\"has-text-align-center\" data-align=\"center\">1985-1986<\/td><\/tr><tr><td class=\"has-text-align-center\" data-align=\"center\">Daniel Ram\u00edrez M.<\/td><td class=\"has-text-align-center\" data-align=\"center\">1986-1988<\/td><\/tr><tr><td class=\"has-text-align-center\" data-align=\"center\">C.P. Armando Medina A.<\/td><td class=\"has-text-align-center\" data-align=\"center\">1988-1989<\/td><\/tr><tr><td class=\"has-text-align-center\" data-align=\"center\">LAE. Antonio Ramos<\/td><td class=\"has-text-align-center\" data-align=\"center\">1990-1992<\/td><\/tr><tr><td class=\"has-text-align-center\" data-align=\"center\">Profr. J. Jos\u00e9 Su\u00e1rez Estrella<\/td><td class=\"has-text-align-center\" data-align=\"center\">1993-1995<\/td><\/tr><tr><td class=\"has-text-align-center\" data-align=\"center\">Benjam\u00edn Serrato Blanco<\/td><td class=\"has-text-align-center\" data-align=\"center\">1996<\/td><\/tr><tr><td class=\"has-text-align-center\" data-align=\"center\">Raymundo Arreola Ortega<\/td><td class=\"has-text-align-center\" data-align=\"center\">1999-2001<\/td><\/tr><tr><td class=\"has-text-align-center\" data-align=\"center\">Armando Medina Torres<\/td><td class=\"has-text-align-center\" data-align=\"center\">2002-2004<\/td><\/tr><tr><td class=\"has-text-align-center\" data-align=\"center\">Benjam\u00edn Serrato Blanco<\/td><td class=\"has-text-align-center\" data-align=\"center\">2005-2007<\/td><\/tr><tr><td class=\"has-text-align-center\" data-align=\"center\">Armando Medina Torres<\/td><td class=\"has-text-align-center\" data-align=\"center\">2008-2011<\/td><\/tr><tr><td class=\"has-text-align-center\" data-align=\"center\">Casimiro Quezada Casillas<\/td><td class=\"has-text-align-center\" data-align=\"center\">2012-2015<\/td><\/tr><tr><td class=\"has-text-align-center\" data-align=\"center\">Salvador Ruiz Ruiz<\/td><td class=\"has-text-align-center\" data-align=\"center\">2015-2018<\/td><\/tr><tr><td class=\"has-text-align-center\" data-align=\"center\">Raymundo Arreola Ortega<\/td><td class=\"has-text-align-center\" data-align=\"center\">2018-2021<\/td><\/tr><tr><td class=\"has-text-align-center\" data-align=\"center\">Dr. Hugo Wulfrano Andrade L\u00f3pez<\/td><td class=\"has-text-align-center\" data-align=\"center\">2021-2024<\/td><\/tr><\/tbody><\/table><\/figure>\n","protected":false},"excerpt":{"rendered":"<p>Manuel Ram\u00edrez Soto 1942-1943 Luis Moreno 1943-1944 Ignacio Herrera Silva 1944 Juan Reyes Angel 1944-1945 Pablo Padilla M. 1946 Alejo Andrade Moreno 1946 Francisco Marroqu\u00edn 1947 J. Jes\u00fas Garc\u00eda S. &#8230;<\/p>\n","protected":false},"author":1,"featured_media":0,"parent":0,"menu_order":37,"comment_status":"closed","ping_status":"closed","template":"","meta":{"om_disable_all_campaigns":false,"footnotes":""},"class_list":["post-112","page","type-page","status-publish","hentry"],"aioseo_notices":[],"_links":{"self":[{"href":"https:\/\/municipiomugica.com\/index.php\/wp-json\/wp\/v2\/pages\/112","targetHints":{"allow":["GET"]}}],"collection":[{"href":"https:\/\/municipiomugica.com\/index.php\/wp-json\/wp\/v2\/pages"}],"about":[{"href":"https:\/\/municipiomugica.com\/index.php\/wp-json\/wp\/v2\/types\/page"}],"author":[{"embeddable":true,"href":"https:\/\/municipiomugica.com\/index.php\/wp-json\/wp\/v2\/users\/1"}],"replies":[{"embeddable":true,"href":"https:\/\/municipiomugica.com\/index.php\/wp-json\/wp\/v2\/comments?post=112"}],"version-history":[{"count":2,"href":"https:\/\/municipiomugica.com\/index.php\/wp-json\/wp\/v2\/pages\/112\/revisions"}],"predecessor-version":[{"id":259,"href":"https:\/\/municipiomugica.com\/index.php\/wp-json\/wp\/v2\/pages\/112\/revisions\/259"}],"wp:attachment":[{"href":"https:\/\/municipiomugica.com\/index.php\/wp-json\/wp\/v2\/media?parent=112"}],"curies":[{"name":"wp","href":"https:\/\/api.w.org\/{rel}","templated":true}]}}