{"id":120,"date":"2021-10-07T17:58:03","date_gmt":"2021-10-07T23:58:03","guid":{"rendered":"http:\/\/municipiomugica.com\/?page_id=120"},"modified":"2022-01-11T14:27:34","modified_gmt":"2022-01-11T20:27:34","slug":"localidades","status":"publish","type":"page","link":"https:\/\/municipiomugica.com\/index.php\/localidades\/","title":{"rendered":"LOCALIDADES"},"content":{"rendered":"\n<h2 class=\"wp-block-heading\">G\u00e1mbara. <\/h2>\n\n\n\n<p>Sus fuentes de ingresos son la ganader\u00eda y la agricultura. Su n\u00famero de habitantes es de 3176.<\/p>\n\n\n\n<div class=\"wp-block-media-text is-stacked-on-mobile is-vertically-aligned-top\" style=\"grid-template-columns:56% auto\"><figure class=\"wp-block-media-text__media\"><img loading=\"lazy\" decoding=\"async\" width=\"1024\" height=\"683\" src=\"http:\/\/municipiomugica.com\/wp-content\/uploads\/2022\/01\/gambara-11-1024x683.jpg\" alt=\"\" class=\"wp-image-1147 size-full\" srcset=\"https:\/\/municipiomugica.com\/wp-content\/uploads\/2022\/01\/gambara-11-1024x683.jpg 1024w, https:\/\/municipiomugica.com\/wp-content\/uploads\/2022\/01\/gambara-11-300x200.jpg 300w, https:\/\/municipiomugica.com\/wp-content\/uploads\/2022\/01\/gambara-11-768x512.jpg 768w, https:\/\/municipiomugica.com\/wp-content\/uploads\/2022\/01\/gambara-11-1536x1024.jpg 1536w, https:\/\/municipiomugica.com\/wp-content\/uploads\/2022\/01\/gambara-11-2048x1365.jpg 2048w\" sizes=\"auto, (max-width: 1024px) 100vw, 1024px\" \/><\/figure><div class=\"wp-block-media-text__content\">\n<p class=\"has-large-font-size\"><iframe loading=\"lazy\" style=\"border: 0;\" src=\"https:\/\/www.google.com\/maps\/embed?pb=!1m18!1m12!1m3!1d4360.28001950343!2d-102.1128459232797!3d18.932215854263628!2m3!1f0!2f0!3f0!3m2!1i1024!2i768!4f13.1!3m3!1m2!1s0x0%3A0xc204954dcf4b7364!2sJard%C3%ADn%20de%20Gambara!5e0!3m2!1ses-419!2smx!4v1641925541198!5m2!1ses-419!2smx\" allowfullscreen=\"allowfullscreen\" width=\"400\" height=\"300\"><\/iframe><\/p>\n<p class=\"has-large-font-size\"><\/p>\n<\/div><\/div>\n\n\n\n<h2 class=\"wp-block-heading\">El Ce\u00f1idor.<\/h2>\n\n\n\n<p>Sus fuentes de ingresos son la ganader\u00eda y la agricultura. Su n\u00famero de habitantes es de 2515.<\/p>\n\n\n\n<div class=\"wp-block-media-text is-stacked-on-mobile\" style=\"grid-template-columns:55% auto\"><figure class=\"wp-block-media-text__media\"><img loading=\"lazy\" decoding=\"async\" width=\"1024\" height=\"683\" src=\"http:\/\/municipiomugica.com\/wp-content\/uploads\/2022\/01\/el-cenidor-14-1024x683.jpg\" alt=\"\" class=\"wp-image-1157 size-full\" srcset=\"https:\/\/municipiomugica.com\/wp-content\/uploads\/2022\/01\/el-cenidor-14-1024x683.jpg 1024w, https:\/\/municipiomugica.com\/wp-content\/uploads\/2022\/01\/el-cenidor-14-300x200.jpg 300w, https:\/\/municipiomugica.com\/wp-content\/uploads\/2022\/01\/el-cenidor-14-768x512.jpg 768w, https:\/\/municipiomugica.com\/wp-content\/uploads\/2022\/01\/el-cenidor-14-1536x1024.jpg 1536w, https:\/\/municipiomugica.com\/wp-content\/uploads\/2022\/01\/el-cenidor-14-2048x1365.jpg 2048w\" sizes=\"auto, (max-width: 1024px) 100vw, 1024px\" \/><\/figure><div class=\"wp-block-media-text__content\">\n<p class=\"has-large-font-size\"><iframe src=\"https:\/\/www.google.com\/maps\/embed?pb=!1m18!1m12!1m3!1d5988.313175664678!2d-102.18986189806336!3d19.002039568321635!2m3!1f0!2f0!3f0!3m2!1i1024!2i768!4f13.1!3m3!1m2!1s0x8431fb0a0fa08393%3A0xff97f45281a2c5c3!2sLas%20letras!5e0!3m2!1ses-419!2smx!4v1641928179908!5m2!1ses-419!2smx\" style=\"border:0;\" allowfullscreen=\"\" loading=\"lazy\" width=\"400\" height=\"300\"><\/iframe><\/p>\n<\/div><\/div>\n\n\n\n<p><\/p>\n","protected":false},"excerpt":{"rendered":"<p>G\u00e1mbara. Sus fuentes de ingresos son la ganader\u00eda y la agricultura. Su n\u00famero de habitantes es de 3176. El Ce\u00f1idor. Sus fuentes de ingresos son la ganader\u00eda y la agricultura. &#8230;<\/p>\n","protected":false},"author":1,"featured_media":0,"parent":0,"menu_order":33,"comment_status":"closed","ping_status":"closed","template":"","meta":{"om_disable_all_campaigns":false,"footnotes":""},"class_list":["post-120","page","type-page","status-publish","hentry"],"aioseo_notices":[],"_links":{"self":[{"href":"https:\/\/municipiomugica.com\/index.php\/wp-json\/wp\/v2\/pages\/120","targetHints":{"allow":["GET"]}}],"collection":[{"href":"https:\/\/municipiomugica.com\/index.php\/wp-json\/wp\/v2\/pages"}],"about":[{"href":"https:\/\/municipiomugica.com\/index.php\/wp-json\/wp\/v2\/types\/page"}],"author":[{"embeddable":true,"href":"https:\/\/municipiomugica.com\/index.php\/wp-json\/wp\/v2\/users\/1"}],"replies":[{"embeddable":true,"href":"https:\/\/municipiomugica.com\/index.php\/wp-json\/wp\/v2\/comments?post=120"}],"version-history":[{"count":20,"href":"https:\/\/municipiomugica.com\/index.php\/wp-json\/wp\/v2\/pages\/120\/revisions"}],"predecessor-version":[{"id":3899,"href":"https:\/\/municipiomugica.com\/index.php\/wp-json\/wp\/v2\/pages\/120\/revisions\/3899"}],"wp:attachment":[{"href":"https:\/\/municipiomugica.com\/index.php\/wp-json\/wp\/v2\/media?parent=120"}],"curies":[{"name":"wp","href":"https:\/\/api.w.org\/{rel}","templated":true}]}}