{"id":126,"date":"2021-10-07T17:59:13","date_gmt":"2021-10-07T23:59:13","guid":{"rendered":"http:\/\/municipiomugica.com\/?page_id=126"},"modified":"2022-10-29T21:25:52","modified_gmt":"2022-10-30T03:25:52","slug":"ley-de-disciplina-financiera","status":"publish","type":"page","link":"https:\/\/municipiomugica.com\/index.php\/ley-de-disciplina-financiera\/","title":{"rendered":"LEY DE DISCIPLINA FINANCIERA"},"content":{"rendered":"\n<p><strong>TERCER TRIMESTRE 2021<\/strong><\/p>\n\n\n\n<figure class=\"wp-block-table is-style-stripes\"><table><tbody><tr><td>1.-<\/td><td><a href=\"http:\/\/municipiomugica.com\/Ley_Dis_Fin\/1.-%20PORTADA.pdf\">PORTADA<\/a><\/td><\/tr><tr><td>2.-<\/td><td><a href=\"http:\/\/municipiomugica.com\/Ley_Dis_Fin\/2.-%20FUNCIONARIOS.pdf\">FUNCIONARIOS<\/a><\/td><\/tr><tr><td>3.-<\/td><td><a href=\"http:\/\/municipiomugica.com\/Ley_Dis_Fin\/3.-%20INDICE.pdf\">INDICE<\/a><\/td><\/tr><tr><td>4.-<\/td><td><a href=\"http:\/\/municipiomugica.com\/Ley_Dis_Fin\/4.-%20ACTA%20DE%20SESI%C3%93N%20DE%20CABILDO.pdf\">ACTA DE SESI\u00d3N DE CABILDO<\/a><\/td><\/tr><tr><td>5.-<\/td><td><a href=\"http:\/\/municipiomugica.com\/Ley_Dis_Fin\/5.-%20ESTADO%20DE%20ACTIVIDADES.pdf\">ESTADO DE ACTIVIDADES<\/a><\/td><\/tr><tr><td>6.-<\/td><td><a href=\"http:\/\/municipiomugica.com\/Ley_Dis_Fin\/6.-%20ESTADO%20DE%20SITUACI%C3%93N%20FINANCIERA.pdf\">ESTADO DE SITUACI\u00d3N FINANCIERA<\/a><\/td><\/tr><tr><td>7.-<\/td><td><a href=\"http:\/\/municipiomugica.com\/Ley_Dis_Fin\/7.-%20ESTADO%20DE%20VARIACI%C3%93N%20EN%20LA%20HACIENDA%20P%C3%9ABLICA.pdf\">ESTADO DE VARIACI\u00d3N EN LA HACIENDA P\u00daBLICA<\/a><\/td><\/tr><tr><td>8.-<\/td><td><a href=\"http:\/\/municipiomugica.com\/Ley_Dis_Fin\/8.-%20ESTADO%20DE%20CAMBIOS%20EN%20LA%20SITUACI%C3%93N%20FINANCIERA.pdf\">ESTADOS DE CAMBIOS EN LA SITUACI\u00d3N FINANCIERA<\/a><\/td><\/tr><tr><td>9.-<\/td><td><a href=\"http:\/\/municipiomugica.com\/Ley_Dis_Fin\/9.-%20ESTADO%20DE%20FLUJOS%20DE%20EFECTIVO.pdf\">ESTADO DE FLUJOS DE EFECTIVO<\/a><\/td><\/tr><tr><td>10.-<\/td><td><a href=\"http:\/\/municipiomugica.com\/Ley_Dis_Fin\/10.-%20NOTAS%20A%20LOS%20ESTADOS%20FINANCIEROS.pdf\">NOTAS A LOS ESTADOS FINANCIEROS<\/a><\/td><\/tr><tr><td>11.-<\/td><td><a href=\"http:\/\/municipiomugica.com\/Ley_Dis_Fin\/11.-%20ESTADO%20ANAL%C3%8DTICO%20DEL%20ACTIVO.pdf\">ESTADO ANALITICO DEL ACTIVO<\/a><\/td><\/tr><tr><td>12.-<\/td><td><a href=\"http:\/\/municipiomugica.com\/Ley_Dis_Fin\/12.-%20ESTADO%20ANAL%C3%8DTICO%20DE%20INGRESOS%20FF.pdf\">ESTADO ANAL\u00cdTICO DE INGRESOS FF<\/a><\/td><\/tr><tr><td>12A.-<\/td><td><a href=\"http:\/\/municipiomugica.com\/Ley_Dis_Fin\/12A.-%20ESTADO%20ANAL%C3%8DTICO%20DE%20INGRESOS%20FF.pdf\">ESTADO ANAL\u00cdTICO DE INGRESOS FF<\/a><\/td><\/tr><tr><td>12B.-<\/td><td><a href=\"http:\/\/municipiomugica.com\/Ley_Dis_Fin\/12B.-%20ESTADO%20ANAL%C3%8DTICO%20DEL%20EJERCICIO%20DEL%20PRESUPUESTO%20DE%20EGRESOS%20CLASIF%20ADMINISTRATIVA.pdf\">ESTADO ANAL\u00cdTICO DE INGRESOS FF<\/a><\/td><\/tr><tr><td>12B.-<\/td><td><a href=\"http:\/\/municipiomugica.com\/Ley_Dis_Fin\/12B.-%20ESTADO%20ANAL%C3%8DTICO%20DEL%20EJERCICIO%20DEL%20PRESUPUESTO%20DE%20EGRESOS%20CLASIF%20ADMINISTRATIVA.pdf\">ESTADO ANAL\u00cdTICO DEL EJERCICIO DEL PRESUPUESTO DE EGRESOS CLASIFICACI\u00d3N ADMINISTRATIVA <\/a><\/td><\/tr><tr><td>12C.-<\/td><td> <a href=\"http:\/\/municipiomugica.com\/Ley_Dis_Fin\/12B.-%20ESTADO%20ANAL%C3%8DTICO%20DEL%20EJERCICIO%20DEL%20PRESUPUESTO%20DE%20EGRESOS%20CLASIF%20ADMINISTRATIVA.pdf\">ESTADO ANAL\u00cdTICO DEL EJERCICIO DEL PRESUPUESTO DE EGRESOS CLASIFICACI\u00d3N ADMINISTRATIVA <\/a> <\/td><\/tr><tr><td>12C.-<\/td><td><a href=\"http:\/\/municipiomugica.com\/Ley_Dis_Fin\/12C.-%20ESTADO%20ANAL%C3%8DTICO%20DEL%20EJERCICIO%20DEL%20PRESUPUESTO%20DE%20EGRESOS%20CLASIF%20ADMINISTRATIVA2.pdf\">ESTADO ANAL\u00cdTICO DEL EJERCICIO DEL PRESUPUESTO DE EGRESOS CLASIFICACI\u00d3N ADMINISTRATIVA<\/a><\/td><\/tr><tr><td>12D.-<\/td><td><a href=\"http:\/\/municipiomugica.com\/Ley_Dis_Fin\/12D.-%20ESTADO%20ANAL%C3%8DTICO%20DE%20INGRESOS%20FF.pdf\">ESTADO ANAL\u00cdTICO DE INGRESOS FF<\/a><\/td><\/tr><tr><td>12D.-<\/td><td><a href=\"http:\/\/municipiomugica.com\/Ley_Dis_Fin\/12D.-%20ESTADO%20ANAL%C3%8DTICO%20DEL%20EJERCICIO%20DEL%20PRESUPUESTO%20DE%20EGRESOS%20CLASIF%20ECON%C3%93MICA.pdf\">ESTADO ANAL\u00cdTICO DEL EJERCICIO DEL PRESUPUESTO DE EGRESOS CLASIFICACI\u00d3N ECON\u00d3MICA<\/a><\/td><\/tr><tr><td>12E.-<\/td><td><a href=\"http:\/\/municipiomugica.com\/Ley_Dis_Fin\/12E.-%20ESTADO%20ANAL%C3%8DTICO%20DE%20INGRESOS%20FF.pdf\">ESTADO ANAL\u00cdTICO DE INGRESOS FF<\/a><\/td><\/tr><tr><td>12E.-<\/td><td><a href=\"http:\/\/municipiomugica.com\/Ley_Dis_Fin\/12E.-%20ESTADO%20ANAL%C3%8DTICO%20DEL%20EJERCICIO%20DEL%20PRESUPUESTO%20DE%20EGRESOS%20CLASIF%20FUNCIONAL.pdf\">ESTADO ANAL\u00cdTICO DEL EJERCICIO DEL PRESUPUESTO DE EGRESOS CLASIFICACI\u00d3N FUNCIONAL<\/a><\/td><\/tr><tr><td>12F.-<\/td><td><a href=\"http:\/\/municipiomugica.com\/Ley_Dis_Fin\/12F.-%20ESTADO%20ANAL%C3%8DTICO%20DE%20INGRESOS%20FF.pdf\">ESTADO ANAL\u00cdTICO DE INGRESOS FF<\/a><\/td><\/tr><tr><td>12G.-<\/td><td><a href=\"http:\/\/municipiomugica.com\/Ley_Dis_Fin\/12G.-%20ESTADO%20ANAL%C3%8DTICO%20DE%20INGRESOS%20FF.pdf\">ESTADO ANAL\u00cdTICO DE INGRESOS FF<\/a><\/td><\/tr><tr><td>12H.-<\/td><td><a href=\"http:\/\/municipiomugica.com\/Ley_Dis_Fin\/12H.-%20ESTADO%20ANAL%C3%8DTICO%20DE%20INGRESOS%20FF.pdf\">ESTADO ANAL\u00cdTICO DE INGRESOS FF<\/a><\/td><\/tr><tr><td>12I.-<\/td><td><a href=\"http:\/\/municipiomugica.com\/Ley_Dis_Fin\/12I.-%20ESTADO%20ANAL%C3%8DTICO%20DE%20INGRESOS%20FF.pdf\">ESTADO ANAL\u00cdTICO DE INGRESOS FF<\/a><\/td><\/tr><tr><td>12J.-<\/td><td><a href=\"http:\/\/municipiomugica.com\/Ley_Dis_Fin\/12J.-%20ESTADO%20ANAL%C3%8DTICO%20DE%20INGRESOS%20FF.pdf\">ESTADO ANAL\u00cdTICO DE INGRESOS FF<\/a><\/td><\/tr><tr><td>13.-<\/td><td><a href=\"http:\/\/municipiomugica.com\/Ley_Dis_Fin\/13.-%20RELACI%C3%93N%20DE%20BIENES%20MUEBLES%20E%20INMUEBLES.pdf\">ESTADO ANAL\u00cdTICO DEL EJERCICIO DEL PRESUPUESTO DE EGRESOS<\/a><\/td><\/tr><tr><td>13.-<\/td><td><a href=\"http:\/\/municipiomugica.com\/Ley_Dis_Fin\/13.-%20RELACI%C3%93N%20DE%20BIENES%20MUEBLES%20E%20INMUEBLES.pdf\">RELACI\u00d3N DE BIENES MUEBLES E INMUEBLES<\/a><\/td><\/tr><tr><td>14.-<\/td><td><a href=\"http:\/\/municipiomugica.com\/Ley_Dis_Fin\/14.-%20INFORME%20RESPECTO%20AL%20EJERCICIO%20Y%20DESTINO%20DEL%20FASTOP%20FEDERALIZADO.pdf\">INFORME RESPECTO AL EJERCICIO Y DESTINO DEL FASTOP FEDERALIZADO<\/a><\/td><\/tr><tr><td>15.-<\/td><td><a href=\"http:\/\/municipiomugica.com\/Ley_Dis_Fin\/15.-%20RELACI%C3%93N%20DE%20CUENTAS%20BANCARIAS%2C%20ESTADOS%20DE%20CUENTA%20Y%20CONCILIACIONES%20BANCARIAS%201.pdf\">RELACI\u00d3N DE CUENTAS BANCARIAS, ESTADOS DE CUENTA Y CONCILIACIONES BANCARIAS<\/a><\/td><\/tr><tr><td>15B.-<\/td><td><a href=\"http:\/\/municipiomugica.com\/Ley_Dis_Fin\/15B.-%20ESTADOS%20DE%20CUENTA%20Y%20CONCILIACIONES%20BANCARIAS%202.pdf\">ESTADOS DE CUENTA Y CONCILIACIONES BANCARIAS<\/a><\/td><\/tr><tr><td>16.-<\/td><td><a href=\"http:\/\/municipiomugica.com\/Ley_Dis_Fin\/16.-%20AN%C3%81LISIS%20Y%20DESCRIPCI%C3%93N%20DE%20LAS%20TRANSFERENCIAS%2C%20ASIGNACIONES%2C%20SUBSIDIOS%20Y%20OTRAS%20AYUDAS.pdf\">AN\u00c1LISIS Y DESCRIPCI\u00d3N DE LAS TRANSFERENCIAS, ASIGNACIONES, SUBSIDIOS Y OTRAS AYUDAS<\/a><\/td><\/tr><tr><td>17.-<\/td><td><a href=\"http:\/\/municipiomugica.com\/Ley_Dis_Fin\/17.-%20REPORTE%20DE%20LA%20DEUDA.pdf\" title=\"http:\/\/municipiomugica.com\/Ley_Dis_Fin\/17.-%20REPORTE%20DE%20LA%20DEUDA.pdf\">REPORTE DE LA DEUDA<\/a><\/td><\/tr><tr><td>18.-<\/td><td><a href=\"http:\/\/municipiomugica.com\/Ley_Dis_Fin\/18.-%20OBRAS%20EJECUTADAS%20POR%20ADMINISTRACI%C3%93N%20DIRECTA%202.pdf\">OBRAS EJECUTADAS POR ADMINISTRACI\u00d3N DIRECTA<\/a><\/td><\/tr><tr><td>18.-<\/td><td><a href=\"http:\/\/municipiomugica.com\/Ley_Dis_Fin\/18.-%20OBRAS%20EJECUTADAS%20POR%20ADMINISTRACI%C3%93N%20DIRECTA.pdf\">OBRAS EJECUTADAS POR ADMINISTRACI\u00d3N DIRECTA<\/a><\/td><\/tr><tr><td>19.-<\/td><td><a href=\"http:\/\/municipiomugica.com\/Ley_Dis_Fin\/19.-%20OBRAS%20EJECUTADAS%20DURANTE%20EL%20EJERCICIO.pdf\">OBRAS EJECUTADAS DURANTE EL EJERCICIO<\/a><\/td><\/tr><tr><td>20.-<\/td><td><a href=\"http:\/\/municipiomugica.com\/Ley_Dis_Fin\/20.-%20MODIFICACIONES%20PRESUPUESTALES%2C%20PLANTILLA%20DE%20PERSONAL%2C%20ALTAS%20Y%20BAJAS%20Y%20TABULADOR%20DE%20SUELDOS.pdf\">MODIFICACIONES PRESUPUESTALES, PLANTILLA DE PERSONAL, ALTAS Y BAJAS Y TABULADOR DE SUELDOS<\/a><\/td><\/tr><tr><td>21.-<\/td><td><a href=\"http:\/\/municipiomugica.com\/Ley_Dis_Fin\/21.-%20ANEXO%205%20VINCULACI%C3%93N%20DE%20OBJETIVOS.pdf\">ANEXO 5 VINCULACI\u00d3N DE OBJETIVOS<\/a><\/td><\/tr><tr><td>22.-<\/td><td><a href=\"http:\/\/municipiomugica.com\/Ley_Dis_Fin\/22.-%20AVANCE%20PROGRAM%C3%81TICO%20PRESUPUESTARIO.pdf\">AVANCE PROGRAM\u00c1TICO PRESUPUESTARIO<\/a><\/td><\/tr><tr><td>23.-<\/td><td><a href=\"http:\/\/municipiomugica.com\/Ley_Dis_Fin\/23.-%20ESTADO%20DE%20ORIGEN%20Y%20APLICACI%C3%93N%20DE%20RECURSOS.pdf\">ESTADO DE ORIGEN Y APLICACI\u00d3N DE RECURSOS<\/a><\/td><\/tr><tr><td>24.-<\/td><td><a href=\"http:\/\/municipiomugica.com\/conac\/2021\/Guia%20de%20cumplimiento%20de%20la%20ley%20de%20disciplina%20financiera%20de%20las%20entidades%20federativas%20y%20municipios%20LDF%202trim%202019.xls\" title=\"GUIA DE CUMPLIMIENTO DE LA LEY DE DISCIPLINA FINANCIERA DE LAS ENTIDADES FEDERATIVAS Y MUNICIPIOS LDF\">GUIA DE CUMPLIMIENTO DE LA LEY DE DISCIPLINA FINANCIERA DE LAS ENTIDADES FEDERATIVAS Y MUNICIPIOS LDF<\/a><\/td><\/tr><tr><td>25.-<\/td><td><a href=\"http:\/\/municipiomugica.com\/conac\/2021\/INFORME%20SOBRE%20ESTUDIOS%20ACTUARIALES.xlsx\" title=\"INFORME SOBRE ESTUDIOS ACTUARIALES\">INFORME SOBRE ESTUDIOS ACTUARIALES<\/a><\/td><\/tr><\/tbody><\/table><\/figure>\n\n\n\n<p><strong>CUARTO TRIMESTRE 2021<\/strong><\/p>\n\n\n\n<figure class=\"wp-block-table is-style-stripes\"><table><tbody><tr><td>1.-<\/td><td><a href=\"http:\/\/municipiomugica.com\/Ley_Dis_Fin\/2021\/4to%20Trim\/CUARTO%20INFORME%20TRIMESTRAL%20ESCANEADO%20CONAC\/00.-%20PORTADA.pdf\" title=\"PORTADA\">PORTADA<\/a><\/td><\/tr><tr><td>2.-<\/td><td><a href=\"http:\/\/municipiomugica.com\/Ley_Dis_Fin\/2021\/4to%20Trim\/CUARTO%20INFORME%20TRIMESTRAL%20ESCANEADO%20CONAC\/01.-%20NOMBRES%20DE%20FUNCIONARIOS.pdf\" title=\"FUNCIONARIOS\">FUNCIONARIOS<\/a><\/td><\/tr><tr><td>3.-<\/td><td><a href=\"http:\/\/municipiomugica.com\/Ley_Dis_Fin\/2021\/4to%20Trim\/CUARTO%20INFORME%20TRIMESTRAL%20ESCANEADO%20CONAC\/02.-%20%C3%8DNDICE.pdf\" title=\"INDICE\">INDICE<\/a><\/td><\/tr><tr><td>4.-<\/td><td><a href=\"http:\/\/municipiomugica.com\/Ley_Dis_Fin\/2021\/4to%20Trim\/CUARTO%20INFORME%20TRIMESTRAL%20ESCANEADO%20CONAC\/03.-%20ACTA%20DE%20SESION%20DE%20CABILDO%2025%20CUARTO%20TRIMESTRE%202021.pdf\" title=\"ACTA DE SESI\u00d3N DE CABILDO\">ACTA DE SESI\u00d3N DE CABILDO<\/a><\/td><\/tr><tr><td>5.-<\/td><td><a href=\"http:\/\/municipiomugica.com\/Ley_Dis_Fin\/2021\/4to%20Trim\/CUARTO%20INFORME%20TRIMESTRAL%20ESCANEADO%20CONAC\/01.-%20ESTADO%20DE%20ACTIVIDADES.pdf\" title=\"ESTADO DE ACTIVIDADES\">ESTADO DE ACTIVIDADES<\/a><\/td><\/tr><tr><td>6.-<\/td><td><a href=\"http:\/\/municipiomugica.com\/Ley_Dis_Fin\/2021\/4to%20Trim\/CUARTO%20INFORME%20TRIMESTRAL%20ESCANEADO%20CONAC\/02.-%20ESTADO%20DE%20SITUACI%C3%93N%20FINANCIERA.pdf\" title=\"ESTADO DE SITUACI\u00d3N FINANCIERA\">ESTADO DE SITUACI\u00d3N FINANCIERA<\/a><\/td><\/tr><tr><td>7.-<\/td><td><a href=\"http:\/\/municipiomugica.com\/Ley_Dis_Fin\/2021\/4to%20Trim\/CUARTO%20INFORME%20TRIMESTRAL%20ESCANEADO%20CONAC\/03.-%20ESTADO%20DE%20VARIACI%C3%93N%20EN%20LA%20HACIENDA%20P%C3%9ABLICA.pdf\" title=\"ESTADO DE VARIACI\u00d3N EN LA HACIENDA P\u00daBLICA\">ESTADO DE VARIACI\u00d3N EN LA HACIENDA P\u00daBLICA<\/a><\/td><\/tr><tr><td>8.-<\/td><td><a href=\"http:\/\/municipiomugica.com\/Ley_Dis_Fin\/2021\/4to%20Trim\/CUARTO%20INFORME%20TRIMESTRAL%20ESCANEADO%20CONAC\/04.-%20ESTADO%20DE%20CAMBIOS%20EN%20LA%20SITUACI%C3%93N%20FINANCIERA.pdf\" title=\"ESTADOS DE CAMBIOS EN LA SITUACI\u00d3N FINANCIERA\">ESTADOS DE CAMBIOS EN LA SITUACI\u00d3N FINANCIERA<\/a><\/td><\/tr><tr><td>9.-<\/td><td><a href=\"http:\/\/municipiomugica.com\/Ley_Dis_Fin\/2021\/4to%20Trim\/CUARTO%20INFORME%20TRIMESTRAL%20ESCANEADO%20CONAC\/05.-%20ESTADOS%20DE%20FLUJOS%20DE%20EFECTIVO.pdf\" title=\"ESTADO DE FLUJOS DE EFECTIVO\">ESTADO DE FLUJOS DE EFECTIVO<\/a><\/td><\/tr><tr><td>10.-<\/td><td><a href=\"http:\/\/municipiomugica.com\/Ley_Dis_Fin\/2021\/4to%20Trim\/CUARTO%20INFORME%20TRIMESTRAL%20ESCANEADO%20CONAC\/06.-%20NOTAS%20A%20LOS%20ESTADOS%20FINANCIEROS.pdf\" title=\"NOTAS A LOS ESTADOS FINANCIEROS\">NOTAS A LOS ESTADOS FINANCIEROS<\/a><\/td><\/tr><tr><td>11.-<\/td><td><a href=\"http:\/\/municipiomugica.com\/Ley_Dis_Fin\/2021\/4to%20Trim\/CUARTO%20INFORME%20TRIMESTRAL%20ESCANEADO%20CONAC\/07.-%20ESTADO%20ANALITICO%20DEL%20ACTIVO.pdf\" title=\"ESTADO ANALITICO DEL ACTIVO\">ESTADO ANALITICO DEL ACTIVO<\/a><\/td><\/tr><tr><td>12.-<\/td><td>ESTADO ANAL\u00cdTICO DE INGRESOS FF<\/td><\/tr><tr><td>12A.-<\/td><td>ESTADO ANAL\u00cdTICO DE INGRESOS FF<\/td><\/tr><tr><td>12B.-<\/td><td>ESTADO ANAL\u00cdTICO DE INGRESOS FF<\/td><\/tr><tr><td>12B.-<\/td><td>ESTADO ANAL\u00cdTICO DEL EJERCICIO DEL PRESUPUESTO DE EGRESOS CLASIFICACI\u00d3N ADMINISTRATIVA <\/td><\/tr><tr><td>12C.-<\/td><td>ESTADO ANAL\u00cdTICO DEL EJERCICIO DEL PRESUPUESTO DE EGRESOS CLASIFICACI\u00d3N ADMINISTRATIVA  <\/td><\/tr><tr><td>12C.-<\/td><td>ESTADO ANAL\u00cdTICO DEL EJERCICIO DEL PRESUPUESTO DE EGRESOS CLASIFICACI\u00d3N ADMINISTRATIVA<\/td><\/tr><tr><td>12D.-<\/td><td>ESTADO ANAL\u00cdTICO DE INGRESOS FF<\/td><\/tr><tr><td>12D.-<\/td><td>ESTADO ANAL\u00cdTICO DEL EJERCICIO DEL PRESUPUESTO DE EGRESOS CLASIFICACI\u00d3N ECON\u00d3MICA<\/td><\/tr><tr><td>12E.-<\/td><td>ESTADO ANAL\u00cdTICO DE INGRESOS FF<\/td><\/tr><tr><td>12E.-<\/td><td>ESTADO ANAL\u00cdTICO DEL EJERCICIO DEL PRESUPUESTO DE EGRESOS CLASIFICACI\u00d3N FUNCIONAL<\/td><\/tr><tr><td>12F.-<\/td><td>ESTADO ANAL\u00cdTICO DE INGRESOS FF<\/td><\/tr><tr><td>12G.-<\/td><td>ESTADO ANAL\u00cdTICO DE INGRESOS FF<\/td><\/tr><tr><td>12H.-<\/td><td>ESTADO ANAL\u00cdTICO DE INGRESOS FF<\/td><\/tr><tr><td>12I.-<\/td><td>ESTADO ANAL\u00cdTICO DE INGRESOS FF<\/td><\/tr><tr><td>12J.-<\/td><td>ESTADO ANAL\u00cdTICO DE INGRESOS FF<\/td><\/tr><tr><td>13.-<\/td><td>ESTADO ANAL\u00cdTICO DEL EJERCICIO DEL PRESUPUESTO DE EGRESOS<\/td><\/tr><tr><td>13.-<\/td><td>RELACI\u00d3N DE BIENES MUEBLES E INMUEBLES<\/td><\/tr><tr><td>14.-<\/td><td>INFORME RESPECTO AL EJERCICIO Y DESTINO DEL FASTOP FEDERALIZADO<\/td><\/tr><tr><td>15.-<\/td><td>RELACI\u00d3N DE CUENTAS BANCARIAS, ESTADOS DE CUENTA Y CONCILIACIONES BANCARIAS<\/td><\/tr><tr><td>15B.-<\/td><td><a href=\"http:\/\/municipiomugica.com\/Ley_Dis_Fin\/2021\/4to%20Trim\/CUARTO%20INFORME%20TRIMESTRAL%20ESCANEADO%20CONAC\/13.-%20RELACI%C3%93N%20DE%20CUENTAS%20BANCARIAS%20Y%20CONCILIACIONES%20BANCARIAS%202.pdf\" title=\"ESTADOS DE CUENTA Y CONCILIACIONES BANCARIAS\">ESTADOS DE CUENTA Y CONCILIACIONES BANCARIAS<\/a><\/td><\/tr><tr><td>16.-<\/td><td><a href=\"http:\/\/municipiomugica.com\/Ley_Dis_Fin\/2021\/4to%20Trim\/CUARTO%20INFORME%20TRIMESTRAL%20ESCANEADO%20CONAC\/14.-%20AN%C3%81LISIS%20Y%20DESCRIPCI%C3%93N%20DE%20LAS%20TRANSFERENCIAS%2C%20SUBSIDIOS%20Y%20APOYOS.pdf\" title=\"AN\u00c1LISIS Y DESCRIPCI\u00d3N DE LAS TRANSFERENCIAS, ASIGNACIONES, SUBSIDIOS Y OTRAS AYUDAS\">AN\u00c1LISIS Y DESCRIPCI\u00d3N DE LAS TRANSFERENCIAS, ASIGNACIONES, SUBSIDIOS Y OTRAS AYUDAS<\/a><\/td><\/tr><tr><td>17.-<\/td><td><a href=\"http:\/\/municipiomugica.com\/Ley_Dis_Fin\/2021\/4to%20Trim\/CUARTO%20INFORME%20TRIMESTRAL%20ESCANEADO%20CONAC\/15.-%20REPORTE%20DE%20LA%20APLICACI%C3%93N%20DE%20LA%20DEUDA.pdf\" title=\"REPORTE DE LA DEUDA\">REPORTE DE LA DEUDA<\/a><\/td><\/tr><tr><td>18.-<\/td><td><a href=\"http:\/\/municipiomugica.com\/Ley_Dis_Fin\/2021\/4to%20Trim\/CUARTO%20INFORME%20TRIMESTRAL%20ESCANEADO%20CONAC\/16.-%20OBRAS%20POR%20ADMINISTRACI%C3%93N%20DIRECTA.pdf\" title=\"OBRAS EJECUTADAS POR ADMINISTRACI\u00d3N DIRECTA\">OBRAS EJECUTADAS POR ADMINISTRACI\u00d3N DIRECTA<\/a><\/td><\/tr><tr><td>19.-<\/td><td><a href=\"http:\/\/municipiomugica.com\/Ley_Dis_Fin\/2021\/4to%20Trim\/CUARTO%20INFORME%20TRIMESTRAL%20ESCANEADO%20CONAC\/17.-%20OBRAS%20REALIZADAS%20DURANTE%20EL%20EJERCICIO%202021.pdf\" title=\"OBRAS EJECUTADAS DURANTE EL EJERCICIO\">OBRAS EJECUTADAS DURANTE EL EJERCICIO<\/a><\/td><\/tr><tr><td>20.-<\/td><td><a href=\"http:\/\/municipiomugica.com\/Ley_Dis_Fin\/2021\/4to%20Trim\/CUARTO%20INFORME%20TRIMESTRAL%20ESCANEADO%20CONAC\/18B.-%20MODIFICACIONES%20PLANTILLA%20DE%20PERSONAL.pdf\" title=\"MODIFICACIONES PRESUPUESTALES, PLANTILLA DE PERSONAL, ALTAS Y BAJAS Y TABULADOR DE SUELDOS\">MODIFICACIONES PRESUPUESTALES, PLANTILLA DE PERSONAL, ALTAS Y BAJAS Y TABULADOR DE SUELDOS<\/a><\/td><\/tr><tr><td>21.-<\/td><td><a href=\"http:\/\/municipiomugica.com\/Ley_Dis_Fin\/2021\/4to%20Trim\/CUARTO%20INFORME%20TRIMESTRAL%20ESCANEADO%20CONAC\/18C.-%20MODIFICACIONS%20TABULADOR%20DE%20SUELDOS.pdf\" title=\"MODIFICACIONES TABULADOR DE SUELDOS\">MODIFICACIONES TABULADOR DE SUELDOS<\/a><\/td><\/tr><tr><td>22.-<\/td><td><a href=\"http:\/\/municipiomugica.com\/Ley_Dis_Fin\/2021\/4to%20Trim\/CUARTO%20INFORME%20TRIMESTRAL%20ESCANEADO%20CONAC\/19.-%20VINCULACI%C3%93N%20DE%20OBJETIVOS.pdf\" title=\"ANEXO 5 VINCULACI\u00d3N DE OBJETIVOS\">ANEXO 5 VINCULACI\u00d3N DE OBJETIVOS<\/a><\/td><\/tr><tr><td>23.-<\/td><td><a href=\"http:\/\/municipiomugica.com\/Ley_Dis_Fin\/2021\/4to%20Trim\/CUARTO%20INFORME%20TRIMESTRAL%20ESCANEADO%20CONAC\/20.-%20INFORME%20DE%20AVANCE%20PROGRAM%C3%81TICO.pdf\" title=\"AVANCE PROGRAM\u00c1TICO PRESUPUESTARIO\">AVANCE PROGRAM\u00c1TICO PRESUPUESTARIO<\/a><\/td><\/tr><tr><td>24.-<\/td><td><a href=\"http:\/\/municipiomugica.com\/Ley_Dis_Fin\/2021\/4to%20Trim\/CUARTO%20INFORME%20TRIMESTRAL%20ESCANEADO%20CONAC\/21.-%20ESTADO%20DE%20ORIGEN%20Y%20APLICACI%C3%93N%20DE%20RECURSOS.pdf\" title=\"ESTADO DE ORIGEN Y APLICACI\u00d3N DE RECURSOS\">ESTADO DE ORIGEN Y APLICACI\u00d3N DE RECURSOS<\/a><\/td><\/tr><tr><td>25.-<\/td><td><a href=\"http:\/\/municipiomugica.com\/conac\/2021\/Guia%20de%20cumplimiento%20de%20la%20ley%20de%20disciplina%20financiera%20de%20las%20entidades%20federativas%20y%20municipios%20LDF%202trim%202019.xls\" title=\"GUIA DE CUMPLIMIENTO DE LA LEY DE DISCIPLINA FINANCIERA DE LAS ENTIDADES FEDERATIVAS Y MUNICIPIOS LDF\">GUIA DE CUMPLIMIENTO DE LA LEY DE DISCIPLINA FINANCIERA DE LAS ENTIDADES FEDERATIVAS Y MUNICIPIOS LDF<\/a><\/td><\/tr><tr><td>26.-<\/td><td><a href=\"http:\/\/municipiomugica.com\/conac\/2021\/INFORME%20SOBRE%20ESTUDIOS%20ACTUARIALES.xlsx\" title=\"INFORME SOBRE ESTUDIOS ACTUARIALES\">INFORME SOBRE ESTUDIOS ACTUARIALES<\/a><\/td><\/tr><\/tbody><\/table><\/figure>\n\n\n\n<p><\/p>\n","protected":false},"excerpt":{"rendered":"<p>TERCER TRIMESTRE 2021 1.- PORTADA 2.- FUNCIONARIOS 3.- INDICE 4.- ACTA DE SESI\u00d3N DE CABILDO 5.- ESTADO DE ACTIVIDADES 6.- ESTADO DE SITUACI\u00d3N FINANCIERA 7.- ESTADO DE VARIACI\u00d3N EN LA &#8230;<\/p>\n","protected":false},"author":1,"featured_media":0,"parent":0,"menu_order":31,"comment_status":"closed","ping_status":"closed","template":"","meta":{"om_disable_all_campaigns":false,"footnotes":""},"class_list":["post-126","page","type-page","status-publish","hentry"],"aioseo_notices":[],"_links":{"self":[{"href":"https:\/\/municipiomugica.com\/index.php\/wp-json\/wp\/v2\/pages\/126","targetHints":{"allow":["GET"]}}],"collection":[{"href":"https:\/\/municipiomugica.com\/index.php\/wp-json\/wp\/v2\/pages"}],"about":[{"href":"https:\/\/municipiomugica.com\/index.php\/wp-json\/wp\/v2\/types\/page"}],"author":[{"embeddable":true,"href":"https:\/\/municipiomugica.com\/index.php\/wp-json\/wp\/v2\/users\/1"}],"replies":[{"embeddable":true,"href":"https:\/\/municipiomugica.com\/index.php\/wp-json\/wp\/v2\/comments?post=126"}],"version-history":[{"count":18,"href":"https:\/\/municipiomugica.com\/index.php\/wp-json\/wp\/v2\/pages\/126\/revisions"}],"predecessor-version":[{"id":3697,"href":"https:\/\/municipiomugica.com\/index.php\/wp-json\/wp\/v2\/pages\/126\/revisions\/3697"}],"wp:attachment":[{"href":"https:\/\/municipiomugica.com\/index.php\/wp-json\/wp\/v2\/media?parent=126"}],"curies":[{"name":"wp","href":"https:\/\/api.w.org\/{rel}","templated":true}]}}