{"id":2064,"date":"2022-02-15T12:48:15","date_gmt":"2022-02-15T18:48:15","guid":{"rendered":"http:\/\/municipiomugica.com\/?page_id=2064"},"modified":"2022-10-25T11:44:38","modified_gmt":"2022-10-25T17:44:38","slug":"ldf-3er-trimestre-2021","status":"publish","type":"page","link":"https:\/\/municipiomugica.com\/index.php\/ldf-3er-trimestre-2021\/","title":{"rendered":"TECER TRIMESTRE CONAC"},"content":{"rendered":"\n<figure class=\"wp-block-table is-style-stripes\"><table><tbody><tr><td>1.-<\/td><td><a href=\"http:\/\/municipiomugica.com\/wp-content\/uploads\/2022\/03\/1.-PORTADA.pdf\" title=\"PORTADA\">PORTADA<\/a><\/td><\/tr><tr><td>2.-<\/td><td><a href=\"http:\/\/municipiomugica.com\/wp-content\/uploads\/2022\/03\/2.-FUNCIONARIOS.pdf\" title=\"FUNCIONARIOS\">FUNCIONARIOS<\/a><\/td><\/tr><tr><td>3.-<\/td><td><a href=\"http:\/\/municipiomugica.com\/wp-content\/uploads\/2022\/03\/3.-INDICE.pdf\" title=\"INDICE\">INDICE<\/a><\/td><\/tr><tr><td>4.-<\/td><td><a href=\"http:\/\/municipiomugica.com\/wp-content\/uploads\/2022\/03\/4.-ACTA-DE-SESION-DE-CABILDO.pdf\" title=\"ACTA DE SESI\u00d3N DE CABILDO\">ACTA DE SESI\u00d3N DE CABILDO<\/a><\/td><\/tr><tr><td>5.-<\/td><td><a href=\"http:\/\/municipiomugica.com\/wp-content\/uploads\/2022\/03\/5.-ESTADO-DE-ACTIVIDADES.pdf\" title=\"ESTADO DE ACTIVIDADES\">ESTADO DE ACTIVIDADES<\/a><\/td><\/tr><tr><td>6.-<\/td><td><a href=\"http:\/\/municipiomugica.com\/wp-content\/uploads\/2022\/03\/6.-ESTADO-DE-SITUACION-FINANCIERA.pdf\" title=\"ESTADO DE SITUACI\u00d3N FINANCIERA\">ESTADO DE SITUACI\u00d3N FINANCIERA<\/a><\/td><\/tr><tr><td>7.-<\/td><td><a href=\"http:\/\/municipiomugica.com\/wp-content\/uploads\/2022\/03\/7.-ESTADO-DE-VARIACION-EN-LA-HACIENDA-PUBLICA.pdf\" title=\"ESTADO DE VARIACI\u00d3N EN LA HACIENDA P\u00daBLICA\">ESTADO DE VARIACI\u00d3N EN LA HACIENDA P\u00daBLICA<\/a><\/td><\/tr><tr><td>8.-<\/td><td><a href=\"http:\/\/municipiomugica.com\/wp-content\/uploads\/2022\/03\/8.-ESTADO-DE-CAMBIOS-EN-LA-SITUACION-FINANCIERA.pdf\" title=\"ESTADOS DE CAMBIOS EN LA SITUACI\u00d3N FINANCIERA\">ESTADOS DE CAMBIOS EN LA SITUACI\u00d3N FINANCIERA<\/a><\/td><\/tr><tr><td>9.-<\/td><td><a href=\"http:\/\/municipiomugica.com\/wp-content\/uploads\/2022\/03\/9.-ESTADO-DE-FLUJOS-DE-EFECTIVO.pdf\" title=\"ESTADO DE FLUJOS DE EFECTIVO\">ESTADO DE FLUJOS DE EFECTIVO<\/a><\/td><\/tr><tr><td>10.-<\/td><td><a href=\"http:\/\/municipiomugica.com\/wp-content\/uploads\/2022\/03\/10.-NOTAS-A-LOS-ESTADOS-FINANCIEROS.pdf\" title=\"NOTAS A LOS ESTADOS FINANCIEROS\">NOTAS A LOS ESTADOS FINANCIEROS<\/a><\/td><\/tr><tr><td>11.-<\/td><td><a href=\"http:\/\/municipiomugica.com\/wp-content\/uploads\/2022\/03\/11.-ESTADO-ANALITICO-DEL-ACTIVO.pdf\" title=\"ESTADO ANALITICO DEL ACTIVO\">ESTADO ANALITICO DEL ACTIVO<\/a><\/td><\/tr><tr><td>12.-<\/td><td><a href=\"http:\/\/municipiomugica.com\/wp-content\/uploads\/2022\/03\/12.-ESTADO-ANALITICO-DE-INGRESOS-FF.pdf\" title=\"ESTADO ANAL\u00cdTICO DE INGRESOS FF\">ESTADO ANAL\u00cdTICO DE INGRESOS FF<\/a><\/td><\/tr><tr><td>12A.-<\/td><td><a href=\"http:\/\/municipiomugica.com\/wp-content\/uploads\/2022\/03\/12A.-ESTADO-ANALITICO-DE-INGRESOS-FF.pdf\" title=\"ESTADO ANAL\u00cdTICO DE INGRESOS FF\">ESTADO ANAL\u00cdTICO DE INGRESOS FF<\/a><\/td><\/tr><tr><td>12B.-<\/td><td><a href=\"http:\/\/municipiomugica.com\/wp-content\/uploads\/2022\/03\/12B.-ESTADO-ANALITICO-DE-INGRESOS-FF.pdf\" title=\"ESTADO ANAL\u00cdTICO DE INGRESOS FF\">ESTADO ANAL\u00cdTICO DE INGRESOS FF<\/a><\/td><\/tr><tr><td>12B.-<\/td><td><a href=\"http:\/\/municipiomugica.com\/wp-content\/uploads\/2022\/03\/12B.-ESTADO-ANALITICO-DEL-EJERCICIO-DEL-PRESUPUESTO-DE-EGRESOS-CLASIF-ADMINISTRATIVA.pdf\" title=\"ESTADO ANAL\u00cdTICO DEL EJERCICIO DEL PRESUPUESTO DE EGRESOS CLASIFICACI\u00d3N ADMINISTRATIVA \">ESTADO ANAL\u00cdTICO DEL EJERCICIO DEL PRESUPUESTO DE EGRESOS CLASIFICACI\u00d3N ADMINISTRATIVA <\/a><\/td><\/tr><tr><td>12C.-<\/td><td><a href=\"http:\/\/municipiomugica.com\/wp-content\/uploads\/2022\/03\/12C.-ESTADO-ANALITICO-DE-INGRESOS-FF.pdf\" title=\" ESTADO ANAL\u00cdTICO DEL EJERCICIO DEL PRESUPUESTO DE EGRESOS CLASIFICACI\u00d3N ADMINISTRATIVA  \"> ESTADO ANAL\u00cdTICO DEL EJERCICIO DEL PRESUPUESTO DE EGRESOS CLASIFICACI\u00d3N ADMINISTRATIVA  <\/a><\/td><\/tr><tr><td>12C.-<\/td><td><a href=\"http:\/\/municipiomugica.com\/wp-content\/uploads\/2022\/03\/12C.-ESTADO-ANALITICO-DEL-EJERCICIO-DEL-PRESUPUESTO-DE-EGRESOS-CLASIF-ADMINISTRATIVA2.pdf\" title=\"ESTADO ANAL\u00cdTICO DEL EJERCICIO DEL PRESUPUESTO DE EGRESOS CLASIFICACI\u00d3N ADMINISTRATIVA\">ESTADO ANAL\u00cdTICO DEL EJERCICIO DEL PRESUPUESTO DE EGRESOS CLASIFICACI\u00d3N ADMINISTRATIVA<\/a><\/td><\/tr><tr><td>12D.-<\/td><td><a href=\"http:\/\/municipiomugica.com\/wp-content\/uploads\/2022\/03\/12D.-ESTADO-ANALITICO-DE-INGRESOS-FF.pdf\" title=\"ESTADO ANAL\u00cdTICO DE INGRESOS FF\">ESTADO ANAL\u00cdTICO DE INGRESOS FF<\/a><\/td><\/tr><tr><td>12D.-<\/td><td><a href=\"http:\/\/municipiomugica.com\/wp-content\/uploads\/2022\/03\/12D.-ESTADO-ANALITICO-DEL-EJERCICIO-DEL-PRESUPUESTO-DE-EGRESOS-CLASIF-ECONOMICA.pdf\" title=\"ESTADO ANAL\u00cdTICO DEL EJERCICIO DEL PRESUPUESTO DE EGRESOS CLASIFICACI\u00d3N ECON\u00d3MICA\">ESTADO ANAL\u00cdTICO DEL EJERCICIO DEL PRESUPUESTO DE EGRESOS CLASIFICACI\u00d3N ECON\u00d3MICA<\/a><\/td><\/tr><tr><td>12E.-<\/td><td><a href=\"http:\/\/municipiomugica.com\/wp-content\/uploads\/2022\/03\/12E.-ESTADO-ANALITICO-DE-INGRESOS-FF.pdf\" title=\"ESTADO ANAL\u00cdTICO DE INGRESOS FF\">ESTADO ANAL\u00cdTICO DE INGRESOS FF<\/a><\/td><\/tr><tr><td>12E.-<\/td><td><a href=\"http:\/\/municipiomugica.com\/wp-content\/uploads\/2022\/03\/12E.-ESTADO-ANALITICO-DEL-EJERCICIO-DEL-PRESUPUESTO-DE-EGRESOS-CLASIF-FUNCIONAL.pdf\" title=\"ESTADO ANAL\u00cdTICO DEL EJERCICIO DEL PRESUPUESTO DE EGRESOS CLASIFICACI\u00d3N FUNCIONAL\">ESTADO ANAL\u00cdTICO DEL EJERCICIO DEL PRESUPUESTO DE EGRESOS CLASIFICACI\u00d3N FUNCIONAL<\/a><\/td><\/tr><tr><td>12F.-<\/td><td><a href=\"http:\/\/municipiomugica.com\/wp-content\/uploads\/2022\/03\/12F.-ESTADO-ANALITICO-DE-INGRESOS-FF.pdf\" title=\"ESTADO ANAL\u00cdTICO DE INGRESOS FF\">ESTADO ANAL\u00cdTICO DE INGRESOS FF<\/a><\/td><\/tr><tr><td>12G.-<\/td><td><a href=\"http:\/\/municipiomugica.com\/wp-content\/uploads\/2022\/03\/12G.-ESTADO-ANALITICO-DE-INGRESOS-FF.pdf\" title=\"ESTADO ANAL\u00cdTICO DE INGRESOS FF\">ESTADO ANAL\u00cdTICO DE INGRESOS FF<\/a><\/td><\/tr><tr><td>12H.-<\/td><td><a href=\"http:\/\/municipiomugica.com\/wp-content\/uploads\/2022\/03\/12H.-ESTADO-ANALITICO-DE-INGRESOS-FF.pdf\" title=\"ESTADO ANAL\u00cdTICO DE INGRESOS FF\">ESTADO ANAL\u00cdTICO DE INGRESOS FF<\/a><\/td><\/tr><tr><td>12I.-<\/td><td><a href=\"http:\/\/municipiomugica.com\/wp-content\/uploads\/2022\/03\/12I.-ESTADO-ANALITICO-DE-INGRESOS-FF.pdf\" title=\"ESTADO ANAL\u00cdTICO DE INGRESOS FF\">ESTADO ANAL\u00cdTICO DE INGRESOS FF<\/a><\/td><\/tr><tr><td>12J.-<\/td><td><a href=\"http:\/\/municipiomugica.com\/wp-content\/uploads\/2022\/03\/12J.-ESTADO-ANALITICO-DE-INGRESOS-FF.pdf\" title=\"ESTADO ANAL\u00cdTICO DE INGRESOS FF\">ESTADO ANAL\u00cdTICO DE INGRESOS FF<\/a><\/td><\/tr><tr><td>13.-<\/td><td><a href=\"http:\/\/municipiomugica.com\/wp-content\/uploads\/2022\/03\/13.-ESTADO-ANALITICO-DEL-EJERCICIO-DEL-PRESUPUESTO-DE-EGRESOS.pdf\" title=\"ESTADO ANAL\u00cdTICO DEL EJERCICIO DEL PRESUPUESTO DE EGRESOS\">ESTADO ANAL\u00cdTICO DEL EJERCICIO DEL PRESUPUESTO DE EGRESOS<\/a><\/td><\/tr><tr><td>13.-<\/td><td><a href=\"http:\/\/municipiomugica.com\/wp-content\/uploads\/2022\/03\/13.-RELACION-DE-BIENES-MUEBLES-E-INMUEBLES.pdf\" title=\"RELACI\u00d3N DE BIENES MUEBLES E INMUEBLES\">RELACI\u00d3N DE BIENES MUEBLES E INMUEBLES<\/a><\/td><\/tr><tr><td>14.-<\/td><td><a href=\"http:\/\/municipiomugica.com\/wp-content\/uploads\/2022\/03\/14.-INFORME-RESPECTO-AL-EJERCICIO-Y-DESTINO-DEL-FASTOP-FEDERALIZADO.pdf\" title=\"INFORME RESPECTO AL EJERCICIO Y DESTINO DEL FASTOP FEDERALIZADO\">INFORME RESPECTO AL EJERCICIO Y DESTINO DEL FASTOP FEDERALIZADO<\/a><\/td><\/tr><tr><td>15.-<\/td><td><a href=\"http:\/\/municipiomugica.com\/wp-content\/uploads\/2022\/03\/15.-RELACION-DE-CUENTAS-BANCARIAS-ESTADOS-DE-CUENTA-Y-CONCILIACIONES-BANCARIAS-1.pdf\" title=\"RELACI\u00d3N DE CUENTAS BANCARIAS, ESTADOS DE CUENTA Y CONCILIACIONES BANCARIAS\">RELACI\u00d3N DE CUENTAS BANCARIAS, ESTADOS DE CUENTA Y CONCILIACIONES BANCARIAS<\/a><\/td><\/tr><tr><td>15B.-<\/td><td><a href=\"http:\/\/municipiomugica.com\/wp-content\/uploads\/2022\/03\/15B.-ESTADOS-DE-CUENTA-Y-CONCILIACIONES-BANCARIAS-2.pdf\" title=\"ESTADOS DE CUENTA Y CONCILIACIONES BANCARIAS\">ESTADOS DE CUENTA Y CONCILIACIONES BANCARIAS<\/a><\/td><\/tr><tr><td>16.-<\/td><td><a href=\"http:\/\/municipiomugica.com\/wp-content\/uploads\/2022\/03\/16.-ANALISIS-Y-DESCRIPCION-DE-LAS-TRANSFERENCIAS-ASIGNACIONES-SUBSIDIOS-Y-OTRAS-AYUDAS.pdf\" title=\"AN\u00c1LISIS Y DESCRIPCI\u00d3N DE LAS TRANSFERENCIAS, ASIGNACIONES, SUBSIDIOS Y OTRAS AYUDAS\">AN\u00c1LISIS Y DESCRIPCI\u00d3N DE LAS TRANSFERENCIAS, ASIGNACIONES, SUBSIDIOS Y OTRAS AYUDAS<\/a><\/td><\/tr><tr><td>17.-<\/td><td><a href=\"http:\/\/municipiomugica.com\/wp-content\/uploads\/2022\/03\/17.-REPORTE-DE-LA-DEUDA.pdf\" title=\"REPORTE DE LA DEUDA\">REPORTE DE LA DEUDA<\/a><\/td><\/tr><tr><td>18.-<\/td><td><a href=\"http:\/\/municipiomugica.com\/wp-content\/uploads\/2022\/03\/18.-OBRAS-EJECUTADAS-POR-ADMINISTRACION-DIRECTA-2.pdf\" title=\"OBRAS EJECUTADAS POR ADMINISTRACI\u00d3N DIRECTA\">OBRAS EJECUTADAS POR ADMINISTRACI\u00d3N DIRECTA<\/a><\/td><\/tr><tr><td>18.-<\/td><td><a href=\"http:\/\/municipiomugica.com\/wp-content\/uploads\/2022\/03\/18.-OBRAS-EJECUTADAS-POR-ADMINISTRACION-DIRECTA.pdf\" title=\"OBRAS EJECUTADAS POR ADMINISTRACI\u00d3N DIRECTA\">OBRAS EJECUTADAS POR ADMINISTRACI\u00d3N DIRECTA<\/a><\/td><\/tr><tr><td>19.-<\/td><td><a href=\"http:\/\/municipiomugica.com\/wp-content\/uploads\/2022\/03\/19.-OBRAS-EJECUTADAS-DURANTE-EL-EJERCICIO.pdf\" title=\"OBRAS EJECUTADAS DURANTE EL EJERCICIO\">OBRAS EJECUTADAS DURANTE EL EJERCICIO<\/a><\/td><\/tr><tr><td>20.-<\/td><td><a href=\"http:\/\/municipiomugica.com\/wp-content\/uploads\/2022\/03\/20.-MODIFICACIONES-PRESUPUESTALES-PLANTILLA-DE-PERSONAL-ALTAS-Y-BAJAS-Y-TABULADOR-DE-SUELDOS.pdf\" title=\"MODIFICACIONES PRESUPUESTALES, PLANTILLA DE PERSONAL, ALTAS Y BAJAS Y TABULADOR DE SUELDOS\">MODIFICACIONES PRESUPUESTALES, PLANTILLA DE PERSONAL, ALTAS Y BAJAS Y TABULADOR DE SUELDOS<\/a><\/td><\/tr><tr><td>21.-<\/td><td><a href=\"http:\/\/municipiomugica.com\/wp-content\/uploads\/2022\/03\/21.-ANEXO-5-VINCULACION-DE-OBJETIVOS.pdf\" title=\"ANEXO 5 VINCULACI\u00d3N DE OBJETIVOS\">ANEXO 5 VINCULACI\u00d3N DE OBJETIVOS<\/a><\/td><\/tr><tr><td>22.-<\/td><td><a href=\"http:\/\/municipiomugica.com\/wp-content\/uploads\/2022\/03\/22.-AVANCE-PROGRAMATICO-PRESUPUESTARIO.pdf\" title=\"AVANCE PROGRAM\u00c1TICO PRESUPUESTARIO\">AVANCE PROGRAM\u00c1TICO PRESUPUESTARIO<\/a><\/td><\/tr><tr><td>23.-<\/td><td><a href=\"http:\/\/municipiomugica.com\/wp-content\/uploads\/2022\/03\/23.-ESTADO-DE-ORIGEN-Y-APLICACION-DE-RECURSOS.pdf\" title=\"ESTADO DE ORIGEN Y APLICACI\u00d3N DE RECURSOS\">ESTADO DE ORIGEN Y APLICACI\u00d3N DE RECURSOS<\/a><\/td><\/tr><tr><td>24.-<\/td><td><a href=\"http:\/\/municipiomugica.com\/conac\/2021\/Guia%20de%20cumplimiento%20de%20la%20ley%20de%20disciplina%20financiera%20de%20las%20entidades%20federativas%20y%20municipios%20LDF%202trim%202019.xls\">GUIA DE CUMPLIMIENTO DE LA LEY DE DISCIPLINA FINANCIERA DE LAS ENTIDADES FEDERATIVAS Y MUNICIPIOS LDF<\/a><\/td><\/tr><tr><td>25.-<\/td><td><a href=\"http:\/\/municipiomugica.com\/conac\/2021\/INFORME%20SOBRE%20ESTUDIOS%20ACTUARIALES.xlsx\">INFORME SOBRE ESTUDIOS ACTUARIALES<\/a><\/td><\/tr><\/tbody><\/table><\/figure>\n\n\n\n<p><\/p>\n","protected":false},"excerpt":{"rendered":"<p>1.- PORTADA 2.- FUNCIONARIOS 3.- INDICE 4.- ACTA DE SESI\u00d3N DE CABILDO 5.- ESTADO DE ACTIVIDADES 6.- ESTADO DE SITUACI\u00d3N FINANCIERA 7.- ESTADO DE VARIACI\u00d3N EN LA HACIENDA P\u00daBLICA 8.- &#8230;<\/p>\n","protected":false},"author":2,"featured_media":0,"parent":0,"menu_order":20,"comment_status":"closed","ping_status":"closed","template":"","meta":{"om_disable_all_campaigns":false,"footnotes":""},"class_list":["post-2064","page","type-page","status-publish","hentry"],"aioseo_notices":[],"_links":{"self":[{"href":"https:\/\/municipiomugica.com\/index.php\/wp-json\/wp\/v2\/pages\/2064","targetHints":{"allow":["GET"]}}],"collection":[{"href":"https:\/\/municipiomugica.com\/index.php\/wp-json\/wp\/v2\/pages"}],"about":[{"href":"https:\/\/municipiomugica.com\/index.php\/wp-json\/wp\/v2\/types\/page"}],"author":[{"embeddable":true,"href":"https:\/\/municipiomugica.com\/index.php\/wp-json\/wp\/v2\/users\/2"}],"replies":[{"embeddable":true,"href":"https:\/\/municipiomugica.com\/index.php\/wp-json\/wp\/v2\/comments?post=2064"}],"version-history":[{"count":8,"href":"https:\/\/municipiomugica.com\/index.php\/wp-json\/wp\/v2\/pages\/2064\/revisions"}],"predecessor-version":[{"id":3617,"href":"https:\/\/municipiomugica.com\/index.php\/wp-json\/wp\/v2\/pages\/2064\/revisions\/3617"}],"wp:attachment":[{"href":"https:\/\/municipiomugica.com\/index.php\/wp-json\/wp\/v2\/media?parent=2064"}],"curies":[{"name":"wp","href":"https:\/\/api.w.org\/{rel}","templated":true}]}}