{"id":2411,"date":"2022-03-22T13:58:55","date_gmt":"2022-03-22T19:58:55","guid":{"rendered":"http:\/\/municipiomugica.com\/?page_id=2411"},"modified":"2022-10-29T21:36:32","modified_gmt":"2022-10-30T03:36:32","slug":"tercer-trimestre","status":"publish","type":"page","link":"https:\/\/municipiomugica.com\/index.php\/tercer-trimestre\/","title":{"rendered":"TERCER TRIMESTRE LDF"},"content":{"rendered":"\n<p><\/p>\n\n\n\n<figure class=\"wp-block-table is-style-stripes\"><table><tbody><tr><td>1.<\/td><td><a href=\"http:\/\/municipiomugica.com\/wp-content\/uploads\/2022\/03\/1.-ESTADO-DE-SITUACION-FINANCIERA-LDF.pdf\" title=\"Estado de Situaci\u00f3n Financiera.                                                                                \">Estado de Situaci\u00f3n Financiera.                                                                                <\/a><\/td><\/tr><tr><td>2.<\/td><td><a href=\"http:\/\/municipiomugica.com\/wp-content\/uploads\/2022\/03\/2.-INFORME-ANALITICO-DE-DE-LA-DEUDA-Y-OTROS-PASIVOS-LDF.pdf\" title=\"Informe Anal\u00edtico de la Deuda y otros Pasivos.\">Informe Anal\u00edtico de la Deuda y otros Pasivos.<\/a><\/td><\/tr><tr><td>3.<\/td><td><a href=\"http:\/\/municipiomugica.com\/wp-content\/uploads\/2022\/03\/3.-INFORME-ANALITICO-DE-OBLIGACIONES-DIFERENTE-FINANCIAMIENTO-LDF.pdf\" title=\"Informe Anal\u00edtico de Obligaciones, Diferente Financiamiento.\">Informe Anal\u00edtico de Obligaciones, Diferente Financiamiento.<\/a><\/td><\/tr><tr><td>4.<\/td><td><a href=\"http:\/\/municipiomugica.com\/wp-content\/uploads\/2022\/03\/4.-BALANCE-PRESUPUESTARIO-LDF.pdf\" title=\"Balance Presupuestario.\">Balance Presupuestario.<\/a><\/td><\/tr><tr><td>5.<\/td><td><a href=\"http:\/\/municipiomugica.com\/wp-content\/uploads\/2022\/03\/5.-ESTADO-ANALITICO-DE-INGRESOS-LDF.pdf\" title=\"Estado Anal\u00edtico de Ingresos.\">Estado Anal\u00edtico de Ingresos.<\/a><\/td><\/tr><tr><td>6.<\/td><td><a href=\"http:\/\/municipiomugica.com\/wp-content\/uploads\/2022\/03\/6.-ESTADO-ANALITICO-DEL-EJERCICIO-DEL-PRESUP-DE-EGRESOS-CLASIF-POR-OBJETO-GASTO-LDFF.pdf\" title=\"Estado Anal\u00edtico del Ejercicio del Presupuesto de Egresos Clasificaci\u00f3n por Objeto Gasto.\">Estado Anal\u00edtico del Ejercicio del Presupuesto de Egresos Clasificaci\u00f3n por Objeto Gasto.<\/a><\/td><\/tr><tr><td>6A.<\/td><td><a href=\"http:\/\/municipiomugica.com\/wp-content\/uploads\/2022\/03\/6A.-ESTADO-ANALITICO-DEL-EJERCICIO-DEL-PRESUP-DE-EGRESOS-CLASIF-ADMINISTRATIVA-LDF.pdf\" title=\"Estado Anal\u00edtico del Ejercicio del Presupuesto de Egresos Clasificaci\u00f3n Administrativa.\">Estado Anal\u00edtico del Ejercicio del Presupuesto de Egresos Clasificaci\u00f3n Administrativa.<\/a><\/td><\/tr><tr><td>6B.<\/td><td><a href=\"http:\/\/municipiomugica.com\/wp-content\/uploads\/2022\/03\/6B.-ESTADO-ANALITICO-DEL-EJERCICIO-DEL-PRESUP-DE-EGRESOS-CLASIF-FUNCIONAL-LDF.pdf\" title=\"Estado Anal\u00edtico del Ejercicio del Presupuesto de Egresos Clasificaci\u00f3n Funcional.\">Estado Anal\u00edtico del Ejercicio del Presupuesto de Egresos Clasificaci\u00f3n Funcional.<\/a><\/td><\/tr><tr><td>6C.<\/td><td><a href=\"http:\/\/municipiomugica.com\/wp-content\/uploads\/2022\/03\/6C.-ESTADO-ANALITICO-DEL-EJERCICIO-DEL-PRESUP-DE-EGRESOS-CLASIF-SERVICIOS-PERSONALES-LDF.pdf\" title=\"Estado Anal\u00edtico del Ejercicio del Presupuesto de Egresos Clasificaci\u00f3n Personales.\">Estado Anal\u00edtico del Ejercicio del Presupuesto de Egresos Clasificaci\u00f3n Personales.<\/a><\/td><\/tr><tr><td>7A.<\/td><td><a href=\"http:\/\/municipiomugica.com\/wp-content\/uploads\/2022\/03\/7A.-PROYECCION-DE-INGRESOS-LDF.pdf\" title=\"Proyecci\u00f3n de Ingresos.\">Proyecci\u00f3n de Ingresos.<\/a><\/td><\/tr><tr><td>7B.<\/td><td><a href=\"http:\/\/municipiomugica.com\/wp-content\/uploads\/2022\/03\/7B.-PROYECCION-DE-EGRESOS-LDF.pdf\" title=\"Proyecci\u00f3n de Ingresos.\">Proyecci\u00f3n de Egresos.<\/a><\/td><\/tr><tr><td>7C.<\/td><td><a href=\"http:\/\/municipiomugica.com\/wp-content\/uploads\/2022\/03\/7C.-RESULTADO-DE-INGRESOS-LDF.pdf\" title=\"Resultado de Ingresos.\">Resultado de Ingresos.<\/a><\/td><\/tr><tr><td>7D.<\/td><td><a href=\"http:\/\/municipiomugica.com\/wp-content\/uploads\/2022\/03\/7D.-RESULTADO-DE-EGRESOS-LDF.pdf\" title=\"Resultado de Ingresos.\">Resultado de Egresos.<\/a><\/td><\/tr><tr><td>8.<\/td><td><a href=\"http:\/\/municipiomugica.com\/conac\/2021\/Guia%20de%20cumplimiento%20de%20la%20ley%20de%20disciplina%20financiera%20de%20las%20entidades%20federativas%20y%20municipios%20LDF%202trim%202019.xls\" title=\"GUIA DE CUMPLIMIENTO DE LA LEY DE DISCIPLINA FINANCIERA DE LAS ENTIDADES FEDERATIVAS Y MUNICIPIOS LDF\">GUIA DE CUMPLIMIENTO DE LA LEY DE DISCIPLINA FINANCIERA DE LAS ENTIDADES FEDERATIVAS Y MUNICIPIOS LDF<\/a><\/td><\/tr><tr><td>9.<\/td><td><a href=\"http:\/\/municipiomugica.com\/conac\/2021\/INFORME%20SOBRE%20ESTUDIOS%20ACTUARIALES.xlsx\" title=\"INFORME SOBRE ESTUDIOS ACTUARIALES\">INFORME SOBRE ESTUDIOS ACTUARIALES<\/a><\/td><\/tr><\/tbody><\/table><\/figure>\n\n\n\n<p><\/p>\n","protected":false},"excerpt":{"rendered":"<p>1. Estado de Situaci\u00f3n Financiera. 2. Informe Anal\u00edtico de la Deuda y otros Pasivos. 3. Informe Anal\u00edtico de Obligaciones, Diferente Financiamiento. 4. Balance Presupuestario. 5. Estado Anal\u00edtico de Ingresos. 6. &#8230;<\/p>\n","protected":false},"author":2,"featured_media":0,"parent":0,"menu_order":19,"comment_status":"closed","ping_status":"closed","template":"","meta":{"om_disable_all_campaigns":false,"footnotes":""},"class_list":["post-2411","page","type-page","status-publish","hentry"],"aioseo_notices":[],"_links":{"self":[{"href":"https:\/\/municipiomugica.com\/index.php\/wp-json\/wp\/v2\/pages\/2411","targetHints":{"allow":["GET"]}}],"collection":[{"href":"https:\/\/municipiomugica.com\/index.php\/wp-json\/wp\/v2\/pages"}],"about":[{"href":"https:\/\/municipiomugica.com\/index.php\/wp-json\/wp\/v2\/types\/page"}],"author":[{"embeddable":true,"href":"https:\/\/municipiomugica.com\/index.php\/wp-json\/wp\/v2\/users\/2"}],"replies":[{"embeddable":true,"href":"https:\/\/municipiomugica.com\/index.php\/wp-json\/wp\/v2\/comments?post=2411"}],"version-history":[{"count":6,"href":"https:\/\/municipiomugica.com\/index.php\/wp-json\/wp\/v2\/pages\/2411\/revisions"}],"predecessor-version":[{"id":3702,"href":"https:\/\/municipiomugica.com\/index.php\/wp-json\/wp\/v2\/pages\/2411\/revisions\/3702"}],"wp:attachment":[{"href":"https:\/\/municipiomugica.com\/index.php\/wp-json\/wp\/v2\/media?parent=2411"}],"curies":[{"name":"wp","href":"https:\/\/api.w.org\/{rel}","templated":true}]}}