{"id":2413,"date":"2022-03-22T13:59:32","date_gmt":"2022-03-22T19:59:32","guid":{"rendered":"http:\/\/municipiomugica.com\/?page_id=2413"},"modified":"2022-10-29T21:31:14","modified_gmt":"2022-10-30T03:31:14","slug":"cuarto-trimestre","status":"publish","type":"page","link":"https:\/\/municipiomugica.com\/index.php\/cuarto-trimestre\/","title":{"rendered":"CUARTO TRIMESTRE LDF"},"content":{"rendered":"\n<figure class=\"wp-block-table is-style-stripes\"><table><tbody><tr><td>1.-<\/td><td><a href=\"http:\/\/municipiomugica.com\/wp-content\/uploads\/2022\/03\/01.-ESTADO-DE-SITUACION-FINANCIERA-DETALLADO-LDF.pdf\" title=\"Estado de Situaci\u00f3n Financiera.\">Estado de Situaci\u00f3n Financiera.<\/a><\/td><\/tr><tr><td>2.-<\/td><td><a href=\"http:\/\/municipiomugica.com\/wp-content\/uploads\/2022\/03\/02.-INFORME-ANALITICO-DE-LA-DEUDA-Y-OTROS-PASIVOS-LDF.pdf\" title=\"Informe Anal\u00edtico de la Deuda y otros Pasivos.\">Informe Anal\u00edtico de la Deuda y otros Pasivos.<\/a><\/td><\/tr><tr><td>3.-<\/td><td><a href=\"http:\/\/municipiomugica.com\/wp-content\/uploads\/2022\/03\/03.-INFORME-ANALITICO-OBLIGACIONES-DE-DIFERENTES-FINANCIAMIENTOS-LDF.pdf\" title=\"Informe Anal\u00edtico de Obligaciones, Diferente Financiamiento.\">Informe Anal\u00edtico de Obligaciones, Diferente Financiamiento.<\/a><\/td><\/tr><tr><td>4.-<\/td><td><a href=\"http:\/\/municipiomugica.com\/wp-content\/uploads\/2022\/03\/04.-BALANCE-PRESUPUESTARIO.pdf\" title=\"Balance Presupuestario.\">Balance Presupuestario.<\/a><\/td><\/tr><tr><td>5.-<\/td><td><a href=\"http:\/\/municipiomugica.com\/wp-content\/uploads\/2022\/03\/05.-ESTADO-ANALITICO-DE-INGRESOS-DETALLADO-LDF.pdf\" title=\"Estado Anal\u00edtico de Ingresos.\">Estado Anal\u00edtico de Ingresos.<\/a><\/td><\/tr><tr><td>6.-<\/td><td><a href=\"http:\/\/municipiomugica.com\/wp-content\/uploads\/2022\/03\/06.-ESTADO-ANALITICO-DEL-EJERCICIO-DEL-PRESUPUESTO-DE-EGRESOS-CAPITULO-Y-CONCEPTO-GASTO.pdf\" title=\"Estado Anal\u00edtico del Ejercicio del Presupuesto de Egresos Clasificaci\u00f3n por Objeto Gasto.\">Estado Anal\u00edtico del Ejercicio del Presupuesto de Egresos Clasificaci\u00f3n por Objeto Gasto.<\/a><\/td><\/tr><tr><td>7.-<\/td><td><a href=\"http:\/\/municipiomugica.com\/wp-content\/uploads\/2022\/03\/07.-ESTADO-ANALITICO-DEL-EJERCICIO-DEL-PRESUPUESTO-DE-EGRESOS-CLASIFICACION-ADMINISTRATIVA.pdf\" title=\"Estado Anal\u00edtico del Ejercicio del Presupuesto de Egresos Clasificaci\u00f3n Administrativa.\">Estado Anal\u00edtico del Ejercicio del Presupuesto de Egresos Clasificaci\u00f3n Administrativa.<\/a><\/td><\/tr><tr><td>8.-<\/td><td><a href=\"http:\/\/municipiomugica.com\/wp-content\/uploads\/2022\/03\/09.-ESTADO-ANALITICO-DEL-EJERCICIO-DEL-PRESUPUESTO-DE-EGRESOS-CLASIFICACION-FUNCIONAL.pdf\" title=\"Estado Anal\u00edtico del Ejercicio del Presupuesto de Egresos Clasificaci\u00f3n Funcional.\">Estado Anal\u00edtico del Ejercicio del Presupuesto de Egresos Clasificaci\u00f3n Funcional.<\/a><\/td><\/tr><tr><td>9.-<\/td><td><a href=\"http:\/\/municipiomugica.com\/wp-content\/uploads\/2022\/03\/08.-ESTADO-ANALITICO-DEL-EJERCICIO-DEL-PRESUPUESTO-DE-EGRESOS-CLASIFICACION-DE-SERVICIOS-PERSONALES-POR-CATEGORIA.pdf\" title=\"Estado Anal\u00edtico del Ejercicio del Presupuesto de Egresos Clasificaci\u00f3n Personales.\">Estado Anal\u00edtico del Ejercicio del Presupuesto de Egresos Clasificaci\u00f3n Personales.<\/a><\/td><\/tr><tr><td>10.-<\/td><td><a href=\"http:\/\/municipiomugica.com\/wp-content\/uploads\/2022\/03\/10.-PROYECCION-DE-INGRESOS.pdf\" title=\"Proyecci\u00f3n de Ingresos.\">Proyecci\u00f3n de Ingresos.<\/a><\/td><\/tr><tr><td>11.-<\/td><td><a href=\"http:\/\/municipiomugica.com\/wp-content\/uploads\/2022\/03\/12.-PROYECCION-DE-EGRESOS.pdf\" title=\"Proyecci\u00f3n de Ingresos.\">Proyecci\u00f3n de Egresos.<\/a><\/td><\/tr><tr><td>12.-<\/td><td><a href=\"http:\/\/municipiomugica.com\/wp-content\/uploads\/2022\/03\/11.-RESULTADO-DE-INGRESOS.pdf\" title=\"Resultado de Ingresos.\">Resultado de Ingresos.<\/a><\/td><\/tr><tr><td>13.-<\/td><td><a href=\"http:\/\/municipiomugica.com\/wp-content\/uploads\/2022\/03\/13.-RESULTADO-DE-EGRESO.pdf\" title=\"Resultado de Egresos.\">Resultado de Egresos.<\/a><\/td><\/tr><tr><td>14.-<\/td><td><a href=\"http:\/\/municipiomugica.com\/conac\/2021\/Guia%20de%20cumplimiento%20de%20la%20ley%20de%20disciplina%20financiera%20de%20las%20entidades%20federativas%20y%20municipios%20LDF%202trim%202019.xls\" title=\"GUIA DE CUMPLIMIENTO DE LA LEY DE DISCIPLINA FINANCIERA DE LAS ENTIDADES FEDERATIVAS Y MUNICIPIOS LDF\">GUIA DE CUMPLIMIENTO DE LA LEY DE DISCIPLINA FINANCIERA DE LAS ENTIDADES FEDERATIVAS Y MUNICIPIOS LDF<\/a><\/td><\/tr><tr><td>15.-<\/td><td><a href=\"http:\/\/municipiomugica.com\/conac\/2021\/INFORME%20SOBRE%20ESTUDIOS%20ACTUARIALES.xlsx\" title=\"INFORME SOBRE ESTUDIOS ACTUARIALES\">INFORME SOBRE ESTUDIOS ACTUARIALES<\/a><\/td><\/tr><\/tbody><\/table><\/figure>\n\n\n\n<h2 class=\"wp-block-heading\"><\/h2>\n\n\n\n<p><\/p>\n","protected":false},"excerpt":{"rendered":"<p>1.- Estado de Situaci\u00f3n Financiera. 2.- Informe Anal\u00edtico de la Deuda y otros Pasivos. 3.- Informe Anal\u00edtico de Obligaciones, Diferente Financiamiento. 4.- Balance Presupuestario. 5.- Estado Anal\u00edtico de Ingresos. 6.- &#8230;<\/p>\n","protected":false},"author":2,"featured_media":0,"parent":0,"menu_order":17,"comment_status":"closed","ping_status":"closed","template":"","meta":{"om_disable_all_campaigns":false,"footnotes":""},"class_list":["post-2413","page","type-page","status-publish","hentry"],"aioseo_notices":[],"_links":{"self":[{"href":"https:\/\/municipiomugica.com\/index.php\/wp-json\/wp\/v2\/pages\/2413","targetHints":{"allow":["GET"]}}],"collection":[{"href":"https:\/\/municipiomugica.com\/index.php\/wp-json\/wp\/v2\/pages"}],"about":[{"href":"https:\/\/municipiomugica.com\/index.php\/wp-json\/wp\/v2\/types\/page"}],"author":[{"embeddable":true,"href":"https:\/\/municipiomugica.com\/index.php\/wp-json\/wp\/v2\/users\/2"}],"replies":[{"embeddable":true,"href":"https:\/\/municipiomugica.com\/index.php\/wp-json\/wp\/v2\/comments?post=2413"}],"version-history":[{"count":7,"href":"https:\/\/municipiomugica.com\/index.php\/wp-json\/wp\/v2\/pages\/2413\/revisions"}],"predecessor-version":[{"id":3700,"href":"https:\/\/municipiomugica.com\/index.php\/wp-json\/wp\/v2\/pages\/2413\/revisions\/3700"}],"wp:attachment":[{"href":"https:\/\/municipiomugica.com\/index.php\/wp-json\/wp\/v2\/media?parent=2413"}],"curies":[{"name":"wp","href":"https:\/\/api.w.org\/{rel}","templated":true}]}}