{"id":2645,"date":"2022-04-20T16:34:26","date_gmt":"2022-04-20T22:34:26","guid":{"rendered":"http:\/\/municipiomugica.com\/?page_id=2645"},"modified":"2022-10-31T21:25:53","modified_gmt":"2022-11-01T03:25:53","slug":"ldf-2021","status":"publish","type":"page","link":"https:\/\/municipiomugica.com\/index.php\/ldf-2021\/","title":{"rendered":"CUENTA P\u00daBLICA ANUAL 2021"},"content":{"rendered":"\n<p><\/p>\n\n\n\n<figure class=\"wp-block-table is-style-stripes\"><table><tbody><tr><td>1.- <\/td><td><a href=\"http:\/\/municipiomugica.com\/Ley_Dis_Fin\/2021\/1.-%20ACTA%20DE%20SESI%C3%93N%20DE%20CABILDO%20APROBACI%C3%93N%20CUENTA%20P%C3%9ABLICA%202021%2C%20PLAN%20DESARROLLO%2C%20POA%20Y%20MODIF%2C%20PRESUP%20EGRESOS%20Y%20PLANTILLA.pdf\" title=\"ACTA DE SESI\u00d3N DE CABILDO APROBACI\u00d3N CUENTA P\u00daBLICA 2021, PLAN DESARROLLO, POA Y MODIF, PRESUP EGRESOS Y PLANTILLA\">ACTA DE SESI\u00d3N DE CABILDO APROBACI\u00d3N CUENTA P\u00daBLICA 2021, PLAN DESARROLLO, POA Y MODIF, PRESUP EGRESOS Y PLANTILLA<\/a><\/td><\/tr><tr><td>2.-<\/td><td><a href=\"http:\/\/municipiomugica.com\/Ley_Dis_Fin\/2021\/2.-%20RELACI%C3%93N%20CUENTAS%20BANCARIAS%20Y%20RESPECTIVAS%20CONCILIACIONES%203.pdf\" title=\"RELACI\u00d3N CUENTAS BANCARIAS Y RESPECTIVAS CONCILIACIONES 1\">RELACI\u00d3N CUENTAS BANCARIAS Y RESPECTIVAS CONCILIACIONES 1<\/a><\/td><\/tr><tr><td>2.-<\/td><td><a href=\"http:\/\/municipiomugica.com\/Ley_Dis_Fin\/2021\/2.-%20RELACI%C3%93N%20CUENTAS%20BANCARIAS%20Y%20RESPECTIVAS%20CONCILIACIONES%203.pdf\" title=\"RELACI\u00d3N CUENTAS BANCARIAS Y RESPECTIVAS CONCILIACIONES 3\">RELACI\u00d3N CUENTAS BANCARIAS Y RESPECTIVAS CONCILIACIONES 3<\/a><\/td><\/tr><tr><td>3.-<\/td><td><a href=\"http:\/\/municipiomugica.com\/Ley_Dis_Fin\/2021\/3.-%20ESTADO%20DE%20ACTIVIDADES.pdf\" title=\"ESTADO DE ACTIVIDADES\">ESTADO DE ACTIVIDADES<\/a><\/td><\/tr><tr><td>4.-<\/td><td><a href=\"http:\/\/municipiomugica.com\/Ley_Dis_Fin\/2021\/4.-%20ESTADO%20DE%20SITUACI%C3%93N%20FINANCIERA.pdf\" title=\"ESTADO DE SITUACI\u00d3N FINANCIERA\">ESTADO DE SITUACI\u00d3N FINANCIERA<\/a><\/td><\/tr><tr><td>5.-<\/td><td><a href=\"http:\/\/municipiomugica.com\/Ley_Dis_Fin\/2021\/5.-%20ESTADO%20DE%20VARIACI%C3%93N%20EN%20LA%20HACIENDA%20P%C3%9ABLICA.pdf\" title=\"ESTADO DE VARIACI\u00d3N EN LA HACIENDA P\u00daBLICA\">ESTADO DE VARIACI\u00d3N EN LA HACIENDA P\u00daBLICA<\/a><\/td><\/tr><tr><td>6.-<\/td><td><a href=\"http:\/\/municipiomugica.com\/Ley_Dis_Fin\/2021\/6.-%20ESTADO%20DE%20CAMBIOS%20EN%20LA%20HACIENDA%20P%C3%9ABLICA.pdf\" title=\"ESTADO DE CAMBIOS EN LA HACIENDA P\u00daBLICA\">ESTADO DE CAMBIOS EN LA HACIENDA P\u00daBLICA<\/a><\/td><\/tr><tr><td>7.-<\/td><td><a href=\"http:\/\/municipiomugica.com\/Ley_Dis_Fin\/2021\/7.-%20ESTADO%20DE%20FLUJOS%20DE%20EFECTIVO.pdf\" title=\"ESTADO DE FLUJOS DE EFECTIVO.pdf\">ESTADO DE FLUJOS DE EFECTIVO.pdf<\/a><\/td><\/tr><tr><td>8.-<\/td><td><a href=\"http:\/\/municipiomugica.com\/Ley_Dis_Fin\/2021\/8.-%20NOTAS%20A%20LOS%20ESTADOS%20FINANCIEROS.pdf\" title=\"NOTAS A LOS ESTADOS FINANCIEROS\">NOTAS A LOS ESTADOS FINANCIEROS<\/a><\/td><\/tr><tr><td>9.-<\/td><td><a href=\"http:\/\/municipiomugica.com\/Ley_Dis_Fin\/2021\/9.-%20ESTADO%20ANAL%C3%8DTICO%20DEL%20ACTIVO.pdf\" title=\"ESTADO ANAL\u00cdTICO DEL ACTIVO\">ESTADO ANAL\u00cdTICO DEL ACTIVO<\/a><\/td><\/tr><tr><td>10.-<\/td><td><a href=\"http:\/\/municipiomugica.com\/Ley_Dis_Fin\/2021\/10.-%20ESTADO%20ANAL%C3%8DTICO%20DE%20INGRESOS.pdf\" title=\"ESTADO ANAL\u00cdTICO DE INGRESOS\">ESTADO ANAL\u00cdTICO DE INGRESOS<\/a><\/td><\/tr><tr><td>10A.-<\/td><td><a href=\"http:\/\/municipiomugica.com\/Ley_Dis_Fin\/2021\/10A.-%20ESTADO%20ANAL%C3%8DTICO%20DE%20INGRESOS%20POR%20FUENTE%209.pdf\" title=\"ESTADO ANAL\u00cdTICO DE INGRESOS POR FUENTE 9\">ESTADO ANAL\u00cdTICO DE INGRESOS POR FUENTE 9<\/a><\/td><\/tr><tr><td>10B.-<\/td><td><a href=\"http:\/\/municipiomugica.com\/Ley_Dis_Fin\/2021\/10B.-%20ESTADO%20ANAL%C3%8DTICO%20DE%20INGRESOS%20POR%20FUENTE%208.pdf\" title=\"ESTADO ANAL\u00cdTICO DE INGRESOS POR FUENTE 8\">ESTADO ANAL\u00cdTICO DE INGRESOS POR FUENTE 8<\/a><\/td><\/tr><tr><td>10C.-<\/td><td><a href=\"http:\/\/municipiomugica.com\/Ley_Dis_Fin\/2021\/10C.-%20ESTADO%20ANAL%C3%8DTICO%20DE%20INGRESOS%20POR%20FUENTE%207.pdf\" title=\"ESTADO ANAL\u00cdTICO DE INGRESOS POR FUENTE 7\">ESTADO ANAL\u00cdTICO DE INGRESOS POR FUENTE 7<\/a><\/td><\/tr><tr><td>10D.-<\/td><td><a href=\"http:\/\/municipiomugica.com\/Ley_Dis_Fin\/2021\/10D.-%20ESTADO%20ANAL%C3%8DTICO%20DE%20INGRESOS%20POR%20FUENTE%206.pdf\" title=\"ESTADO ANAL\u00cdTICO DE INGRESOS POR FUENTE 6\">ESTADO ANAL\u00cdTICO DE INGRESOS POR FUENTE 6<\/a><\/td><\/tr><tr><td>10E.-<\/td><td><a href=\"http:\/\/municipiomugica.com\/Ley_Dis_Fin\/2021\/10E.-%20ESTADO%20ANAL%C3%8DTICO%20DE%20INGRESOS%20POR%20FUENTE%205.pdf\" title=\"ESTADO ANAL\u00cdTICO DE INGRESOS POR FUENTE 5\">ESTADO ANAL\u00cdTICO DE INGRESOS POR FUENTE 5<\/a><\/td><\/tr><tr><td>10F.-<\/td><td><a href=\"http:\/\/municipiomugica.com\/Ley_Dis_Fin\/2021\/10F.-%20ESTADO%20ANAL%C3%8DTICO%20DE%20INGRESOS%20POR%20FUENTE%204.pdf\" title=\"ESTADO ANAL\u00cdTICO DE INGRESOS POR FUENTE 4\">ESTADO ANAL\u00cdTICO DE INGRESOS POR FUENTE 4<\/a><\/td><\/tr><tr><td>10G.-<\/td><td><a href=\"http:\/\/municipiomugica.com\/Ley_Dis_Fin\/2021\/10G.-%20ESTADO%20ANAL%C3%8DTICO%20DE%20INGRESOS%20POR%20FUENTE%203.pdf\" title=\"ESTADO ANAL\u00cdTICO DE INGRESOS POR FUENTE 3\">ESTADO ANAL\u00cdTICO DE INGRESOS POR FUENTE 3<\/a><\/td><\/tr><tr><td>10H.-<\/td><td><a href=\"http:\/\/municipiomugica.com\/Ley_Dis_Fin\/2021\/10H.-%20ESTADO%20ANAL%C3%8DTICO%20DE%20INGRESOS%20POR%20FUENTE%202.pdf\" title=\"ESTADO ANAL\u00cdTICO DE INGRESOS POR FUENTE 2\">ESTADO ANAL\u00cdTICO DE INGRESOS POR FUENTE 2<\/a><\/td><\/tr><tr><td>10I.-<\/td><td><a href=\"http:\/\/municipiomugica.com\/Ley_Dis_Fin\/2021\/10I.-%20ESTADO%20ANAL%C3%8DTICO%20DE%20INGRESOS%20POR%20FUENTE%201.pdf\" title=\"ESTADO ANAL\u00cdTICO DE INGRESOS POR FUENTE 1\">ESTADO ANAL\u00cdTICO DE INGRESOS POR FUENTE 1<\/a><\/td><\/tr><tr><td>11.-<\/td><td><a href=\"http:\/\/municipiomugica.com\/Ley_Dis_Fin\/2021\/11.-%20ESTADO%20ANAL%C3%8DTICO%20DEL%20EJERCICIO%20DEL%20PRESUP%20DE%20EGRESOS%20CLASIF%20ADMINISTRATIVA%202.pdf\" title=\"ESTADO ANAL\u00cdTICO DEL EJERCICIO DEL PRESUP DE EGRESOS CLASIF ADMINISTRATIVA 2\">ESTADO ANAL\u00cdTICO DEL EJERCICIO DEL PRESUP DE EGRESOS CLASIF ADMINISTRATIVA 2<\/a><\/td><\/tr><tr><td>11A.-<\/td><td><a href=\"http:\/\/municipiomugica.com\/Ley_Dis_Fin\/2021\/11A.-%20ESTADO%20ANAL%C3%8DTICO%20DEL%20EJERCICIO%20DEL%20PRESUP%20DE%20EGRESOS%20CLASIF%20ADMINISTRATIVA.pdf\" title=\"ESTADO ANAL\u00cdTICO DEL EJERCICIO DEL PRESUP DE EGRESOS CLASIF ADMINISTRATIVA\">ESTADO ANAL\u00cdTICO DEL EJERCICIO DEL PRESUP DE EGRESOS CLASIF ADMINISTRATIVA<\/a><\/td><\/tr><tr><td>11B.-<\/td><td><a href=\"http:\/\/municipiomugica.com\/Ley_Dis_Fin\/2021\/11B.-%20ESTADO%20ANAL%C3%8DTICO%20DEL%20EJERCICIO%20DEL%20PRESUP%20DE%20EGRESOS%20CLASIF%20ECON%C3%93MICA.pdf\" title=\"ESTADO ANAL\u00cdTICO DEL EJERCICIO DEL PRESUP DE EGRESOS CLASIF ECON\u00d3MICA\">ESTADO ANAL\u00cdTICO DEL EJERCICIO DEL PRESUP DE EGRESOS CLASIF ECON\u00d3MICA<\/a><\/td><\/tr><tr><td>11C.-<\/td><td><a href=\"http:\/\/municipiomugica.com\/Ley_Dis_Fin\/2021\/11C.-%20ESTADO%20ANAL%C3%8DTICO%20DEL%20EJERCICIO%20DEL%20PRESUP%20DE%20EGRESOS%20CLASIF%20FUNCIONAL.pdf\" title=\"ESTADO ANAL\u00cdTICO DEL EJERCICIO DEL PRESUP DE EGRESOS CLASIF FUNCIONAL\">ESTADO ANAL\u00cdTICO DEL EJERCICIO DEL PRESUP DE EGRESOS CLASIF FUNCIONAL<\/a><\/td><\/tr><tr><td>11D.-<\/td><td><a href=\"http:\/\/municipiomugica.com\/Ley_Dis_Fin\/2021\/11D.-%20ESTADO%20ANAL%C3%8DTICO%20DEL%20EJERCICIO%20DEL%20PRESUP%20DE%20EGRESOS%20POR%20OBJETO%20DEL%20GASTO.pdf\" title=\"ESTADO ANAL\u00cdTICO DEL EJERCICIO DEL PRESUP DE EGRESOS POR OBJETO DEL GASTO\">ESTADO ANAL\u00cdTICO DEL EJERCICIO DEL PRESUP DE EGRESOS POR OBJETO DEL GASTO<\/a><\/td><\/tr><tr><td>12.-<\/td><td><a href=\"http:\/\/municipiomugica.com\/Ley_Dis_Fin\/2021\/12.-%20RELACI%C3%93N%20DE%20BIENES%20MUEBLES%20E%20INMUEBLES.pdf\" title=\"RELACI\u00d3N DE BIENES MUEBLES E INMUEBLES\">RELACI\u00d3N DE BIENES MUEBLES E INMUEBLES<\/a><\/td><\/tr><tr><td>13.-<\/td><td><a href=\"http:\/\/municipiomugica.com\/Ley_Dis_Fin\/2021\/13.-%20INFORME%20DEL%20EJERCICIO%20Y%20DESTINO%20DEL%20GASTO%20FEDERALIZADO.pdf\" title=\"INFORME DEL EJERCICIO Y DESTINO DEL GASTO FEDERALIZADO\">INFORME DEL EJERCICIO Y DESTINO DEL GASTO FEDERALIZADO<\/a><\/td><\/tr><tr><td>14.-<\/td><td><a href=\"http:\/\/municipiomugica.com\/Ley_Dis_Fin\/2021\/14.-%20REPORTE%20DE%20DEUDA.pdf\" title=\"REPORTE DE DEUDA\">REPORTE DE DEUDA<\/a><\/td><\/tr><tr><td>15.-<\/td><td><a href=\"http:\/\/municipiomugica.com\/Ley_Dis_Fin\/2021\/15.-%20EXPEDIENTE%20DE%20OBRA%20P%C3%9ABLICA.pdf\" title=\"EXPEDIENTE DE OBRA P\u00daBLICA\">EXPEDIENTE DE OBRA P\u00daBLICA<\/a><\/td><\/tr><tr><td>16.-<\/td><td><a href=\"http:\/\/municipiomugica.com\/Ley_Dis_Fin\/2021\/16.-%20RELACI%C3%93N%20DE%20GASTO%20EN%20OBRAS%20REALIZADAS%20POR%20ADMINISTRACI%C3%93N%20DIRECTA.pdf\" title=\"RELACI\u00d3N DE GASTO EN OBRAS REALIZADAS POR ADMINISTRACI\u00d3N DIRECTA\">RELACI\u00d3N DE GASTO EN OBRAS REALIZADAS POR ADMINISTRACI\u00d3N DIRECTA<\/a><\/td><\/tr><tr><td>17.-<\/td><td><a href=\"http:\/\/municipiomugica.com\/Ley_Dis_Fin\/2021\/17.-%20RELACI%C3%93N%20DE%20OBRAS%20EJECUTADAS%20DURANTE%20EL%20EJERCICIO.pdf\" title=\"RELACI\u00d3N DE OBRAS EJECUTADAS DURANTE EL EJERCICIO\">RELACI\u00d3N DE OBRAS EJECUTADAS DURANTE EL EJERCICIO<\/a><\/td><\/tr><tr><td>18.-<\/td><td><a href=\"http:\/\/municipiomugica.com\/Ley_Dis_Fin\/2021\/18.-%20ANEXO%205%20VINCULACI%C3%93N%20DE%20OBJETIVOS.pdf\" title=\"ANEXO 5 VINCULACI\u00d3N DE OBJETIVOS\">ANEXO 5 VINCULACI\u00d3N DE OBJETIVOS<\/a><\/td><\/tr><tr><td>19.-<\/td><td><a href=\"http:\/\/municipiomugica.com\/Ley_Dis_Fin\/2021\/19.-%20ANEXO%206%20INFORME%20DEL%20AVANCE%20PROGRAM%C3%81TICO%20FINANCIERO%20DEL%20PRESUPUESTO.pdf\" title=\"ANEXO 6 INFORME DEL AVANCE PROGRAM\u00c1TICO FINANCIERO DEL PRESUPUESTO\">ANEXO 6 INFORME DEL AVANCE PROGRAM\u00c1TICO FINANCIERO DEL PRESUPUESTO<\/a><\/td><\/tr><tr><td>20.-<\/td><td><a href=\"http:\/\/municipiomugica.com\/Cuenta_Publica\/2021\/MX-M465N_20221031_155034.pdf\" title=\"MONTOS PAGADOS POR AYUDAS Y SUBSIDIOS\">MONTOS PAGADOS POR AYUDAS Y SUBSIDIOS<\/a><\/td><\/tr><\/tbody><\/table><\/figure>\n","protected":false},"excerpt":{"rendered":"<p>1.- ACTA DE SESI\u00d3N DE CABILDO APROBACI\u00d3N CUENTA P\u00daBLICA 2021, PLAN DESARROLLO, POA Y MODIF, PRESUP EGRESOS Y PLANTILLA 2.- RELACI\u00d3N CUENTAS BANCARIAS Y RESPECTIVAS CONCILIACIONES 1 2.- RELACI\u00d3N CUENTAS &#8230;<\/p>\n","protected":false},"author":2,"featured_media":0,"parent":0,"menu_order":15,"comment_status":"closed","ping_status":"closed","template":"","meta":{"om_disable_all_campaigns":false,"footnotes":""},"class_list":["post-2645","page","type-page","status-publish","hentry"],"aioseo_notices":[],"_links":{"self":[{"href":"https:\/\/municipiomugica.com\/index.php\/wp-json\/wp\/v2\/pages\/2645","targetHints":{"allow":["GET"]}}],"collection":[{"href":"https:\/\/municipiomugica.com\/index.php\/wp-json\/wp\/v2\/pages"}],"about":[{"href":"https:\/\/municipiomugica.com\/index.php\/wp-json\/wp\/v2\/types\/page"}],"author":[{"embeddable":true,"href":"https:\/\/municipiomugica.com\/index.php\/wp-json\/wp\/v2\/users\/2"}],"replies":[{"embeddable":true,"href":"https:\/\/municipiomugica.com\/index.php\/wp-json\/wp\/v2\/comments?post=2645"}],"version-history":[{"count":9,"href":"https:\/\/municipiomugica.com\/index.php\/wp-json\/wp\/v2\/pages\/2645\/revisions"}],"predecessor-version":[{"id":3730,"href":"https:\/\/municipiomugica.com\/index.php\/wp-json\/wp\/v2\/pages\/2645\/revisions\/3730"}],"wp:attachment":[{"href":"https:\/\/municipiomugica.com\/index.php\/wp-json\/wp\/v2\/media?parent=2645"}],"curies":[{"name":"wp","href":"https:\/\/api.w.org\/{rel}","templated":true}]}}