{"id":2686,"date":"2022-04-21T20:30:37","date_gmt":"2022-04-22T02:30:37","guid":{"rendered":"http:\/\/municipiomugica.com\/?page_id=2686"},"modified":"2022-10-25T11:42:55","modified_gmt":"2022-10-25T17:42:55","slug":"primer-trimestre-conac","status":"publish","type":"page","link":"https:\/\/municipiomugica.com\/index.php\/primer-trimestre-conac\/","title":{"rendered":"PRIMER TRIMESTRE CONAC"},"content":{"rendered":"\n<figure class=\"wp-block-table is-style-stripes\"><table><tbody><tr><td>1.-<\/td><td><a href=\"http:\/\/municipiomugica.com\/conac\/2021\/1er_Trim\/1.-%20ESTADO%20DE%20ACTIVIDADES.pdf\" title=\"ESTADO DE ACTIVIDADES\">ESTADO DE ACTIVIDADES<\/a><\/td><\/tr><tr><td>2.-<\/td><td><a href=\"http:\/\/municipiomugica.com\/conac\/2021\/1er_Trim\/2.-%20ESTADO%20DE%20SITUACI%C3%93N%20FINANCIERA.pdf\" title=\"ESTADO DE SITUACI\u00d3N FINANCIERA\">ESTADO DE SITUACI\u00d3N FINANCIERA<\/a><\/td><\/tr><tr><td>3.-<\/td><td><a href=\"http:\/\/municipiomugica.com\/conac\/2021\/1er_Trim\/2.-%20ESTADO%20DE%20SITUACI%C3%93N%20FINANCIERA.pdf\" title=\"ESTADO DE VARIACI\u00d3N EN LA HACIENDA P\u00daBLICA\">ESTADO DE VARIACI\u00d3N EN LA HACIENDA P\u00daBLICA<\/a><\/td><\/tr><tr><td>4.-<\/td><td><a href=\"http:\/\/municipiomugica.com\/conac\/2021\/1er_Trim\/4.-%20ESTADO%20DE%20CAMBIOS%20EN%20LA%20SITUACI%C3%93N%20FINANCIERA.pdf\" title=\"ESTADOS DE CAMBIOS EN LA SITUACI\u00d3N FINANCIERA\">ESTADOS DE CAMBIOS EN LA SITUACI\u00d3N FINANCIERA<\/a><\/td><\/tr><tr><td>5.-<\/td><td><a href=\"http:\/\/municipiomugica.com\/conac\/2021\/1er_Trim\/5.-%20ESTADO%20DE%20FLUJO%20DE%20EFECTIVO.pdf\" title=\"ESTADO DE FLUJOS DE EFECTIVO\">ESTADO DE FLUJOS DE EFECTIVO<\/a><\/td><\/tr><tr><td>6.-<\/td><td><a href=\"http:\/\/municipiomugica.com\/conac\/2021\/1er_Trim\/6.-%20NOTAS%20A%20LOS%20ESTADOS%20FINANCIEROS.pdf\" title=\"NOTAS A LOS ESTADOS FINANCIEROS\">NOTAS A LOS ESTADOS FINANCIEROS<\/a><\/td><\/tr><tr><td>7.-<\/td><td><a href=\"http:\/\/municipiomugica.com\/conac\/2021\/1er_Trim\/7.-%20ESTADO%20ANAL%C3%8DTICO%20DEL%20ACTIVO.pdf\" title=\"ESTADO ANALITICO DEL ACTIVO\">ESTADO ANALITICO DEL ACTIVO<\/a><\/td><\/tr><tr><td>8.-<\/td><td><a href=\"http:\/\/municipiomugica.com\/conac\/2021\/1er_Trim\/8.-%20ESTADO%20ANAL%C3%8DTICO%20DE%20INGRESOS%20CLASIF.pdf\" title=\"ESTADO ANAL\u00cdTICO DE INGRESOS FF\">ESTADO ANAL\u00cdTICO DE INGRESOS FF<\/a><\/td><\/tr><tr><td>8A.-<\/td><td><a href=\"http:\/\/municipiomugica.com\/conac\/2021\/1er_Trim\/8A.-ESTADO%20ANAL%C3%8DTICO%20DE%20INGRESOS%20CLASIF.pdf\" title=\"ESTADO ANAL\u00cdTICO DE INGRESOS FF\">ESTADO ANAL\u00cdTICO DE INGRESOS FF<\/a><\/td><\/tr><tr><td>8B.-<\/td><td><a href=\"http:\/\/municipiomugica.com\/conac\/2021\/1er_Trim\/8B.-%20ESTADO%20ANAL%C3%8DTICO%20DE%20INGRESOS%20CLASIF.pdf\" title=\"ESTADO ANAL\u00cdTICO DE INGRESOS FF\">ESTADO ANAL\u00cdTICO DE INGRESOS FF<\/a><\/td><\/tr><tr><td>8C.-<\/td><td><a href=\"http:\/\/municipiomugica.com\/conac\/2021\/1er_Trim\/8B.-%20ESTADO%20ANAL%C3%8DTICO%20DE%20INGRESOS%20CLASIF.pdf\" title=\"ESTADO ANAL\u00cdTICO DE INGRESOS FF\">ESTADO ANAL\u00cdTICO DE INGRESOS FF<\/a><\/td><\/tr><tr><td>8D.-<\/td><td><a href=\"http:\/\/municipiomugica.com\/conac\/2021\/1er_Trim\/8D.-%20ESTADO%20ANAL%C3%8DTICO%20DE%20INGRESOS%20CLASIF.pdf\">ESTADO ANAL\u00cdTICO DE INGRESOS FF<\/a><\/td><\/tr><tr><td>8E.-<\/td><td><a href=\"http:\/\/File16.- MODIFICACIONES PRESUPUESTALES.pdf \t2022-04-23 01:21\t416k File16A.- MODIFICACIONES PLANTILLA DE PERSONAL.pdf \t2022-04-23 01:21\t3448k\" title=\"ESTADO ANAL\u00cdTICO DE INGRESOS FF\">ESTADO ANAL\u00cdTICO DE INGRESOS FF<\/a><\/td><\/tr><tr><td>8F.-<\/td><td><a href=\"http:\/\/municipiomugica.com\/conac\/2021\/1er_Trim\/8F.-%20ESTADO%20ANAL%C3%8DTICO%20DE%20INGRESOS%20CLASIF.pdf\" title=\"ESTADO ANAL\u00cdTICO DE INGRESOS FF\">ESTADO ANAL\u00cdTICO DE INGRESOS FF<\/a><\/td><\/tr><tr><td>8G.-<\/td><td><a href=\"http:\/\/municipiomugica.com\/conac\/2021\/1er_Trim\/8G.-%20ESTADO%20ANAL%C3%8DTICO%20DE%20INGRESOS%20CLASIF.pdf\" title=\"ESTADO ANAL\u00cdTICO DE INGRESOS FF\">ESTADO ANAL\u00cdTICO DE INGRESOS FF<\/a><\/td><\/tr><tr><td>8H.-<\/td><td><a href=\"http:\/\/municipiomugica.com\/conac\/2021\/1er_Trim\/8H.-%20ESTADO%20ANAL%C3%8DTICO%20DE%20INGRESOS%20CLASIF.pdf\" title=\"ESTADO ANAL\u00cdTICO DE INGRESOS FF\">ESTADO ANAL\u00cdTICO DE INGRESOS FF<\/a><\/td><\/tr><tr><td>8I.-<\/td><td><a href=\"http:\/\/municipiomugica.com\/conac\/2021\/1er_Trim\/8I.-%20ESTADO%20ANAL%C3%8DTICO%20DE%20INGRESOS%20CLASIF.pdf\" title=\"ESTADO ANAL\u00cdTICO DE INGRESOS FF\">ESTADO ANAL\u00cdTICO DE INGRESOS FF<\/a><\/td><\/tr><tr><td>8J.-<\/td><td><a href=\"http:\/\/municipiomugica.com\/conac\/2021\/1er_Trim\/8J.-%20ESTADO%20ANAL%C3%8DTICO%20DE%20INGRESOS%20CLASIF.pdf\" title=\"ESTADO ANAL\u00cdTICO DE INGRESOS FF\">ESTADO ANAL\u00cdTICO DE INGRESOS FF<\/a><\/td><\/tr><tr><td>9.-<\/td><td><a href=\"http:\/\/municipiomugica.com\/conac\/2021\/1er_Trim\/9.-%20ESTADO%20ANAL%C3%8DTICO%20DEL%20EJERCICIO%20DEL%20PRESUPUESTO%20DE%20EGRESOS%20CLASIF%20CONCEPTO%20GASTO.pdf\" title=\"ESTADO ANAL\u00cdTICO DEL EJERCICIO DEL PRESUPUESTO DE EGRESOS CLASIF CONCEPTO GASTO\">ESTADO ANAL\u00cdTICO DEL EJERCICIO DEL PRESUPUESTO DE EGRESOS CLASIF CONCEPTO GASTO<\/a><\/td><\/tr><tr><td>9A.-<\/td><td><a href=\"http:\/\/municipiomugica.com\/conac\/2021\/1er_Trim\/9A.-%20ESTADO%20ANAL%C3%8DTICO%20DEL%20EJERCICIO%20DEL%20PRESUPUESTO%20DE%20EGRESOS%20CLASIF%20ADMINISTRATIVA.pdf\" title=\"ESTADO ANAL\u00cdTICO DEL EJERCICIO DEL PRESUPUESTO DE EGRESOS CLASIF ADMINISTRATIVA\">ESTADO ANAL\u00cdTICO DEL EJERCICIO DEL PRESUPUESTO DE EGRESOS CLASIF ADMINISTRATIVA<\/a><\/td><\/tr><tr><td>9B.-<\/td><td><a href=\"http:\/\/municipiomugica.com\/conac\/2021\/1er_Trim\/9A.-%20ESTADO%20ANAL%C3%8DTICO%20DEL%20EJERCICIO%20DEL%20PRESUPUESTO%20DE%20EGRESOS%20CLASIF%20ADMINISTRATIVA.pdf\" title=\"ESTADO ANAL\u00cdTICO DEL EJERCICIO DEL PRESUPUESTO DE EGRESOS CLASIF ADMINISTRATIVA2\">ESTADO ANAL\u00cdTICO DEL EJERCICIO DEL PRESUPUESTO DE EGRESOS CLASIF ADMINISTRATIVA2<\/a><\/td><\/tr><tr><td>9C.-<\/td><td><a href=\"http:\/\/municipiomugica.com\/conac\/2021\/1er_Trim\/9C.-%20ESTADO%20ANAL%C3%8DTICO%20DEL%20EJERCICIO%20DEL%20PRESUPUESTO%20DE%20EGRESOS%20CLASIF%20ECON%C3%93MICA.pdf\" title=\"ESTADO ANAL\u00cdTICO DEL EJERCICIO DEL PRESUPUESTO DE EGRESOS CLASIF ECON\u00d3MICA\">ESTADO ANAL\u00cdTICO DEL EJERCICIO DEL PRESUPUESTO DE EGRESOS CLASIF ECON\u00d3MICA<\/a><\/td><\/tr><tr><td>9D.-<\/td><td><a href=\"http:\/\/municipiomugica.com\/conac\/2021\/1er_Trim\/9D.-%20ESTADO%20ANAL%C3%8DTICO%20DEL%20EJERCICIO%20DEL%20PRESUPUESTO%20DE%20EGRESOS%20CLASIF%20FUNCIONAL.pdf\" title=\"ESTADO ANAL\u00cdTICO DEL EJERCICIO DEL PRESUPUESTO DE EGRESOS CLASIF FUNCIONAL\">ESTADO ANAL\u00cdTICO DEL EJERCICIO DEL PRESUPUESTO DE EGRESOS CLASIF FUNCIONAL<\/a><\/td><\/tr><tr><td>10.-<\/td><td><a href=\"http:\/\/municipiomugica.com\/conac\/2021\/1er_Trim\/1.-%20ESTADO%20DE%20ACTIVIDADES.pdf\" title=\"RELACI\u00d3N DE BIENES MUEBLES QUE COMPONEN EL PATRIMONIO\">RELACI\u00d3N DE BIENES MUEBLES QUE COMPONEN EL PATRIMONIO<\/a><\/td><\/tr><tr><td>10A.-<\/td><td><a href=\"http:\/\/municipiomugica.com\/conac\/2021\/1er_Trim\/10A.-%20RELACI%C3%93N%20DE%20BIENES%20INMUEBLES%20QUE%20COMPONEN%20EL%20PATROMONIO.pdf\" title=\"RELACI\u00d3N DE BIENES INMUEBLES QUE COMPONEN EL PATRIMONIO\">RELACI\u00d3N DE BIENES INMUEBLES QUE COMPONEN EL PATRIMONIO<\/a><\/td><\/tr><tr><td>11.-<\/td><td><a href=\"http:\/\/municipiomugica.com\/conac\/2021\/1er_Trim\/11.-%20RELACI%C3%93N%20DE%20CUENTAS%20BANCARIAS%2C%20CONCILIACIONES%20Y%20ESTADOS%20DE%20CUENTA1.pdf\" title=\"RELACI\u00d3N DE CUENTAS BANCARIAS, ESTADOS DE CUENTA Y CONCILIACIONES BANCARIAS\">RELACI\u00d3N DE CUENTAS BANCARIAS, ESTADOS DE CUENTA Y CONCILIACIONES BANCARIAS<\/a><\/td><\/tr><tr><td>11A.-<\/td><td><a href=\"http:\/\/municipiomugica.com\/conac\/2021\/1er_Trim\/11A.-%20RELACI%C3%93N%20DE%20CUENTAS%20BANCARIAS%2C%20CONCILIACIONES%20Y%20ESTADOS%20DE%20CUENTA1.pdf\" title=\"RELACI\u00d3N DE CUENTAS BANCARIAS, ESTADOS DE CUENTA Y CONCILIACIONES BANCARIAS\">RELACI\u00d3N DE CUENTAS BANCARIAS, ESTADOS DE CUENTA Y CONCILIACIONES BANCARIAS<\/a><\/td><\/tr><tr><td>11B.-<\/td><td><a href=\"http:\/\/municipiomugica.com\/conac\/2021\/1er_Trim\/11B.-%20RELACI%C3%93N%20DE%20CUENTAS%20BANCARIAS%2C%20CONCILIACIONES%20Y%20ESTADOS%20DE%20CUENTA1.pdf\" title=\"RELACI\u00d3N DE CUENTAS BANCARIAS, ESTADOS DE CUENTA Y CONCILIACIONES BANCARIAS\">RELACI\u00d3N DE CUENTAS BANCARIAS, ESTADOS DE CUENTA Y CONCILIACIONES BANCARIAS<\/a><\/td><\/tr><tr><td>12.-<\/td><td><a href=\"http:\/\/municipiomugica.com\/conac\/2021\/1er_Trim\/12.-%20AN%C3%81LISIS%20Y%20DESCRIPCI%C3%93N%20DE%20LAS%20TRANSFERENCIAS%2C%20ASIGNACIONES%2C%20SUBSIDIOS%20Y%20OTRAS%20AYUDAS.pdf\" title=\"AN\u00c1LISIS Y DESCRIPCI\u00d3N DE LAS TRANSFERENCIAS, ASIGNACIONES, SUBSIDIOS Y OTRAS AYUDAS\">AN\u00c1LISIS Y DESCRIPCI\u00d3N DE LAS TRANSFERENCIAS, ASIGNACIONES, SUBSIDIOS Y OTRAS AYUDAS<\/a><\/td><\/tr><tr><td>13.-<\/td><td><a href=\"http:\/\/municipiomugica.com\/conac\/2021\/1er_Trim\/13.-%20INFORME%20DE%20LA%20DEUDA%20P%C3%9ABLICA.pdf\" title=\"INFORME DE LA DEUDA P\u00daBLICA\">INFORME DE LA DEUDA P\u00daBLICA<\/a><\/td><\/tr><tr><td>14.-<\/td><td><a href=\"http:\/\/municipiomugica.com\/conac\/2021\/1er_Trim\/14.-%20RELACI%C3%93N%20DE%20OBRAS%20POR%20ADMINISTRACI%C3%93N%20DIRECTA.pdf\" title=\"RELACI\u00d3N DE OBRAS EJECUTADAS POR ADMINISTRACI\u00d3N DIRECTA\">RELACI\u00d3N DE OBRAS EJECUTADAS POR ADMINISTRACI\u00d3N DIRECTA<\/a><\/td><\/tr><tr><td>15.-<\/td><td><a href=\"http:\/\/municipiomugica.com\/conac\/2021\/1er_Trim\/15.-%20RELACI%C3%93N%20DE%20OBRAS%20EJECUTADAS%20DURANTE%20EL%20EJERCICIO%20FISCAL.pdf\" title=\"RELACI\u00d3N DE OBRAS EJECUTADAS DURANTE EL EJERCICIO\">RELACI\u00d3N DE OBRAS EJECUTADAS DURANTE EL EJERCICIO<\/a><\/td><\/tr><tr><td>16.-<\/td><td><a href=\"http:\/\/municipiomugica.com\/conac\/2021\/1er_Trim\/16.-%20MODIFICACIONES%20PRESUPUESTALES.pdf\" title=\"MODIFICACIONES PRESUPUESTALES\">MODIFICACIONES PRESUPUESTALES<\/a><\/td><\/tr><tr><td>16A.-<\/td><td><a href=\"http:\/\/municipiomugica.com\/conac\/2021\/1er_Trim\/16A.-%20MODIFICACIONES%20PLANTILLA%20DE%20PERSONAL.pdf\" title=\"MODIFICACIONES PLANTILLA DE PERSONAL\">MODIFICACIONES PLANTILLA DE PERSONAL<\/a><\/td><\/tr><tr><td>16B.-<\/td><td><a href=\"http:\/\/municipiomugica.com\/conac\/2021\/1er_Trim\/16B.-%20RELACI%C3%93N%20DE%20ALTAS%20Y%20BAJAS.pdf\" title=\"RELACI\u00d3N DE ALTAS Y BAJAS\">RELACI\u00d3N DE ALTAS Y BAJAS<\/a><\/td><\/tr><tr><td>17.-<\/td><td><a href=\"http:\/\/municipiomugica.com\/conac\/2021\/1er_Trim\/17.-%20VINCULACI%C3%93N%20DE%20OBJETIVOS.pdf\" title=\"VINCULACI\u00d3N DE OBJETIVOS\">VINCULACI\u00d3N DE OBJETIVOS<\/a><\/td><\/tr><tr><td>18.-<\/td><td><a href=\"http:\/\/municipiomugica.com\/conac\/2021\/1er_Trim\/18.-%20INFORME%20DE%20AVANCE%20PROGRAM%C3%81TICO.pdf\" title=\"INFORME PROGRAM\u00c1TICO PRESUPUESTARIO\">INFORME PROGRAM\u00c1TICO PRESUPUESTARIO<\/a><\/td><\/tr><tr><td>19.-<\/td><td><a href=\"http:\/\/municipiomugica.com\/conac\/2021\/1er_Trim\/19.-%20ESTADO%20DE%20ORIGEN%20Y%20APLICAIC%C3%93N%20DE%20RECURSO.pdf\" title=\"ESTADO DE ORIGEN Y APLICACI\u00d3N DE RECURSOS\">ESTADO DE ORIGEN Y APLICACI\u00d3N DE RECURSOS<\/a><\/td><\/tr><tr><td>20.-<\/td><td><a href=\"http:\/\/municipiomugica.com\/conac\/2021\/Guia de cumplimiento de la ley de disciplina financiera de las entidades federativas y municipios LDF 2trim 2019.xls\" title=\"GUIA DE CUMPLIMIENTO DE LA LEY DE DISCIPLINA FINANCIERA DE LAS ENTIDADES FEDERATIVAS Y MUNICIPIOS LDF\">GUIA DE CUMPLIMIENTO DE LA LEY DE DISCIPLINA FINANCIERA DE LAS ENTIDADES FEDERATIVAS Y MUNICIPIOS LDF<\/a><\/td><\/tr><tr><td>21.-<\/td><td><a href=\"http:\/\/municipiomugica.com\/conac\/2021\/INFORME SOBRE ESTUDIOS ACTUARIALES.xlsx\" title=\"INFORME SOBRE ESTUDIOS ACTUARIALES\">INFORME SOBRE ESTUDIOS ACTUARIALES<\/a><\/td><\/tr><\/tbody><\/table><\/figure>\n","protected":false},"excerpt":{"rendered":"<p>1.- ESTADO DE ACTIVIDADES 2.- ESTADO DE SITUACI\u00d3N FINANCIERA 3.- ESTADO DE VARIACI\u00d3N EN LA HACIENDA P\u00daBLICA 4.- ESTADOS DE CAMBIOS EN LA SITUACI\u00d3N FINANCIERA 5.- ESTADO DE FLUJOS DE &#8230;<\/p>\n","protected":false},"author":2,"featured_media":0,"parent":0,"menu_order":16,"comment_status":"closed","ping_status":"closed","template":"","meta":{"om_disable_all_campaigns":false,"footnotes":""},"class_list":["post-2686","page","type-page","status-publish","hentry"],"aioseo_notices":[],"_links":{"self":[{"href":"https:\/\/municipiomugica.com\/index.php\/wp-json\/wp\/v2\/pages\/2686","targetHints":{"allow":["GET"]}}],"collection":[{"href":"https:\/\/municipiomugica.com\/index.php\/wp-json\/wp\/v2\/pages"}],"about":[{"href":"https:\/\/municipiomugica.com\/index.php\/wp-json\/wp\/v2\/types\/page"}],"author":[{"embeddable":true,"href":"https:\/\/municipiomugica.com\/index.php\/wp-json\/wp\/v2\/users\/2"}],"replies":[{"embeddable":true,"href":"https:\/\/municipiomugica.com\/index.php\/wp-json\/wp\/v2\/comments?post=2686"}],"version-history":[{"count":8,"href":"https:\/\/municipiomugica.com\/index.php\/wp-json\/wp\/v2\/pages\/2686\/revisions"}],"predecessor-version":[{"id":3616,"href":"https:\/\/municipiomugica.com\/index.php\/wp-json\/wp\/v2\/pages\/2686\/revisions\/3616"}],"wp:attachment":[{"href":"https:\/\/municipiomugica.com\/index.php\/wp-json\/wp\/v2\/media?parent=2686"}],"curies":[{"name":"wp","href":"https:\/\/api.w.org\/{rel}","templated":true}]}}