{"id":2689,"date":"2022-04-21T20:34:33","date_gmt":"2022-04-22T02:34:33","guid":{"rendered":"http:\/\/municipiomugica.com\/?page_id=2689"},"modified":"2022-10-25T11:46:58","modified_gmt":"2022-10-25T17:46:58","slug":"segundo-trimestre-conac","status":"publish","type":"page","link":"https:\/\/municipiomugica.com\/index.php\/segundo-trimestre-conac\/","title":{"rendered":"SEGUNDO TRIMESTRE CONAC"},"content":{"rendered":"\n<figure class=\"wp-block-table is-style-stripes\"><table><tbody><tr><td>1.-<\/td><td><a href=\"http:\/\/municipiomugica.com\/conac\/2021\/2do_Trim\/1.-%20ACTA%20DE%20CABILDO%202%20TRIMESTRAL.pdf\" title=\"ACTA DE CABILDO\">ACTA DE CABILDO<\/a><\/td><\/tr><tr><td>2.-<\/td><td><a href=\"http:\/\/municipiomugica.com\/conac\/2021\/2do_Trim\/2.-%20ESTADO%20DE%20ACTIVIDADES.pdf\" title=\"ESTADO DE ACTIVIDADES\">ESTADO DE ACTIVIDADES<\/a><\/td><\/tr><tr><td>3.-<\/td><td><a href=\"http:\/\/municipiomugica.com\/conac\/2021\/2do_Trim\/3.-%20ESTADO%20DE%20SITUACI%C3%93N%20FINANCIERA.pdf\" title=\"ESTADO DE SITUACI\u00d3N FINANCIERA\">ESTADO DE SITUACI\u00d3N FINANCIERA<\/a><\/td><\/tr><tr><td>4.-<\/td><td><a href=\"http:\/\/municipiomugica.com\/conac\/2021\/2do_Trim\/4.-%20ESTADO%20DE%20VARIACI%C3%93N%20EN%20LA%20HACIENDA%20P%C3%9ABLICA.pdf\" title=\"ESTADO DE VARIACI\u00d3N EN LA HACIENDA P\u00daBLICA\">ESTADO DE VARIACI\u00d3N EN LA HACIENDA P\u00daBLICA<\/a><\/td><\/tr><tr><td>5.-<\/td><td><a href=\"http:\/\/municipiomugica.com\/conac\/2021\/2do_Trim\/5.-%20ESTADO%20DE%20CAMBIOS%20EN%20LA%20SITUACI%C3%93N%20FINANCIERA.pdf\" title=\"ESTADO DE CAMBIOS EN LA SITUACI\u00d3N FINANCIERA\">ESTADO DE CAMBIOS EN LA SITUACI\u00d3N FINANCIERA<\/a><\/td><\/tr><tr><td>6.-<\/td><td><a href=\"http:\/\/municipiomugica.com\/conac\/2021\/2do_Trim\/6.-%20ESTADOS%20DE%20FLUJOS%20DE%20EFECTIVO.pdf\" title=\"ESTADOS DE FLUJOS DE EFECTIVO\">ESTADOS DE FLUJOS DE EFECTIVO<\/a><\/td><\/tr><tr><td>6A.-<\/td><td><a href=\"http:\/\/municipiomugica.com\/conac\/2021\/2do_Trim\/6A.-%20ESTADOS%20DE%20FLUJOS%20DE%20EFECTIVO.pdf\" title=\"ESTADOS DE FLUJOS DE EFECTIVO\">ESTADOS DE FLUJOS DE EFECTIVO<\/a><\/td><\/tr><tr><td>7.-<\/td><td><a href=\"http:\/\/municipiomugica.com\/conac\/2021\/2do_Trim\/7.-%20NOTAS%20A%20LOS%20ESTADOS%20FINANCIEROS.pdf\" title=\"NOTAS A LOS ESTADOS FINANCIEROS\">NOTAS A LOS ESTADOS FINANCIEROS<\/a><\/td><\/tr><tr><td>8.-<\/td><td><a href=\"http:\/\/municipiomugica.com\/conac\/2021\/2do_Trim\/8.-%20ESTADO%20ANAL%C3%8DTICO%20DEL%20ACTIVO.pdf\" title=\"ESTADO ANAL\u00cdTICO DEL ACTIVO\">ESTADO ANAL\u00cdTICO DEL ACTIVO<\/a><\/td><\/tr><tr><td>9.-<\/td><td><a href=\"http:\/\/municipiomugica.com\/conac\/2021\/2do_Trim\/9.-%20ESTADO%20ANAL%C3%8DTICO%20DE%20INGRESOS.pdf\" title=\"ESTADO ANAL\u00cdTICO DE INGRESOS\">ESTADO ANAL\u00cdTICO DE INGRESOS<\/a><\/td><\/tr><tr><td>9A.-<\/td><td><a href=\"http:\/\/municipiomugica.com\/conac\/2021\/2do_Trim\/9A.-%20ESTADO%20ANAL%C3%8DTICO%20DE%20INGRESOS.pdf\" title=\"ESTADO ANAL\u00cdTICO DE INGRESOS\">ESTADO ANAL\u00cdTICO DE INGRESOS<\/a><\/td><\/tr><tr><td>9B.-<\/td><td><a href=\"http:\/\/municipiomugica.com\/conac\/2021\/2do_Trim\/9B.-%20ESTADO%20ANAL%C3%8DTICO%20DE%20INGRESOS.pdf\" title=\"ESTADO ANAL\u00cdTICO DE INGRESOS\">ESTADO ANAL\u00cdTICO DE INGRESOS<\/a><\/td><\/tr><tr><td>9C.-<\/td><td><a href=\"http:\/\/municipiomugica.com\/conac\/2021\/2do_Trim\/9C.-%20ESTADO%20ANAL%C3%8DTICO%20DE%20INGRESOS.pdf\" title=\"ESTADO ANAL\u00cdTICO DE INGRESOS\">ESTADO ANAL\u00cdTICO DE INGRESOS<\/a><\/td><\/tr><tr><td>9D.-<\/td><td><a href=\"http:\/\/municipiomugica.com\/conac\/2021\/2do_Trim\/9C.-%20ESTADO%20ANAL%C3%8DTICO%20DE%20INGRESOS.pdf\" title=\"ESTADO ANAL\u00cdTICO DE INGRESOS\">ESTADO ANAL\u00cdTICO DE INGRESOS<\/a><\/td><\/tr><tr><td>9E.-<\/td><td><a href=\"http:\/\/municipiomugica.com\/conac\/2021\/2do_Trim\/9E.-%20ESTADO%20ANAL%C3%8DTICO%20DE%20INGRESOS.pdf\" title=\"ESTADO ANAL\u00cdTICO DE INGRESOS\">ESTADO ANAL\u00cdTICO DE INGRESOS<\/a><\/td><\/tr><tr><td>9F.-<\/td><td><a href=\"http:\/\/municipiomugica.com\/conac\/2021\/2do_Trim\/9F.-%20ESTADO%20ANAL%C3%8DTICO%20DE%20INGRESOS.pdf\" title=\"ESTADO ANAL\u00cdTICO DE INGRESOS\">ESTADO ANAL\u00cdTICO DE INGRESOS<\/a><\/td><\/tr><tr><td>9G.-<\/td><td><a href=\"http:\/\/municipiomugica.com\/conac\/2021\/2do_Trim\/9G.-%20ESTADO%20ANAL%C3%8DTICO%20DE%20INGRESOS.pdf\" title=\"ESTADO ANAL\u00cdTICO DE INGRESOS\">ESTADO ANAL\u00cdTICO DE INGRESOS<\/a><\/td><\/tr><tr><td>9H.-<\/td><td><a href=\"http:\/\/municipiomugica.com\/conac\/2021\/2do_Trim\/9H.-%20ESTADO%20ANAL%C3%8DTICO%20DE%20INGRESOS.pdf\" title=\"ESTADO ANAL\u00cdTICO DE INGRESOS\">ESTADO ANAL\u00cdTICO DE INGRESOS<\/a><\/td><\/tr><tr><td>9I.-<\/td><td><a href=\"http:\/\/municipiomugica.com\/conac\/2021\/2do_Trim\/9I.-%20ESTADO%20ANAL%C3%8DTICO%20DE%20INGRESOS.pdf\" title=\"ESTADO ANAL\u00cdTICO DE INGRESOS\">ESTADO ANAL\u00cdTICO DE INGRESOS<\/a><\/td><\/tr><tr><td>10.-<\/td><td><a href=\"http:\/\/municipiomugica.com\/conac\/2021\/2do_Trim\/10.-%20ESTADO%20DEL%20EJERCICIO%20DEL%20PRESUP%20DE%20EGRESOS%20OBJETO%20DEL%20GASTO.pdf\" title=\"ESTADO DEL EJERCICIO DEL PRESUP DE EGRESOS OBJETO DEL GASTO\">ESTADO DEL EJERCICIO DEL PRESUP DE EGRESOS OBJETO DEL GASTO<\/a><\/td><\/tr><tr><td>10A.-<\/td><td><a href=\"http:\/\/municipiomugica.com\/conac\/2021\/2do_Trim\/10A.-%20ESTADO%20DEL%20EJERCICIO%20DEL%20PRESUP%20DE%20EGRESOS%20CLASIF%20ADMINISTRATIVA.pdf\" title=\"ESTADO DEL EJERCICIO DEL PRESUP DE EGRESOS CLASIF ADMINISTRATIVA\">ESTADO DEL EJERCICIO DEL PRESUP DE EGRESOS CLASIF ADMINISTRATIVA<\/a><\/td><\/tr><tr><td>10B.-<\/td><td><a href=\"http:\/\/municipiomugica.com\/conac\/2021\/2do_Trim\/10B.-%20ESTADO%20DEL%20EJERCICIO%20DEL%20PRESUP%20DE%20EGRESOS%20CLASIF%20ADMINISTRATIVA%20UR.pdf\" title=\"ESTADO DEL EJERCICIO DEL PRESUP DE EGRESOS CLASIF ADMINISTRATIVA UR\">ESTADO DEL EJERCICIO DEL PRESUP DE EGRESOS CLASIF ADMINISTRATIVA UR<\/a><\/td><\/tr><tr><td>10C.-<\/td><td><a href=\"http:\/\/municipiomugica.com\/conac\/2021\/2do_Trim\/10C.-%20ESTADO%20DEL%20EJERCICIO%20DEL%20PRESUP%20DE%20EGRESOS%20CLASIF%20ECON%C3%93MICA.pdf\" title=\"ESTADO DEL EJERCICIO DEL PRESUP DE EGRESOS CLASIF ECON\u00d3MICA\">ESTADO DEL EJERCICIO DEL PRESUP DE EGRESOS CLASIF ECON\u00d3MICA<\/a><\/td><\/tr><tr><td>10D.-<\/td><td><a href=\"http:\/\/municipiomugica.com\/conac\/2021\/2do_Trim\/10D.-%20ESTADO%20DEL%20EJERCICIO%20DEL%20PRESUP%20DE%20EGRESOS%20CLASIF%20FUNCIONAL.pdf\" title=\"ESTADO DEL EJERCICIO DEL PRESUP DE EGRESOS CLASIF FUNCIONAL\">ESTADO DEL EJERCICIO DEL PRESUP DE EGRESOS CLASIF FUNCIONAL<\/a><\/td><\/tr><tr><td>11.-<\/td><td><a href=\"http:\/\/municipiomugica.com\/conac\/2021\/2do_Trim\/11.-%20RELACION%20DE%20BIENES%20MUEBLES.pdf\" title=\"RELACION DE BIENES MUEBLES\">RELACION DE BIENES MUEBLES<\/a><\/td><\/tr><tr><td>11A.-<\/td><td><a href=\"http:\/\/municipiomugica.com\/conac\/2021\/2do_Trim\/11A.-%20RELACI%C3%93N%20DE%20BIENES%20MUEBLES%20E%20INMUEBLES.pdf\" title=\"RELACI\u00d3N DE BIENES MUEBLES E INMUEBLES\">RELACI\u00d3N DE BIENES MUEBLES E INMUEBLES<\/a><\/td><\/tr><tr><td>12.-<\/td><td><a href=\"http:\/\/municipiomugica.com\/conac\/2021\/2do_Trim\/12.-%20INFORME%20RESPECTO%20AL%20EJERCICIO%20Y%20DESTINO%20DEL%20GASTO.pdf\" title=\"INFORME RESPECTO AL EJERCICIO Y DESTINO DEL GASTO\">INFORME RESPECTO AL EJERCICIO Y DESTINO DEL GASTO<\/a><\/td><\/tr><tr><td>13.-<\/td><td><a href=\"http:\/\/municipiomugica.com\/conac\/2021\/2do_Trim\/13.-%20CONCILIACIONE%20SBANCARIAS.pdf\" title=\"CONCILIACIONES BANCARIAS\">CONCILIACIONES BANCARIAS<\/a><\/td><\/tr><tr><td>13A.-<\/td><td><a href=\"http:\/\/municipiomugica.com\/conac\/2021\/2do_Trim\/13A.-%20CONCILIACIONES%20BANCARIAS.pdf\" title=\"CONCILIACIONES BANCARIAS\">CONCILIACIONES BANCARIAS<\/a><\/td><\/tr><tr><td>14.-<\/td><td><a href=\"http:\/\/municipiomugica.com\/conac\/2021\/2do_Trim\/14.-%20MONTOS%20PAGADOS%20POR%20AYUDAS%20Y%20SUBSIDIOS.pdf\" title=\"MONTOS PAGADOS POR AYUDAS Y SUBSIDIOS\">MONTOS PAGADOS POR AYUDAS Y SUBSIDIOS<\/a><\/td><\/tr><tr><td>15.-<\/td><td><a href=\"http:\/\/municipiomugica.com\/conac\/2021\/2do_Trim\/15.-%20REPORTE%20SOBRE%20LA%20DEUDA.pdf\" title=\"REPORTE SOBRE LA DEUDA\">REPORTE SOBRE LA DEUDA<\/a><\/td><\/tr><tr><td>16.-<\/td><td><a href=\"http:\/\/municipiomugica.com\/conac\/2021\/2do_Trim\/16.-%20OBRAS%20REALIZADAS%20POR%20ADMINISTRACI%C3%93N%20DIRECTA1.pdf\" title=\"OBRAS REALIZADAS POR ADMINISTRACI\u00d3N DIRECTA1\">OBRAS REALIZADAS POR ADMINISTRACI\u00d3N DIRECTA1<\/a><\/td><\/tr><tr><td>16B.-<\/td><td><a href=\"http:\/\/municipiomugica.com\/conac\/2021\/2do_Trim\/16B.-%20OBRAS%20POR%20ADMINISTRACI%C3%93PN%20DIRECTA.pdf\" title=\"OBRAS POR ADMINISTRACI\u00d3PN DIRECTA\">OBRAS POR ADMINISTRACI\u00d3PN DIRECTA<\/a><\/td><\/tr><tr><td>16C.-<\/td><td><a href=\"http:\/\/municipiomugica.com\/conac\/2021\/2do_Trim\/16C.-%20OBRAS%20POR%20ADMINISTRACI%C3%93N%20DIRECTA.pdf\" title=\"OBRAS POR ADMINISTRACI\u00d3N DIRECTA\">OBRAS POR ADMINISTRACI\u00d3N DIRECTA<\/a><\/td><\/tr><tr><td>17.-<\/td><td><a href=\"http:\/\/municipiomugica.com\/conac\/2021\/2do_Trim\/17.-%20OBRAS%20EJECUTADAS%20DURANTE%20EL%20EJERCICIO%20FISCAL.pdf\" title=\"OBRAS EJECUTADAS DURANTE EL EJERCICIO FISCAL\">OBRAS EJECUTADAS DURANTE EL EJERCICIO FISCAL<\/a><\/td><\/tr><tr><td>18.-<\/td><td><a href=\"http:\/\/municipiomugica.com\/conac\/2021\/2do_Trim\/18.-%20MODIFICACIONES%20PRESUPUESTALES.pdf\" title=\"MODIFICACIONES PRESUPUESTALES\">MODIFICACIONES PRESUPUESTALES<\/a><\/td><\/tr><tr><td>18A.-<\/td><td><a href=\"http:\/\/municipiomugica.com\/conac\/2021\/2do_Trim\/18a.-%20MODIFICACIONES%20PRESUPUESTALES.pdf\" title=\"MODIFICACIONES PRESUPUESTALES\">MODIFICACIONES PRESUPUESTALES<\/a><\/td><\/tr><tr><td>19.-<\/td><td><a href=\"http:\/\/municipiomugica.com\/conac\/2021\/2do_Trim\/19.-%20ANEXO%205%20Y%206%20VINCULACI%C3%93N%20DE%20OBJETIVOS%20Y%20AVANCE%20PROGRAMATICO%20PRESUPUESTAL.pdf\" title=\"ANEXO 5 Y 6 VINCULACI\u00d3N DE OBJETIVOS Y AVANCE PROGRAMATICO PRESUPUESTAL\">ANEXO 5 Y 6 VINCULACI\u00d3N DE OBJETIVOS Y AVANCE PROGRAMATICO PRESUPUESTAL<\/a><\/td><\/tr><tr><td>20<\/td><td><a href=\"http:\/\/municipiomugica.com\/conac\/2021\/2do_Trim\/20.-%20ESTADO%20DE%20ORIGEN%20Y%20APLICACI%C3%93N%20DE%20RECURSOS.pdf\" title=\"ESTADO DE ORIGEN Y APLICACI\u00d3N DE RECURSOS\">ESTADO DE ORIGEN Y APLICACI\u00d3N DE RECURSOS<\/a><\/td><\/tr><tr><td>21.-<\/td><td><a href=\"http:\/\/municipiomugica.com\/conac\/2021\/Guia%20de%20cumplimiento%20de%20la%20ley%20de%20disciplina%20financiera%20de%20las%20entidades%20federativas%20y%20municipios%20LDF%202trim%202019.xls\">GUIA DE CUMPLIMIENTO DE LA LEY DE DISCIPLINA FINANCIERA DE LAS ENTIDADES FEDERATIVAS Y MUNICIPIOS LDF<\/a><\/td><\/tr><tr><td>22.-<\/td><td><a href=\"http:\/\/municipiomugica.com\/conac\/2021\/INFORME%20SOBRE%20ESTUDIOS%20ACTUARIALES.xlsx\">INFORME SOBRE ESTUDIOS ACTUARIALES<\/a><\/td><\/tr><\/tbody><\/table><\/figure>\n","protected":false},"excerpt":{"rendered":"<p>1.- ACTA DE CABILDO 2.- ESTADO DE ACTIVIDADES 3.- ESTADO DE SITUACI\u00d3N FINANCIERA 4.- ESTADO DE VARIACI\u00d3N EN LA HACIENDA P\u00daBLICA 5.- ESTADO DE CAMBIOS EN LA SITUACI\u00d3N FINANCIERA 6.- &#8230;<\/p>\n","protected":false},"author":2,"featured_media":0,"parent":0,"menu_order":14,"comment_status":"closed","ping_status":"closed","template":"","meta":{"om_disable_all_campaigns":false,"footnotes":""},"class_list":["post-2689","page","type-page","status-publish","hentry"],"aioseo_notices":[],"_links":{"self":[{"href":"https:\/\/municipiomugica.com\/index.php\/wp-json\/wp\/v2\/pages\/2689","targetHints":{"allow":["GET"]}}],"collection":[{"href":"https:\/\/municipiomugica.com\/index.php\/wp-json\/wp\/v2\/pages"}],"about":[{"href":"https:\/\/municipiomugica.com\/index.php\/wp-json\/wp\/v2\/types\/page"}],"author":[{"embeddable":true,"href":"https:\/\/municipiomugica.com\/index.php\/wp-json\/wp\/v2\/users\/2"}],"replies":[{"embeddable":true,"href":"https:\/\/municipiomugica.com\/index.php\/wp-json\/wp\/v2\/comments?post=2689"}],"version-history":[{"count":7,"href":"https:\/\/municipiomugica.com\/index.php\/wp-json\/wp\/v2\/pages\/2689\/revisions"}],"predecessor-version":[{"id":3693,"href":"https:\/\/municipiomugica.com\/index.php\/wp-json\/wp\/v2\/pages\/2689\/revisions\/3693"}],"wp:attachment":[{"href":"https:\/\/municipiomugica.com\/index.php\/wp-json\/wp\/v2\/media?parent=2689"}],"curies":[{"name":"wp","href":"https:\/\/api.w.org\/{rel}","templated":true}]}}