{"id":3050,"date":"2022-05-03T22:13:53","date_gmt":"2022-05-04T04:13:53","guid":{"rendered":"http:\/\/municipiomugica.com\/?page_id=3050"},"modified":"2022-05-03T22:22:02","modified_gmt":"2022-05-04T04:22:02","slug":"1er-informe-trimestral-2022","status":"publish","type":"page","link":"https:\/\/municipiomugica.com\/index.php\/1er-informe-trimestral-2022\/","title":{"rendered":"1ER INFORME TRIMESTRAL 2022"},"content":{"rendered":"\n<figure class=\"wp-block-table is-style-stripes\"><table><tbody><tr><td>00.-<\/td><td><a href=\"http:\/\/municipiomugica.com\/Ley_Dis_Fin\/2022\/1er_Trim\/00.-%20PORTADA.pdf\" title=\"PORTADA\">PORTADA<\/a><\/td><\/tr><tr><td>01.-<\/td><td><a href=\"http:\/\/municipiomugica.com\/Ley_Dis_Fin\/2022\/1er_Trim\/01.-%20CAR%C3%81TULA.pdf\" title=\"CAR\u00c1TULA\">CAR\u00c1TULA<\/a><\/td><\/tr><tr><td>02.-<\/td><td><a href=\"http:\/\/municipiomugica.com\/Ley_Dis_Fin\/2022\/1er_Trim\/02.-%20%C3%8DNDICE.pdf\" title=\"\u00cdNDICE\">\u00cdNDICE<\/a><\/td><\/tr><tr><td>03.-<\/td><td><a href=\"http:\/\/municipiomugica.com\/Ley_Dis_Fin\/2022\/1er_Trim\/03.-%20ACTA%20NO%2044%20SESI%C3%93N%20ORDINARIA%20DE%20CABILDO%20M%C3%9AGICA.pdf\" title=\"ACTA NO 44 SESI\u00d3N ORDINARIA DE CABILDO M\u00daGICA\">ACTA NO 44 SESI\u00d3N ORDINARIA DE CABILDO M\u00daGICA<\/a><\/td><\/tr><tr><td>04.-<\/td><td><a href=\"http:\/\/municipiomugica.com\/Ley_Dis_Fin\/2022\/1er_Trim\/04.-%20ESTADO%20DE%20ACTIVIDADES.pdf\" title=\"ESTADO DE ACTIVIDADES\">ESTADO DE ACTIVIDADES<\/a><\/td><\/tr><tr><td>05.-<\/td><td><a href=\"http:\/\/municipiomugica.com\/Ley_Dis_Fin\/2022\/1er_Trim\/05.-%20ESTADO%20DE%20SITUACI%C3%93N%20FINANCIERA.pdf\" title=\"ESTADO DE SITUACI\u00d3N FINANCIERA\">ESTADO DE SITUACI\u00d3N FINANCIERA<\/a><\/td><\/tr><tr><td>06.-<\/td><td><a href=\"http:\/\/municipiomugica.com\/Ley_Dis_Fin\/2022\/1er_Trim\/06.-%20ESTADO%20DE%20VARIACI%C3%93N%20EN%20LA%20CUENTA%20P%C3%9ABLICA.pdf\" title=\"ESTADO DE VARIACI\u00d3N EN LA CUENTA P\u00daBLICA\">ESTADO DE VARIACI\u00d3N EN LA CUENTA P\u00daBLICA<\/a><\/td><\/tr><tr><td>07.-<\/td><td><a href=\"http:\/\/municipiomugica.com\/Ley_Dis_Fin\/2022\/1er_Trim\/07.-%20ESTADO%20DE%20CAMBIOS%20EN%20LA%20SITUACI%C3%93N%20FINANCIERA.pdf\" title=\"ESTADO DE CAMBIOS EN LA SITUACI\u00d3N FINANCIERA\">ESTADO DE CAMBIOS EN LA SITUACI\u00d3N FINANCIERA<\/a><\/td><\/tr><tr><td>08.-<\/td><td><a href=\"http:\/\/municipiomugica.com\/Ley_Dis_Fin\/2022\/1er_Trim\/08.-%20ESTADO%20DE%20FLUJOS%20DE%20EFECTIVO.pdf\" title=\"ESTADO DE FLUJOS DE EFECTIVO\">ESTADO DE FLUJOS DE EFECTIVO<\/a><\/td><\/tr><tr><td>09.-<\/td><td><a href=\"http:\/\/municipiomugica.com\/Ley_Dis_Fin\/2022\/1er_Trim\/09.-%20NOTAS%20A%20LOS%20ETSADOS%20FINANCIEROS.pdf\" title=\"NOTAS A LOS ESTADOS FINANCIEROS\">NOTAS A LOS ESTADOS FINANCIEROS<\/a><\/td><\/tr><tr><td>09A.-<\/td><td><a href=\"http:\/\/municipiomugica.com\/Ley_Dis_Fin\/2022\/1er_Trim\/09A.-%20CONCILIACI%C3%93N%20ENTRE%20LOS%20INGRESOS%20CONTABLES%20Y%20PRESUPUESTARIOS.pdf\" title=\"CONCILIACI\u00d3N ENTRE LOS INGRESOS CONTABLES Y PRESUPUESTARIOS\">CONCILIACI\u00d3N ENTRE LOS INGRESOS CONTABLES Y PRESUPUESTARIOS<\/a><\/td><\/tr><tr><td>09B.-<\/td><td><a href=\"http:\/\/municipiomugica.com\/Ley_Dis_Fin\/2022\/1er_Trim\/09A.-%20CONCILIACI%C3%93N%20ENTRE%20LOS%20INGRESOS%20CONTABLES%20Y%20PRESUPUESTARIOS.pdf\" title=\"CONCILIACI\u00d3N ENTRE LOS EGRESOS PRESUPUESTARIOS Y LOS GASTOS CONTABLES\">CONCILIACI\u00d3N ENTRE LOS EGRESOS PRESUPUESTARIOS Y LOS GASTOS CONTABLES<\/a><\/td><\/tr><tr><td>10.-<\/td><td><a href=\"http:\/\/municipiomugica.com\/Ley_Dis_Fin\/2022\/1er_Trim\/10.-%20ESTADO%20ANAL%C3%8DTICO%20DEL%20ACTIVO.pdf\" title=\"ESTADO ANAL\u00cdTICO DEL ACTIVO\">ESTADO ANAL\u00cdTICO DEL ACTIVO<\/a><\/td><\/tr><tr><td>11.-<\/td><td><a href=\"http:\/\/municipiomugica.com\/Ley_Dis_Fin\/2022\/1er_Trim\/11.-%20ESTADO%20ANAL%C3%8DTICO%20DE%20INGRESOS.pdf\" title=\"ESTADO ANAL\u00cdTICO DE INGRESOS\">ESTADO ANAL\u00cdTICO DE INGRESOS<\/a><\/td><\/tr><tr><td>11A.-<\/td><td><a href=\"http:\/\/municipiomugica.com\/Ley_Dis_Fin\/2022\/1er_Trim\/11A.-%20ESTADO%20ANAL%C3%8DTICO%20DE%20INGRESOS%20POR%20FUENTE%20DE%20FINANCIAMIENTO.pdf\" title=\"ESTADO ANAL\u00cdTICO DE INGRESOS POR FUENTE DE FINANCIAMIENTO\">ESTADO ANAL\u00cdTICO DE INGRESOS POR FUENTE DE FINANCIAMIENTO<\/a><\/td><\/tr><tr><td>11B.-<\/td><td><a href=\"http:\/\/municipiomugica.com\/Ley_Dis_Fin\/2022\/1er_Trim\/11B.-%20ESTADO%20ANAL%C3%8DTICO%20DE%20INGRESOS%20POR%20FUENTE%20DE%20FINANCIAMIENTO.pdf\" title=\"ESTADO ANAL\u00cdTICO DE INGRESOS POR FUENTE DE FINANCIAMIENTO\">ESTADO ANAL\u00cdTICO DE INGRESOS POR FUENTE DE FINANCIAMIENTO<\/a><\/td><\/tr><tr><td>11C.-<\/td><td><a href=\"http:\/\/municipiomugica.com\/Ley_Dis_Fin\/2022\/1er_Trim\/11C.-%20ESTADO%20ANAL%C3%8DTICO%20DE%20INGRESOS%20POR%20FUENTE%20DE%20FINANCIAMIENTO.pdf\" title=\"ESTADO ANAL\u00cdTICO DE INGRESOS POR FUENTE DE FINANCIAMIENTO\">ESTADO ANAL\u00cdTICO DE INGRESOS POR FUENTE DE FINANCIAMIENTO<\/a><\/td><\/tr><tr><td>11D.-<\/td><td><a href=\"http:\/\/municipiomugica.com\/Ley_Dis_Fin\/2022\/1er_Trim\/11D.-%20ESTADO%20ANAL%C3%8DTICO%20DE%20INGRESOS%20POR%20FUENTE%20DE%20FINANCIAMIENTO.pdf\" title=\"ESTADO ANAL\u00cdTICO DE INGRESOS POR FUENTE DE FINANCIAMIENTO\">ESTADO ANAL\u00cdTICO DE INGRESOS POR FUENTE DE FINANCIAMIENTO<\/a><\/td><\/tr><tr><td>11E.-<\/td><td><a href=\"http:\/\/municipiomugica.com\/Ley_Dis_Fin\/2022\/1er_Trim\/11E.-%20ESTADO%20ANAL%C3%8DTICO%20DE%20INGRESOS%20POR%20FUENTE%20DE%20FINANCIAMIENTO.pdf\" title=\"ESTADO ANAL\u00cdTICO DE INGRESOS POR FUENTE DE FINANCIAMIENTO\">ESTADO ANAL\u00cdTICO DE INGRESOS POR FUENTE DE FINANCIAMIENTO<\/a><\/td><\/tr><tr><td>11F.-<\/td><td><a href=\"http:\/\/municipiomugica.com\/Ley_Dis_Fin\/2022\/1er_Trim\/11F.-%20ESTADO%20ANAL%C3%8DTICO%20DE%20INGRESOS%20POR%20FUENTE%20DE%20FINANCIAMIENTO.pdf\" title=\"ESTADO ANAL\u00cdTICO DE INGRESOS POR FUENTE DE FINANCIAMIENTO\">ESTADO ANAL\u00cdTICO DE INGRESOS POR FUENTE DE FINANCIAMIENTO<\/a><\/td><\/tr><tr><td>11G.-<\/td><td><a href=\"http:\/\/municipiomugica.com\/Ley_Dis_Fin\/2022\/1er_Trim\/11G.-%20ESTADO%20ANAL%C3%8DTICO%20DE%20INGRESOS%20POR%20FUENTE%20DE%20FINANCIAMIENTO.pdf\" title=\"ESTADO ANAL\u00cdTICO DE INGRESOS POR FUENTE DE FINANCIAMIENTO\">ESTADO ANAL\u00cdTICO DE INGRESOS POR FUENTE DE FINANCIAMIENTO<\/a><\/td><\/tr><tr><td>12.-<\/td><td><a href=\"http:\/\/municipiomugica.com\/Ley_Dis_Fin\/2022\/1er_Trim\/12.-%20ESTADO%20ANAL%C3%8DTICO%20DEL%20EJERC%20DEL%20PRESUPUESTO%20CLASIF%20ADMINISTRATIVA.pdf\" title=\"ESTADO ANAL\u00cdTICO DEL EJERC DEL PRESUPUESTO CLASIF ADMINISTRATIVA\">ESTADO ANAL\u00cdTICO DEL EJERC DEL PRESUPUESTO CLASIF ADMINISTRATIVA<\/a><\/td><\/tr><tr><td>12.-<\/td><td><a href=\"http:\/\/municipiomugica.com\/Ley_Dis_Fin\/2022\/1er_Trim\/12.-%20ESTADO%20ANAL%C3%8DTICO%20DEL%20EJERC%20DEL%20PRESUPUESTO%20CLASIF%20FUNCIONAL.pdf\" title=\"ESTADO ANAL\u00cdTICO DEL EJERC DEL PRESUPUESTO CLASIF FUNCIONAL\">ESTADO ANAL\u00cdTICO DEL EJERC DEL PRESUPUESTO CLASIF FUNCIONAL<\/a><\/td><\/tr><tr><td>12.-<\/td><td><a href=\"http:\/\/municipiomugica.com\/Ley_Dis_Fin\/2022\/1er_Trim\/12.-%20ESTADO%20ANAL%C3%8DTICO%20DEL%20EJERC%20DEL%20PRESUPUESTO%20CLASIF%20POR%20OBJETO%20DEL%20GASTO.pdf\" title=\"ESTADO ANAL\u00cdTICO DEL EJERC DEL PRESUPUESTO CLASIF POR OBJETO DEL GASTO\">ESTADO ANAL\u00cdTICO DEL EJERC DEL PRESUPUESTO CLASIF POR OBJETO DEL GASTO<\/a><\/td><\/tr><tr><td>12.-<\/td><td><a href=\"http:\/\/municipiomugica.com\/Ley_Dis_Fin\/2022\/1er_Trim\/12.-%20ESTADO%20ANAL%C3%8DTICO%20DEL%20EJERC%20DEL%20PRESUPUESTO%20CLASIF%20PROGRAM%C3%81TICA.pdf\" title=\"ESTADO ANAL\u00cdTICO DEL EJERC DEL PRESUPUESTO CLASIF PROGRAM\u00c1TICA\">ESTADO ANAL\u00cdTICO DEL EJERC DEL PRESUPUESTO CLASIF PROGRAM\u00c1TICA<\/a><\/td><\/tr><tr><td>12B.-<\/td><td><a href=\"http:\/\/municipiomugica.com\/Ley_Dis_Fin\/2022\/1er_Trim\/12B.-%20ESTADO%20ANAL%C3%8DTICO%20DEL%20EJERC%20DEL%20PRESUPUESTO%20CLASIF%20ADMINISTRATIVA%202.pdf\" title=\"ESTADO ANAL\u00cdTICO DEL EJERC DEL PRESUPUESTO CLASIF ADMINISTRATIVA 2\">ESTADO ANAL\u00cdTICO DEL EJERC DEL PRESUPUESTO CLASIF ADMINISTRATIVA 2<\/a><\/td><\/tr><tr><td>12C.-<\/td><td><a href=\"http:\/\/municipiomugica.com\/Ley_Dis_Fin\/2022\/1er_Trim\/12C.-%20ESTADO%20ANAL%C3%8DTICO%20DEL%20EJERC%20DEL%20PRESUPUESTO%20CLASIF%20ECON%C3%93MICA.pdf\" title=\"ESTADO ANAL\u00cdTICO DEL EJERC DEL PRESUPUESTO CLASIF ECON\u00d3MICA\">ESTADO ANAL\u00cdTICO DEL EJERC DEL PRESUPUESTO CLASIF ECON\u00d3MICA<\/a><\/td><\/tr><tr><td>13.-<\/td><td><a href=\"http:\/\/municipiomugica.com\/Ley_Dis_Fin\/2022\/1er_Trim\/13.-%20FORMATO%20DEL%20EJERCICIO%20Y%20DESTINO%20DEL%20GASTO%20FEDERALIZADO%20Y%20REINTEGROS1.pdf\" title=\"FORMATO DEL EJERCICIO Y DESTINO DEL GASTO FEDERALIZADO Y REINTEGROS1\">FORMATO DEL EJERCICIO Y DESTINO DEL GASTO FEDERALIZADO Y REINTEGROS1<\/a><\/td><\/tr><tr><td>14.-<\/td><td><a href=\"http:\/\/municipiomugica.com\/Ley_Dis_Fin\/2022\/1er_Trim\/14.-%20ESTADO%20DE%20SITUACI%C3%93N%20FINANCIERA%20DETALLADO%20LDF.pdf\" title=\"ESTADO DE SITUACI\u00d3N FINANCIERA DETALLADO LDF\">ESTADO DE SITUACI\u00d3N FINANCIERA DETALLADO LDF<\/a><\/td><\/tr><tr><td>15.-<\/td><td><a href=\"http:\/\/municipiomugica.com\/Ley_Dis_Fin\/2022\/1er_Trim\/15.-%20INFORME%20ANAL%C3%8DTICO%20DE%20LA%20DEUDA%20P%C3%9ABLICA%20Y%20OTROS%20PASIVOS%20LDF.pdf\" title=\"INFORME ANAL\u00cdTICO DE LA DEUDA P\u00daBLICA Y OTROS PASIVOS LDF\">INFORME ANAL\u00cdTICO DE LA DEUDA P\u00daBLICA Y OTROS PASIVOS LDF<\/a><\/td><\/tr><tr><td>16.-<\/td><td><a href=\"http:\/\/municipiomugica.com\/Ley_Dis_Fin\/2022\/1er_Trim\/16.-%20INFORME%20ANAL%C3%8DTICO%20DE%20OBLIGACIONES%20DE%20DIFERENTES%20FINANCIAMIENTOS.pdf\" title=\"INFORME ANAL\u00cdTICO DE OBLIGACIONES DE DIFERENTES FINANCIAMIENTOS\">INFORME ANAL\u00cdTICO DE OBLIGACIONES DE DIFERENTES FINANCIAMIENTOS<\/a><\/td><\/tr><tr><td>17.-<\/td><td><a href=\"http:\/\/municipiomugica.com\/Ley_Dis_Fin\/2022\/1er_Trim\/17.-%20BALANCE%20PRESUPUESTARIO.pdf\" title=\"BALANCE PRESUPUESTARIO\">BALANCE PRESUPUESTARIO<\/a><\/td><\/tr><tr><td>18.-<\/td><td><a href=\"http:\/\/municipiomugica.com\/Ley_Dis_Fin\/2022\/1er_Trim\/18.-%20ESTADO%20ANAL%C3%8DTICO%20DE%20INGRESOS%20DETALLADO.pdf\" title=\"ESTADO ANAL\u00cdTICO DE INGRESOS DETALLADO \">ESTADO ANAL\u00cdTICO DE INGRESOS DETALLADO <\/a><\/td><\/tr><tr><td>19.-<\/td><td><a href=\"http:\/\/municipiomugica.com\/Ley_Dis_Fin\/2022\/1er_Trim\/19.-%20ESTADO%20ANAL%C3%8DTICO%20DEL%20EJERC%20DEL%20PRESUP%20DE%20EGRESOS%20CLASIF%20ADMINISTRATIVA.pdf\" title=\"ESTADO ANAL\u00cdTICO DEL EJERC DEL PRESUP DE EGRESOS CLASIF ADMINISTRATIVA\">ESTADO ANAL\u00cdTICO DEL EJERC DEL PRESUP DE EGRESOS CLASIF ADMINISTRATIVA<\/a><\/td><\/tr><tr><td>19.-<\/td><td><a href=\"http:\/\/municipiomugica.com\/Ley_Dis_Fin\/2022\/1er_Trim\/19.-%20ESTADO%20ANAL%C3%8DTICO%20DEL%20EJERC%20DEL%20PRESUP%20DE%20EGRESOS%20CLASIF%20FUNCIONAL.pdf\" title=\"ESTADO ANAL\u00cdTICO DEL EJERC DEL PRESUP DE EGRESOS CLASIF FUNCIONAL\">ESTADO ANAL\u00cdTICO DEL EJERC DEL PRESUP DE EGRESOS CLASIF FUNCIONAL<\/a><\/td><\/tr><tr><td>19.-<\/td><td><a href=\"http:\/\/municipiomugica.com\/Ley_Dis_Fin\/2022\/1er_Trim\/19.-%20ESTADO%20ANAL%C3%8DTICO%20DEL%20EJERC%20DEL%20PRESUP%20DE%20EGRESOS%20CLASIF%20OBJETO%20DEL%20GASTO.pdf\" title=\"ESTADO ANAL\u00cdTICO DEL EJERC DEL PRESUP DE EGRESOS CLASIF OBJETO DEL GASTO\">ESTADO ANAL\u00cdTICO DEL EJERC DEL PRESUP DE EGRESOS CLASIF OBJETO DEL GASTO<\/a><\/td><\/tr><tr><td>19.-<\/td><td><a href=\"http:\/\/municipiomugica.com\/Ley_Dis_Fin\/2022\/1er_Trim\/19.-%20ESTADO%20ANAL%C3%8DTICO%20DEL%20EJERC%20DEL%20PRESUP%20DE%20EGRESOS%20CLASIF%20SERVICIOS%20PERSONALES%20POR%20CATEGOR%C3%8DA.pdf\" title=\"ESTADO ANAL\u00cdTICO DEL EJERC DEL PRESUP DE EGRESOS CLASIF SERVICIOS PERSONALES POR CATEGOR\u00cdA\">ESTADO ANAL\u00cdTICO DEL EJERC DEL PRESUP DE EGRESOS CLASIF SERVICIOS PERSONALES POR CATEGOR\u00cdA<\/a><\/td><\/tr><tr><td>20.-<\/td><td><a href=\"http:\/\/municipiomugica.com\/Ley_Dis_Fin\/2022\/1er_Trim\/20.-%20PROYECCI%C3%93N%20DE%20INGRESOS%20LDF.pdf\" title=\"PROYECCI\u00d3N DE INGRESOS LDF\">PROYECCI\u00d3N DE INGRESOS LDF<\/a><\/td><\/tr><tr><td>21.-<\/td><td><a href=\"http:\/\/municipiomugica.com\/Ley_Dis_Fin\/2022\/1er_Trim\/21.-%20PROYECCI%C3%93N%20DE%20EGRESOS%20LDF.pdf\" title=\"PROYECCI\u00d3N DE EGRESOS LDF\">PROYECCI\u00d3N DE EGRESOS LDF<\/a><\/td><\/tr><tr><td>22.-<\/td><td><a href=\"http:\/\/municipiomugica.com\/Ley_Dis_Fin\/2022\/1er_Trim\/22.-%20RESULTADO%20DE%20INGRESOS%20LDF.pdf\" title=\"RESULTADO DE INGRESOS LDF\">RESULTADO DE INGRESOS LDF<\/a><\/td><\/tr><tr><td>23.-<\/td><td><a href=\"http:\/\/municipiomugica.com\/Ley_Dis_Fin\/2022\/1er_Trim\/23.-%20RESULTADO%20DE%20EGRESOS%20LDF.pdf\" title=\"RESULTADO DE EGRESOS LDF\">RESULTADO DE EGRESOS LDF<\/a><\/td><\/tr><tr><td>24.-<\/td><td><a href=\"http:\/\/municipiomugica.com\/Ley_Dis_Fin\/2022\/1er_Trim\/24.-%20INFORME%20DE%20ESTUDIOS%20ACTUARIALES%20LDF.pdf\" title=\"INFORME DE ESTUDIOS ACTUARIALES LDF\">INFORME DE ESTUDIOS ACTUARIALES LDF<\/a><\/td><\/tr><tr><td>25.-<\/td><td><a href=\"http:\/\/municipiomugica.com\/Ley_Dis_Fin\/2022\/1er_Trim\/25.-%20REPORTE%20DE%20LA%20APLICACI%C3%93N%20DE%20LA%20DEUDA%20P%C3%9ABLICA%20ADQUIRIDA%20PARA%20INVERSIONES%20P%C3%9ABLICAS%20PRODUCTIVAS.pdf\" title=\"REPORTE DE LA APLICACI\u00d3N DE LA DEUDA P\u00daBLICA ADQUIRIDA PARA INVERSIONES P\u00daBLICAS PRODUCTIVAS\">REPORTE DE LA APLICACI\u00d3N DE LA DEUDA P\u00daBLICA ADQUIRIDA PARA INVERSIONES P\u00daBLICAS PRODUCTIVAS<\/a><\/td><\/tr><tr><td>26.-<\/td><td><a href=\"http:\/\/municipiomugica.com\/Ley_Dis_Fin\/2022\/1er_Trim\/26.-%20ANEXO%202%20RELACI%C3%93N%20DE%20GASTOS%20REALIZADOS%20EN%20OBRAS%20POR%20ADMINISTRACI%C3%93N%20DIRECTA.pdf\" title=\"ANEXO 2 RELACI\u00d3N DE GASTOS REALIZADOS EN OBRAS POR ADMINISTRACI\u00d3N DIRECTA\">ANEXO 2 RELACI\u00d3N DE GASTOS REALIZADOS EN OBRAS POR ADMINISTRACI\u00d3N DIRECTA<\/a><\/td><\/tr><tr><td>27.-<\/td><td><a href=\"http:\/\/municipiomugica.com\/Ley_Dis_Fin\/2022\/1er_Trim\/27.-%20ANEXO%203%20RELACI%C3%93N%20DE%20OBRAS%20EJECUTADAS%20EN%20EL%20EJERCICIO.pdf\" title=\"ANEXO 3 RELACI\u00d3N DE OBRAS EJECUTADAS EN EL EJERCICIO\">ANEXO 3 RELACI\u00d3N DE OBRAS EJECUTADAS EN EL EJERCICIO<\/a><\/td><\/tr><tr><td>28.-<\/td><td><a href=\"http:\/\/municipiomugica.com\/Ley_Dis_Fin\/2022\/1er_Trim\/28.-%20ANEXO%204%20VINCULACI%C3%93N%20DE%20OBJETIVOS.pdf\" title=\"ANEXO 4 VINCULACI\u00d3N DE OBJETIVOS\">ANEXO 4 VINCULACI\u00d3N DE OBJETIVOS<\/a><\/td><\/tr><tr><td>29.-<\/td><td><a href=\"http:\/\/municipiomugica.com\/Ley_Dis_Fin\/2022\/1er_Trim\/29.-%20ANEXO%205.%20INFORME%20DE%20AVANCE%20PROGRAM%C3%81TICO%20PRESUPUESTARIO.pdf\" title=\"ANEXO 5. INFORME DE AVANCE PROGRAM\u00c1TICO PRESUPUESTARIO\">ANEXO 5. INFORME DE AVANCE PROGRAM\u00c1TICO PRESUPUESTARIO<\/a><\/td><\/tr><tr><td>30.-<\/td><td><a href=\"http:\/\/municipiomugica.com\/Ley_Dis_Fin\/2022\/1er_Trim\/30%2C.%20AN%C3%81LISIS%20Y%20DESCRIPCI%C3%93N%20DE%20LAS%20TRANSFERENCIAS%2C%20ASIGNACIONES%2C%20SUBSIDIOS%20Y%20OTRAS%20AYUDAS.pdf\" title=\"AN\u00c1LISIS Y DESCRIPCI\u00d3N DE LAS TRANSFERENCIAS, ASIGNACIONES, SUBSIDIOS Y OTRAS AYUDAS\">AN\u00c1LISIS Y DESCRIPCI\u00d3N DE LAS TRANSFERENCIAS, ASIGNACIONES, SUBSIDIOS Y OTRAS AYUDAS<\/a><\/td><\/tr><tr><td>31.-<\/td><td><a href=\"http:\/\/municipiomugica.com\/Ley_Dis_Fin\/2022\/1er_Trim\/31.-%20CONCILIACIONES%20BANCARIAS%2C%20ESTADOS%20DE%20CUENTA%20Y%20AUXILIARES%20CONTABLES%201.pdf\" title=\"CONCILIACIONES BANCARIAS, ESTADOS DE CUENTA Y AUXILIARES CONTABLES 1\">CONCILIACIONES BANCARIAS, ESTADOS DE CUENTA Y AUXILIARES CONTABLES 1<\/a><\/td><\/tr><tr><td>31.-<\/td><td><a href=\"http:\/\/municipiomugica.com\/Ley_Dis_Fin\/2022\/1er_Trim\/31.-%20CONCILIACIONES%20BANCARIAS%2C%20ESTADOS%20DE%20CUENTA%20Y%20AUXILIARES%20CONTABLES%202.pdf\" title=\"CONCILIACIONES BANCARIAS, ESTADOS DE CUENTA Y AUXILIARES CONTABLES 2\">CONCILIACIONES BANCARIAS, ESTADOS DE CUENTA Y AUXILIARES CONTABLES 2<\/a><\/td><\/tr><tr><td>32.-<\/td><td><a href=\"http:\/\/municipiomugica.com\/Ley_Dis_Fin\/2022\/1er_Trim\/32.-%20BALANZA%20COMPROBACI%C3%93N%20PRIMER%20TRIMESTRE%201.pdf\" title=\"BALANZA COMPROBACI\u00d3N PRIMER TRIMESTRE 1\">BALANZA COMPROBACI\u00d3N PRIMER TRIMESTRE 1<\/a><\/td><\/tr><tr><td>32.-<\/td><td><a href=\"http:\/\/municipiomugica.com\/Ley_Dis_Fin\/2022\/1er_Trim\/32.-%20BALANZA%20COMPROBACI%C3%93N%20PRIMER%20TRIMESTRE%202.pdf\" title=\"BALANZA COMPROBACI\u00d3N PRIMER TRIMESTRE 2\">BALANZA COMPROBACI\u00d3N PRIMER TRIMESTRE 2<\/a><\/td><\/tr><\/tbody><\/table><\/figure>\n","protected":false},"excerpt":{"rendered":"<p>00.- PORTADA 01.- CAR\u00c1TULA 02.- \u00cdNDICE 03.- ACTA NO 44 SESI\u00d3N ORDINARIA DE CABILDO M\u00daGICA 04.- ESTADO DE ACTIVIDADES 05.- ESTADO DE SITUACI\u00d3N FINANCIERA 06.- ESTADO DE VARIACI\u00d3N EN LA &#8230;<\/p>\n","protected":false},"author":2,"featured_media":0,"parent":0,"menu_order":11,"comment_status":"closed","ping_status":"closed","template":"","meta":{"om_disable_all_campaigns":false,"footnotes":""},"class_list":["post-3050","page","type-page","status-publish","hentry"],"aioseo_notices":[],"_links":{"self":[{"href":"https:\/\/municipiomugica.com\/index.php\/wp-json\/wp\/v2\/pages\/3050","targetHints":{"allow":["GET"]}}],"collection":[{"href":"https:\/\/municipiomugica.com\/index.php\/wp-json\/wp\/v2\/pages"}],"about":[{"href":"https:\/\/municipiomugica.com\/index.php\/wp-json\/wp\/v2\/types\/page"}],"author":[{"embeddable":true,"href":"https:\/\/municipiomugica.com\/index.php\/wp-json\/wp\/v2\/users\/2"}],"replies":[{"embeddable":true,"href":"https:\/\/municipiomugica.com\/index.php\/wp-json\/wp\/v2\/comments?post=3050"}],"version-history":[{"count":2,"href":"https:\/\/municipiomugica.com\/index.php\/wp-json\/wp\/v2\/pages\/3050\/revisions"}],"predecessor-version":[{"id":3053,"href":"https:\/\/municipiomugica.com\/index.php\/wp-json\/wp\/v2\/pages\/3050\/revisions\/3053"}],"wp:attachment":[{"href":"https:\/\/municipiomugica.com\/index.php\/wp-json\/wp\/v2\/media?parent=3050"}],"curies":[{"name":"wp","href":"https:\/\/api.w.org\/{rel}","templated":true}]}}