{"id":3312,"date":"2022-08-02T17:09:48","date_gmt":"2022-08-02T23:09:48","guid":{"rendered":"http:\/\/municipiomugica.com\/?page_id=3312"},"modified":"2022-08-10T12:07:10","modified_gmt":"2022-08-10T18:07:10","slug":"2do-informe-trimestral-2022","status":"publish","type":"page","link":"https:\/\/municipiomugica.com\/index.php\/2do-informe-trimestral-2022\/","title":{"rendered":"2DO INFORME TRIMESTRAL 2022"},"content":{"rendered":"\n<figure class=\"wp-block-table is-style-stripes\"><table><tbody><tr><td>01.-<\/td><td><a href=\"http:\/\/municipiomugica.com\/Ley_Dis_Fin\/2022\/2do_Trim\/01.-%20Acta%20No%2051%20S.O%2028%20SEGUNDO%20INFORME%20TRIMESTRAL.pdf\" title=\"Acta No 51 S.O 28 SEGUNDO INFORME TRIMESTRAL\">Acta No 51 S.O 28 SEGUNDO INFORME TRIMESTRAL<\/a><\/td><\/tr><tr><td>1.-<\/td><td><a href=\"http:\/\/www.municipiomugica.com\/Ley_Dis_Fin\/2022\/2do_Trim\/1.- CAR\u00c1TULA.pdf\" title=\"CAR\u00c1TULA\">CAR\u00c1TULA<\/a><\/td><\/tr><tr><td>2.-<\/td><td><a href=\"http:\/\/www.municipiomugica.com\/Ley_Dis_Fin\/2022\/2do_Trim\/2.- \u00cdNDICE.pdf\" title=\"\u00cdNDICE\">\u00cdNDICE<\/a><\/td><\/tr><tr><td>3.-<\/td><td><a href=\"http:\/\/www.municipiomugica.com\/Ley_Dis_Fin\/2022\/2do_Trim\/3.- ESTADO DE ACTIVIDADES.pdf\" title=\"ESTADO DE ACTIVIDADES\">ESTADO DE ACTIVIDADES<\/a><\/td><\/tr><tr><td>4.-<\/td><td><a href=\"http:\/\/www.municipiomugica.com\/Ley_Dis_Fin\/2022\/2do_Trim\/4.- ESTADO DE SITUACI\u00d3N FINANCIERA.pdf\" title=\"ESTADO DE SITUACI\u00d3N FINANCIERA\">ESTADO DE SITUACI\u00d3N FINANCIERA<\/a><\/td><\/tr><tr><td>5.-<\/td><td><a href=\"http:\/\/www.municipiomugica.com\/Ley_Dis_Fin\/2022\/2do_Trim\/5.- ESTADO DE VARIACI\u00d3N EN LA HACIENDA P\u00daBLICA.pdf\" title=\"ESTADO DE VARIACI\u00d3N EN LA HACIENDA P\u00daBLICA\">ESTADO DE VARIACI\u00d3N EN LA HACIENDA P\u00daBLICA<\/a><\/td><\/tr><tr><td>6.-<\/td><td><a href=\"http:\/\/www.municipiomugica.com\/Ley_Dis_Fin\/2022\/2do_Trim\/6.- ESTADO DE CAMBIOS EN LA SITUACI\u00d3N FINANCIERA.pdf\" title=\"ESTADO DE CAMBIOS EN LA SITUACI\u00d3N FINANCIERA\">ESTADO DE CAMBIOS EN LA SITUACI\u00d3N FINANCIERA<\/a><\/td><\/tr><tr><td>7.-<\/td><td><a href=\"http:\/\/www.municipiomugica.com\/Ley_Dis_Fin\/2022\/2do_Trim\/7.- ESTADO DE FLUJO DE EFECTIVO.pdf\" title=\"ESTADO DE FLUJO DE EFECTIVO\">ESTADO DE FLUJO DE EFECTIVO<\/a><\/td><\/tr><tr><td>8.-<\/td><td><a href=\"http:\/\/www.municipiomugica.com\/Ley_Dis_Fin\/2022\/2do_Trim\/8.- NOTAS A LOS ESTADOS FINANCIEROS.pdf\" title=\"NOTAS A LOS ESTADOS FINANCIEROS\">NOTAS A LOS ESTADOS FINANCIEROS<\/a><\/td><\/tr><tr><td>9.-<\/td><td><a href=\"http:\/\/www.municipiomugica.com\/Ley_Dis_Fin\/2022\/2do_Trim\/9.- CONCILIACI\u00d3N ENTRE INGRESOS PRESUPUESTARIOS Y CONTABLES.pdf\" title=\"CONCILIACI\u00d3N ENTRE INGRESOS PRESUPUESTARIOS Y CONTABLES\">CONCILIACI\u00d3N ENTRE INGRESOS PRESUPUESTARIOS Y CONTABLES<\/a><\/td><\/tr><tr><td>10.-<\/td><td><a href=\"http:\/\/www.municipiomugica.com\/Ley_Dis_Fin\/2022\/2do_Trim\/10.- CONCILIACI\u00d3N ENTRE LOS EGRESOS PRESUPUESTARIOS Y CONTABLES.pdf\" title=\"CONCILIACI\u00d3N ENTRE LOS EGRESOS PRESUPUESTARIOS Y CONTABLES\">CONCILIACI\u00d3N ENTRE LOS EGRESOS PRESUPUESTARIOS Y CONTABLES<\/a><\/td><\/tr><tr><td>11.-<\/td><td><a href=\"http:\/\/www.municipiomugica.com\/Ley_Dis_Fin\/2022\/2do_Trim\/11.- ESTADO ANAL\u00cdTICO DEL ACTIVO.pdf\" title=\"ESTADO ANAL\u00cdTICO DEL ACTIVO\">ESTADO ANAL\u00cdTICO DEL ACTIVO<\/a><\/td><\/tr><tr><td>12.-<\/td><td><a href=\"http:\/\/www.municipiomugica.com\/Ley_Dis_Fin\/2022\/2do_Trim\/12.- ESTADO ANAL\u00cdTICO DE INGRESOS.pdf\" title=\"ESTADO ANAL\u00cdTICO DE INGRESOS\">ESTADO ANAL\u00cdTICO DE INGRESOS<\/a><\/td><\/tr><tr><td>13.-<\/td><td><a href=\"http:\/\/www.municipiomugica.com\/Ley_Dis_Fin\/2022\/2do_Trim\/13.- ESTADO ANAL\u00cdTICO DE INGRESOS POR FUENTE DE FINANCIAMIENTO (1).pdf\" title=\"ESTADO ANAL\u00cdTICO DE INGRESOS POR FUENTE DE FINANCIAMIENTO (1)\">ESTADO ANAL\u00cdTICO DE INGRESOS POR FUENTE DE FINANCIAMIENTO (1)<\/a><\/td><\/tr><tr><td>13.-<\/td><td><a href=\"http:\/\/www.municipiomugica.com\/Ley_Dis_Fin\/2022\/2do_Trim\/13.- ESTADO ANAL\u00cdTICO DE INGRESOS POR FUENTE DE FINANCIAMIENTO (2).pdf\" title=\"ESTADO ANAL\u00cdTICO DE INGRESOS POR FUENTE DE FINANCIAMIENTO (2)\">ESTADO ANAL\u00cdTICO DE INGRESOS POR FUENTE DE FINANCIAMIENTO (2)<\/a><\/td><\/tr><tr><td>13.-<\/td><td><a href=\"http:\/\/www.municipiomugica.com\/Ley_Dis_Fin\/2022\/2do_Trim\/13.- ESTADO ANAL\u00cdTICO DE INGRESOS POR FUENTE DE FINANCIAMIENTO (3).pdf\" title=\"ESTADO ANAL\u00cdTICO DE INGRESOS POR FUENTE DE FINANCIAMIENTO (3)\">ESTADO ANAL\u00cdTICO DE INGRESOS POR FUENTE DE FINANCIAMIENTO (3)<\/a><\/td><\/tr><tr><td>13.-<\/td><td><a href=\"http:\/\/www.municipiomugica.com\/Ley_Dis_Fin\/2022\/2do_Trim\/13.- ESTADO ANAL\u00cdTICO DE INGRESOS POR FUENTE DE FINANCIAMIENTO (4).pdf\" title=\"ESTADO ANAL\u00cdTICO DE INGRESOS POR FUENTE DE FINANCIAMIENTO (4)\">ESTADO ANAL\u00cdTICO DE INGRESOS POR FUENTE DE FINANCIAMIENTO (4)<\/a><\/td><\/tr><tr><td>13.-<\/td><td><a href=\"http:\/\/www.municipiomugica.com\/Ley_Dis_Fin\/2022\/2do_Trim\/13.- ESTADO ANAL\u00cdTICO DE INGRESOS POR FUENTE DE FINANCIAMIENTO (5).pdf\" title=\"ESTADO ANAL\u00cdTICO DE INGRESOS POR FUENTE DE FINANCIAMIENTO (5)\">ESTADO ANAL\u00cdTICO DE INGRESOS POR FUENTE DE FINANCIAMIENTO (5)<\/a><\/td><\/tr><tr><td>13.-<\/td><td><a href=\"http:\/\/www.municipiomugica.com\/Ley_Dis_Fin\/2022\/2do_Trim\/13.- ESTADO ANAL\u00cdTICO DE INGRESOS POR FUENTE DE FINANCIAMIENTO (6).pdf\" title=\"ESTADO ANAL\u00cdTICO DE INGRESOS POR FUENTE DE FINANCIAMIENTO (6)\">ESTADO ANAL\u00cdTICO DE INGRESOS POR FUENTE DE FINANCIAMIENTO (6)<\/a><\/td><\/tr><tr><td>13.-<\/td><td><a href=\"http:\/\/www.municipiomugica.com\/Ley_Dis_Fin\/2022\/2do_Trim\/13.- ESTADO ANAL\u00cdTICO DE INGRESOS POR FUENTE DE FINANCIAMIENTO (7).pdf\" title=\"ESTADO ANAL\u00cdTICO DE INGRESOS POR FUENTE DE FINANCIAMIENTO (7)\">ESTADO ANAL\u00cdTICO DE INGRESOS POR FUENTE DE FINANCIAMIENTO (7)<\/a><\/td><\/tr><tr><td>13.-<\/td><td><a href=\"http:\/\/www.municipiomugica.com\/Ley_Dis_Fin\/2022\/2do_Trim\/13.- ESTADO ANAL\u00cdTICO DE INGRESOS POR FUENTE DE FINANCIAMIENTO (8).pdf\" title=\"ESTADO ANAL\u00cdTICO DE INGRESOS POR FUENTE DE FINANCIAMIENTO (8)\">ESTADO ANAL\u00cdTICO DE INGRESOS POR FUENTE DE FINANCIAMIENTO (8)<\/a><\/td><\/tr><tr><td>13.-<\/td><td><a href=\"http:\/\/www.municipiomugica.com\/Ley_Dis_Fin\/2022\/2do_Trim\/13.- ESTADO ANAL\u00cdTICO DE INGRESOS POR FUENTE DE FINANCIAMIENTO (9).pdf\" title=\"ESTADO ANAL\u00cdTICO DE INGRESOS POR FUENTE DE FINANCIAMIENTO (9)\">ESTADO ANAL\u00cdTICO DE INGRESOS POR FUENTE DE FINANCIAMIENTO (9)<\/a><\/td><\/tr><tr><td>14.-<\/td><td><a href=\"http:\/\/www.municipiomugica.com\/Ley_Dis_Fin\/2022\/2do_Trim\/14.- ESTADO ANAL\u00cdTICO DEL EJERC DEL PRESUP DE EGRESOS CLASIF ADMINISTRATIVA.pdf\" title=\"ESTADO ANAL\u00cdTICO DEL EJERC DEL PRESUP DE EGRESOS CLASIF ADMINISTRATIVA\">ESTADO ANAL\u00cdTICO DEL EJERC DEL PRESUP DE EGRESOS CLASIF ADMINISTRATIVA<\/a><\/td><\/tr><tr><td>14.-<\/td><td><a href=\"http:\/\/www.municipiomugica.com\/Ley_Dis_Fin\/2022\/2do_Trim\/14.- ESTADO ANAL\u00cdTICO DEL EJERC DEL PRESUP DE EGRESOS CLASIF ADMINISTRATIVA 2.pdf\" title=\"ESTADO ANAL\u00cdTICO DEL EJERC DEL PRESUP DE EGRESOS CLASIF ADMINISTRATIVA 2\">ESTADO ANAL\u00cdTICO DEL EJERC DEL PRESUP DE EGRESOS CLASIF ADMINISTRATIVA 2<\/a><\/td><\/tr><tr><td>15.-<\/td><td><a href=\"http:\/\/www.municipiomugica.com\/Ley_Dis_Fin\/2022\/2do_Trim\/15.-  ESTADO ANAL\u00cdTICO DEL EJERC DEL PRESUP DE EGRESOS CLASIF ECON\u00d3MICA.pdf\" title=\"ESTADO ANAL\u00cdTICO DEL EJERC DEL PRESUP DE EGRESOS CLASIF ECON\u00d3MICA\">ESTADO ANAL\u00cdTICO DEL EJERC DEL PRESUP DE EGRESOS CLASIF ECON\u00d3MICA<\/a><\/td><\/tr><tr><td>16.-<\/td><td><a href=\"http:\/\/www.municipiomugica.com\/Ley_Dis_Fin\/2022\/2do_Trim\/16.- ESTADO ANAL\u00cdTICO DEL EJERC DEL PRESUP DE EGRESOS CLASIF OBJETO DEL GASTO.pdf\" title=\"ESTADO ANAL\u00cdTICO DEL EJERC DEL PRESUP DE EGRESOS CLASIF OBJETO DEL GASTO\">ESTADO ANAL\u00cdTICO DEL EJERC DEL PRESUP DE EGRESOS CLASIF OBJETO DEL GASTO<\/a><\/td><\/tr><tr><td>17.-<\/td><td><a href=\"http:\/\/www.municipiomugica.com\/Ley_Dis_Fin\/2022\/2do_Trim\/17.- ESTADO ANAL\u00cdTICO DEL EJERC DEL PRESUP DE EGRESOS CLASIF FUNCIONAL.pdf\" title=\"ESTADO ANAL\u00cdTICO DEL EJERC DEL PRESUP DE EGRESOS CLASIF FUNCIONAL\">ESTADO ANAL\u00cdTICO DEL EJERC DEL PRESUP DE EGRESOS CLASIF FUNCIONAL<\/a><\/td><\/tr><tr><td>18.-<\/td><td><a href=\"http:\/\/www.municipiomugica.com\/Ley_Dis_Fin\/2022\/2do_Trim\/18.- ESTADO ANAL\u00cdTICO DEL EJERC DEL PRESUP DE EGRESOS CLASIF CATEGOR\u00cdA PROGRAM\u00c1TICA.pdf\" title=\"ESTADO ANAL\u00cdTICO DEL EJERC DEL PRESUP DE EGRESOS CLASIF CATEGOR\u00cdA PROGRAM\u00c1TICA\">ESTADO ANAL\u00cdTICO DEL EJERC DEL PRESUP DE EGRESOS CLASIF CATEGOR\u00cdA PROGRAM\u00c1TICA<\/a><\/td><\/tr><tr><td>19.-<\/td><td><a href=\"http:\/\/www.municipiomugica.com\/Ley_Dis_Fin\/2022\/2do_Trim\/19.- NORMA PARA PRESENTACI\u00d3N GASTO FEDERALIZADO.pdf\" title=\"NORMA PARA PRESENTACI\u00d3N GASTO FEDERALIZADO\">NORMA PARA PRESENTACI\u00d3N GASTO FEDERALIZADO<\/a><\/td><\/tr><tr><td>20.-<\/td><td><a href=\"http:\/\/www.municipiomugica.com\/Ley_Dis_Fin\/2022\/2do_Trim\/20.- ESTADO DE SITUACI\u00d3N FIANNCIERA DETALLADO LDF.pdf\" title=\"ESTADO DE SITUACI\u00d3N FINANCIERA DETALLADO LDF\">ESTADO DE SITUACI\u00d3N FINANCIERA DETALLADO LDF<\/a><\/td><\/tr><tr><td>21.-<\/td><td><a href=\"http:\/\/www.municipiomugica.com\/Ley_Dis_Fin\/2022\/2do_Trim\/21.- INFORME ANAL\u00cdTICO DE OBLIGACIONES DE DIFERENTES FINANCIAMIENTOS.pdf\" title=\"INFORME ANAL\u00cdTICO DE OBLIGACIONES DE DIFERENTES FINANCIAMIENTOS\">INFORME ANAL\u00cdTICO DE OBLIGACIONES DE DIFERENTES FINANCIAMIENTOS<\/a><\/td><\/tr><tr><td>22.-<\/td><td><a href=\"http:\/\/www.municipiomugica.com\/Ley_Dis_Fin\/2022\/2do_Trim\/22.- BALANCE PRESUPUESTARIO.pdf\" title=\"BALANCE PRESUPUESTARIO\">BALANCE PRESUPUESTARIO<\/a><\/td><\/tr><tr><td>23.-<\/td><td><a href=\"http:\/\/www.municipiomugica.com\/Ley_Dis_Fin\/2022\/2do_Trim\/23.- ANAL\u00cdTICO DE INGRESOS DETALLADO LDF.pdf\" title=\"ANAL\u00cdTICO DE INGRESOS DETALLADO LDF\">ANAL\u00cdTICO DE INGRESOS DETALLADO LDF<\/a><\/td><\/tr><tr><td>24.-<\/td><td><a href=\"http:\/\/www.municipiomugica.com\/Ley_Dis_Fin\/2022\/2do_Trim\/24.- ESTADO ANAL\u00cdTICO DEL EJERC DEL PRESUP DE EGRESOS CLASIF OBJETO DEL GASTO LDF.pdf\" title=\"ESTADO ANAL\u00cdTICO DEL EJERC DEL PRESUP DE EGRESOS CLASIF OBJETO DEL GASTO LDF\">ESTADO ANAL\u00cdTICO DEL EJERC DEL PRESUP DE EGRESOS CLASIF OBJETO DEL GASTO LDF<\/a><\/td><\/tr><tr><td>25.-<\/td><td><a href=\"http:\/\/www.municipiomugica.com\/Ley_Dis_Fin\/2022\/2do_Trim\/25.- ESTADO ANAL\u00cdTICO DEL EJERC DEL PRESUP DE EGRESOS CLASIF ADMINISTRATIVA LDF.pdf\" title=\"ESTADO ANAL\u00cdTICO DEL EJERC DEL PRESUP DE EGRESOS CLASIF ADMINISTRATIVA LDF\">ESTADO ANAL\u00cdTICO DEL EJERC DEL PRESUP DE EGRESOS CLASIF ADMINISTRATIVA LDF<\/a><\/td><\/tr><tr><td>26.-<\/td><td><a href=\"http:\/\/www.municipiomugica.com\/Ley_Dis_Fin\/2022\/2do_Trim\/26.- ESTADO ANAL\u00cdTICO DEL EJERC DEL PRESUP DE EGRESOS CLASIF FUNCIONAL LDF.pdf\" title=\"ESTADO ANAL\u00cdTICO DEL EJERC DEL PRESUP DE EGRESOS CLASIF FUNCIONAL LDF\">ESTADO ANAL\u00cdTICO DEL EJERC DEL PRESUP DE EGRESOS CLASIF FUNCIONAL LDF<\/a><\/td><\/tr><tr><td>27.-<\/td><td><a href=\"http:\/\/www.municipiomugica.com\/Ley_Dis_Fin\/2022\/2do_Trim\/27.-ESTADO ANAL\u00cdTICO DEL EJERC DEL PRESUP DE EGRESOS CLASIF SERVICIOS PERSONALES LDF.pdf\" title=\"ESTADO ANAL\u00cdTICO DEL EJERC DEL PRESUP DE EGRESOS CLASIF SERVICIOS PERSONALES LDF\">ESTADO ANAL\u00cdTICO DEL EJERC DEL PRESUP DE EGRESOS CLASIF SERVICIOS PERSONALES LDF<\/a><\/td><\/tr><tr><td>28.-<\/td><td><a href=\"http:\/\/www.municipiomugica.com\/Ley_Dis_Fin\/2022\/2do_Trim\/28.- PROYECCI\u00d3N DE INGRESOS LDF.pdf\" title=\"PROYECCI\u00d3N DE INGRESOS LDF\">PROYECCI\u00d3N DE INGRESOS LDF<\/a><\/td><\/tr><tr><td>29.-<\/td><td><a href=\"http:\/\/www.municipiomugica.com\/Ley_Dis_Fin\/2022\/2do_Trim\/29.- PROYECCI\u00d3N DE EGRESOS LDF.pdf\" title=\"PROYECCI\u00d3N DE EGRESOS LDF\">PROYECCI\u00d3N DE EGRESOS LDF<\/a><\/td><\/tr><tr><td>30.-<\/td><td><a href=\"http:\/\/www.municipiomugica.com\/Ley_Dis_Fin\/2022\/2do_Trim\/30.- RESULTADO DE INGRESOS LDF.pdf\" title=\"RESULTADO DE INGRESOS LDF\">RESULTADO DE INGRESOS LDF<\/a><\/td><\/tr><tr><td>31.-<\/td><td><a href=\"http:\/\/www.municipiomugica.com\/Ley_Dis_Fin\/2022\/2do_Trim\/31.- RESULTADO DE EGRESOS LDF.pdf\" title=\"RESULTADO DE EGRESOS LDF\">RESULTADO DE EGRESOS LDF<\/a><\/td><\/tr><tr><td>32.-<\/td><td><a href=\"http:\/\/www.municipiomugica.com\/Ley_Dis_Fin\/2022\/2do_Trim\/32.- INFORME DE ESTUDIOS ACTUARIALES.pdf\" title=\"INFORME DE ESTUDIOS ACTUARIALES\">INFORME DE ESTUDIOS ACTUARIALES<\/a><\/td><\/tr><tr><td>33.-<\/td><td><a href=\"http:\/\/www.municipiomugica.com\/Ley_Dis_Fin\/2022\/2do_Trim\/33.- INFORME DE LA DEUDA P\u00daBLICA MUNICIPAL.pdf\" title=\"INFORME DE LA DEUDA P\u00daBLICA MUNICIPAL\">INFORME DE LA DEUDA P\u00daBLICA MUNICIPAL<\/a><\/td><\/tr><tr><td>34.-<\/td><td><a href=\"http:\/\/www.municipiomugica.com\/Ley_Dis_Fin\/2022\/2do_Trim\/34.- ANEXO OBRAS POR ADMINISTRACI\u00d3N DIRECTA.pdf\" title=\"ANEXO OBRAS POR ADMINISTRACI\u00d3N DIRECTA\">ANEXO OBRAS POR ADMINISTRACI\u00d3N DIRECTA<\/a><\/td><\/tr><tr><td>35.-<\/td><td><a href=\"http:\/\/www.municipiomugica.com\/Ley_Dis_Fin\/2022\/2do_Trim\/35.- ANEXO DE OBRAS DEL EJERCICIO.pdf\" title=\"ANEXO DE OBRAS DEL EJERCICIO\">ANEXO DE OBRAS DEL EJERCICIO<\/a><\/td><\/tr><tr><td>36.-<\/td><td><a href=\"http:\/\/www.municipiomugica.com\/Ley_Dis_Fin\/2022\/2do_Trim\/36.- ANEXO DE OBRAS MODIFICACIONES DURANTE EL EJERCICIO.pdf\" title=\"ANEXO DE OBRAS MODIFICACIONES DURANTE EL EJERCICIO\">ANEXO DE OBRAS MODIFICACIONES DURANTE EL EJERCICIO<\/a><\/td><\/tr><tr><td>37.-<\/td><td><a href=\"http:\/\/www.municipiomugica.com\/Ley_Dis_Fin\/2022\/2do_Trim\/37.- ANEXO 5 VINCULACI\u00d3N DE OBJETIVOS.pdf\" title=\"ANEXO 5 VINCULACI\u00d3N DE OBJETIVOS\">ANEXO 5 VINCULACI\u00d3N DE OBJETIVOS<\/a><\/td><\/tr><tr><td>38.-<\/td><td><a href=\"http:\/\/www.municipiomugica.com\/Ley_Dis_Fin\/2022\/2do_Trim\/38.- ANEXO 6 AVANCE PROGRAM\u00c1TICO.pdf\" title=\"ANEXO 6 AVANCE PROGRAM\u00c1TICO\">ANEXO 6 AVANCE PROGRAM\u00c1TICO<\/a><\/td><\/tr><tr><td>39.-<\/td><td><a href=\"http:\/\/www.municipiomugica.com\/Ley_Dis_Fin\/2022\/2do_Trim\/39.- AN\u00c1LISIS DE TRANSFERENCIAS, SUBSIDIOS, Y OTRAS AYUDAS ACUMULADOS AL PERIODO.pdf\" title=\"AN\u00c1LISIS DE TRANSFERENCIAS, SUBSIDIOS, Y OTRAS AYUDAS ACUMULADOS AL PERIODO\">AN\u00c1LISIS DE TRANSFERENCIAS, SUBSIDIOS, Y OTRAS AYUDAS ACUMULADOS AL PERIODO<\/a><\/td><\/tr><tr><td>40.-<\/td><td><a href=\"http:\/\/www.municipiomugica.com\/Ley_Dis_Fin\/2022\/2do_Trim\/40.- CONCILIACIONES BANCARIAS, ESTADOS DE CUENTA DE ABRIL, MAYO Y JUNIO 2022.pdf\" title=\"CONCILIACIONES BANCARIAS, ESTADOS DE CUENTA DE ABRIL, MAYO Y JUNIO 2022\">CONCILIACIONES BANCARIAS, ESTADOS DE CUENTA DE ABRIL, MAYO Y JUNIO 2022<\/a><\/td><\/tr><tr><td>41.-<\/td><td><a href=\"http:\/\/www.municipiomugica.com\/Ley_Dis_Fin\/2022\/2do_Trim\/41.- BALANZA DE COMPROBACI\u00d3N AL 30 DE JUNIO 2022.pdf\" title=\"BALANZA DE COMPROBACI\u00d3N AL 30 DE JUNIO 2022\">BALANZA DE COMPROBACI\u00d3N AL 30 DE JUNIO 2022<\/a><\/td><\/tr><\/tbody><\/table><\/figure>\n","protected":false},"excerpt":{"rendered":"<p>01.- Acta No 51 S.O 28 SEGUNDO INFORME TRIMESTRAL 1.- CAR\u00c1TULA 2.- \u00cdNDICE 3.- ESTADO DE ACTIVIDADES 4.- ESTADO DE SITUACI\u00d3N FINANCIERA 5.- ESTADO DE VARIACI\u00d3N EN LA HACIENDA P\u00daBLICA &#8230;<\/p>\n","protected":false},"author":2,"featured_media":0,"parent":0,"menu_order":7,"comment_status":"closed","ping_status":"closed","template":"","meta":{"om_disable_all_campaigns":false,"footnotes":""},"class_list":["post-3312","page","type-page","status-publish","hentry"],"aioseo_notices":[],"_links":{"self":[{"href":"https:\/\/municipiomugica.com\/index.php\/wp-json\/wp\/v2\/pages\/3312","targetHints":{"allow":["GET"]}}],"collection":[{"href":"https:\/\/municipiomugica.com\/index.php\/wp-json\/wp\/v2\/pages"}],"about":[{"href":"https:\/\/municipiomugica.com\/index.php\/wp-json\/wp\/v2\/types\/page"}],"author":[{"embeddable":true,"href":"https:\/\/municipiomugica.com\/index.php\/wp-json\/wp\/v2\/users\/2"}],"replies":[{"embeddable":true,"href":"https:\/\/municipiomugica.com\/index.php\/wp-json\/wp\/v2\/comments?post=3312"}],"version-history":[{"count":10,"href":"https:\/\/municipiomugica.com\/index.php\/wp-json\/wp\/v2\/pages\/3312\/revisions"}],"predecessor-version":[{"id":3343,"href":"https:\/\/municipiomugica.com\/index.php\/wp-json\/wp\/v2\/pages\/3312\/revisions\/3343"}],"wp:attachment":[{"href":"https:\/\/municipiomugica.com\/index.php\/wp-json\/wp\/v2\/media?parent=3312"}],"curies":[{"name":"wp","href":"https:\/\/api.w.org\/{rel}","templated":true}]}}