{"id":3446,"date":"2022-08-25T17:00:46","date_gmt":"2022-08-25T23:00:46","guid":{"rendered":"http:\/\/municipiomugica.com\/?page_id=3446"},"modified":"2022-08-25T17:16:55","modified_gmt":"2022-08-25T23:16:55","slug":"capamu-2022-primer-trimestre","status":"publish","type":"page","link":"https:\/\/municipiomugica.com\/index.php\/capamu-2022-primer-trimestre\/","title":{"rendered":"CAPAMU 2022 Primer Trimestre"},"content":{"rendered":"\n<figure class=\"wp-block-table is-style-stripes\"><table><tbody><tr><td><a href=\"http:\/\/municipiomugica.com\/CAPAMU\/2022\/1er_Trim\/1.-Portada.pdf\" title=\"1.- Portada\">1.- Portada<\/a><\/td><\/tr><tr><td><a href=\"http:\/\/municipiomugica.com\/CAPAMU\/2022\/1er_Trim\/2.-Indice.pdf\" title=\"2.- \u00cdndice\">2.- \u00cdndice<\/a><\/td><\/tr><tr><td><a href=\"http:\/\/municipiomugica.com\/CAPAMU\/2022\/1er_Trim\/3.-Acta Junta de Cabildo.pdf\" title=\"3.- Acta Junta de Cabildo\">3.- Acta Junta de Cabildo<\/a><\/td><\/tr><tr><td><a href=\"http:\/\/municipiomugica.com\/CAPAMU\/2022\/1er_Trim\/4.-Acta Junta de Gobierno.pdf\" title=\"4.- Acta Junta de Gobierno\">4.- Acta Junta de Gobierno<\/a><\/td><\/tr><tr><td><a href=\"http:\/\/municipiomugica.com\/CAPAMU\/2022\/1er_Trim\/}5.-Estado de Actividades.pdf\" title=\"5.- Estado de Actividades\">5.- Estado de Actividades<\/a><\/td><\/tr><tr><td><a href=\"http:\/\/municipiomugica.com\/CAPAMU\/2022\/1er_Trim\/6.-Estado de Situacion Financiera.pdf\" title=\"6.- Estado de Situaci\u00f3n Financiera\">6.- Estado de Situaci\u00f3n Financiera<\/a><\/td><\/tr><tr><td><a href=\"http:\/\/municipiomugica.com\/CAPAMU\/2022\/1er_Trim\/7.-Estado de Variacion en la Hacienda Publica.pdf\" title=\"7.- Estado de Variaci\u00f3n en la Hacienda Publica\">7.- Estado de Variaci\u00f3n en la Hacienda Publica<\/a><\/td><\/tr><tr><td><a href=\"http:\/\/municipiomugica.com\/CAPAMU\/2022\/1er_Trim\/8.-Estado de Cambios en la Situacion Financiera.pdf\" title=\"8.- Estado de Cambios en la Situaci\u00f3n Financiera\">8.- Estado de Cambios en la Situaci\u00f3n Financiera<\/a><\/td><\/tr><tr><td><a href=\"http:\/\/municipiomugica.com\/CAPAMU\/2022\/1er_Trim\/9.-Estado de Flujo de efectivo.pdf\" title=\"9.- Estado de Flujo de efectivo\">9.- Estado de Flujo de efectivo<\/a><\/td><\/tr><tr><td><a href=\"http:\/\/municipiomugica.com\/CAPAMU\/2022\/1er_Trim\/10.-Nota a los Estados Financieros.pdf\" title=\"10.- Nota a los Estados Financieros\">10.- Nota a los Estados Financieros<\/a><\/td><\/tr><tr><td><a href=\"http:\/\/municipiomugica.com\/CAPAMU\/2022\/1er_Trim\/11.-Conciliacion entre los Ingresos Presupuestarios y contables.pdf\" title=\"11.- Conciliaci\u00f3n entre los Ingresos Presupuestarios y contables\">11.- Conciliaci\u00f3n entre los Ingresos Presupuestarios y contables<\/a><\/td><\/tr><tr><td><a href=\"http:\/\/municipiomugica.com\/CAPAMU\/2022\/1er_Trim\/12.-Conciliacion Entre los Egresos Presupuestarios y los Gastos Contables.pdf\" title=\"12.- Conciliaci\u00f3n Entre los Egresos Presupuestarios y los Gastos Contables\">12.- Conciliaci\u00f3n Entre los Egresos Presupuestarios y los Gastos Contables<\/a><\/td><\/tr><tr><td><a href=\"http:\/\/municipiomugica.com\/CAPAMU\/2022\/1er_Trim\/13.-Estado Analitico del Activo.pdf\" title=\"13.- Estado Anal\u00edtico del Activo\">13.- Estado Anal\u00edtico del Activo<\/a><\/td><\/tr><tr><td><a href=\"http:\/\/municipiomugica.com\/CAPAMU\/2022\/1er_Trim\/14.-Estado Analitico del Ingreso.pdf\" title=\"14.- Estado Anal\u00edtico del Ingreso\">14.- Estado Anal\u00edtico del Ingreso<\/a><\/td><\/tr><tr><td><a href=\"http:\/\/municipiomugica.com\/CAPAMU\/2022\/1er_Trim\/15.-Estado Analitico por Fuentes de Financiamiento.pdf\" title=\"15.- Estado Anal\u00edtico por Fuentes de Financiamiento\">15.- Estado Anal\u00edtico por Fuentes de Financiamiento<\/a><\/td><\/tr><tr><td><a href=\"http:\/\/municipiomugica.com\/CAPAMU\/2022\/1er_Trim\/16.-Estado Analitico del Ejercicio del Presupuesto de Egresos Clasificacion Administrativa.pdf\" title=\"16.- Estado Anal\u00edtico del Ejercicio del Presupuesto de Egresos Clasificaci\u00f3n Administrativa\">16.- Estado Anal\u00edtico del Ejercicio del Presupuesto de Egresos Clasificaci\u00f3n Administrativa<\/a><\/td><\/tr><tr><td><a href=\"http:\/\/municipiomugica.com\/CAPAMU\/2022\/1er_Trim\/17.-Estado Analitico del Ejercicio Presupuestario de Egresos Clasificacion Economica Por Tipo de Gasto.pdf\" title=\"17.- Estado Anal\u00edtico del Ejercicio Presupuestario de Egresos Clasificaci\u00f3n Econ\u00f3mica Por Tipo de Gasto\">17.- Estado Anal\u00edtico del Ejercicio Presupuestario de Egresos Clasificaci\u00f3n Econ\u00f3mica Por Tipo de Gasto<\/a><\/td><\/tr><tr><td><a href=\"http:\/\/municipiomugica.com\/CAPAMU\/2022\/1er_Trim\/18.-Estado Analitico del Ejercicio Presupuestario de Egresos Clasificacion Por Objeto del Gasto Capitulo y Concepto.pdf\" title=\"18.- Estado Anal\u00edtico del Ejercicio Presupuestario de Egresos Clasificaci\u00f3n Por Objeto del Gasto Capitulo y Concepto\">18.- Estado Anal\u00edtico del Ejercicio Presupuestario de Egresos Clasificaci\u00f3n Por Objeto del Gasto Capitulo y Concepto<\/a><\/td><\/tr><tr><td><a href=\"http:\/\/municipiomugica.com\/CAPAMU\/2022\/1er_Trim\/19.-Estado Analitico del Ejercicio Presupuestario de Egresos Clasificacion Funcional Finalidad y Funcion.pdf\" title=\"19.- Estado Anal\u00edtico del Ejercicio Presupuestario de Egresos Clasificaci\u00f3n Funcional Finalidad y Funci\u00f3n\">19.- Estado Anal\u00edtico del Ejercicio Presupuestario de Egresos Clasificaci\u00f3n Funcional Finalidad y Funci\u00f3n<\/a><\/td><\/tr><tr><td><a href=\"http:\/\/municipiomugica.com\/CAPAMU\/2022\/1er_Trim\/20.-Gasto por Categoria Programatica.pdf\" title=\"20.- Gasto por Categor\u00eda Program\u00e1tica\">20.- Gasto por Categor\u00eda Program\u00e1tica<\/a><\/td><\/tr><tr><td><a href=\"http:\/\/municipiomugica.com\/CAPAMU\/2022\/1er_Trim\/21.-Estado de Situacion Financiera Detallado LDF.pdf\" title=\"21.- Estado de Situaci\u00f3n Financiera Detallado LDF22.-Balance Presupuestario LDF\">21.- Estado de Situaci\u00f3n Financiera Detallado LDF<\/a><\/td><\/tr><tr><td><a href=\"http:\/\/municipiomugica.com\/CAPAMU\/2022\/1er_Trim\/22.-Balance Presupuestario LDF.pdf\" title=\"22.- Balance Presupuestario LDF\">22.- Balance Presupuestario LDF<\/a><\/td><\/tr><tr><td><a href=\"http:\/\/municipiomugica.com\/CAPAMU\/2022\/1er_Trim\/23.-Estado Analitico del Ingreso Detallado LDF.pdf\" title=\"23.- Estado Anal\u00edtico del Ingreso Detallado LDF\">23.- Estado Anal\u00edtico del Ingreso Detallado LDF<\/a><\/td><\/tr><tr><td><a href=\"http:\/\/municipiomugica.com\/CAPAMU\/2022\/1er_Trim\/24.-Estado Analitico del Ejercicio del Presupuesto de Egresos Detallado LDF.pdf\" title=\"24.- Estado Anal\u00edtico del Ejercicio del Presupuesto de Egresos Detallado LDF\">24.- Estado Anal\u00edtico del Ejercicio del Presupuesto de Egresos Detallado LDF<\/a><\/td><\/tr><tr><td><a href=\"http:\/\/municipiomugica.com\/CAPAMU\/2022\/1er_Trim\/25.-Estado Analitico del Ejercicio del Presupuesto de Egresos Detallado LDF Clasificacion Administrativa.pdf\" title=\"25.- Estado Anal\u00edtico del Ejercicio del Presupuesto de Egresos Detallado LDF Clasificaci\u00f3n Administrativa\">25.- Estado Anal\u00edtico del Ejercicio del Presupuesto de Egresos Detallado LDF Clasificaci\u00f3n Administrativa<\/a><\/td><\/tr><tr><td><a href=\"http:\/\/municipiomugica.com\/CAPAMU\/2022\/1er_Trim\/26.-Estado Analitico del Ejercicio del Presupuesto de Egresos Detallado LDF Clasificacion Funcional.pdf\" title=\"26.- Estado Anal\u00edtico del Ejercicio del Presupuesto de Egresos Detallado LDF Clasificaci\u00f3n Funcional\">26.- Estado Anal\u00edtico del Ejercicio del Presupuesto de Egresos Detallado LDF Clasificaci\u00f3n Funcional<\/a><\/td><\/tr><tr><td><a href=\"http:\/\/municipiomugica.com\/CAPAMU\/2022\/1er_Trim\/27.-Estado Analitico del Ejercicio del Presupuesto de Egresos Detallado LDF Clasificacion Servicios Personales Por Categoria.pdf\" title=\"27.- Estado Anal\u00edtico del Ejercicio del Presupuesto de Egresos Detallado LDF Clasificaci\u00f3n Servicios Personales Por Categor\u00eda\">27.- Estado Anal\u00edtico del Ejercicio del Presupuesto de Egresos Detallado LDF Clasificaci\u00f3n Servicios Personales Por Categor\u00eda<\/a><\/td><\/tr><tr><td><a href=\"http:\/\/municipiomugica.com\/CAPAMU\/2022\/1er_Trim\/28.-Resultados de Ingresos.pdf\" title=\"28.- Resultados de Ingresos\">28.- Resultados de Ingresos<\/a><\/td><\/tr><tr><td><a href=\"http:\/\/municipiomugica.com\/CAPAMU\/2022\/1er_Trim\/29.-Conciliacion Bancaria y Estado de Cuenta Estado Enero 2022.pdf\" title=\"29.- Conciliaci\u00f3n Bancaria y Estado de Cuenta Estado Enero 2022\">29.- Conciliaci\u00f3n Bancaria y Estado de Cuenta Estado Enero 2022<\/a><\/td><\/tr><tr><td><a href=\"http:\/\/municipiomugica.com\/CAPAMU\/2022\/1er_Trim\/30.-Conciliacion Bancaria y Estado de Cuenta Febrero 2022.pdf\" title=\"30.- Conciliaci\u00f3n Bancaria y Estado de Cuenta Febrero 2022\">30.- Conciliaci\u00f3n Bancaria y Estado de Cuenta Febrero 2022<\/a><\/td><\/tr><tr><td><a href=\"http:\/\/municipiomugica.com\/CAPAMU\/2022\/1er_Trim\/31.-Conciliacion Bancaria y Estado de Cuenta Marzo 2022.pdf\" title=\"31.- Conciliaci\u00f3n Bancaria y Estado de Cuenta Marzo 2022\">31.- Conciliaci\u00f3n Bancaria y Estado de Cuenta Marzo 2022<\/a><\/td><\/tr><\/tbody><\/table><\/figure>\n","protected":false},"excerpt":{"rendered":"<p>1.- Portada 2.- \u00cdndice 3.- Acta Junta de Cabildo 4.- Acta Junta de Gobierno 5.- Estado de Actividades 6.- Estado de Situaci\u00f3n Financiera 7.- Estado de Variaci\u00f3n en la Hacienda &#8230;<\/p>\n","protected":false},"author":2,"featured_media":0,"parent":0,"menu_order":4,"comment_status":"closed","ping_status":"closed","template":"","meta":{"om_disable_all_campaigns":false,"footnotes":""},"class_list":["post-3446","page","type-page","status-publish","hentry"],"aioseo_notices":[],"_links":{"self":[{"href":"https:\/\/municipiomugica.com\/index.php\/wp-json\/wp\/v2\/pages\/3446","targetHints":{"allow":["GET"]}}],"collection":[{"href":"https:\/\/municipiomugica.com\/index.php\/wp-json\/wp\/v2\/pages"}],"about":[{"href":"https:\/\/municipiomugica.com\/index.php\/wp-json\/wp\/v2\/types\/page"}],"author":[{"embeddable":true,"href":"https:\/\/municipiomugica.com\/index.php\/wp-json\/wp\/v2\/users\/2"}],"replies":[{"embeddable":true,"href":"https:\/\/municipiomugica.com\/index.php\/wp-json\/wp\/v2\/comments?post=3446"}],"version-history":[{"count":5,"href":"https:\/\/municipiomugica.com\/index.php\/wp-json\/wp\/v2\/pages\/3446\/revisions"}],"predecessor-version":[{"id":3455,"href":"https:\/\/municipiomugica.com\/index.php\/wp-json\/wp\/v2\/pages\/3446\/revisions\/3455"}],"wp:attachment":[{"href":"https:\/\/municipiomugica.com\/index.php\/wp-json\/wp\/v2\/media?parent=3446"}],"curies":[{"name":"wp","href":"https:\/\/api.w.org\/{rel}","templated":true}]}}