{"id":3709,"date":"2022-10-30T02:34:05","date_gmt":"2022-10-30T08:34:05","guid":{"rendered":"http:\/\/municipiomugica.com\/?page_id=3709"},"modified":"2022-10-30T02:42:54","modified_gmt":"2022-10-30T08:42:54","slug":"capamu-2021-2do-trimestre","status":"publish","type":"page","link":"https:\/\/municipiomugica.com\/index.php\/capamu-2021-2do-trimestre\/","title":{"rendered":"CAPAMU 2021 Segundo Trimestre"},"content":{"rendered":"\n<figure class=\"wp-block-table is-style-stripes\"><table><tbody><tr><td><\/td><td><a href=\"http:\/\/municipiomugica.com\/CAPAMU\/2021\/2do_Trim\/INDICE.pdf\" title=\"INDICE\">INDICE<\/a><\/td><\/tr><tr><td><\/td><td><a href=\"http:\/\/municipiomugica.com\/CAPAMU\/2021\/2do_Trim\/Analitico Mensual Abril 2021.pdf\" title=\"Anal\u00edtico Mensual Abril\">Anal\u00edtico Mensual Abril<\/a><\/td><\/tr><tr><td><\/td><td><a href=\"http:\/\/municipiomugica.com\/CAPAMU\/2021\/2do_Trim\/Analitico Mensual Mayo 2021.pdf\" title=\"Anal\u00edtico Mensual Mayo\">Anal\u00edtico Mensual Mayo<\/a><\/td><\/tr><tr><td><\/td><td><a href=\"http:\/\/municipiomugica.com\/CAPAMU\/2021\/2do_Trim\/Analitico Mensual Junio 2021.pdf\" title=\"Anal\u00edtico Mensual Junio\">Anal\u00edtico Mensual Junio<\/a><\/td><\/tr><tr><td><\/td><td><a href=\"http:\/\/municipiomugica.com\/CAPAMU\/2021\/2do_Trim\/Anexo 6 Informacion del Avance Programatico Presupuestario.pdf\" title=\"Anexo 6 Informaci\u00f3n del Avance Program\u00e1tico Presupuestario\">Anexo 6 Informaci\u00f3n del Avance Program\u00e1tico Presupuestario<\/a><\/td><\/tr><tr><td><\/td><td><a href=\"http:\/\/municipiomugica.com\/CAPAMU\/2021\/2do_Trim\/Arqueo de caja Abril 2021.pdf\" title=\"Arqueo de caja Abril\">Arqueo de caja Abril<\/a><\/td><\/tr><tr><td><\/td><td><a href=\"http:\/\/municipiomugica.com\/CAPAMU\/2021\/2do_Trim\/Arqueo de caja Mayo 2021.pdf\" title=\"Arqueo de caja Mayo\">Arqueo de caja Mayo<\/a><\/td><\/tr><tr><td><\/td><td><a href=\"http:\/\/municipiomugica.com\/CAPAMU\/2021\/2do_Trim\/ESTADO ANALITICO DE INGRESOS POR FUENTE DE FINANCIAMIENTO.pdf\" title=\"ESTADO ANALITICO DE INGRESOS POR FUENTE DE FINANCIAMIENTO\">ESTADO ANALITICO DE INGRESOS POR FUENTE DE FINANCIAMIENTO<\/a><\/td><\/tr><tr><td><\/td><td><a href=\"http:\/\/municipiomugica.com\/CAPAMU\/2021\/2do_Trim\/ESTADO ANALITICO DE INGRESOS PRESUPUESTALES POR ENTE PUBLICO Y RUBRO.pdf\" title=\"ESTADO ANALITICO DE INGRESOS PRESUPUESTALES POR ENTE PUBLICO Y RUBRO\">ESTADO ANALITICO DE INGRESOS PRESUPUESTALES POR ENTE PUBLICO Y RUBRO<\/a><\/td><\/tr><tr><td><\/td><td><a href=\"http:\/\/municipiomugica.com\/CAPAMU\/2021\/2do_Trim\/ESTADO ANALITICO DE INGRESOS.pdf\" title=\"ESTADO ANALITICO DE INGRESOS\">ESTADO ANALITICO DE INGRESOS<\/a><\/td><\/tr><tr><td><\/td><td><a href=\"http:\/\/municipiomugica.com\/CAPAMU\/2021\/2do_Trim\/ESTADO ANALITICO DEL ACTIVO.pdf\" title=\"ESTADO ANALITICO DEL ACTIVO\">ESTADO ANALITICO DEL ACTIVO<\/a><\/td><\/tr><tr><td><\/td><td><a href=\"http:\/\/municipiomugica.com\/CAPAMU\/2021\/2do_Trim\/ESTADO ANALITICO DEL EJERCICIO DEL PRESUPUESTO DE EGRESOS.pdf\" title=\"ESTADO ANALITICO DEL EJERCICIO DEL PRESUPUESTO DE EGRESOS\">ESTADO ANALITICO DEL EJERCICIO DEL PRESUPUESTO DE EGRESOS<\/a><\/td><\/tr><tr><td><\/td><td><a href=\"http:\/\/municipiomugica.com\/CAPAMU\/2021\/2do_Trim\/ESTADO DE ACTIVIDADES.pdf\" title=\"ESTADO DE ACTIVIDADES\">ESTADO DE ACTIVIDADES<\/a><\/td><\/tr><tr><td><\/td><td><a href=\"http:\/\/municipiomugica.com\/CAPAMU\/2021\/2do_Trim\/ESTADO DE CAMBIOS  EN LA SITUACION FINANCIERA.pdf\" title=\"ESTADO DE CAMBIOS EN LA SITUACION FINANCIERA\">ESTADO DE CAMBIOS EN LA SITUACION FINANCIERA<\/a><\/td><\/tr><tr><td><\/td><td><a href=\"http:\/\/municipiomugica.com\/CAPAMU\/2021\/2do_Trim\/ESTADO DE SITUACION FINANCIERA.pdf\" title=\"ESTADO DE SITUACION FINANCIERA\">ESTADO DE SITUACION FINANCIERA<\/a><\/td><\/tr><tr><td><\/td><td><a href=\"http:\/\/municipiomugica.com\/CAPAMU\/2021\/2do_Trim\/ESTADO DE VARIACION.pdf\" title=\"ESTADO DE VARIACION\">ESTADO DE VARIACION<\/a><\/td><\/tr><tr><td><\/td><td><a href=\"http:\/\/municipiomugica.com\/CAPAMU\/2021\/2do_Trim\/ESTADOS DE FLUJO DE EFECTIVO.pdf\" title=\"ESTADOS DE FLUJO DE EFECTIVO\">ESTADOS DE FLUJO DE EFECTIVO<\/a><\/td><\/tr><tr><td><\/td><td><a href=\"http:\/\/municipiomugica.com\/CAPAMU\/2021\/2do_Trim\/NOTAS A LOS ESTADOS FINANCIEROS.pdf\" title=\"NOTAS A LOS ESTADOS FINANCIEROS\">NOTAS A LOS ESTADOS FINANCIEROS<\/a><\/td><\/tr><tr><td><\/td><td><a href=\"http:\/\/municipiomugica.com\/CAPAMU\/2021\/2do_Trim\/SEGUNDO TRIMESTRE.pdf\" title=\"SEGUNDO TRIMESTRE\">SEGUNDO TRIMESTRE<\/a><\/td><\/tr><tr><td><\/td><td><a href=\"http:\/\/municipiomugica.com\/CAPAMU\/2021\/2do_Trim\/Tranferencia Presupuestal de Egresos de Abril a Junio.pdf\" title=\"Transferencia Presupuestal de Egresos de Abril a Junio\">Transferencia Presupuestal de Egresos de Abril a Junio<\/a><\/td><\/tr><tr><td><\/td><td><a href=\"http:\/\/municipiomugica.com\/CAPAMU\/2021\/2do_Trim\/TRANSFERENCIAS PRESUPUESTALES DE EGRESOS.pdf\" title=\"TRANSFERENCIAS PRESUPUESTALES DE EGRESOS\">TRANSFERENCIAS PRESUPUESTALES DE EGRESOS<\/a><\/td><\/tr><\/tbody><\/table><\/figure>\n","protected":false},"excerpt":{"rendered":"<p>INDICE Anal\u00edtico Mensual Abril Anal\u00edtico Mensual Mayo Anal\u00edtico Mensual Junio Anexo 6 Informaci\u00f3n del Avance Program\u00e1tico Presupuestario Arqueo de caja Abril Arqueo de caja Mayo ESTADO ANALITICO DE INGRESOS POR &#8230;<\/p>\n","protected":false},"author":2,"featured_media":0,"parent":0,"menu_order":0,"comment_status":"closed","ping_status":"closed","template":"","meta":{"om_disable_all_campaigns":false,"footnotes":""},"class_list":["post-3709","page","type-page","status-publish","hentry"],"aioseo_notices":[],"_links":{"self":[{"href":"https:\/\/municipiomugica.com\/index.php\/wp-json\/wp\/v2\/pages\/3709","targetHints":{"allow":["GET"]}}],"collection":[{"href":"https:\/\/municipiomugica.com\/index.php\/wp-json\/wp\/v2\/pages"}],"about":[{"href":"https:\/\/municipiomugica.com\/index.php\/wp-json\/wp\/v2\/types\/page"}],"author":[{"embeddable":true,"href":"https:\/\/municipiomugica.com\/index.php\/wp-json\/wp\/v2\/users\/2"}],"replies":[{"embeddable":true,"href":"https:\/\/municipiomugica.com\/index.php\/wp-json\/wp\/v2\/comments?post=3709"}],"version-history":[{"count":4,"href":"https:\/\/municipiomugica.com\/index.php\/wp-json\/wp\/v2\/pages\/3709\/revisions"}],"predecessor-version":[{"id":3715,"href":"https:\/\/municipiomugica.com\/index.php\/wp-json\/wp\/v2\/pages\/3709\/revisions\/3715"}],"wp:attachment":[{"href":"https:\/\/municipiomugica.com\/index.php\/wp-json\/wp\/v2\/media?parent=3709"}],"curies":[{"name":"wp","href":"https:\/\/api.w.org\/{rel}","templated":true}]}}