{"id":3718,"date":"2022-10-31T11:25:22","date_gmt":"2022-10-31T17:25:22","guid":{"rendered":"http:\/\/municipiomugica.com\/?page_id=3718"},"modified":"2022-10-31T11:48:57","modified_gmt":"2022-10-31T17:48:57","slug":"sevac-3er-trimestre-2022","status":"publish","type":"page","link":"https:\/\/municipiomugica.com\/index.php\/sevac-3er-trimestre-2022\/","title":{"rendered":"SEVAC 3er Trimestre 2022"},"content":{"rendered":"\n<figure class=\"wp-block-table is-style-stripes\"><table><tbody><tr><td><a href=\"http:\/\/municipiomugica.com\/SEVAC\/2022\/3er_Trim\/00 .- Acta No 60 S.O 35 TERCER INFORME TRIMESTRAL.pdf\" title=\"00 .- Acta No 60 S.O 35 TERCER INFORME TRIMESTRAL\">00 .- Acta No 60 S.O 35 TERCER INFORME TRIMESTRAL<\/a><\/td><\/tr><tr><td><a href=\"http:\/\/municipiomugica.com\/SEVAC\/2022\/3er_Trim\/01.- PORTADA.pdf\" title=\"01.- PORTADA\">01.- PORTADA<\/a><\/td><\/tr><tr><td><a href=\"http:\/\/municipiomugica.com\/SEVAC\/2022\/3er_Trim\/02.- FUNCIONARIOS E \u00cdNDICE.pdf\" title=\"02.- FUNCIONARIOS E \u00cdNDICE\">02.- FUNCIONARIOS E \u00cdNDICE<\/a><\/td><\/tr><tr><td><a href=\"http:\/\/municipiomugica.com\/SEVAC\/2022\/3er_Trim\/03.- ESTADO DE ACTIVIDADES.pdf\" title=\"03.- ESTADO DE ACTIVIDADES\">03.- ESTADO DE ACTIVIDADES<\/a><\/td><\/tr><tr><td><a href=\"http:\/\/municipiomugica.com\/SEVAC\/2022\/3er_Trim\/04.- ESTADO DE SITUACI\u00d3N FINANCIERA.pdf\" title=\"04.- ESTADO DE SITUACI\u00d3N FINANCIERA\">04.- ESTADO DE SITUACI\u00d3N FINANCIERA<\/a><\/td><\/tr><tr><td><a href=\"http:\/\/municipiomugica.com\/SEVAC\/2022\/3er_Trim\/05.- ESTADO DE VARIACI\u00d3N EN LA HACIENDA P\u00daBLICA.pdf\" title=\"05.- ESTADO DE VARIACI\u00d3N EN LA HACIENDA P\u00daBLICA\">05.- ESTADO DE VARIACI\u00d3N EN LA HACIENDA P\u00daBLICA<\/a><\/td><\/tr><tr><td><a href=\"http:\/\/municipiomugica.com\/SEVAC\/2022\/3er_Trim\/06.- ESTADO DE CAMBIOS EN LA HACIENDA P\u00daBLICA.pdf\" title=\"06.- ESTADO DE CAMBIOS EN LA HACIENDA P\u00daBLICA\">06.- ESTADO DE CAMBIOS EN LA HACIENDA P\u00daBLICA<\/a><\/td><\/tr><tr><td><a href=\"http:\/\/municipiomugica.com\/SEVAC\/2022\/3er_Trim\/07.- ESTADO DE FLUJOS DE EFECTIVO.pdf\" title=\"07.- ESTADO DE FLUJOS DE EFECTIVO\">07.- ESTADO DE FLUJOS DE EFECTIVO<\/a><\/td><\/tr><tr><td><a href=\"http:\/\/municipiomugica.com\/SEVAC\/2022\/3er_Trim\/08.- NOTAS A LOS ESTADOS FINANCIEROS.pdf\" title=\"08.- NOTAS A LOS ESTADOS FINANCIEROS\">08.- NOTAS A LOS ESTADOS FINANCIEROS<\/a><\/td><\/tr><tr><td><a href=\"http:\/\/municipiomugica.com\/SEVAC\/2022\/3er_Trim\/09.- ESTADO ANAL\u00cdTICO DEL ACTIVO.pdf\" title=\"09.- ESTADO ANAL\u00cdTICO DEL ACTIVO\">09.- ESTADO ANAL\u00cdTICO DEL ACTIVO<\/a><\/td><\/tr><tr><td><a href=\"http:\/\/municipiomugica.com\/SEVAC\/2022\/3er_Trim\/10.- ESTADO ANAL\u00cdTICO DE INGRESOS.pdf\" title=\"10.- ESTADO ANAL\u00cdTICO DE INGRESOS\">10.- ESTADO ANAL\u00cdTICO DE INGRESOS<\/a><\/td><\/tr><tr><td><a href=\"http:\/\/municipiomugica.com\/SEVAC\/2022\/3er_Trim\/11.- ESTADO ANAL\u00cdTICO DE INGRESOS POR FUENTE FINANC.pdf\" title=\"11.- ESTADO ANAL\u00cdTICO DE INGRESOS POR FUENTE FINANC\">11.- ESTADO ANAL\u00cdTICO DE INGRESOS POR FUENTE FINANC<\/a><\/td><\/tr><tr><td><a href=\"http:\/\/municipiomugica.com\/SEVAC\/2022\/3er_Trim\/11.- ESTADO ANAL\u00cdTICO DE INGRESOS POR FUENTE FINANC.pdf\" title=\"11A.- ESTADO ANAL\u00cdTICO DE INGRESOS POR FUENTE FINANC\">11A.- ESTADO ANAL\u00cdTICO DE INGRESOS POR FUENTE FINANC<\/a><\/td><\/tr><tr><td><a href=\"http:\/\/municipiomugica.com\/SEVAC\/2022\/3er_Trim\/11B.- ESTADO ANAL\u00cdTICO DE INGRESOS POR FUENTE FINANC.pdf\" title=\"11B.- ESTADO ANAL\u00cdTICO DE INGRESOS POR FUENTE FINANC\">11B.- ESTADO ANAL\u00cdTICO DE INGRESOS POR FUENTE FINANC<\/a><\/td><\/tr><tr><td><a href=\"http:\/\/municipiomugica.com\/SEVAC\/2022\/3er_Trim\/11C.- ESTADO ANAL\u00cdTICO DE INGRESOS POR FUENTE FINANC.pdf\" title=\"11C.- ESTADO ANAL\u00cdTICO DE INGRESOS POR FUENTE FINANC\">11C.- ESTADO ANAL\u00cdTICO DE INGRESOS POR FUENTE FINANC<\/a><\/td><\/tr><tr><td><a href=\"http:\/\/municipiomugica.com\/SEVAC\/2022\/3er_Trim\/11C.- ESTADO ANAL\u00cdTICO DE INGRESOS POR FUENTE FINANC.pdf11D.- ESTADO ANAL\u00cdTICO DE INGRESOS POR FUENTE FINANC.pdf\" title=\"11D.- ESTADO ANAL\u00cdTICO DE INGRESOS POR FUENTE FINANC\">11D.- ESTADO ANAL\u00cdTICO DE INGRESOS POR FUENTE FINANC<\/a><\/td><\/tr><tr><td><a href=\"http:\/\/municipiomugica.com\/SEVAC\/2022\/3er_Trim\/11E.- ESTADO ANAL\u00cdTICO DE INGRESOS POR FUENTE FINANC.pdf\" title=\"11E.- ESTADO ANAL\u00cdTICO DE INGRESOS POR FUENTE FINANC\">11E.- ESTADO ANAL\u00cdTICO DE INGRESOS POR FUENTE FINANC<\/a><\/td><\/tr><tr><td><a href=\"http:\/\/municipiomugica.com\/SEVAC\/2022\/3er_Trim\/11F.- ESTADO ANAL\u00cdTICO DE INGRESOS POR FUENTE FINANC.pdf\" title=\"11F.- ESTADO ANAL\u00cdTICO DE INGRESOS POR FUENTE FINANC\">11F.- ESTADO ANAL\u00cdTICO DE INGRESOS POR FUENTE FINANC<\/a><\/td><\/tr><tr><td><a href=\"http:\/\/municipiomugica.com\/SEVAC\/2022\/3er_Trim\/11G.- ESTADO ANAL\u00cdTICO DE INGRESOS POR FUENTE FINANC.pdf\" title=\"11G.- ESTADO ANAL\u00cdTICO DE INGRESOS POR FUENTE FINANC\">11G.- ESTADO ANAL\u00cdTICO DE INGRESOS POR FUENTE FINANC<\/a><\/td><\/tr><tr><td><a href=\"http:\/\/municipiomugica.com\/SEVAC\/2022\/3er_Trim\/11H.- ESTADO ANAL\u00cdTICO DE INGRESOS POR FUENTE FINANC.pdf\" title=\"11H.- ESTADO ANAL\u00cdTICO DE INGRESOS POR FUENTE FINANC\">11H.- ESTADO ANAL\u00cdTICO DE INGRESOS POR FUENTE FINANC<\/a><\/td><\/tr><tr><td><a href=\"http:\/\/municipiomugica.com\/SEVAC\/2022\/3er_Trim\/11I.- ESTADO ANAL\u00cdTICO DE INGRESOS POR FUENTE FINANC.pdf\" title=\"11I.- ESTADO ANAL\u00cdTICO DE INGRESOS POR FUENTE FINANC\">11I.- ESTADO ANAL\u00cdTICO DE INGRESOS POR FUENTE FINANC<\/a><\/td><\/tr><tr><td><a href=\"http:\/\/municipiomugica.com\/SEVAC\/2022\/3er_Trim\/11J.- ESTADO ANAL\u00cdTICO DE INGRESOS POR FUENTE FINANC.pdf\" title=\"11J.- ESTADO ANAL\u00cdTICO DE INGRESOS POR FUENTE FINANC\">11J.- ESTADO ANAL\u00cdTICO DE INGRESOS POR FUENTE FINANC<\/a><\/td><\/tr><tr><td><a href=\"http:\/\/municipiomugica.com\/SEVAC\/2022\/3er_Trim\/12.- ESTADO ANAL\u00cdTICO DEL EJERC DEL PRESUP DE EGRESOS CLASIF ADMIN 2.pdf\" title=\"12.- ESTADO ANAL\u00cdTICO DEL EJERC DEL PRESUP DE EGRESOS CLASIF ADMIN 2\">12.- ESTADO ANAL\u00cdTICO DEL EJERC DEL PRESUP DE EGRESOS CLASIF ADMIN 2<\/a><\/td><\/tr><tr><td><a href=\"http:\/\/municipiomugica.com\/SEVAC\/2022\/3er_Trim\/12.- ESTADO ANAL\u00cdTICO DEL EJERC DEL PRESUP DE EGRESOS CLASIF ADMIN.pdf\" title=\"12.- ESTADO ANAL\u00cdTICO DEL EJERC DEL PRESUP DE EGRESOS CLASIF ADMIN\">12.- ESTADO ANAL\u00cdTICO DEL EJERC DEL PRESUP DE EGRESOS CLASIF ADMIN<\/a><\/td><\/tr><tr><td><a href=\"http:\/\/municipiomugica.com\/SEVAC\/2022\/3er_Trim\/12.- ESTADO ANAL\u00cdTICO DEL EJERC DEL PRESUP DE EGRESOS CLASIF ECON.pdf\" title=\"12.- ESTADO ANAL\u00cdTICO DEL EJERC DEL PRESUP DE EGRESOS CLASIF ECON\">12.- ESTADO ANAL\u00cdTICO DEL EJERC DEL PRESUP DE EGRESOS CLASIF ECON<\/a><\/td><\/tr><tr><td><a href=\"http:\/\/municipiomugica.com\/SEVAC\/2022\/3er_Trim\/12.- ESTADO ANAL\u00cdTICO DEL EJERC DEL PRESUP DE EGRESOS CLASIF FUNCIONAL.pdf\" title=\"12.- ESTADO ANAL\u00cdTICO DEL EJERC DEL PRESUP DE EGRESOS CLASIF FUNCIONAL\">12.- ESTADO ANAL\u00cdTICO DEL EJERC DEL PRESUP DE EGRESOS CLASIF FUNCIONAL<\/a><\/td><\/tr><tr><td><a href=\"http:\/\/municipiomugica.com\/SEVAC\/2022\/3er_Trim\/12.- ESTADO ANAL\u00cdTICO DEL EJERC DEL PRESUP DE EGRESOS CLASIF POR OBJETO DEL GASTO.pdf\" title=\"12.- ESTADO ANAL\u00cdTICO DEL EJERC DEL PRESUP DE EGRESOS CLASIF POR OBJETO DEL GASTO\">12.- ESTADO ANAL\u00cdTICO DEL EJERC DEL PRESUP DE EGRESOS CLASIF POR OBJETO DEL GASTO<\/a><\/td><\/tr><tr><td><a href=\"http:\/\/municipiomugica.com\/SEVAC\/2022\/3er_Trim\/13.- ESTADO ANAL\u00cdTICO DEL EJERC DEL PRESUP DE EGRESOS CATEGOR\u00cdA PROGRAM\u00c1TICA.pdf\" title=\"13.- ESTADO ANAL\u00cdTICO DEL EJERC DEL PRESUP DE EGRESOS CATEGOR\u00cdA PROGRAM\u00c1TICA\">13.- ESTADO ANAL\u00cdTICO DEL EJERC DEL PRESUP DE EGRESOS CATEGOR\u00cdA PROGRAM\u00c1TICA<\/a><\/td><\/tr><tr><td><a href=\"http:\/\/municipiomugica.com\/SEVAC\/2022\/3er_Trim\/14.- NORMA PARA LA PRESENT DEL EJERCICIO Y DESTINO DEL GASTO.pdf\" title=\"14.- NORMA PARA LA PRESENT DEL EJERCICIO Y DESTINO DEL GASTO\">14.- NORMA PARA LA PRESENT DEL EJERCICIO Y DESTINO DEL GASTO<\/a><\/td><\/tr><tr><td><a href=\"http:\/\/municipiomugica.com\/SEVAC\/2022\/3er_Trim\/15.- ESTADO DE SITUACI\u00d3N FINANCIERA DETALLADO LDF.pdf\" title=\"15.- ESTADO DE SITUACI\u00d3N FINANCIERA DETALLADO LDF\">15.- ESTADO DE SITUACI\u00d3N FINANCIERA DETALLADO LDF<\/a><\/td><\/tr><tr><td><a href=\"http:\/\/municipiomugica.com\/SEVAC\/2022\/3er_Trim\/16.- INFORME ANAL\u00cdTICO DE LA DEUDA Y OTROS PASIVOS LDF.pdf\" title=\"16.- INFORME ANAL\u00cdTICO DE LA DEUDA Y OTROS PASIVOS LDF\">16.- INFORME ANAL\u00cdTICO DE LA DEUDA Y OTROS PASIVOS LDF<\/a><\/td><\/tr><tr><td><a href=\"http:\/\/municipiomugica.com\/SEVAC\/2022\/3er_Trim\/16A.- REPORTE DE LA DEUDA.pdf\" title=\"16A.- REPORTE DE LA DEUDA\">16A.- REPORTE DE LA DEUDA<\/a><\/td><\/tr><tr><td><a href=\"http:\/\/municipiomugica.com\/SEVAC\/2022\/3er_Trim\/17.- INFORME ANAL\u00cdTICO DE OBLIGACIONES DE DIFERENTES FINANCIAMIENTOS LDF.pdf\" title=\"17.- INFORME ANAL\u00cdTICO DE OBLIGACIONES DE DIFERENTES FINANCIAMIENTOS LDF\">17.- INFORME ANAL\u00cdTICO DE OBLIGACIONES DE DIFERENTES FINANCIAMIENTOS LDF<\/a><\/td><\/tr><tr><td><a href=\"http:\/\/municipiomugica.com\/SEVAC\/2022\/3er_Trim\/17.- INFORME ANAL\u00cdTICO DE OBLIGACIONES DE DIFERENTES FINANCIAMIENTOS LDF.pdf\" title=\"19.- ESTADO ANAL\u00cdTICO DE INGRESOS DETALLADO LDF\">19.- ESTADO ANAL\u00cdTICO DE INGRESOS DETALLADO LDF<\/a><\/td><\/tr><tr><td><a href=\"http:\/\/municipiomugica.com\/SEVAC\/2022\/3er_Trim\/20.- ESTADO ANAL\u00cdTICO DEL EJER DEL PRESUP DE EGRESOS CLASIF ADMINISTRATIVALDF.pdf\" title=\"20.- ESTADO ANAL\u00cdTICO DEL EJER DEL PRESUP DE EGRESOS CLASIF ADMINISTRATIVALDF\">20.- ESTADO ANAL\u00cdTICO DEL EJER DEL PRESUP DE EGRESOS CLASIF ADMINISTRATIVALDF<\/a><\/td><\/tr><tr><td><a href=\"http:\/\/municipiomugica.com\/SEVAC\/2022\/3er_Trim\/21.- ESTADO ANAL\u00cdTICO DEL EJER DEL PRESUP DE EGRESOS CLASIF FUNCIONAL LDF.pdf\" title=\"21.- ESTADO ANAL\u00cdTICO DEL EJER DEL PRESUP DE EGRESOS CLASIF FUNCIONAL LDF\">21.- ESTADO ANAL\u00cdTICO DEL EJER DEL PRESUP DE EGRESOS CLASIF FUNCIONAL LDF<\/a><\/td><\/tr><tr><td><a href=\"http:\/\/municipiomugica.com\/SEVAC\/2022\/3er_Trim\/22.- ESTADO ANAL\u00cdTICO DEL EJER DEL PRESUP DE EGRESOS CLASIF POR OBJETO DEL GASTO LDF.pdf\" title=\"22.- ESTADO ANAL\u00cdTICO DEL EJER DEL PRESUP DE EGRESOS CLASIF POR OBJETO DEL GASTO LDF\">22.- ESTADO ANAL\u00cdTICO DEL EJER DEL PRESUP DE EGRESOS CLASIF POR OBJETO DEL GASTO LDF<\/a><\/td><\/tr><tr><td><a href=\"http:\/\/municipiomugica.com\/SEVAC\/2022\/3er_Trim\/23.- ESTADO ANAL\u00cdTICO DEL EJERC DEL PRESUP DE EGRESOS DETALLADO CLASIF SERV PERSONALES LDF.pdf\" title=\"23.- ESTADO ANAL\u00cdTICO DEL EJERC DEL PRESUP DE EGRESOS DETALLADO CLASIF SERV PERSONALES LDF\">23.- ESTADO ANAL\u00cdTICO DEL EJERC DEL PRESUP DE EGRESOS DETALLADO CLASIF SERV PERSONALES LDF<\/a><\/td><\/tr><tr><td><a href=\"http:\/\/municipiomugica.com\/SEVAC\/2022\/3er_Trim\/24.- PROYECCI\u00d3N DE INGRESOS LDF.pdf\" title=\"24.- PROYECCI\u00d3N DE INGRESOS LDF\">24.- PROYECCI\u00d3N DE INGRESOS LDF<\/a><\/td><\/tr><tr><td><a href=\"http:\/\/municipiomugica.com\/SEVAC\/2022\/3er_Trim\/25.- PROYECCI\u00d3N DE EGRESOS LDF.pdf\" title=\"25.- PROYECCI\u00d3N DE EGRESOS LDF\">25.- PROYECCI\u00d3N DE EGRESOS LDF<\/a><\/td><\/tr><tr><td><a href=\"http:\/\/municipiomugica.com\/SEVAC\/2022\/3er_Trim\/26.- RESULTADO DE INGRESOS.pdf\" title=\"26.- RESULTADO DE INGRESOS\">26.- RESULTADO DE INGRESOS<\/a><\/td><\/tr><tr><td><a href=\"http:\/\/municipiomugica.com\/SEVAC\/2022\/3er_Trim\/27.- RESULTADO DE EGRESOS.pdf\" title=\"27.- RESULTADO DE EGRESOS\">27.- RESULTADO DE EGRESOS<\/a><\/td><\/tr><tr><td><a href=\"http:\/\/municipiomugica.com\/SEVAC\/2022\/3er_Trim\/28.- ANEXO DE OBRAS DEL EJERCICIO.pdf\" title=\"28.- ANEXO DE OBRAS DEL EJERCICIO\">28.- ANEXO DE OBRAS DEL EJERCICIO<\/a><\/td><\/tr><tr><td><a href=\"http:\/\/municipiomugica.com\/SEVAC\/2022\/3er_Trim\/29.- REPORTE DE OBRAS POR ADMINISTRACI\u00d3N DIRECTA.pdf\" title=\"29.- REPORTE DE OBRAS POR ADMINISTRACI\u00d3N DIRECTA\">29.- REPORTE DE OBRAS POR ADMINISTRACI\u00d3N DIRECTA<\/a><\/td><\/tr><tr><td><a href=\"http:\/\/municipiomugica.com\/SEVAC\/2022\/3er_Trim\/30.- ANEXO 5 VINCULACI\u00d3N DE OBJETIVOS.pdf\" title=\"30.- ANEXO 5 VINCULACI\u00d3N DE OBJETIVOS\">30.- ANEXO 5 VINCULACI\u00d3N DE OBJETIVOS<\/a><\/td><\/tr><tr><td><a href=\"http:\/\/municipiomugica.com\/SEVAC\/2022\/3er_Trim\/31.- ANEXO 6 AVANCE PROGRAM\u00c1TICO.pdf\" title=\"31.- ANEXO 6 AVANCE PROGRAM\u00c1TICO\">31.- ANEXO 6 AVANCE PROGRAM\u00c1TICO<\/a><\/td><\/tr><tr><td><a href=\"http:\/\/municipiomugica.com\/SEVAC\/2022\/3er_Trim\/32.- AN\u00c1LISIS DE LAS TRANSFERENCIAS, SUBSIDIOS Y OTRAS AYUDAS ESTADOS DE CUENTA Y CONCILIACIONES 1.pdf\" title=\"32.- AN\u00c1LISIS DE LAS TRANSFERENCIAS, SUBSIDIOS Y OTRAS AYUDAS ESTADOS DE CUENTA Y CONCILIACIONES 1\">32.- AN\u00c1LISIS DE LAS TRANSFERENCIAS, SUBSIDIOS Y OTRAS AYUDAS ESTADOS DE CUENTA Y CONCILIACIONES 1<\/a><\/td><\/tr><tr><td><a href=\"http:\/\/municipiomugica.com\/SEVAC\/2022\/3er_Trim\/32A.- AN\u00c1LISIS DE LAS TRANSFERENCIAS, SUBSIDIOS Y OTRAS AYUDAS ESTADOS DE CUENTA Y CONCILIACIONES 2.pdf\" title=\"32A.- AN\u00c1LISIS DE LAS TRANSFERENCIAS, SUBSIDIOS Y OTRAS AYUDAS ESTADOS DE CUENTA Y CONCILIACIONES 2\">32A.- AN\u00c1LISIS DE LAS TRANSFERENCIAS, SUBSIDIOS Y OTRAS AYUDAS ESTADOS DE CUENTA Y CONCILIACIONES 2<\/a><\/td><\/tr><tr><td><a href=\"http:\/\/municipiomugica.com\/SEVAC\/2022\/3er_Trim\/32B.- AN\u00c1LISIS DE LAS TRANSFERENCIAS, SUBSIDIOS Y OTRAS AYUDAS ESTADOS DE CUENTA Y CONCILIACIONES 3.pdf\" title=\"32B.- AN\u00c1LISIS DE LAS TRANSFERENCIAS, SUBSIDIOS Y OTRAS AYUDAS ESTADOS DE CUENTA Y CONCILIACIONES 3\">32B.- AN\u00c1LISIS DE LAS TRANSFERENCIAS, SUBSIDIOS Y OTRAS AYUDAS ESTADOS DE CUENTA Y CONCILIACIONES 3<\/a><\/td><\/tr><tr><td><a href=\"http:\/\/municipiomugica.com\/SEVAC\/2022\/3er_Trim\/32C.- AN\u00c1LISIS DE LAS TRANSFERENCIAS, SUBSIDIOS Y OTRAS AYUDAS ESTADOS DE CUENTA Y CONCILIACIONES 4.pdf\" title=\"32C.- AN\u00c1LISIS DE LAS TRANSFERENCIAS, SUBSIDIOS Y OTRAS AYUDAS ESTADOS DE CUENTA Y CONCILIACIONES 4\">32C.- AN\u00c1LISIS DE LAS TRANSFERENCIAS, SUBSIDIOS Y OTRAS AYUDAS ESTADOS DE CUENTA Y CONCILIACIONES 4<\/a><\/td><\/tr><tr><td><a href=\"http:\/\/municipiomugica.com\/SEVAC\/2022\/3er_Trim\/32D.- AN\u00c1LISIS DE LAS TRANSFERENCIAS, SUBSIDIOS Y OTRAS AYUDAS ESTADOS DE CUENTA Y CONCILIACIONES 5.pdf\" title=\"32D.- AN\u00c1LISIS DE LAS TRANSFERENCIAS, SUBSIDIOS Y OTRAS AYUDAS ESTADOS DE CUENTA Y CONCILIACIONES 5\">32D.- AN\u00c1LISIS DE LAS TRANSFERENCIAS, SUBSIDIOS Y OTRAS AYUDAS ESTADOS DE CUENTA Y CONCILIACIONES 5<\/a><\/td><\/tr><tr><td><a href=\"http:\/\/municipiomugica.com\/SEVAC\/2022\/3er_Trim\/32E.- AN\u00c1LISIS DE LAS TRANSFERENCIAS, SUBSIDIOS Y OTRAS AYUDAS ESTADOS DE CUENTA Y CONCILIACIONES 6.pdf\" title=\"32E.- AN\u00c1LISIS DE LAS TRANSFERENCIAS, SUBSIDIOS Y OTRAS AYUDAS ESTADOS DE CUENTA Y CONCILIACIONES 6\">32E.- AN\u00c1LISIS DE LAS TRANSFERENCIAS, SUBSIDIOS Y OTRAS AYUDAS ESTADOS DE CUENTA Y CONCILIACIONES 6<\/a><\/td><\/tr><tr><td><a href=\"http:\/\/municipiomugica.com\/SEVAC\/2022\/3er_Trim\/33.- BALANZA DE COMPROBACI\u00d3N.pdf\" title=\"33.- BALANZA DE COMPROBACI\u00d3N\">33.- BALANZA DE COMPROBACI\u00d3N<\/a><\/td><\/tr><tr><td><a href=\"http:\/\/municipiomugica.com\/SEVAC\/2022\/3er_Trim\/INVENTARIO DE BIENES INMUEBLES SEP 2022.pdf\" title=\"INVENTARIO DE BIENES INMUEBLES\">INVENTARIO DE BIENES INMUEBLES<\/a><\/td><\/tr><tr><td><a href=\"http:\/\/municipiomugica.com\/SEVAC\/2022\/3er_Trim\/INVENTARIO DE BIENES MUEBLES SEP 2022.pdf\" title=\"INVENTARIO DE BIENES MUEBLES\">INVENTARIO DE BIENES MUEBLES<\/a><\/td><\/tr><\/tbody><\/table><\/figure>\n","protected":false},"excerpt":{"rendered":"<p>00 .- Acta No 60 S.O 35 TERCER INFORME TRIMESTRAL 01.- PORTADA 02.- FUNCIONARIOS E \u00cdNDICE 03.- ESTADO DE ACTIVIDADES 04.- ESTADO DE SITUACI\u00d3N FINANCIERA 05.- ESTADO DE VARIACI\u00d3N EN &#8230;<\/p>\n","protected":false},"author":2,"featured_media":0,"parent":0,"menu_order":0,"comment_status":"closed","ping_status":"closed","template":"","meta":{"om_disable_all_campaigns":false,"footnotes":""},"class_list":["post-3718","page","type-page","status-publish","hentry"],"aioseo_notices":[],"_links":{"self":[{"href":"https:\/\/municipiomugica.com\/index.php\/wp-json\/wp\/v2\/pages\/3718","targetHints":{"allow":["GET"]}}],"collection":[{"href":"https:\/\/municipiomugica.com\/index.php\/wp-json\/wp\/v2\/pages"}],"about":[{"href":"https:\/\/municipiomugica.com\/index.php\/wp-json\/wp\/v2\/types\/page"}],"author":[{"embeddable":true,"href":"https:\/\/municipiomugica.com\/index.php\/wp-json\/wp\/v2\/users\/2"}],"replies":[{"embeddable":true,"href":"https:\/\/municipiomugica.com\/index.php\/wp-json\/wp\/v2\/comments?post=3718"}],"version-history":[{"count":4,"href":"https:\/\/municipiomugica.com\/index.php\/wp-json\/wp\/v2\/pages\/3718\/revisions"}],"predecessor-version":[{"id":3725,"href":"https:\/\/municipiomugica.com\/index.php\/wp-json\/wp\/v2\/pages\/3718\/revisions\/3725"}],"wp:attachment":[{"href":"https:\/\/municipiomugica.com\/index.php\/wp-json\/wp\/v2\/media?parent=3718"}],"curies":[{"name":"wp","href":"https:\/\/api.w.org\/{rel}","templated":true}]}}