{"id":3974,"date":"2023-03-06T11:33:01","date_gmt":"2023-03-06T17:33:01","guid":{"rendered":"http:\/\/municipiomugica.com\/?page_id=3974"},"modified":"2023-03-06T14:24:06","modified_gmt":"2023-03-06T20:24:06","slug":"capamu-2022-cuarto-trimestre","status":"publish","type":"page","link":"https:\/\/municipiomugica.com\/index.php\/capamu-2022-cuarto-trimestre\/","title":{"rendered":"CAPAMU 2022 CUARTO TRIMESTRE"},"content":{"rendered":"\n<figure class=\"wp-block-table is-style-stripes\"><table><tbody><tr><td><a href=\"http:\/\/municipiomugica.com\/CAPAMU\/2022\/4to_Trim\/1.-PORTADA.pdf\" title=\"1.-PORTADA\">1.-PORTADA<\/a><\/td><\/tr><tr><td><a href=\"http:\/\/municipiomugica.com\/CAPAMU\/2022\/4to_Trim\/2.-INDICE.pdf\" title=\"2.-INDICE\">2.-INDICE<\/a><\/td><\/tr><tr><td><a href=\"http:\/\/municipiomugica.com\/CAPAMU\/2022\/4to_Trim\/3.-ACTA JUNTA DE CABILDO.pdf\" title=\"3.-ACTA JUNTA DE CABILDO\">3.-ACTA JUNTA DE CABILDO<\/a><\/td><\/tr><tr><td><a href=\"http:\/\/municipiomugica.com\/CAPAMU\/2022\/4to_Trim\/4.-ACTA JUNTA DE GOBIERNO.pdf\" title=\"4.-ACTA JUNTA DE GOBIERNO\">4.-ACTA JUNTA DE GOBIERNO<\/a><\/td><\/tr><tr><td><a href=\"http:\/\/municipiomugica.com\/CAPAMU\/2022\/4to_Trim\/5.-ESTADO DE ACTIVIDADES.pdf\" title=\"5.-ESTADO DE ACTIVIDADES\">5.-ESTADO DE ACTIVIDADES<\/a><\/td><\/tr><tr><td><a href=\"http:\/\/municipiomugica.com\/CAPAMU\/2022\/4to_Trim\/6.-Estado de Situacion Financiera.pdf\" title=\"6.-Estado de Situaci\u00f3n Financiera\">6.-Estado de Situaci\u00f3n Financiera<\/a><\/td><\/tr><tr><td><a href=\"http:\/\/municipiomugica.com\/CAPAMU\/2022\/4to_Trim\/7.-Estado Variacion en la Hacienda Publica.pdf\" title=\"7.-Estado Variacion en la Hacienda Publica\">7.-Estado Variaci\u00f3n en la Hacienda Publica<\/a><\/td><\/tr><tr><td><a href=\"http:\/\/municipiomugica.com\/CAPAMU\/2022\/4to_Trim\/8.-Estado de Cambio de Situacion Financiera.pdf\" title=\"8.-Estado de Cambio de Situaci\u00f3n Financiera\">8.-Estado de Cambio de Situaci\u00f3n Financiera<\/a><\/td><\/tr><tr><td><a href=\"http:\/\/municipiomugica.com\/CAPAMU\/2022\/4to_Trim\/9.-Estado de Flujos de Efectivo.pdf\" title=\"9.-Estado de Flujos de Efectivo\">9.-Estado de Flujos de Efectivo<\/a><\/td><\/tr><tr><td><a href=\"http:\/\/municipiomugica.com\/CAPAMU\/2022\/4to_Trim\/10.-Notas a los Estados Financieros.pdf\" title=\"10.-Notas a los Estados Financieros\">10.-Notas a los Estados Financieros<\/a><\/td><\/tr><tr><td><a href=\"http:\/\/municipiomugica.com\/CAPAMU\/2022\/4to_Trim\/11.-Conciliacion Entre los Ingresos Presupuestarios y Contables.pdf\" title=\"11.-Conciliacion Entre los Ingresos Presupuestarios y Contables\">11.-Conciliaci\u00f3n Entre los Ingresos Presupuestarios y Contables<\/a><\/td><\/tr><tr><td><a href=\"http:\/\/municipiomugica.com\/CAPAMU\/2022\/4to_Trim\/12.-Conciliacion Entre los Egresos Presupuestarios y los Gastos Contables.pdf\" title=\"12.-Conciliacion Entre los Egresos Presupuestarios y los Gastos Contables\">12.-Conciliaci\u00f3n Entre los Egresos Presupuestarios y los Gastos Contables<\/a><\/td><\/tr><tr><td><a href=\"http:\/\/municipiomugica.com\/CAPAMU\/2022\/4to_Trim\/13.-Estado Analitico del Activo.pdf\" title=\"13.-Estado Anal\u00edtico del Activo\">13.-Estado Anal\u00edtico del Activo<\/a><\/td><\/tr><tr><td><a href=\"http:\/\/municipiomugica.com\/CAPAMU\/2022\/4to_Trim\/14.-Estado Analitico de Ingresos.pdf\" title=\"14.-Estado Anal\u00edtico de Ingresos\">14.-Estado Anal\u00edtico de Ingresos<\/a><\/td><\/tr><tr><td><a href=\"http:\/\/municipiomugica.com\/CAPAMU\/2022\/4to_Trim\/15.-Estado Analitoco de Ingresos por Fuente de Financiamiento.pdf\" title=\"15.-Estado Anal\u00edtico de Ingresos por Fuente de Financiamiento\">15.-Estado Anal\u00edtico de Ingresos por Fuente de Financiamiento<\/a><\/td><\/tr><tr><td><a href=\"http:\/\/municipiomugica.com\/CAPAMU\/2022\/4to_Trim\/{16.-Estado Analitico de Ingresos por Fuente de Financiamiento.pdf\" title=\"16.-Estado Anal\u00edtico de Ingresos por Fuente de Financiamiento\">16.-Estado Anal\u00edtico de Ingresos por Fuente de Financiamiento<\/a><\/td><\/tr><tr><td><a href=\"http:\/\/municipiomugica.com\/CAPAMU\/2022\/4to_Trim\/17.-Estado Analitico de Ingresos por Fuente de Financiamiento.pdf\" title=\"17.-Estado Anal\u00edtico de Ingresos por Fuente de Financiamiento\">17.-Estado Anal\u00edtico de Ingresos por Fuente de Financiamiento<\/a><\/td><\/tr><tr><td><a href=\"http:\/\/municipiomugica.com\/CAPAMU\/2022\/4to_Trim\/18.-Estado Analitico de Ingresos por Fuente de Financiamiento.pdf\" title=\"18.-Estado Anal\u00edtico de Ingresos por Fuente de Financiamiento\">18.-Estado Anal\u00edtico de Ingresos por Fuente de Financiamiento<\/a><\/td><\/tr><tr><td><a href=\"http:\/\/municipiomugica.com\/CAPAMU\/2022\/4to_Trim\/19.-Estado Analitico de Ingresos por Fuente de Financiamiento.pdf\" title=\"19.-Estado Anal\u00edtico de Ingresos por Fuente de Financiamiento\">19.-Estado Anal\u00edtico de Ingresos por Fuente de Financiamiento<\/a><\/td><\/tr><tr><td><a href=\"http:\/\/municipiomugica.com\/CAPAMU\/2022\/4to_Trim\/20.-Estado Analitico de Ingresos por Fuente de Financiamiento.pdf\" title=\"20.-Estado Anal\u00edtico de Ingresos por Fuente de Financiamiento\">20.-Estado Anal\u00edtico de Ingresos por Fuente de Financiamiento<\/a><\/td><\/tr><tr><td><a href=\"http:\/\/municipiomugica.com\/CAPAMU\/2022\/4to_Trim\/21.-Estado Analitico de Ingresos por Fuente de Financiamiento.pdf\" title=\"21.-Estado Anal\u00edtico de Ingresos por Fuente de Financiamiento\">21.-Estado Anal\u00edtico de Ingresos por Fuente de Financiamiento<\/a><\/td><\/tr><tr><td><a href=\"http:\/\/municipiomugica.com\/CAPAMU\/2022\/4to_Trim\/22.-Estado Analitico del Ejercicio del Presupuesto de Egresos Clasificacion Administrativa.pdf\" title=\"22.-Estado Anal\u00edtico del Ejercicio del Presupuesto de Egresos Clasificaci\u00f3n Administrativa\">22.-Estado Anal\u00edtico del Ejercicio del Presupuesto de Egresos Clasificaci\u00f3n Administrativa<\/a><\/td><\/tr><tr><td><a href=\"http:\/\/municipiomugica.com\/CAPAMU\/2022\/4to_Trim\/23.-Estado Analitico del Ejercicio del Presuspuesto de Egresos Clasificacion Administrativa.pdf\" title=\"23.-Estado Anal\u00edtico del Ejercicio del Presupuesto de Egresos Clasificaci\u00f3n Administrativa\">23.-Estado Anal\u00edtico del Ejercicio del Presupuesto de Egresos Clasificaci\u00f3n Administrativa<\/a><\/td><\/tr><tr><td><a href=\"http:\/\/municipiomugica.com\/CAPAMU\/2022\/4to_Trim\/24.-Estado Analitico del Ejercicio del Presupuesto de Egresos Clasificacion Economica (Por Tipo de Gasto).pdf\" title=\"24.-Estado Anal\u00edtico del Ejercicio del Presupuesto de Egresos Clasificaci\u00f3n Econ\u00f3mica (Por Tipo de Gasto)\">24.-Estado Anal\u00edtico del Ejercicio del Presupuesto de Egresos Clasificaci\u00f3n Econ\u00f3mica (Por Tipo de Gasto)<\/a><\/td><\/tr><tr><td><a href=\"http:\/\/municipiomugica.com\/CAPAMU\/2022\/4to_Trim\/25.-Estado Analitico del Ejercicio del Presupuesto de Egresos Clasificacion por Objeto del Gasto (Capitulo y Concepto).pdf\" title=\"25.-Estado Anal\u00edtico del Ejercicio del Presupuesto de Egresos Clasificaci\u00f3n por Objeto del Gasto (Capitulo y Concepto)\">25.-Estado Anal\u00edtico del Ejercicio del Presupuesto de Egresos Clasificaci\u00f3n por Objeto del Gasto (Capitulo y Concepto)<\/a><\/td><\/tr><tr><td><a href=\"http:\/\/municipiomugica.com\/CAPAMU\/2022\/4to_Trim\/26.-Estado Analitico del Ejercicio del Presupuesto de Egresos Clasificacion por Objeto del Gasto (Capitulo y Concepto).pdf\" title=\"26.-Estado Anal\u00edtico del Ejercicio del Presupuesto de Egresos Clasificaci\u00f3n por Objeto del Gasto (Capitulo y Concepto)\">26.-Estado Anal\u00edtico del Ejercicio del Presupuesto de Egresos Clasificaci\u00f3n por Objeto del Gasto (Capitulo y Concepto)<\/a><\/td><\/tr><tr><td><a href=\"http:\/\/municipiomugica.com\/CAPAMU\/2022\/4to_Trim\/27.-Estado Analitico del Ejercicio del Presupuesto de Egresos Clasificacion Funcional (Finalidad y Funcion).pdf\" title=\"27.-Estado Anal\u00edtico del Ejercicio del Presupuesto de Egresos Clasificaci\u00f3n Funcional (Finalidad y Funci\u00f3n)\">27.-Estado Anal\u00edtico del Ejercicio del Presupuesto de Egresos Clasificaci\u00f3n Funcional (Finalidad y Funci\u00f3n)<\/a><\/td><\/tr><tr><td><a href=\"http:\/\/municipiomugica.com\/CAPAMU\/2022\/4to_Trim\/28.-Gasto por Categoria Programatica.pdf\" title=\"28.-Gasto por Categor\u00eda Program\u00e1tica\">28.-Gasto por Categor\u00eda Program\u00e1tica<\/a><\/td><\/tr><tr><td><a href=\"http:\/\/municipiomugica.com\/CAPAMU\/2022\/4to_Trim\/29.-Formato del Ejercicio y Destino del Gasto federalizado y Reintegros.pdf\" title=\"29.-Formato del Ejercicio y Destino del Gasto federalizado y Reintegros\">29.-Formato del Ejercicio y Destino del Gasto federalizado y Reintegros<\/a><\/td><\/tr><tr><td><a href=\"http:\/\/municipiomugica.com\/CAPAMU\/2022\/4to_Trim\/30.-Estado de Situacion Financiera Detallado LDF.pdf\" title=\"30.-Estado de Situaci\u00f3n Financiera Detallado LDF\">30.-Estado de Situaci\u00f3n Financiera Detallado LDF<\/a><\/td><\/tr><tr><td><a href=\"http:\/\/municipiomugica.com\/CAPAMU\/2022\/4to_Trim\/31.-Estado de Situcion Financiera Detallado LDF.pdf\" title=\"31.-Estado de Situaci\u00f3n Financiera Detallado LDF\">31.-Estado de Situaci\u00f3n Financiera Detallado LDF<\/a><\/td><\/tr><tr><td><a href=\"http:\/\/municipiomugica.com\/CAPAMU\/2022\/4to_Trim\/32.-Informe Analitico de Obligaciones Diferentes de Financiamientos LDF.pdf\" title=\"32.-Informe Anal\u00edtico de Obligaciones Diferentes de Financiamientos LDF\">32.-Informe Anal\u00edtico de Obligaciones Diferentes de Financiamientos LDF<\/a><\/td><\/tr><tr><td><a href=\"http:\/\/municipiomugica.com\/CAPAMU\/2022\/4to_Trim\/33.-Informe Analitico de Obligaciones Diferentes de Financiamientos LDF.pdf\" title=\"33.-Informe Anal\u00edtico de Obligaciones Diferentes de Financiamientos LDF\">33.-Informe Anal\u00edtico de Obligaciones Diferentes de Financiamientos LDF<\/a><\/td><\/tr><tr><td><a href=\"http:\/\/municipiomugica.com\/CAPAMU\/2022\/4to_Trim\/34.-Informe Analitico de Obligaciones Diferentes de Financiamientos LDF.pdf\" title=\"34.-Informe Anal\u00edtico de Obligaciones Diferentes de Financiamientos LDF\">34.-Informe Anal\u00edtico de Obligaciones Diferentes de Financiamientos LDF<\/a><\/td><\/tr><tr><td><a href=\"http:\/\/municipiomugica.com\/CAPAMU\/2022\/4to_Trim\/35.-Balance Presupuestario LDF.pdf\" title=\"35.-Balance Presupuestario LDF\">35.-Balance Presupuestario LDF<\/a><\/td><\/tr><tr><td><a href=\"http:\/\/municipiomugica.com\/CAPAMU\/2022\/4to_Trim\/36.-Estado Analitico de Ingresos Detallado LDF.pdf\" title=\"36.-Estado Anal\u00edtico de Ingresos Detallado LDF\">36.-Estado Anal\u00edtico de Ingresos Detallado LDF<\/a><\/td><\/tr><tr><td><a href=\"http:\/\/municipiomugica.com\/CAPAMU\/2022\/4to_Trim\/37.-Estado Analitico de Ingresos Detallado LDF.pdf\" title=\"37.-Estado Anal\u00edtico de Ingresos Detallado LDF\">37.-Estado Anal\u00edtico de Ingresos Detallado LDF<\/a><\/td><\/tr><tr><td><a href=\"http:\/\/municipiomugica.com\/CAPAMU\/2022\/4to_Trim\/38.-Estado Analitico del Ejercicio del Presupuesto de Egresos Detallado LDF Clasificacion por Objeto del Gasto (Capitulo y Concepto).pdf\" title=\"38.-Estado Anal\u00edtico del Ejercicio del Presupuesto de Egresos Detallado LDF Clasificaci\u00f3n por Objeto del Gasto (Capitulo y Concepto)\">38.-Estado Anal\u00edtico del Ejercicio del Presupuesto de Egresos Detallado LDF Clasificaci\u00f3n por Objeto del Gasto (Capitulo y Concepto)<\/a><\/td><\/tr><tr><td><a href=\"http:\/\/municipiomugica.com\/CAPAMU\/2022\/4to_Trim\/39.-Estado Analitico del Ejercicio del Presupuesto de Egresos Detallado LDF Clasificacion por Objeto del Gasto (Capitulo y Concepto).pdf\" title=\"39.-Estado Anal\u00edtico del Ejercicio del Presupuesto de Egresos Detallado LDF Clasificaci\u00f3n por Objeto del Gasto (Capitulo y Concepto)\">39.-Estado Anal\u00edtico del Ejercicio del Presupuesto de Egresos Detallado LDF Clasificaci\u00f3n por Objeto del Gasto (Capitulo y Concepto)<\/a><\/td><\/tr><tr><td><a href=\"http:\/\/municipiomugica.com\/CAPAMU\/2022\/4to_Trim\/40.-Estado Analitico del Ejercicio del Presupuesto de Egresos Detallado LDF Clasificacion por Objeto de Gasto (Capitulo y Concepto).pdf\" title=\"40.-Estado Anal\u00edtico del Ejercicio del Presupuesto de Egresos Detallado LDF Clasificaci\u00f3n por Objeto de Gasto (Capitulo y Concepto)\">40.-Estado Anal\u00edtico del Ejercicio del Presupuesto de Egresos Detallado LDF Clasificaci\u00f3n por Objeto de Gasto (Capitulo y Concepto)<\/a><\/td><\/tr><tr><td><a href=\"http:\/\/municipiomugica.com\/CAPAMU\/2022\/4to_Trim\/41.-Estado Analitico del Eejercicio del Presupueto de Egresos Detallado LDF Clasificacion por objeto del Gasto (Capitulo y Concepto).pdf\" title=\"41.-Estado Anal\u00edtico del Ejercicio del Presupuesto de Egresos Detallado LDF Clasificaci\u00f3n por objeto del Gasto (Capitulo y Concepto)\">41.-Estado Anal\u00edtico del Ejercicio del Presupuesto de Egresos Detallado LDF Clasificaci\u00f3n por objeto del Gasto (Capitulo y Concepto)<\/a><\/td><\/tr><tr><td><a href=\"http:\/\/municipiomugica.com\/CAPAMU\/2022\/4to_Trim\/42.-Estado Analitico del Ejercicio del Presupuesto de Egresos Detalado LDF Clasificacion Administrativa.pdf\" title=\"42.-Estado Anal\u00edtico del Ejercicio del Presupuesto de Egresos Detallado LDF Clasificaci\u00f3n Administrativa\">42.-Estado Anal\u00edtico del Ejercicio del Presupuesto de Egresos Detallado LDF Clasificaci\u00f3n Administrativa<\/a><\/td><\/tr><tr><td><a href=\"http:\/\/municipiomugica.com\/CAPAMU\/2022\/4to_Trim\/43.-Estado Analitico del Ejercicio del Presupuesto de Egresos Detallado LDF Clasificacion Funcional (Finalidad y Funcion).pdf\" title=\"43.-Estado Anal\u00edtico del Ejercicio del Presupuesto de Egresos Detallado LDF Clasificaci\u00f3n Funcional (Finalidad y Funci\u00f3n)\">43.-Estado Anal\u00edtico del Ejercicio del Presupuesto de Egresos Detallado LDF Clasificaci\u00f3n Funcional (Finalidad y Funci\u00f3n)<\/a><\/td><\/tr><tr><td><a href=\"http:\/\/municipiomugica.com\/CAPAMU\/2022\/4to_Trim\/44.-Estado Analitico del Ejercicio del Presupuesto de Egresos Detallado LDF Clasificacion Funcional (Finalidad y Funcion).pdf\" title=\"44.-Estado Anal\u00edtico del Ejercicio del Presupuesto de Egresos Detallado LDF Clasificaci\u00f3n Funcional (Finalidad y Funci\u00f3n)\">44.-Estado Anal\u00edtico del Ejercicio del Presupuesto de Egresos Detallado LDF Clasificaci\u00f3n Funcional (Finalidad y Funci\u00f3n)<\/a><\/td><\/tr><tr><td><a href=\"http:\/\/municipiomugica.com\/CAPAMU\/2022\/4to_Trim\/45.-Estado Analitico del Ejercicio del Presupuesto de Egresos Detallado LDF Clasificacion de Servicios Personales por Categoria.pdf\" title=\"45.-Estado Anal\u00edtico del Ejercicio del Presupuesto de Egresos Detallado LDF Clasificaci\u00f3n de Servicios Personales por Categor\u00eda\">45.-Estado Anal\u00edtico del Ejercicio del Presupuesto de Egresos Detallado LDF Clasificaci\u00f3n de Servicios Personales por Categor\u00eda<\/a><\/td><\/tr><tr><td><a href=\"http:\/\/municipiomugica.com\/CAPAMU\/2022\/4to_Trim\/46.-Proyecciones de Ingresos LDF.pdf\" title=\"46.-Proyecciones de Ingresos LDF\">46.-Proyecciones de Ingresos LDF<\/a><\/td><\/tr><tr><td><a href=\"http:\/\/municipiomugica.com\/CAPAMU\/2022\/4to_Trim\/47.-Proyecciones de Egresos LDF.pdf\" title=\"47.-Proyecciones de Egresos LDF\">47.-Proyecciones de Egresos LDF<\/a><\/td><\/tr><tr><td><a href=\"http:\/\/municipiomugica.com\/CAPAMU\/2022\/4to_Trim\/48.-Resultados de Ingresos LDF.pdf\" title=\"48.-Resultados de Ingresos LDF\">48.-Resultados de Ingresos LDF<\/a><\/td><\/tr><tr><td><a href=\"http:\/\/municipiomugica.com\/CAPAMU\/2022\/4to_Trim\/49.-Resultados de Egresos LDF.pdf\" title=\"49.-Resultados de Egresos LDF\">49.-Resultados de Egresos LDF<\/a><\/td><\/tr><tr><td><a href=\"http:\/\/municipiomugica.com\/CAPAMU\/2022\/4to_Trim\/50.-Resultados de Ingresos LDF.pdf\" title=\"50.-Resultados de Ingresos LDF\">50.-Resultados de Ingresos LDF<\/a><\/td><\/tr><tr><td><a href=\"http:\/\/municipiomugica.com\/CAPAMU\/2022\/4to_Trim\/51.-Resultados de Egresos LDF.pdf\" title=\"51.-Resultados de Egresos LDF\">51.-Resultados de Egresos LDF<\/a><\/td><\/tr><tr><td><a href=\"http:\/\/municipiomugica.com\/CAPAMU\/2022\/4to_Trim\/52.-Anexo 1. Reporte de la Aplicacion de la Deuda Publica Adquirida para Inverciones Publicas Productivas.pdf\" title=\"52.-Anexo 1. Reporte de la Aplicaci\u00f3n de la Deuda P\u00fablica Adquirida para Inversiones P\u00fablicas Productivas\">52.-Anexo 1. Reporte de la Aplicaci\u00f3n de la Deuda P\u00fablica Adquirida para Inversiones P\u00fablicas Productivas<\/a><\/td><\/tr><tr><td><a href=\"http:\/\/municipiomugica.com\/CAPAMU\/2022\/4to_Trim\/53.-Anexo 2. Relacion de Gastos Realizados en Obras Ejecutadas por Administracion Directa.pdf\" title=\"53.-Anexo 2. Relaci\u00f3n de Gastos Realizados en Obras Ejecutadas por Administraci\u00f3n Directa\">53.-Anexo 2. Relaci\u00f3n de Gastos Realizados en Obras Ejecutadas por Administraci\u00f3n Directa<\/a><\/td><\/tr><tr><td><a href=\"http:\/\/municipiomugica.com\/CAPAMU\/2022\/4to_Trim\/54.-Anexo 3. Relacion de Obras Ejecutadas.pdf\" title=\"54.-Anexo 3. Relaci\u00f3n de Obras Ejecutadas\">54.-Anexo 3. Relaci\u00f3n de Obras Ejecutadas<\/a><\/td><\/tr><tr><td><a href=\"http:\/\/municipiomugica.com\/CAPAMU\/2022\/4to_Trim\/55.-Anexo 4. Vinculacion de Objetivos.pdf\" title=\"55.-Anexo 4. Vinculaci\u00f3n de Objetivos\">55.-Anexo 4. Vinculaci\u00f3n de Objetivos<\/a><\/td><\/tr><tr><td><a href=\"http:\/\/municipiomugica.com\/CAPAMU\/2022\/4to_Trim\/56.-Anexo 5. Informe del Avance Programatico Presupuestario.pdf\" title=\"56.-Anexo 5. Informe del Avance Program\u00e1tico Presupuestario\">56.-Anexo 5. Informe del Avance Program\u00e1tico Presupuestario<\/a><\/td><\/tr><tr><td><a href=\"http:\/\/municipiomugica.com\/CAPAMU\/2022\/4to_Trim\/57.-Analiticos Mensuales Octubre.pdf\" title=\"57.-Anal\u00edticos Mensuales Octubre\">57.-Anal\u00edticos Mensuales Octubre<\/a><\/td><\/tr><tr><td><a href=\"http:\/\/municipiomugica.com\/CAPAMU\/2022\/4to_Trim\/58.-Conciliacion Bancaria Octubre.pdf\" title=\"58.-Conciliacion Bancaria Octubre\">58.-Conciliacion Bancaria Octubre<\/a><\/td><\/tr><tr><td><a href=\"http:\/\/municipiomugica.com\/CAPAMU\/2022\/4to_Trim\/59.-Estado de Cuenta Octubre.pdf\" title=\"59.-Estado de Cuenta Octubre\">59.-Estado de Cuenta Octubre<\/a><\/td><\/tr><tr><td><a href=\"http:\/\/municipiomugica.com\/CAPAMU\/2022\/4to_Trim\/60.-Analiticos Mensuales Octubre.pdf\" title=\"60.-Anal\u00edticos Mensuales Octubre\">60.-Anal\u00edticos Mensuales Octubre<\/a><\/td><\/tr><tr><td><a href=\"http:\/\/municipiomugica.com\/CAPAMU\/2022\/4to_Trim\/61.-Analiticos Mensuales Noviembre.pdf\" title=\"61.-Anal\u00edticos Mensuales Noviembre\">61.-Anal\u00edticos Mensuales Noviembre<\/a><\/td><\/tr><tr><td><a href=\"http:\/\/municipiomugica.com\/CAPAMU\/2022\/4to_Trim\/62.-Conciliacion Bancaria Noviembre.pdf\" title=\"62.-Conciliaci\u00f3n Bancaria Noviembre\">62.-Conciliaci\u00f3n Bancaria Noviembre<\/a><\/td><\/tr><tr><td><a href=\"http:\/\/municipiomugica.com\/CAPAMU\/2022\/4to_Trim\/63.-Estado de Cuenta Noviembre.pdf\" title=\"63.-Estado de Cuenta Noviembre\">63.-Estado de Cuenta Noviembre<\/a><\/td><\/tr><tr><td><a href=\"http:\/\/municipiomugica.com\/CAPAMU\/2022\/4to_Trim\/64.-Analiticos Mensuales Noviembre.pdf\" title=\"64.-Anal\u00edticos Mensuales Noviembre\">64.-Anal\u00edticos Mensuales Noviembre<\/a><\/td><\/tr><tr><td><a href=\"http:\/\/municipiomugica.com\/CAPAMU\/2022\/4to_Trim\/65.-Analiticos Mensuales Diciembre.pdf\" title=\"65.-Anal\u00edticos Mensuales Diciembre\">65.-Anal\u00edticos Mensuales Diciembre<\/a><\/td><\/tr><tr><td><a href=\"http:\/\/municipiomugica.com\/CAPAMU\/2022\/4to_Trim\/66.-Conciliacion Bancaria Diciembre.pdf\" title=\"66.-Conciliaci\u00f3n Bancaria Diciembre\">66.-Conciliaci\u00f3n Bancaria Diciembre<\/a><\/td><\/tr><tr><td><a href=\"http:\/\/municipiomugica.com\/CAPAMU\/2022\/4to_Trim\/67.-Estado de Cuenta Diciembre.pdf\" title=\"67.-Estado de Cuenta Diciembre\">67.-Estado de Cuenta Diciembre<\/a><\/td><\/tr><tr><td><a href=\"http:\/\/municipiomugica.com\/CAPAMU\/2022\/4to_Trim\/68.-Analiticos Mensuales Diciembre.pdf\" title=\"68.-Analiticos Mensuales Diciembre\">68.-Analiticos Mensuales Diciembre<\/a><\/td><\/tr><tr><td><a href=\"http:\/\/municipiomugica.com\/CAPAMU\/2022\/4to_Trim\/69.-Balanza de Comprobacion.pdf\" title=\"69.-Balanza de Comprobaci\u00f3n\">69.-Balanza de Comprobaci\u00f3n<\/a><\/td><\/tr><tr><td><a href=\"http:\/\/municipiomugica.com\/CAPAMU\/2022\/4to_Trim\/70.-DEPRECIACIONES ACUMULADA OCTUBRE 2022.pdf\" title=\"70.-DEPRECIACIONES ACUMULADA OCTUBRE 2022\">70.-DEPRECIACIONES ACUMULADA OCTUBRE 2022<\/a><\/td><\/tr><tr><td><a href=\"http:\/\/municipiomugica.com\/CAPAMU\/2022\/4to_Trim\/71.-DEPRECIACIONES ACUMULADA NOVIEMBRE 2022.pdf\" title=\"71.-DEPRECIACIONES ACUMULADA NOVIEMBRE 2022\">71.-DEPRECIACIONES ACUMULADA NOVIEMBRE 2022<\/a><\/td><\/tr><tr><td><a href=\"http:\/\/municipiomugica.com\/CAPAMU\/2022\/4to_Trim\/72.-DEPRECIACIONES ACUMULADA DICIEMBRE 2022.pdf\" title=\"72.-DEPRECIACIONES ACUMULADA DICIEMBRE 2022\">72.-DEPRECIACIONES ACUMULADA DICIEMBRE 2022<\/a><\/td><\/tr><\/tbody><\/table><\/figure>\n","protected":false},"excerpt":{"rendered":"<p>1.-PORTADA 2.-INDICE 3.-ACTA JUNTA DE CABILDO 4.-ACTA JUNTA DE GOBIERNO 5.-ESTADO DE ACTIVIDADES 6.-Estado de Situaci\u00f3n Financiera 7.-Estado Variaci\u00f3n en la Hacienda Publica 8.-Estado de Cambio de Situaci\u00f3n Financiera 9.-Estado &#8230;<\/p>\n","protected":false},"author":2,"featured_media":0,"parent":0,"menu_order":0,"comment_status":"closed","ping_status":"closed","template":"","meta":{"om_disable_all_campaigns":false,"footnotes":""},"class_list":["post-3974","page","type-page","status-publish","hentry"],"aioseo_notices":[],"_links":{"self":[{"href":"https:\/\/municipiomugica.com\/index.php\/wp-json\/wp\/v2\/pages\/3974","targetHints":{"allow":["GET"]}}],"collection":[{"href":"https:\/\/municipiomugica.com\/index.php\/wp-json\/wp\/v2\/pages"}],"about":[{"href":"https:\/\/municipiomugica.com\/index.php\/wp-json\/wp\/v2\/types\/page"}],"author":[{"embeddable":true,"href":"https:\/\/municipiomugica.com\/index.php\/wp-json\/wp\/v2\/users\/2"}],"replies":[{"embeddable":true,"href":"https:\/\/municipiomugica.com\/index.php\/wp-json\/wp\/v2\/comments?post=3974"}],"version-history":[{"count":14,"href":"https:\/\/municipiomugica.com\/index.php\/wp-json\/wp\/v2\/pages\/3974\/revisions"}],"predecessor-version":[{"id":4001,"href":"https:\/\/municipiomugica.com\/index.php\/wp-json\/wp\/v2\/pages\/3974\/revisions\/4001"}],"wp:attachment":[{"href":"https:\/\/municipiomugica.com\/index.php\/wp-json\/wp\/v2\/media?parent=3974"}],"curies":[{"name":"wp","href":"https:\/\/api.w.org\/{rel}","templated":true}]}}