{"id":4230,"date":"2023-05-06T05:25:44","date_gmt":"2023-05-06T11:25:44","guid":{"rendered":"http:\/\/municipiomugica.com\/?page_id=4230"},"modified":"2023-05-06T05:26:29","modified_gmt":"2023-05-06T11:26:29","slug":"noviembre","status":"publish","type":"page","link":"https:\/\/municipiomugica.com\/index.php\/noviembre\/","title":{"rendered":"NOVIEMBRE"},"content":{"rendered":"\n<figure class=\"wp-block-table is-style-stripes\"><table><tbody><tr><td><a href=\"http:\/\/www.municipiomugica.com\/Cuenta_Publica\/2022\/VIII\/1.-%20ESTADOS%20DE%20CUENTA%20CONCILIACIONES%20Y%20AUXILIARES%20CONTABLES%202022\/CUARTO%20TRIMESTRE\/NOV\/ANAL%C3%8DTICO%20MENSUAL%204592.pdf\" title=\"ANAL\u00cdTICO MENSUAL 4592\">ANAL\u00cdTICO MENSUAL 4592<\/a><\/td><\/tr><tr><td><a href=\"http:\/\/www.municipiomugica.com\/Cuenta_Publica\/2022\/VIII\/1.-%20ESTADOS%20DE%20CUENTA%20CONCILIACIONES%20Y%20AUXILIARES%20CONTABLES%202022\/CUARTO%20TRIMESTRE\/NOV\/ANAL%C3%8DTICO%20MENSUAL%20CTA%200183.pdf\" title=\"ANAL\u00cdTICO MENSUAL CTA 0183\">ANAL\u00cdTICO MENSUAL CTA 0183<\/a><\/td><\/tr><tr><td><a href=\"http:\/\/www.municipiomugica.com\/Cuenta_Publica\/2022\/VIII\/1.-%20ESTADOS%20DE%20CUENTA%20CONCILIACIONES%20Y%20AUXILIARES%20CONTABLES%202022\/CUARTO%20TRIMESTRE\/NOV\/ANAL%C3%8DTICO%20MENSUAL%20CTA%200554.pdf\" title=\"ANAL\u00cdTICO MENSUAL CTA 0554\">ANAL\u00cdTICO MENSUAL CTA 0554<\/a><\/td><\/tr><tr><td><a href=\"http:\/\/www.municipiomugica.com\/Cuenta_Publica\/2022\/VIII\/1.-%20ESTADOS%20DE%20CUENTA%20CONCILIACIONES%20Y%20AUXILIARES%20CONTABLES%202022\/CUARTO%20TRIMESTRE\/NOV\/ANAL%C3%8DTICO%20MENSUAL%20CTA%203386.pdf\" title=\"ANAL\u00cdTICO MENSUAL CTA 3386\">ANAL\u00cdTICO MENSUAL CTA 3386<\/a><\/td><\/tr><tr><td><a href=\"http:\/\/www.municipiomugica.com\/Cuenta_Publica\/2022\/VIII\/1.-%20ESTADOS%20DE%20CUENTA%20CONCILIACIONES%20Y%20AUXILIARES%20CONTABLES%202022\/CUARTO%20TRIMESTRE\/NOV\/ANAL%C3%8DTICO%20MENSUAL%20CTA%203505.pdf\" title=\"ANAL\u00cdTICO MENSUAL CTA 3505\">ANAL\u00cdTICO MENSUAL CTA 3505<\/a><\/td><\/tr><tr><td><a href=\"http:\/\/www.municipiomugica.com\/Cuenta_Publica\/2022\/VIII\/1.-%20ESTADOS%20DE%20CUENTA%20CONCILIACIONES%20Y%20AUXILIARES%20CONTABLES%202022\/CUARTO%20TRIMESTRE\/NOV\/ANAL%C3%8DTICO%20MENSUAL%20CTA%204717.pdf\" title=\"ANAL\u00cdTICO MENSUAL CTA 4717\">ANAL\u00cdTICO MENSUAL CTA 4717<\/a><\/td><\/tr><tr><td><a href=\"http:\/\/www.municipiomugica.com\/Cuenta_Publica\/2022\/VIII\/1.-%20ESTADOS%20DE%20CUENTA%20CONCILIACIONES%20Y%20AUXILIARES%20CONTABLES%202022\/CUARTO%20TRIMESTRE\/NOV\/ANAL%C3%8DTICO%20MENSUAL%20CTA%206057.pdf\" title=\"ANAL\u00cdTICO MENSUAL CTA 6057\">ANAL\u00cdTICO MENSUAL CTA 6057<\/a><\/td><\/tr><tr><td><a href=\"http:\/\/www.municipiomugica.com\/Cuenta_Publica\/2022\/VIII\/1.-%20ESTADOS%20DE%20CUENTA%20CONCILIACIONES%20Y%20AUXILIARES%20CONTABLES%202022\/CUARTO%20TRIMESTRE\/NOV\/ANAL%C3%8DTICO%20MENSUAL%20CTA%207050.pdf\" title=\"ANAL\u00cdTICO MENSUAL CTA 7050\">ANAL\u00cdTICO MENSUAL CTA 7050<\/a><\/td><\/tr><tr><td><a href=\"http:\/\/www.municipiomugica.com\/Cuenta_Publica\/2022\/VIII\/1.-%20ESTADOS%20DE%20CUENTA%20CONCILIACIONES%20Y%20AUXILIARES%20CONTABLES%202022\/CUARTO%20TRIMESTRE\/NOV\/ANAL%C3%8DTICO%20MENSUAL%20CTA%208440.pdf\" title=\"ANAL\u00cdTICO MENSUAL CTA 8440\">ANAL\u00cdTICO MENSUAL CTA 8440<\/a><\/td><\/tr><tr><td><a href=\"http:\/\/www.municipiomugica.com\/Cuenta_Publica\/2022\/VIII\/1.-%20ESTADOS%20DE%20CUENTA%20CONCILIACIONES%20Y%20AUXILIARES%20CONTABLES%202022\/CUARTO%20TRIMESTRE\/NOV\/ANAL%C3%8DTICO%20MENSUAL%20CTA%209211.pdf\" title=\"ANAL\u00cdTICO MENSUAL CTA 9211\">ANAL\u00cdTICO MENSUAL CTA 9211<\/a><\/td><\/tr><tr><td><a href=\"http:\/\/www.municipiomugica.com\/Cuenta_Publica\/2022\/VIII\/1.-%20ESTADOS%20DE%20CUENTA%20CONCILIACIONES%20Y%20AUXILIARES%20CONTABLES%202022\/CUARTO%20TRIMESTRE\/NOV\/ANAL%C3%8DTICO%20MENSUAL%20CTA%209254.pdf\" title=\"ANAL\u00cdTICO MENSUAL CTA 9254\">ANAL\u00cdTICO MENSUAL CTA 9254<\/a><\/td><\/tr><tr><td><a href=\"http:\/\/www.municipiomugica.com\/Cuenta_Publica\/2022\/VIII\/1.-%20ESTADOS%20DE%20CUENTA%20CONCILIACIONES%20Y%20AUXILIARES%20CONTABLES%202022\/CUARTO%20TRIMESTRE\/NOV\/0183%20NOV.pdf\" title=\"0183 NOV\">0183 NOV<\/a><\/td><\/tr><tr><td><a href=\"http:\/\/www.municipiomugica.com\/Cuenta_Publica\/2022\/VIII\/1.-%20ESTADOS%20DE%20CUENTA%20CONCILIACIONES%20Y%20AUXILIARES%20CONTABLES%202022\/CUARTO%20TRIMESTRE\/NOV\/0554%20NOV.pdf\" title=\"0554 NOV\">0554 NOV<\/a><\/td><\/tr><tr><td><a href=\"http:\/\/www.municipiomugica.com\/Cuenta_Publica\/2022\/VIII\/1.-%20ESTADOS%20DE%20CUENTA%20CONCILIACIONES%20Y%20AUXILIARES%20CONTABLES%202022\/CUARTO%20TRIMESTRE\/NOV\/2202%20NOV.pdf\" title=\"2202 NOV\">2202 NOV<\/a><\/td><\/tr><tr><td><a href=\"http:\/\/www.municipiomugica.com\/Cuenta_Publica\/2022\/VIII\/1.-%20ESTADOS%20DE%20CUENTA%20CONCILIACIONES%20Y%20AUXILIARES%20CONTABLES%202022\/CUARTO%20TRIMESTRE\/NOV\/4592%20NOV.pdf\" title=\"4592 NOV\">4592 NOV<\/a><\/td><\/tr><tr><td><a href=\"http:\/\/www.municipiomugica.com\/Cuenta_Publica\/2022\/VIII\/1.-%20ESTADOS%20DE%20CUENTA%20CONCILIACIONES%20Y%20AUXILIARES%20CONTABLES%202022\/CUARTO%20TRIMESTRE\/NOV\/4717%20NOV.pdf\" title=\"4717 NOV\">4717 NOV<\/a><\/td><\/tr><tr><td><a href=\"http:\/\/www.municipiomugica.com\/Cuenta_Publica\/2022\/VIII\/1.-%20ESTADOS%20DE%20CUENTA%20CONCILIACIONES%20Y%20AUXILIARES%20CONTABLES%202022\/CUARTO%20TRIMESTRE\/NOV\/6057%20NOV.pdf\" title=\"6057 NOV\">6057 NOV<\/a><\/td><\/tr><tr><td><a href=\"http:\/\/www.municipiomugica.com\/Cuenta_Publica\/2022\/VIII\/1.-%20ESTADOS%20DE%20CUENTA%20CONCILIACIONES%20Y%20AUXILIARES%20CONTABLES%202022\/CUARTO%20TRIMESTRE\/NOV\/7050%20NOV.pdf\" title=\"7050 NOV\">7050 NOV<\/a><\/td><\/tr><tr><td><a href=\"http:\/\/www.municipiomugica.com\/Cuenta_Publica\/2022\/VIII\/1.-%20ESTADOS%20DE%20CUENTA%20CONCILIACIONES%20Y%20AUXILIARES%20CONTABLES%202022\/CUARTO%20TRIMESTRE\/NOV\/8440%20NOV.pdf\" title=\"8440 NOV\">8440 NOV<\/a><\/td><\/tr><tr><td><a href=\"http:\/\/www.municipiomugica.com\/Cuenta_Publica\/2022\/VIII\/1.-%20ESTADOS%20DE%20CUENTA%20CONCILIACIONES%20Y%20AUXILIARES%20CONTABLES%202022\/CUARTO%20TRIMESTRE\/NOV\/9211%20NOV.pdf\" title=\"9211 NOV\">9211 NOV<\/a><\/td><\/tr><tr><td><a href=\"http:\/\/www.municipiomugica.com\/Cuenta_Publica\/2022\/VIII\/1.-%20ESTADOS%20DE%20CUENTA%20CONCILIACIONES%20Y%20AUXILIARES%20CONTABLES%202022\/CUARTO%20TRIMESTRE\/NOV\/9254%20NOV.pdf\" title=\"9254 NOV\">9254 NOV<\/a><\/td><\/tr><\/tbody><\/table><\/figure>\n","protected":false},"excerpt":{"rendered":"<p>ANAL\u00cdTICO MENSUAL 4592 ANAL\u00cdTICO MENSUAL CTA 0183 ANAL\u00cdTICO MENSUAL CTA 0554 ANAL\u00cdTICO MENSUAL CTA 3386 ANAL\u00cdTICO MENSUAL CTA 3505 ANAL\u00cdTICO MENSUAL CTA 4717 ANAL\u00cdTICO MENSUAL CTA 6057 ANAL\u00cdTICO MENSUAL CTA &#8230;<\/p>\n","protected":false},"author":2,"featured_media":0,"parent":0,"menu_order":0,"comment_status":"closed","ping_status":"closed","template":"","meta":{"om_disable_all_campaigns":false,"footnotes":""},"class_list":["post-4230","page","type-page","status-publish","hentry"],"aioseo_notices":[],"_links":{"self":[{"href":"https:\/\/municipiomugica.com\/index.php\/wp-json\/wp\/v2\/pages\/4230","targetHints":{"allow":["GET"]}}],"collection":[{"href":"https:\/\/municipiomugica.com\/index.php\/wp-json\/wp\/v2\/pages"}],"about":[{"href":"https:\/\/municipiomugica.com\/index.php\/wp-json\/wp\/v2\/types\/page"}],"author":[{"embeddable":true,"href":"https:\/\/municipiomugica.com\/index.php\/wp-json\/wp\/v2\/users\/2"}],"replies":[{"embeddable":true,"href":"https:\/\/municipiomugica.com\/index.php\/wp-json\/wp\/v2\/comments?post=4230"}],"version-history":[{"count":2,"href":"https:\/\/municipiomugica.com\/index.php\/wp-json\/wp\/v2\/pages\/4230\/revisions"}],"predecessor-version":[{"id":4232,"href":"https:\/\/municipiomugica.com\/index.php\/wp-json\/wp\/v2\/pages\/4230\/revisions\/4232"}],"wp:attachment":[{"href":"https:\/\/municipiomugica.com\/index.php\/wp-json\/wp\/v2\/media?parent=4230"}],"curies":[{"name":"wp","href":"https:\/\/api.w.org\/{rel}","templated":true}]}}