{"id":4261,"date":"2023-05-11T14:46:25","date_gmt":"2023-05-11T20:46:25","guid":{"rendered":"http:\/\/municipiomugica.com\/?page_id=4261"},"modified":"2023-05-11T14:52:07","modified_gmt":"2023-05-11T20:52:07","slug":"presupuesto-de-egresos-2022","status":"publish","type":"page","link":"https:\/\/municipiomugica.com\/index.php\/presupuesto-de-egresos-2022\/","title":{"rendered":"PRESUPUESTO DE EGRESOS 2022"},"content":{"rendered":"\n<figure class=\"wp-block-table is-style-stripes\"><table><tbody><tr><td>1.-<\/td><td><a href=\"http:\/\/www.municipiomugica.com\/Presupuesto_2022\/00.%20PRESUPUESTO%20DE%20EGRESOS%20PORTADA%20ACUSE%20DE%20RECIBIDO.pdf\" title=\"PRESUPUESTO DE EGRESOS PORTADA ACUSE DE RECIBIDO\">PRESUPUESTO DE EGRESOS PORTADA ACUSE DE RECIBIDO<\/a><\/td><\/tr><tr><td>2.-<\/td><td><a href=\"http:\/\/www.municipiomugica.com\/Presupuesto_2022\/1.%20CARATULA.pdf\" title=\"CARATULA\">CARATULA<\/a><\/td><\/tr><tr><td>3.-<\/td><td><a href=\"http:\/\/www.municipiomugica.com\/Presupuesto_2022\/2.%20INDICE.pdf\" title=\"INDICE\">INDICE<\/a><\/td><\/tr><tr><td>4.-<\/td><td><a href=\"http:\/\/www.municipiomugica.com\/Presupuesto_2022\/3.%20%C3%81RBOLES%20DE%20PROBLEMA.pdf\" title=\"\u00c1RBOLES DE PROBLEMA\">\u00c1RBOLES DE PROBLEMA<\/a><\/td><\/tr><tr><td>5.-<\/td><td><a href=\"http:\/\/www.municipiomugica.com\/Presupuesto_2022\/4.%20CRI%20Y%20CALENDARIO%20DE%20EGRESOS.pdf\" title=\"CRI Y CALENDARIO DE EGRESOS\">CRI Y CALENDARIO DE EGRESOS<\/a><\/td><\/tr><tr><td>6.-<\/td><td><a href=\"http:\/\/www.municipiomugica.com\/Presupuesto_2022\/5.%20PROYECCION%20DE%20EGRESOS.pdf\" title=\"PROYECCION DE EGRESOS\">PROYECCION DE EGRESOS<\/a><\/td><\/tr><tr><td>7.-<\/td><td><a href=\"http:\/\/www.municipiomugica.com\/Presupuesto_2022\/6.%20RESULTADO%20DE%20EGRESOS.pdf\" title=\"RESULTADO DE EGRESOS\">RESULTADO DE EGRESOS<\/a><\/td><\/tr><tr><td>8.-<\/td><td><a href=\"http:\/\/www.municipiomugica.com\/Presupuesto_2022\/7.%20MATRIZ%20DE%20INDICDORES.pdf\" title=\"MATRIZ DE INDICDORES\">MATRIZ DE INDICDORES<\/a><\/td><\/tr><tr><td>9.-<\/td><td><a href=\"http:\/\/www.municipiomugica.com\/Presupuesto_2022\/8.%20APERTURA%20PROGRAM%C3%81TICA.pdf\" title=\"APERTURA PROGRAM\u00c1TICA\">APERTURA PROGRAM\u00c1TICA<\/a><\/td><\/tr><tr><td>10.-<\/td><td><a href=\"http:\/\/www.municipiomugica.com\/Presupuesto_2022\/9.%20PROGRAMA%20OPERATIVO%20ANUAL.pdf\" title=\"PROGRAMA OPERATIVO ANUAL\">PROGRAMA OPERATIVO ANUAL<\/a><\/td><\/tr><tr><td>11.-<\/td><td><a href=\"http:\/\/www.municipiomugica.com\/Presupuesto_2022\/10.%20ALINEACI%C3%93N%2C%20PLANEACI%C3%93N%2C%20PROGRAMACI%C3%93N.pdf\" title=\"ALINEACI\u00d3N, PLANEACI\u00d3N, PROGRAMACI\u00d3N\">ALINEACI\u00d3N, PLANEACI\u00d3N, PROGRAMACI\u00d3N<\/a><\/td><\/tr><tr><td>12.-<\/td><td><a href=\"http:\/\/www.municipiomugica.com\/Presupuesto_2022\/11.%20CLASIFICACI%C3%93N%20DEL%20GASTO.pdf\" title=\"CLASIFICACI\u00d3N DEL GASTO\">CLASIFICACI\u00d3N DEL GASTO<\/a><\/td><\/tr><tr><td>13.-<\/td><td><a href=\"http:\/\/www.municipiomugica.com\/Presupuesto_2022\/12.%20PRESUPUESTO%20DE%20EGRESOS%20GENERAL.pdf\" title=\"PRESUPUESTO DE EGRESOS GENERAL\">PRESUPUESTO DE EGRESOS GENERAL<\/a><\/td><\/tr><tr><td>14.-<\/td><td><a href=\"http:\/\/www.municipiomugica.com\/Presupuesto_2022\/13.%20PLANTILLA%20DE%20PERSONAL.pdf\" title=\"PLANTILLA DE PERSONAL\">PLANTILLA DE PERSONAL<\/a><\/td><\/tr><tr><td>15.-<\/td><td><a href=\"http:\/\/www.municipiomugica.com\/Presupuesto_2022\/14.%20TABULADOR%20DE%20SUELDOS.pdf\" title=\"TABULADOR DE SUELDOS\">TABULADOR DE SUELDOS<\/a><\/td><\/tr><tr><td>16.-<\/td><td><a href=\"http:\/\/www.municipiomugica.com\/Presupuesto_2022\/15.%20ANEXOS%20DE%20OBRA.pdf\" title=\"ANEXOS DE OBRA\">ANEXOS DE OBRA<\/a><\/td><\/tr><tr><td>17.-<\/td><td><a href=\"http:\/\/www.municipiomugica.com\/Presupuesto_2022\/16.%20INFORMACI%C3%93N%20DE%20LA%20DEUDA.pdf\" title=\"INFORMACI\u00d3N DE LA DEUDA\">INFORMACI\u00d3N DE LA DEUDA<\/a><\/td><\/tr><tr><td>18.-<\/td><td><a href=\"http:\/\/www.municipiomugica.com\/Presupuesto_2022\/18.%20PRESUPUESTO%20GENERAL.pdf\" title=\"PRESUPUESTO GENERAL\">PRESUPUESTO GENERAL<\/a><\/td><\/tr><tr><td>19.-<\/td><td><a href=\"http:\/\/www.municipiomugica.com\/Presupuesto_2022\/19.%20ACTA%20No%2020%20SESION%20ORDINARIA%20011%20APROBACI%C3%93N%20PRESUPUESTO%20DE%20EGRESOS.pdf\" title=\"ACTA No 20 SESION ORDINARIA 011 APROBACI\u00d3N PRESUPUESTO DE EGRESOS\">ACTA No 20 SESION ORDINARIA 011 APROBACI\u00d3N PRESUPUESTO DE EGRESOS<\/a><\/td><\/tr><\/tbody><\/table><\/figure>\n","protected":false},"excerpt":{"rendered":"<p>1.- PRESUPUESTO DE EGRESOS PORTADA ACUSE DE RECIBIDO 2.- CARATULA 3.- INDICE 4.- \u00c1RBOLES DE PROBLEMA 5.- CRI Y CALENDARIO DE EGRESOS 6.- PROYECCION DE EGRESOS 7.- RESULTADO DE EGRESOS &#8230;<\/p>\n","protected":false},"author":2,"featured_media":0,"parent":0,"menu_order":0,"comment_status":"closed","ping_status":"closed","template":"","meta":{"om_disable_all_campaigns":false,"footnotes":""},"class_list":["post-4261","page","type-page","status-publish","hentry"],"aioseo_notices":[],"_links":{"self":[{"href":"https:\/\/municipiomugica.com\/index.php\/wp-json\/wp\/v2\/pages\/4261","targetHints":{"allow":["GET"]}}],"collection":[{"href":"https:\/\/municipiomugica.com\/index.php\/wp-json\/wp\/v2\/pages"}],"about":[{"href":"https:\/\/municipiomugica.com\/index.php\/wp-json\/wp\/v2\/types\/page"}],"author":[{"embeddable":true,"href":"https:\/\/municipiomugica.com\/index.php\/wp-json\/wp\/v2\/users\/2"}],"replies":[{"embeddable":true,"href":"https:\/\/municipiomugica.com\/index.php\/wp-json\/wp\/v2\/comments?post=4261"}],"version-history":[{"count":3,"href":"https:\/\/municipiomugica.com\/index.php\/wp-json\/wp\/v2\/pages\/4261\/revisions"}],"predecessor-version":[{"id":4265,"href":"https:\/\/municipiomugica.com\/index.php\/wp-json\/wp\/v2\/pages\/4261\/revisions\/4265"}],"wp:attachment":[{"href":"https:\/\/municipiomugica.com\/index.php\/wp-json\/wp\/v2\/media?parent=4261"}],"curies":[{"name":"wp","href":"https:\/\/api.w.org\/{rel}","templated":true}]}}