{"id":4447,"date":"2023-07-31T23:38:57","date_gmt":"2023-08-01T05:38:57","guid":{"rendered":"http:\/\/municipiomugica.com\/?page_id=4447"},"modified":"2023-07-31T23:52:55","modified_gmt":"2023-08-01T05:52:55","slug":"2do-informe-trimestral-2023","status":"publish","type":"page","link":"https:\/\/municipiomugica.com\/index.php\/2do-informe-trimestral-2023\/","title":{"rendered":"2DO INFORME TRIMESTRAL 2023"},"content":{"rendered":"\n<p>I. CARATULA<\/p>\n\n\n\n<figure class=\"wp-block-table is-style-stripes\"><table><tbody><tr><td><a href=\"http:\/\/www.municipiomugica.com\/Ley_Dis_Fin\/2023\/2do_Trim\/FRACC%20I%20CAR%C3%81TULA\/Car%C3%A1tula.pdf\" title=\"CARATULA\">CARATULA<\/a><\/td><\/tr><\/tbody><\/table><\/figure>\n\n\n\n<p>II. \u00cdNDICE<\/p>\n\n\n\n<figure class=\"wp-block-table is-style-stripes\"><table><tbody><tr><td><a href=\"http:\/\/www.municipiomugica.com\/Ley_Dis_Fin\/2023\/2do_Trim\/FRACC%20II%20INDICE%20DEL%20CONTENIDO\/indice.pdf\" title=\"\u00cdNDICE\">\u00cdNDICE<\/a><\/td><\/tr><\/tbody><\/table><\/figure>\n\n\n\n<p>III. ACTA DE SESI\u00d3N DE CABILDO<\/p>\n\n\n\n<figure class=\"wp-block-table is-style-stripes\"><table><tbody><tr><td><a href=\"http:\/\/www.municipiomugica.com\/Ley_Dis_Fin\/2023\/2do_Trim\/FRACC%20III%20COPIA%20DE%20ACTA%20DE%20SESI%C3%93N%20DE%20CABILDO\/ACTA%20DE%20SESI%C3%93N%20DE%20CABILDO%2086.pdf\" title=\"ACTA DE SESI\u00d3N DE CABILDO\">ACTA DE SESI\u00d3N DE CABILDO<\/a><\/td><\/tr><\/tbody><\/table><\/figure>\n\n\n\n<p>IV. INFORMACI\u00d3N CONTABLE<\/p>\n\n\n\n<figure class=\"wp-block-table is-style-stripes\"><table><tbody><tr><td><a href=\"http:\/\/www.municipiomugica.com\/Ley_Dis_Fin\/2023\/2do_Trim\/FRACC%20IV%20INFORMACI%C3%93N%20CONTABLE\/estado%20analitico%20del%20activo.pdf\" title=\"ESTADO ANALITICO DEL ACTIVO\">ESTADO ANALITICO DEL ACTIVO<\/a><\/td><\/tr><tr><td><a href=\"http:\/\/www.municipiomugica.com\/Ley_Dis_Fin\/2023\/2do_Trim\/FRACC%20IV%20INFORMACI%C3%93N%20CONTABLE\/notasa%20los%20estados%20financieros.pdf\" title=\"NOTAS A LOS ESTADOS FINANCIEROS\">NOTAS A LOS ESTADOS FINANCIEROS<\/a><\/td><\/tr><tr><td><a href=\"http:\/\/www.municipiomugica.com\/Ley_Dis_Fin\/2023\/2do_Trim\/FRACC%20IV%20INFORMACI%C3%93N%20CONTABLE\/estados%20de%20flujo%20de%20efectivo.pdf\" title=\"ESTADOS DE FLUJO DE EFECTIVO\">ESTADOS DE FLUJO DE EFECTIVO<\/a><\/td><\/tr><tr><td><a href=\"http:\/\/www.municipiomugica.com\/Ley_Dis_Fin\/2023\/2do_Trim\/FRACC%20IV%20INFORMACI%C3%93N%20CONTABLE\/estado%20de%20cambios%20en%20la%20situac.pdf\" title=\"ESTADO DE CAMBIOS EN LA SITUACION\">ESTADO DE CAMBIOS EN LA SITUACION<\/a><\/td><\/tr><tr><td><a href=\"http:\/\/www.municipiomugica.com\/Ley_Dis_Fin\/2023\/2do_Trim\/FRACC%20IV%20INFORMACI%C3%93N%20CONTABLE\/estado%20de%20variacion%20de%20haciend.pdf\" title=\"ESTADO DE VARIACION DE HACIENDA\">ESTADO DE VARIACION DE HACIENDA<\/a><\/td><\/tr><tr><td><a href=\"http:\/\/www.municipiomugica.com\/Ley_Dis_Fin\/2023\/2do_Trim\/FRACC%20IV%20INFORMACI%C3%93N%20CONTABLE\/estado%20de%20situacion%20finaciera.pdf\" title=\"ESTADO DE SITUACION FINACIERA\">ESTADO DE SITUACION FINACIERA<\/a><\/td><\/tr><tr><td><a href=\"http:\/\/www.municipiomugica.com\/Ley_Dis_Fin\/2023\/2do_Trim\/FRACC%20IV%20INFORMACI%C3%93N%20CONTABLE\/estado%20de%20actividades.pdf\" title=\"ESTADO DE ACTIVIDADES\">ESTADO DE ACTIVIDADES<\/a><\/td><\/tr><tr><td><a href=\"http:\/\/www.municipiomugica.com\/Ley_Dis_Fin\/2023\/2do_Trim\/FRACC%20IV%20INFORMACI%C3%93N%20CONTABLE\/informacion%20contable%20.pdf\" title=\"INFORMACION CONTABLE\">INFORMACION CONTABLE<\/a><\/td><\/tr><\/tbody><\/table><\/figure>\n\n\n\n<p>V. INFORMACI\u00d3N PRESUPUESTARIA<\/p>\n\n\n\n<figure class=\"wp-block-table is-style-stripes\"><table><tbody><tr><td><a href=\"http:\/\/www.municipiomugica.com\/Ley_Dis_Fin\/2023\/2do_Trim\/FRACC%20V%20INFORMACI%C3%93N%20PRESUPUESTARIA\/estado%20analitico%20de%20ingresos%20ff%20financ%20externos.pdf\" title=\"ESTADO ANALITICO DE INGRESOS FF FINANC EXTERNOS\">ESTADO ANALITICO DE INGRESOS FF FINANC EXTERNOS<\/a><\/td><\/tr><tr><td><a href=\"http:\/\/www.municipiomugica.com\/Ley_Dis_Fin\/2023\/2do_Trim\/FRACC%20V%20INFORMACI%C3%93N%20PRESUPUESTARIA\/estado%20analitico%20de%20ingresos%20fuente%20definanciamiento%20intern.pdf\" title=\"ESTADO ANALITICO DE INGRESOS FUENTE DE FINANCIAMIENTO INTERNOS\">ESTADO ANALITICO DE INGRESOS FUENTE DE FINANCIAMIENTO INTERNOS<\/a><\/td><\/tr><tr><td><a href=\"http:\/\/www.municipiomugica.com\/Ley_Dis_Fin\/2023\/2do_Trim\/FRACC%20V%20INFORMACI%C3%93N%20PRESUPUESTARIA\/estado%20analitico%20de%20ingresos%20ingresos%20propios.pdf\" title=\"ESTADO ANALITICO DE INGRESOS INGRESOS PROPIOS\">ESTADO ANALITICO DE INGRESOS INGRESOS PROPIOS<\/a><\/td><\/tr><tr><td><a href=\"http:\/\/www.municipiomugica.com\/Ley_Dis_Fin\/2023\/2do_Trim\/FRACC%20V%20INFORMACI%C3%93N%20PRESUPUESTARIA\/estado%20analitico%20de%20ingresos%20otros%20recursos%20de%20libre%20dispos.pdf\" title=\"ESTADO ANALITICO DE INGRESOS OTROS RECURSOS DE LIBRE DISPOS\">ESTADO ANALITICO DE INGRESOS OTROS RECURSOS DE LIBRE DISPOS<\/a><\/td><\/tr><tr><td><a href=\"http:\/\/www.municipiomugica.com\/Ley_Dis_Fin\/2023\/2do_Trim\/FRACC%20V%20INFORMACI%C3%93N%20PRESUPUESTARIA\/estado%20analitico%20de%20ingresos%20recursos%20de%20transferencias%20fed%20etiq.pdf\" title=\"ESTADO ANALITICO DE INGRESOS RECURSOS DE TRANSFERENCIAS FED ETIQUETADOS\">ESTADO ANALITICO DE INGRESOS RECURSOS DE TRANSFERENCIAS FED ETIQUETADOS<\/a><\/td><\/tr><tr><td><a href=\"http:\/\/www.municipiomugica.com\/Ley_Dis_Fin\/2023\/2do_Trim\/FRACC%20V%20INFORMACI%C3%93N%20PRESUPUESTARIA\/estado%20analitico%20de%20ingresos%20recursos%20estatales%20etiqu.pdf\" title=\"ESTADO ANALITICO DE INGRESOS RECURSOS ESTATALES ETIQUETADOS\">ESTADO ANALITICO DE INGRESOS RECURSOS ESTATALES ETIQUETADOS<\/a><\/td><\/tr><tr><td><a href=\"http:\/\/www.municipiomugica.com\/Ley_Dis_Fin\/2023\/2do_Trim\/FRACC%20V%20INFORMACI%C3%93N%20PRESUPUESTARIA\/estado%20analitico%20de%20ingresos%20recursos%20federales%20no%20etiq.pdf\" title=\"ESTADO ANALITICO DE INGRESOS RECURSOS FEDERALES NO ETIQUETADOS\">ESTADO ANALITICO DE INGRESOS RECURSOS FEDERALES NO ETIQUETADOS<\/a><\/td><\/tr><tr><td><a href=\"http:\/\/www.municipiomugica.com\/Ley_Dis_Fin\/2023\/2do_Trim\/FRACC%20V%20INFORMACI%C3%93N%20PRESUPUESTARIA\/estado%20analitico%20de%20ingresos%20resursos%20fiscales.pdf\" title=\"ESTADO ANALITICO DE INGRESOS RECURSOS FISCALES\">ESTADO ANALITICO DE INGRESOS RECURSOS FISCALES<\/a><\/td><\/tr><tr><td><a href=\"http:\/\/www.municipiomugica.com\/Ley_Dis_Fin\/2023\/2do_Trim\/FRACC%20V%20INFORMACI%C3%93N%20PRESUPUESTARIA\/estado%20analitico%20de%20ingresos.pdf\" title=\"ESTADO ANALITICO DE INGRESOS\">ESTADO ANALITICO DE INGRESOS<\/a><\/td><\/tr><tr><td><a href=\"http:\/\/www.municipiomugica.com\/Ley_Dis_Fin\/2023\/2do_Trim\/FRACC%20V%20INFORMACI%C3%93N%20PRESUPUESTARIA\/estado%20analitico%20del%20ejercicio%20del%20presup%20de%20egresos%20clasif%20administrativa.pdf\" title=\"ESTADO ANALITICO DEL EJERCICIO DEL PRESUP DE EGRESOS CLASIF ADMINISTRATIVA\">ESTADO ANALITICO DEL EJERCICIO DEL PRESUP DE EGRESOS CLASIF ADMINISTRATIVA<\/a><\/td><\/tr><tr><td><a href=\"http:\/\/www.municipiomugica.com\/Ley_Dis_Fin\/2023\/2do_Trim\/FRACC%20V%20INFORMACI%C3%93N%20PRESUPUESTARIA\/estado%20analitico%20del%20ejercicio%20del%20presup%20de%20egresos%20clasif%20economica.pdf\" title=\"ESTADO ANALITICO DEL EJERCICIO DEL PRESUP DE EGRESOS CLASIF ECON\u00d3MICA\">ESTADO ANALITICO DEL EJERCICIO DEL PRESUP DE EGRESOS CLASIF ECON\u00d3MICA<\/a><\/td><\/tr><tr><td><a href=\"http:\/\/www.municipiomugica.com\/Ley_Dis_Fin\/2023\/2do_Trim\/FRACC%20V%20INFORMACI%C3%93N%20PRESUPUESTARIA\/estado%20analitico%20del%20ejercicio%20del%20presup%20de%20egresos%20clasif%20por%20objeto%20del%20gasto.pdf\" title=\"ESTADO ANALITICO DEL EJERCICIO DEL PRESUP DE EGRESOS CLASIF POR OBJETO DEL GASTO\">ESTADO ANALITICO DEL EJERCICIO DEL PRESUP DE EGRESOS CLASIF POR OBJETO DEL GASTO<\/a><\/td><\/tr><tr><td><a href=\"http:\/\/www.municipiomugica.com\/Ley_Dis_Fin\/2023\/2do_Trim\/FRACC%20V%20INFORMACI%C3%93N%20PRESUPUESTARIA\/estado%20analitico%20del%20ejercicio%20del%20presup%20de%20egresos%20clasificacion%20funcional.pdf\" title=\"ESTADO ANALITICO DEL EJERCICIO DEL PRESUP DE EGRESOS CLASIFICACION FUNCIONAL\">ESTADO ANALITICO DEL EJERCICIO DEL PRESUP DE EGRESOS CLASIFICACION FUNCIONAL<\/a><\/td><\/tr><\/tbody><\/table><\/figure>\n\n\n\n<p>VI. INFORMACI\u00d3N COMPLEMENTARIA<\/p>\n\n\n\n<figure class=\"wp-block-table is-style-stripes\"><table><tbody><tr><td><a href=\"http:\/\/www.municipiomugica.com\/Ley_Dis_Fin\/2023\/2do_Trim\/FRACC%20VI%20INFORMACI%C3%93N%20COMPLEMENTARIA\/A%29%20Norma%20para%20establecer%20la%20estructura%20de%20la%20info%20del%20formato%20de%20ejrcicio%20y%20destino%20del%20gasto%20federalizado.pdf\" title=\"A) NORMA PARA ESTABLECER LA ESTRUCTURA DE LA INF DEL FORMATO DE EJERCICIO Y DESTINO DEL GASTO FEDERALIZADO\">A) NORMA PARA ESTABLECER LA ESTRUCTURA DE LA INF DEL FORMATO DE EJERCICIO Y DESTINO DEL GASTO FEDERALIZADO<\/a><\/td><\/tr><tr><td><a href=\"http:\/\/www.municipiomugica.com\/Ley_Dis_Fin\/2023\/2do_Trim\/FRACC%20VI%20INFORMACI%C3%93N%20COMPLEMENTARIA\/B%29%20CONCILIACI%C3%93N%20ENTRE%20LOS%20INGRESOS%20PRESUPUESTARIOS%20Y%20CONTABLES.pdf\" title=\"B) CONCILIACI\u00d3N ENTRE LOS INGRESOS PRESUPUESTARIOS Y CONTABLES\">B) CONCILIACI\u00d3N ENTRE LOS INGRESOS PRESUPUESTARIOS Y CONTABLES<\/a><\/td><\/tr><tr><td><a href=\"http:\/\/www.municipiomugica.com\/Ley_Dis_Fin\/2023\/2do_Trim\/FRACC%20VI%20INFORMACI%C3%93N%20COMPLEMENTARIA\/C%29%20CONCILIACI%C3%93N%20ENTRE%20LOS%20EGRESOS%20Y%20PRESUPUESTARIOS%20Y%20LOS%20GASTOS%20CONTABLES.pdf\" title=\"C) CONCILIACI\u00d3N ENTRE LOS EGRESOS Y PRESUPUESTARIOS Y LOS GASTOS CONTABLES\">C) CONCILIACI\u00d3N ENTRE LOS EGRESOS Y PRESUPUESTARIOS Y LOS GASTOS CONTABLES<\/a><\/td><\/tr><\/tbody><\/table><\/figure>\n\n\n\n<p>VII. INFORMACI\u00d3N LDF<\/p>\n\n\n\n<figure class=\"wp-block-table is-style-stripes\"><table><tbody><tr><td><a href=\"http:\/\/www.municipiomugica.com\/Ley_Dis_Fin\/2023\/2do_Trim\/FRACC%20VII%20INFORMACI%C3%93N%20LDF\/1.%20ESTADO%20DE%20SITUACI%C3%93N%20FINANCIERA.pdf\" title=\"1.- ESTADO DE SITUACI\u00d3N FINANCIERA\">1.- ESTADO DE SITUACI\u00d3N FINANCIERA<\/a><\/td><\/tr><tr><td><a href=\"http:\/\/www.municipiomugica.com\/Ley_Dis_Fin\/2023\/2do_Trim\/FRACC%20VII%20INFORMACI%C3%93N%20LDF\/2.%20INFORME%20ANAL%C3%8DTICO%20DE%20LA%20DEUDA%20P%C3%9ABLICA%20Y%20OTROS%20PSIVOS.pdf\" title=\"2.- INFORME ANAL\u00cdTICO DE LA DEUDA P\u00daBLICA Y OTROS PASIVOS\">2.- INFORME ANAL\u00cdTICO DE LA DEUDA P\u00daBLICA Y OTROS PASIVOS<\/a><\/td><\/tr><tr><td><a href=\"http:\/\/www.municipiomugica.com\/Ley_Dis_Fin\/2023\/2do_Trim\/FRACC%20VII%20INFORMACI%C3%93N%20LDF\/3.%20INFORME%20ANAL%C3%8DTICO%20DE%20OBLIGACIONES%20DIFERENTES%20DE%20FINANCIAMIENTOS.pdf\" title=\"3.- INFORME ANAL\u00cdTICO DE OBLIGACIONES DIFERENTES DE FINANCIAMIENTOS\">3.- INFORME ANAL\u00cdTICO DE OBLIGACIONES DIFERENTES DE FINANCIAMIENTOS<\/a><\/td><\/tr><tr><td><a href=\"http:\/\/www.municipiomugica.com\/Ley_Dis_Fin\/2023\/2do_Trim\/FRACC%20VII%20INFORMACI%C3%93N%20LDF\/4.%20BALANCE%20PRESUPUESTARIO.pdf\" title=\"4.- BALANCE PRESUPUESTARIO\">4.- BALANCE PRESUPUESTARIO<\/a><\/td><\/tr><tr><td><a href=\"http:\/\/www.municipiomugica.com\/Ley_Dis_Fin\/2023\/2do_Trim\/FRACC%20VII%20INFORMACI%C3%93N%20LDF\/5.%20ESTADO%20ANAL%C3%8DTICO%20DE%20INGRESOS%20DETALLADO.pdf\" title=\"5.- ESTADO ANAL\u00cdTICO DE INGRESOS DETALLADO\">5.- ESTADO ANAL\u00cdTICO DE INGRESOS DETALLADO<\/a><\/td><\/tr><tr><td><a href=\"http:\/\/www.municipiomugica.com\/Ley_Dis_Fin\/2023\/2do_Trim\/FRACC%20VII%20INFORMACI%C3%93N%20LDF\/6.%20ESTADO%20ANAL%C3%8DTICO%20DEL%20EJERC%20DEL%20PRESUP%20EGRESOS%20CLASIF%20ADMINISTRATIV.pdf\" title=\"6.- ESTADO ANAL\u00cdTICO DEL EJERC DEL PRESUP EGRESOS CLASIF ADMINISTRATIVA\">6.- ESTADO ANAL\u00cdTICO DEL EJERC DEL PRESUP EGRESOS CLASIF ADMINISTRATIVA<\/a><\/td><\/tr><tr><td><a href=\"http:\/\/www.municipiomugica.com\/Ley_Dis_Fin\/2023\/2do_Trim\/FRACC%20VII%20INFORMACI%C3%93N%20LDF\/6.%20ESTADO%20ANAL%C3%8DTICO%20DEL%20EJERC%20DEL%20PRESUP%20EGRESOS%20CLASIF%20SERVICIOS%20PERSONALES%20POR%20CATEGOR%C3%8DA.pdf\" title=\"6.- ESTADO ANAL\u00cdTICO DEL EJERC DEL PRESUP EGRESOS CLASIF SERVICIOS PERSONALES POR CATEGOR\u00cdA\">6.- ESTADO ANAL\u00cdTICO DEL EJERC DEL PRESUP EGRESOS CLASIF SERVICIOS PERSONALES POR CATEGOR\u00cdA<\/a><\/td><\/tr><tr><td><a href=\"http:\/\/www.municipiomugica.com\/Ley_Dis_Fin\/2023\/2do_Trim\/FRACC%20VII%20INFORMACI%C3%93N%20LDF\/6.%20ESTADO%20ANAL%C3%8DTICO%20DEL%20EJERC%20DEL%20PRESUP%20EGRESOS%20OBJETO%20DE%20GASTO.pdf\" title=\"6.- ESTADO ANAL\u00cdTICO DEL EJERC DEL PRESUP EGRESOS OBJETO DE GASTO\">6.- ESTADO ANAL\u00cdTICO DEL EJERC DEL PRESUP EGRESOS OBJETO DE GASTO<\/a><\/td><\/tr><tr><td><a href=\"http:\/\/www.municipiomugica.com\/Ley_Dis_Fin\/2023\/2do_Trim\/FRACC%20VII%20INFORMACI%C3%93N%20LDF\/7%29%20PROYECCI%C3%93N%20DE%20EGRESOS.pdf\" title=\"7.- PROYECCI\u00d3N DE EGRESOS\">7.- PROYECCI\u00d3N DE EGRESOS<\/a><\/td><\/tr><tr><td><a href=\"http:\/\/www.municipiomugica.com\/Ley_Dis_Fin\/2023\/2do_Trim\/FRACC%20VII%20INFORMACI%C3%93N%20LDF\/7%29%20PROYECCI%C3%93N%20DE%20LOS%20INGRESOS.pdf\" title=\"7.- PROYECCI\u00d3N DE LOS INGRESOS\">7.- PROYECCI\u00d3N DE LOS INGRESOS<\/a><\/td><\/tr><tr><td><a href=\"http:\/\/www.municipiomugica.com\/Ley_Dis_Fin\/2023\/2do_Trim\/FRACC%20VII%20INFORMACI%C3%93N%20LDF\/7%29%20RESULTADO%20DE%20EGRESOS.pdf\" title=\"7.- RESULTADO DE EGRESOS\">7.- RESULTADO DE EGRESOS<\/a><\/td><\/tr><tr><td><a href=\"http:\/\/www.municipiomugica.com\/Ley_Dis_Fin\/2023\/2do_Trim\/FRACC%20VII%20INFORMACI%C3%93N%20LDF\/7%29%20RESULTADO%20DE%20INGRESOS.pdf\" title=\"7.- RESULTADO DE INGRESOS\">7.- RESULTADO DE INGRESOS<\/a><\/td><\/tr><\/tbody><\/table><\/figure>\n\n\n\n<p>VIII.- INFORMACI\u00d3N COMPLEMENTARIA ASM<\/p>\n\n\n\n<figure class=\"wp-block-table is-style-stripes\"><table><tbody><tr><td><a href=\"http:\/\/www.municipiomugica.com\/Ley_Dis_Fin\/2023\/2do_Trim\/FRACC%20VIII%20INFORMACI%C3%93N%20COMPLEMENTARIA%20ASM\/1.-%20EDOS%20DE%20CUENTA%2C%20AUXILIARES%20MENSUALES%20Y%20CONCILIACIONES%20ABRIL%20MAYO%20JUNIO%202.pdf\" title=\"1.- EDOS DE CUENTA, AUXILIARES MENSUALES Y CONCILIACIONES ABRIL MAYO JUNIO 2\">1.- EDOS DE CUENTA, AUXILIARES MENSUALES Y CONCILIACIONES ABRIL MAYO JUNIO 2<\/a><\/td><\/tr><tr><td><a href=\"http:\/\/www.municipiomugica.com\/Ley_Dis_Fin\/2023\/2do_Trim\/FRACC%20VIII%20INFORMACI%C3%93N%20COMPLEMENTARIA%20ASM\/1.-%20EDOS%20DE%20CUENTA%2C%20AUXILIARES%20MENSUALES%20Y%20CONCILIACIONES%20ABRIL%20MAYO%20JUNIO.pdf\" title=\"1.- EDOS DE CUENTA, AUXILIARES MENSUALES Y CONCILIACIONES ABRIL MAYO JUNIO\">1.- EDOS DE CUENTA, AUXILIARES MENSUALES Y CONCILIACIONES ABRIL MAYO JUNIO<\/a><\/td><\/tr><tr><td><a href=\"http:\/\/www.municipiomugica.com\/Ley_Dis_Fin\/2023\/2do_Trim\/FRACC%20VIII%20INFORMACI%C3%93N%20COMPLEMENTARIA%20ASM\/2.%20BALANZA%20DE%20COMPROBACI%C3%93N.pdf\" title=\"2.- BALANZA DE COMPROBACI\u00d3N\">2.- BALANZA DE COMPROBACI\u00d3N<\/a><\/td><\/tr><tr><td><a href=\"http:\/\/www.municipiomugica.com\/Ley_Dis_Fin\/2023\/2do_Trim\/FRACC%20VIII%20INFORMACI%C3%93N%20COMPLEMENTARIA%20ASM\/ANEXO%201INFORME%20ANAL%C3%8DTICO%20DE%20LA%20DEUDA%20P%C3%9ABLICA%20Y%20OTROS%20PSIVOS.pdf\" title=\"ANEXO 1 INFORME ANAL\u00cdTICO DE LA DEUDA P\u00daBLICA Y OTROS PSIVOS\">ANEXO 1 INFORME ANAL\u00cdTICO DE LA DEUDA P\u00daBLICA Y OTROS PASIVOS<\/a><\/td><\/tr><tr><td><a href=\"http:\/\/www.municipiomugica.com\/Ley_Dis_Fin\/2023\/2do_Trim\/FRACC%20VIII%20INFORMACI%C3%93N%20COMPLEMENTARIA%20ASM\/anexo%202%20OBRA%20P%C3%9ABLICA.pdf4\" title=\"ANEXO 2 OBRA P\u00daBLICA\">ANEXO 2 OBRA P\u00daBLICA<\/a><\/td><\/tr><tr><td><a href=\"http:\/\/www.municipiomugica.com\/Ley_Dis_Fin\/2023\/2do_Trim\/FRACC%20VIII%20INFORMACI%C3%93N%20COMPLEMENTARIA%20ASM\/anexo%203%20OBRA%20P%C3%9ABLICA.pdf\" title=\"ANEXO 3 OBRA P\u00daBLICA\">ANEXO 3 OBRA P\u00daBLICA<\/a><\/td><\/tr><tr><td><a href=\"http:\/\/www.municipiomugica.com\/Ley_Dis_Fin\/2023\/2do_Trim\/FRACC%20VIII%20INFORMACI%C3%93N%20COMPLEMENTARIA%20ASM\/anexo4%20MODIFICACIONES%20OBRA%20P%C3%9ABLICA.pdf\" title=\"ANEXO 4 MODIFICACIONES OBRA P\u00daBLICA\">ANEXO 4 MODIFICACIONES OBRA P\u00daBLICA<\/a><\/td><\/tr><tr><td><a href=\"http:\/\/www.municipiomugica.com\/Ley_Dis_Fin\/2023\/2do_Trim\/FRACC%20VIII%20INFORMACI%C3%93N%20COMPLEMENTARIA%20ASM\/anexo%205%20VINCULACI%C3%93N%20DE%20OBJETIVOS.pdf\" title=\"ANEXO 5 VINCULACI\u00d3N DE OBJETIVOS\">ANEXO 5 VINCULACI\u00d3N DE OBJETIVOS<\/a><\/td><\/tr><tr><td><a href=\"http:\/\/www.municipiomugica.com\/Ley_Dis_Fin\/2023\/2do_Trim\/FRACC%20VIII%20INFORMACI%C3%93N%20COMPLEMENTARIA%20ASM\/anexo%206%20AVANCE%20PROGRAM%C3%81TICO%20PRESUPUESTAL.pdf\" title=\"ANEXO 6 AVANCE PROGRAM\u00c1TICO PRESUPUESTAL\">ANEXO 6 AVANCE PROGRAM\u00c1TICO PRESUPUESTAL<\/a><\/td><\/tr><\/tbody><\/table><\/figure>\n","protected":false},"excerpt":{"rendered":"<p>I. CARATULA CARATULA II. \u00cdNDICE \u00cdNDICE III. ACTA DE SESI\u00d3N DE CABILDO ACTA DE SESI\u00d3N DE CABILDO IV. INFORMACI\u00d3N CONTABLE ESTADO ANALITICO DEL ACTIVO NOTAS A LOS ESTADOS FINANCIEROS ESTADOS &#8230;<\/p>\n","protected":false},"author":2,"featured_media":0,"parent":0,"menu_order":0,"comment_status":"closed","ping_status":"closed","template":"","meta":{"om_disable_all_campaigns":false,"footnotes":""},"class_list":["post-4447","page","type-page","status-publish","hentry"],"aioseo_notices":[],"_links":{"self":[{"href":"https:\/\/municipiomugica.com\/index.php\/wp-json\/wp\/v2\/pages\/4447","targetHints":{"allow":["GET"]}}],"collection":[{"href":"https:\/\/municipiomugica.com\/index.php\/wp-json\/wp\/v2\/pages"}],"about":[{"href":"https:\/\/municipiomugica.com\/index.php\/wp-json\/wp\/v2\/types\/page"}],"author":[{"embeddable":true,"href":"https:\/\/municipiomugica.com\/index.php\/wp-json\/wp\/v2\/users\/2"}],"replies":[{"embeddable":true,"href":"https:\/\/municipiomugica.com\/index.php\/wp-json\/wp\/v2\/comments?post=4447"}],"version-history":[{"count":6,"href":"https:\/\/municipiomugica.com\/index.php\/wp-json\/wp\/v2\/pages\/4447\/revisions"}],"predecessor-version":[{"id":4457,"href":"https:\/\/municipiomugica.com\/index.php\/wp-json\/wp\/v2\/pages\/4447\/revisions\/4457"}],"wp:attachment":[{"href":"https:\/\/municipiomugica.com\/index.php\/wp-json\/wp\/v2\/media?parent=4447"}],"curies":[{"name":"wp","href":"https:\/\/api.w.org\/{rel}","templated":true}]}}