{"id":4463,"date":"2023-08-01T00:16:00","date_gmt":"2023-08-01T06:16:00","guid":{"rendered":"http:\/\/municipiomugica.com\/?page_id=4463"},"modified":"2023-08-08T20:49:12","modified_gmt":"2023-08-09T02:49:12","slug":"capamu-2023-segundo-trimestre","status":"publish","type":"page","link":"https:\/\/municipiomugica.com\/index.php\/capamu-2023-segundo-trimestre\/","title":{"rendered":"CAPAMU 2023 SEGUNDO TRIMESTRE"},"content":{"rendered":"\n<figure class=\"wp-block-table is-style-stripes\"><table><tbody><tr><td><a href=\"http:\/\/www.municipiomugica.com\/CAPAMU\/2023\/2do_Trim\/1.-Portada.pdf\" title=\"1.-Portada\">1.-Portada<\/a><\/td><\/tr><tr><td><a href=\"http:\/\/www.municipiomugica.com\/CAPAMU\/2023\/2do_Trim\/2.-Indice.pdf\" title=\"2.-Indice\">2.-Indice<\/a><\/td><\/tr><tr><td><a href=\"http:\/\/www.municipiomugica.com\/CAPAMU\/2023\/2do_Trim\/3.-Acta%20Junta%20de%20Cabildo.pdf\" title=\"3.-Acta Junta de Cabildo\">3.-Acta Junta de Cabildo<\/a><\/td><\/tr><tr><td><a href=\"http:\/\/www.municipiomugica.com\/CAPAMU\/2023\/2do_Trim\/4.-Acta%20de%20Junta%20de%20Gobierno.pdf\" title=\"4.-Acta de Junta de Gobierno\">4.-Acta de Junta de Gobierno<\/a><\/td><\/tr><tr><td><a href=\"http:\/\/www.municipiomugica.com\/CAPAMU\/2023\/2do_Trim\/5.-Estado%20de%20Actividades.pdf\" title=\"5.-Estado de Actividades\">5.-Estado de Actividades<\/a><\/td><\/tr><tr><td><a href=\"http:\/\/www.municipiomugica.com\/CAPAMU\/2023\/2do_Trim\/6.-Estado%20de%20Situacion%20Financiera.pdf\" title=\"6.-Estado de Situaci\u00f3n Financiera\">6.-Estado de Situaci\u00f3n Financiera<\/a><\/td><\/tr><tr><td><a href=\"http:\/\/www.municipiomugica.com\/CAPAMU\/2023\/2do_Trim\/7.-Estado%20de%20Variacion%20en%20la%20HAcienda%20Publica.pdf\" title=\"7.-Estado de Variaci\u00f3n en la Hacienda P\u00fablica\">7.-Estado de Variaci\u00f3n en la Hacienda P\u00fablica<\/a><\/td><\/tr><tr><td><a href=\"http:\/\/www.municipiomugica.com\/CAPAMU\/2023\/2do_Trim\/8.-Estado%20de%20Cambio%20en%20la%20Situacion%20Financiera.pdf\" title=\"8.-Estado de Cambio en la Situaci\u00f3n Financiera\">8.-Estado de Cambio en la Situaci\u00f3n Financiera<\/a><\/td><\/tr><tr><td><a href=\"http:\/\/www.municipiomugica.com\/CAPAMU\/2023\/2do_Trim\/9.-Estado%20de%20Flujo%20de%20Efectivo.pdf\" title=\"9.-Estado de Flujo de Efectivo\">9.-Estado de Flujo de Efectivo<\/a><\/td><\/tr><tr><td><a href=\"http:\/\/www.municipiomugica.com\/CAPAMU\/2023\/2do_Trim\/10.-Nota%20a%20los%20Estados%20Financieros.pdf\" title=\"10.-Nota a los Estados Financieros\">10.-Nota a los Estados Financieros<\/a><\/td><\/tr><tr><td><a href=\"http:\/\/www.municipiomugica.com\/CAPAMU\/2023\/2do_Trim\/11.-Estado%20Analitico%20del%20Activo.pdf\" title=\"11.-Estado Anal\u00edtico del Activo\">11.-Estado Anal\u00edtico del Activo<\/a><\/td><\/tr><tr><td><a href=\"http:\/\/www.municipiomugica.com\/CAPAMU\/2023\/2do_Trim\/12.-Estado%20Analitico%20de%20Ingresos.pdf\" title=\"12.-Estado Anal\u00edtico de Ingresos\">12.-Estado Anal\u00edtico de Ingresos<\/a><\/td><\/tr><tr><td><a href=\"http:\/\/www.municipiomugica.com\/CAPAMU\/2023\/2do_Trim\/13.-Estado%20Analitico%20de%20Ingresos%20Por%20Fuente%20de%20Financiamiento.pdf\" title=\"13.-Estado Anal\u00edtico de Ingresos Por Fuente de Financiamiento\">13.-Estado Anal\u00edtico de Ingresos Por Fuente de Financiamiento<\/a><\/td><\/tr><tr><td><a href=\"http:\/\/www.municipiomugica.com\/CAPAMU\/2023\/2do_Trim\/14.-Estado%20Analitico%20del%20Ejercicio%20del%20Presupuesto%20de%20Egresos%20clasificacion%20Administrativa.pdf\" title=\"14.-Estado Anal\u00edtico del Ejercicio del Presupuesto de Egresos clasificaci\u00f3n Administrativa\">14.-Estado Anal\u00edtico del Ejercicio del Presupuesto de Egresos clasificaci\u00f3n Administrativa<\/a><\/td><\/tr><tr><td><a href=\"http:\/\/www.municipiomugica.com\/CAPAMU\/2023\/2do_Trim\/15.-Estado%20Analitico%20del%20Ejercicio%20del%20Presupuesto%20de%20Egresos%20Capitulo%20y%20Concepto.pdf\" title=\"15.-Estado Anal\u00edtico del Ejercicio del Presupuesto de Egresos Capitulo y Concepto\">15.-Estado Anal\u00edtico del Ejercicio del Presupuesto de Egresos Capitulo y Concepto<\/a><\/td><\/tr><tr><td><a href=\"http:\/\/www.municipiomugica.com\/CAPAMU\/2023\/2do_Trim\/16.-Estado%20Analitico%20del%20Ejercicio%20del%20Presupuesto%20de%20Egresos%20Finalidad%20y%20Funcion.pdf\" title=\"16.-Estado Anal\u00edtico del Ejercicio del Presupuesto de Egresos Finalidad y Funci\u00f3n\">16.-Estado Anal\u00edtico del Ejercicio del Presupuesto de Egresos Finalidad y Funci\u00f3n<\/a><\/td><\/tr><tr><td><a href=\"http:\/\/www.municipiomugica.com\/CAPAMU\/2023\/2do_Trim\/17.-Formato%20del%20Ejercicio%20y%20Destino%20del%20Gasto%20Federalizado%20y%20Reintegros.pdf\" title=\"17.-Formato del Ejercicio y Destino del Gasto Federalizado y Reintegros\">17.-Formato del Ejercicio y Destino del Gasto Federalizado y Reintegros<\/a><\/td><\/tr><tr><td><a href=\"http:\/\/www.municipiomugica.com\/CAPAMU\/2023\/2do_Trim\/18.-Conciliacion%20Entre%20Los%20Ingresos%20Presupuestarios%20y%20Contables.pdf\" title=\"18.-Conciliacion Entre Los Ingresos Presupuestarios y Contables\">18.-Conciliacion Entre Los Ingresos Presupuestarios y Contables<\/a><\/td><\/tr><tr><td><a href=\"http:\/\/www.municipiomugica.com\/CAPAMU\/2023\/2do_Trim\/19.-Conciliacion%20Entre%20Los%20Egresos%20Presupuestarios%20y%20Contables.pdf\" title=\"19.-Conciliacion Entre Los Egresos Presupuestarios y Contables\">19.-Conciliacion Entre Los Egresos Presupuestarios y Contables<\/a><\/td><\/tr><tr><td><a href=\"http:\/\/www.municipiomugica.com\/CAPAMU\/2023\/2do_Trim\/20.-Estado%20de%20Situacion%20Financiera%20Detallado%20LDF.pdf\" title=\"20.-Estado de Situaci\u00f3n Financiera Detallado LDF\">20.-Estado de Situaci\u00f3n Financiera Detallado LDF<\/a><\/td><\/tr><tr><td><a href=\"http:\/\/www.municipiomugica.com\/CAPAMU\/2023\/2do_Trim\/21.-Balance%20Presupuestario%20LDF.pdf\" title=\"21.-Balance Presupuestario LDF\">21.-Balance Presupuestario LDF<\/a><\/td><\/tr><tr><td><a href=\"http:\/\/www.municipiomugica.com\/CAPAMU\/2023\/2do_Trim\/22.-Estado%20Analitico%20de%20Ingresos%20Detallado%20LDF.pdf\" title=\"22.-Estado Anal\u00edtico de Ingresos Detallado LDF\">22.-Estado Anal\u00edtico de Ingresos Detallado LDF<\/a><\/td><\/tr><tr><td><a href=\"http:\/\/www.municipiomugica.com\/CAPAMU\/2023\/2do_Trim\/23.-Estado%20Analitico%20del%20Ejercicio%20del%20Presupuesto%20de%20Egresos%20Detallado%20LDF.pdf\" title=\"23.-Estado Anal\u00edtico del Ejercicio del Presupuesto de Egresos Detallado LDF\">23.-Estado Anal\u00edtico del Ejercicio del Presupuesto de Egresos Detallado LDF<\/a><\/td><\/tr><tr><td><a href=\"http:\/\/www.municipiomugica.com\/CAPAMU\/2023\/2do_Trim\/24.-Estado%20Analitico%20del%20Ejercicio%20del%20Presupuesto%20de%20Egresos%20Detallado%20LDF%20Clasificacion%20Administrativa.pdf\" title=\"24.-Estado Anal\u00edtico del Ejercicio del Presupuesto de Egresos Detallado LDF Clasificaci\u00f3n Administrativa\">24.-Estado Anal\u00edtico del Ejercicio del Presupuesto de Egresos Detallado LDF Clasificaci\u00f3n Administrativa<\/a><\/td><\/tr><tr><td><a href=\"http:\/\/www.municipiomugica.com\/CAPAMU\/2023\/2do_Trim\/25.-Estado%20Analitico%20del%20Ejercicio%20del%20Presupuesto%20de%20Egresos%20Detallado%20LDF%20Finalidad%20y%20Funcion.pdf\" title=\"25.-Estado Anal\u00edtico del Ejercicio del Presupuesto de Egresos Detallado LDF Finalidad y Funci\u00f3n\">25.-Estado Anal\u00edtico del Ejercicio del Presupuesto de Egresos Detallado LDF Finalidad y Funci\u00f3n<\/a><\/td><\/tr><tr><td><a href=\"http:\/\/www.municipiomugica.com\/CAPAMU\/2023\/2do_Trim\/26.-Estado%20Analitico%20del%20Ejercicio%20del%20Presupuesto%20de%20Egresos%20Detallado%20LDF%20Por%20Categoria.pdf\" title=\"26.-Estado Anal\u00edtico del Ejercicio del Presupuesto de Egresos Detallado LDF Por Categor\u00eda\">26.-Estado Anal\u00edtico del Ejercicio del Presupuesto de Egresos Detallado LDF Por Categor\u00eda<\/a><\/td><\/tr><tr><td><a href=\"http:\/\/www.municipiomugica.com\/CAPAMU\/2023\/2do_Trim\/27.-Proyecciones%20de%20Ingresos%20LDF.pdf\" title=\"27.-Proyecciones de Ingresos LDF\">27.-Proyecciones de Ingresos LDF<\/a><\/td><\/tr><tr><td><a href=\"http:\/\/www.municipiomugica.com\/CAPAMU\/2023\/2do_Trim\/28.-Proyeccion%20de%20Egresos%20LDF.pdf\" title=\"28.-Proyeccion de Egresos LDF\">28.-Proyeccion de Egresos LDF<\/a><\/td><\/tr><tr><td><a href=\"http:\/\/www.municipiomugica.com\/CAPAMU\/2023\/2do_Trim\/29.-Resultados%20de%20Ingresos%20LDF.pdf\" title=\"29.-Resultados de Ingresos LDF\">29.-Resultados de Ingresos LDF<\/a><\/td><\/tr><tr><td><a href=\"http:\/\/www.municipiomugica.com\/CAPAMU\/2023\/2do_Trim\/30.-Resultado%20de%20Egresos%20LDF.pdf\" title=\"30.-Resultado de Egresos LDF\">30.-Resultado de Egresos LDF<\/a><\/td><\/tr><tr><td><a href=\"http:\/\/www.municipiomugica.com\/CAPAMU\/2023\/2do_Trim\/31.-Analitico%20Mensual%20Abril%202023.pdf\" title=\"31.-Analitico Mensual Abril 2023\">31.-Analitico Mensual Abril 2023<\/a><\/td><\/tr><tr><td><a href=\"http:\/\/www.municipiomugica.com\/CAPAMU\/2023\/2do_Trim\/32.-Conciliacion%20Bancaria%20Abril%202023.pdf\" title=\"32.-Conciliacion Bancaria Abril 2023\">32.-Conciliacion Bancaria Abril 2023<\/a><\/td><\/tr><tr><td><a href=\"http:\/\/www.municipiomugica.com\/CAPAMU\/2023\/2do_Trim\/33.-Estado%20de%20Cuenta%20Bancario%20BBVA%20Abril%202023.pdf\" title=\"33.-Estado de Cuenta Bancario BBVA Abril 2023\">33.-Estado de Cuenta Bancario BBVA Abril 2023<\/a><\/td><\/tr><tr><td><a href=\"http:\/\/www.municipiomugica.com\/CAPAMU\/2023\/2do_Trim\/34.-Analitico%20Mensual%20Bancos%20Abril%202023.pdf\" title=\"34.-Analitico Mensual Bancos Abril 2023\">34.-Analitico Mensual Bancos Abril 2023<\/a><\/td><\/tr><tr><td><a href=\"http:\/\/www.municipiomugica.com\/CAPAMU\/2023\/2do_Trim\/35.-Analitico%20Mensual%20Mayo%202023.pdf\" title=\"35.-Analitico Mensual Mayo 2023\">35.-Analitico Mensual Mayo 2023<\/a><\/td><\/tr><tr><td><a href=\"http:\/\/www.municipiomugica.com\/CAPAMU\/2023\/2do_Trim\/36.-Conciliacion%20Bancaria%20Mayo%202023.pdf\" title=\"36.-Conciliacion Bancaria Mayo 2023\">36.-Conciliacion Bancaria Mayo 2023<\/a><\/td><\/tr><tr><td><a href=\"http:\/\/www.municipiomugica.com\/CAPAMU\/2023\/2do_Trim\/37.-Estado%20de%20Cuenta%20Bancario%20BBVA%20Mayo%202023.pdf\" title=\"37.-Estado de Cuenta Bancario BBVA Mayo 2023\">37.-Estado de Cuenta Bancario BBVA Mayo 2023<\/a><\/td><\/tr><tr><td><a href=\"http:\/\/www.municipiomugica.com\/CAPAMU\/2023\/2do_Trim\/38.-Analitico%20Mensual%20Bancos%20Mayo%202023.pdf\" title=\"38.-Analitico Mensual Bancos Mayo 2023\">38.-Analitico Mensual Bancos Mayo 2023<\/a><\/td><\/tr><tr><td><a href=\"http:\/\/www.municipiomugica.com\/CAPAMU\/2023\/2do_Trim\/39.-Analitico%20Mensual%20Junio%202023.pdf\" title=\"39.-Analitico Mensual Junio 2023\">39.-Analitico Mensual Junio 2023<\/a><\/td><\/tr><tr><td><a href=\"http:\/\/www.municipiomugica.com\/CAPAMU\/2023\/2do_Trim\/40.-Conciliacion%20Bancaria%20Junio%202023.pdf\" title=\"40.-Conciliacion Bancaria Junio 2023\">40.-Conciliacion Bancaria Junio 2023<\/a><\/td><\/tr><tr><td><a href=\"http:\/\/www.municipiomugica.com\/CAPAMU\/2023\/2do_Trim\/41.-Estado%20de%20Cuenta%20Bancario%20BBVA%20Junio%202023.pdf\" title=\"41.-Estado de Cuenta Bancario BBVA Junio 2023\">41.-Estado de Cuenta Bancario BBVA Junio 2023<\/a><\/td><\/tr><tr><td><a href=\"http:\/\/www.municipiomugica.com\/CAPAMU\/2023\/2do_Trim\/42.-Analitico%20Mensual%20Bancos%20Junio%202023.pdf\" title=\"42.-Analitico Mensual Bancos Junio 2023\">42.-Analitico Mensual Bancos Junio 2023<\/a><\/td><\/tr><tr><td><a href=\"http:\/\/www.municipiomugica.com\/CAPAMU\/2023\/2do_Trim\/43.-Balanza%20de%20Comprobacion.pdf\" title=\"43.-Balanza de Comprobaci\u00f3n\">43.-Balanza de Comprobaci\u00f3n<\/a><\/td><\/tr><tr><td><a href=\"http:\/\/www.municipiomugica.com\/CAPAMU\/2023\/2do_Trim\/44.-Anexo%201%20Reporte%20de%20la%20Aplicacion%20de%20la%20Deuda%20Publica%20Adquirida%20Para%20Inversiones%20Publicas%20Productivas.pdf\" title=\"44.-Anexo 1 Reporte de la Aplicaci\u00f3n de la Deuda P\u00fablica Adquirida Para Inversiones P\u00fablicas Productivas\">44.-Anexo 1 Reporte de la Aplicaci\u00f3n de la Deuda P\u00fablica Adquirida Para Inversiones P\u00fablicas Productivas<\/a><\/td><\/tr><tr><td><a href=\"http:\/\/www.municipiomugica.com\/CAPAMU\/2023\/2do_Trim\/45.-Anexo%202%20Relacion%20de%20Gastos%20Realizados%20en%20Obras%20Ejecutadas%20Por%20Administracion%20Directa.pdf\" title=\"45.-Anexo 2 Relaci\u00f3n de Gastos Realizados en Obras Ejecutadas Por Administraci\u00f3n Directa\">45.-Anexo 2 Relaci\u00f3n de Gastos Realizados en Obras Ejecutadas Por Administraci\u00f3n Directa<\/a><\/td><\/tr><tr><td><a href=\"http:\/\/www.municipiomugica.com\/CAPAMU\/2023\/2do_Trim\/46.-Anexo%203%20Relacion%20de%20Obras%20Ejecutadas.pdf\" title=\"46.-Anexo 3 Relaci\u00f3n de Obras Ejecutadas\">46.-Anexo 3 Relaci\u00f3n de Obras Ejecutadas<\/a><\/td><\/tr><tr><td><a href=\"http:\/\/www.municipiomugica.com\/CAPAMU\/2023\/2do_Trim\/47.-Anexo%204%20Vinculacion%20de%20Objetivos.pdf\" title=\"47.-Anexo 4 Vinculaci\u00f3n de Objetivos\">47.-Anexo 4 Vinculaci\u00f3n de Objetivos<\/a><\/td><\/tr><tr><td><a href=\"http:\/\/www.municipiomugica.com\/CAPAMU\/2023\/2do_Trim\/48.-Anexo%205%20Informacion%20del%20Avance%20Programatico%20Presupuestario.pdf\" title=\"48.-Anexo 5 Informaci\u00f3n del Avance Program\u00e1tico Presupuestario\">48.-Anexo 5 Informaci\u00f3n del Avance Program\u00e1tico Presupuestario<\/a><\/td><\/tr><tr><td><a href=\"http:\/\/www.municipiomugica.com\/CAPAMU\/2023\/2do_Trim\/49.-Depreciaciones Abril 2023_0001.pdf\" title=\"49.-Depreciaciones Abril 2023\">49.-Depreciaciones Abril 2023<\/a><\/td><\/tr><tr><td><a href=\"http:\/\/www.municipiomugica.com\/CAPAMU\/2023\/2do_Trim\/50.-Depreciaciones Mayo 2023_0001.pdf\" title=\"50.-Depreciaciones Mayo 2023\">50.-Depreciaciones Mayo 2023<\/a><\/td><\/tr><tr><td><a href=\"http:\/\/www.municipiomugica.com\/CAPAMU\/2023\/2do_Trim\/51.-Depreciaciones Junio 2023_0001_0001.pdf\" title=\"51.-Depreciaciones Junio 2023\">51.-Depreciaciones Junio 2023<\/a><\/td><\/tr><tr><td><a href=\"http:\/\/www.municipiomugica.com\/CAPAMU\/2023\/2do_Trim\/Inventario Muebles 2do trmestre 2023.pdf\" title=\"52.-Inventario Muebles\">52.-Inventario Muebles<\/a><\/td><\/tr><tr><td><a href=\"http:\/\/www.municipiomugica.com\/CAPAMU\/2023\/2do_Trim\/MONTOS PAGADOS POR AYUDAS Y SUBSIDIOS 2DO TRIMESTRE 2023.pdf\" title=\"53.-MONTOS PAGADOS POR AYUDAS Y SUBSIDIOS\">53.-MONTOS PAGADOS POR AYUDAS Y SUBSIDIOS<\/a><\/td><\/tr><\/tbody><\/table><\/figure>\n","protected":false},"excerpt":{"rendered":"<p>1.-Portada 2.-Indice 3.-Acta Junta de Cabildo 4.-Acta de Junta de Gobierno 5.-Estado de Actividades 6.-Estado de Situaci\u00f3n Financiera 7.-Estado de Variaci\u00f3n en la Hacienda P\u00fablica 8.-Estado de Cambio en la &#8230;<\/p>\n","protected":false},"author":2,"featured_media":0,"parent":0,"menu_order":0,"comment_status":"closed","ping_status":"closed","template":"","meta":{"om_disable_all_campaigns":false,"footnotes":""},"class_list":["post-4463","page","type-page","status-publish","hentry"],"aioseo_notices":[],"_links":{"self":[{"href":"https:\/\/municipiomugica.com\/index.php\/wp-json\/wp\/v2\/pages\/4463","targetHints":{"allow":["GET"]}}],"collection":[{"href":"https:\/\/municipiomugica.com\/index.php\/wp-json\/wp\/v2\/pages"}],"about":[{"href":"https:\/\/municipiomugica.com\/index.php\/wp-json\/wp\/v2\/types\/page"}],"author":[{"embeddable":true,"href":"https:\/\/municipiomugica.com\/index.php\/wp-json\/wp\/v2\/users\/2"}],"replies":[{"embeddable":true,"href":"https:\/\/municipiomugica.com\/index.php\/wp-json\/wp\/v2\/comments?post=4463"}],"version-history":[{"count":9,"href":"https:\/\/municipiomugica.com\/index.php\/wp-json\/wp\/v2\/pages\/4463\/revisions"}],"predecessor-version":[{"id":4478,"href":"https:\/\/municipiomugica.com\/index.php\/wp-json\/wp\/v2\/pages\/4463\/revisions\/4478"}],"wp:attachment":[{"href":"https:\/\/municipiomugica.com\/index.php\/wp-json\/wp\/v2\/media?parent=4463"}],"curies":[{"name":"wp","href":"https:\/\/api.w.org\/{rel}","templated":true}]}}