{"id":4600,"date":"2023-10-27T00:43:50","date_gmt":"2023-10-27T06:43:50","guid":{"rendered":"http:\/\/municipiomugica.com\/?page_id=4600"},"modified":"2023-11-23T11:29:06","modified_gmt":"2023-11-23T17:29:06","slug":"3er-informe-trimestral-2023","status":"publish","type":"page","link":"https:\/\/municipiomugica.com\/index.php\/3er-informe-trimestral-2023\/","title":{"rendered":"3ER INFORME TRIMESTRAL 2023"},"content":{"rendered":"\n<p>00. PORTADA<\/p>\n\n\n\n<figure class=\"wp-block-table is-style-stripes\"><table><tbody><tr><td><a href=\"http:\/\/www.municipiomugica.com\/Ley_Dis_Fin\/2023\/3er_Trim\/FRACC%2000.-%20PORTADA\/FRACC%2000.-%20PORTADA.pdf\" title=\"PORTADA\">PORTADA<\/a><\/td><\/tr><\/tbody><\/table><\/figure>\n\n\n\n<p>I. CARATULA<\/p>\n\n\n\n<figure class=\"wp-block-table is-style-stripes\"><table><tbody><tr><td><a href=\"http:\/\/www.municipiomugica.com\/Ley_Dis_Fin\/2023\/3er_Trim\/FRACC%20I%20CAR%C3%81TULA\/FRACC%20I.-%20%20CAR%C3%81TULA.pdf\" title=\"CARATULA\">CARATULA<\/a><\/td><\/tr><\/tbody><\/table><\/figure>\n\n\n\n<p>II. \u00cdNDICE<\/p>\n\n\n\n<figure class=\"wp-block-table is-style-stripes\"><table><tbody><tr><td><a href=\"http:\/\/www.municipiomugica.com\/Ley_Dis_Fin\/2023\/3er_Trim\/FRACC%20II.-%20INDICE\/FRACC%20II.-%20INDICE.pdf\" title=\"\u00cdNDICE\">\u00cdNDICE<\/a><\/td><\/tr><\/tbody><\/table><\/figure>\n\n\n\n<p>III. ACTA DE SESI\u00d3N DE CABILDO<\/p>\n\n\n\n<figure class=\"wp-block-table is-style-stripes\"><table><tbody><tr><td><a href=\"http:\/\/www.municipiomugica.com\/Ley_Dis_Fin\/2023\/3er_Trim\/FRACC%20III.-%20ACTA%20DE%20SESI%C3%93N%20DE%20CABILDO\/FRACC%20III.-%20ACTA%20DE%20SESI%C3%93N%20DE%20CABILDO.pdf\" title=\"ACTA DE SESI\u00d3N DE CABILDO\">ACTA DE SESI\u00d3N DE CABILDO<\/a><\/td><\/tr><\/tbody><\/table><\/figure>\n\n\n\n<p>IV. INFORMACI\u00d3N CONTABLE<\/p>\n\n\n\n<figure class=\"wp-block-table is-style-stripes\"><table><tbody><tr><td><a href=\"http:\/\/www.municipiomugica.com\/Ley_Dis_Fin\/2023\/3er_Trim\/FRACC%20IV%20INFORMACI%C3%93N%20CONTABLE\/ESTADO%20ANAL%C3%8DTICO%20DEL%20ACTIVO.pdf\" title=\"ESTADO ANALITICO DEL ACTIVO\">ESTADO ANALITICO DEL ACTIVO<\/a><\/td><\/tr><tr><td><a href=\"http:\/\/www.municipiomugica.com\/Ley_Dis_Fin\/2023\/3er_Trim\/FRACC%20IV%20INFORMACI%C3%93N%20CONTABLE\/NOTAS%20A%20LOS%20ESTADOS%20FINANCIEROS.pdf\" title=\"NOTAS A LOS ESTADOS FINANCIEROS\">NOTAS A LOS ESTADOS FINANCIEROS<\/a><\/td><\/tr><tr><td><a href=\"http:\/\/www.municipiomugica.com\/Ley_Dis_Fin\/2023\/3er_Trim\/FRACC%20IV%20INFORMACI%C3%93N%20CONTABLE\/ESTADOS%20DE%20FLUJOS%20DE%20EFECTIVO.pdf\" title=\"ESTADOS DE FLUJO DE EFECTIVO\">ESTADOS DE FLUJO DE EFECTIVO<\/a><\/td><\/tr><tr><td><a href=\"http:\/\/www.municipiomugica.com\/Ley_Dis_Fin\/2023\/3er_Trim\/FRACC%20IV%20INFORMACI%C3%93N%20CONTABLE\/ESTADO%20DE%20CAMBIOS%20EN%20LA%20SITUACI%C3%93N%20FINANCIERA.pdf\" title=\"ESTADO DE CAMBIOS EN LA SITUACION\">ESTADO DE CAMBIOS EN LA SITUACION<\/a><\/td><\/tr><tr><td><a href=\"http:\/\/www.municipiomugica.com\/Ley_Dis_Fin\/2023\/3er_Trim\/FRACC%20IV%20INFORMACI%C3%93N%20CONTABLE\/ESTADO%20DE%20VARIACI%C3%93N%20EN%20LA%20HACIENDA%20P%C3%9ABLICA.pdf\" title=\"ESTADO DE VARIACION DE HACIENDA\">ESTADO DE VARIACION DE HACIENDA<\/a><\/td><\/tr><tr><td><a href=\"http:\/\/www.municipiomugica.com\/Ley_Dis_Fin\/2023\/3er_Trim\/FRACC%20IV%20INFORMACI%C3%93N%20CONTABLE\/ESTADO%20DE%20SITUACI%C3%93N%20FINANCIERA.pdf\" title=\"ESTADO DE SITUACION FINACIERA\">ESTADO DE SITUACION FINACIERA<\/a><\/td><\/tr><tr><td><a href=\"http:\/\/www.municipiomugica.com\/Ley_Dis_Fin\/2023\/3er_Trim\/FRACC%20IV%20INFORMACI%C3%93N%20CONTABLE\/ESTADO%20DE%20ACTIVIDADES.pdf\" title=\"ESTADO DE ACTIVIDADES\">ESTADO DE ACTIVIDADES<\/a><\/td><\/tr><\/tbody><\/table><\/figure>\n\n\n\n<p>V. INFORMACI\u00d3N PRESUPUESTARIA<\/p>\n\n\n\n<figure class=\"wp-block-table is-style-stripes\"><table><tbody><tr><td><a href=\"http:\/\/www.municipiomugica.com\/Ley_Dis_Fin\/2023\/3er_Trim\/FRACC%20V%20INFORMACI%C3%93N%20PRESUPUESTARIA\/ESTADO%20ANAL%C3%8DTICO%20DE%20INGRESOS.pdf\" title=\"ESTADO ANAL\u00cdTICO DE INGRESOS\">ESTADO ANAL\u00cdTICO DE INGRESOS<\/a><\/td><\/tr><tr><td><a href=\"http:\/\/www.municipiomugica.com\/Ley_Dis_Fin\/2023\/3er_Trim\/FRACC%20V%20INFORMACI%C3%93N%20PRESUPUESTARIA\/ESTADO%20ANAL%C3%8DTICO%20DE%20INGRESOS%20POR%20FUENTE%20DE%20FINANCIAMIENTO%20%281%29.pdf\" title=\"ESTADO ANAL\u00cdTICO DE INGRESOS POR FUENTE DE FINANCIAMIENTO (1)\">ESTADO ANAL\u00cdTICO DE INGRESOS POR FUENTE DE FINANCIAMIENTO (1)<\/a><\/td><\/tr><tr><td><a href=\"http:\/\/www.municipiomugica.com\/Ley_Dis_Fin\/2023\/3er_Trim\/FRACC%20V%20INFORMACI%C3%93N%20PRESUPUESTARIA\/ESTADO%20ANAL%C3%8DTICO%20DE%20INGRESOS%20POR%20FUENTE%20DE%20FINANCIAMIENTO%20%282%29.pdf\" title=\"ESTADO ANAL\u00cdTICO DE INGRESOS POR FUENTE DE FINANCIAMIENTO (2)\">ESTADO ANAL\u00cdTICO DE INGRESOS POR FUENTE DE FINANCIAMIENTO (2)<\/a><\/td><\/tr><tr><td><a href=\"http:\/\/www.municipiomugica.com\/Ley_Dis_Fin\/2023\/3er_Trim\/FRACC%20V%20INFORMACI%C3%93N%20PRESUPUESTARIA\/ESTADO%20ANAL%C3%8DTICO%20DE%20INGRESOS%20POR%20FUENTE%20DE%20FINANCIAMIENTO%20%283%29.pdf\" title=\"ESTADO ANAL\u00cdTICO DE INGRESOS POR FUENTE DE FINANCIAMIENTO (3)\">ESTADO ANAL\u00cdTICO DE INGRESOS POR FUENTE DE FINANCIAMIENTO (3)<\/a><\/td><\/tr><tr><td><a href=\"http:\/\/www.municipiomugica.com\/Ley_Dis_Fin\/2023\/3er_Trim\/FRACC%20V%20INFORMACI%C3%93N%20PRESUPUESTARIA\/ESTADO%20ANAL%C3%8DTICO%20DE%20INGRESOS%20POR%20FUENTE%20DE%20FINANCIAMIENTO%20%284%29.pdf\" title=\"ESTADO ANAL\u00cdTICO DE INGRESOS POR FUENTE DE FINANCIAMIENTO (4)\">ESTADO ANAL\u00cdTICO DE INGRESOS POR FUENTE DE FINANCIAMIENTO (4)<\/a><\/td><\/tr><tr><td><a href=\"http:\/\/www.municipiomugica.com\/Ley_Dis_Fin\/2023\/3er_Trim\/FRACC%20V%20INFORMACI%C3%93N%20PRESUPUESTARIA\/ESTADO%20ANAL%C3%8DTICO%20DE%20INGRESOS%20POR%20FUENTE%20DE%20FINANCIAMIENTO%20%285%29.pdf\" title=\"ESTADO ANAL\u00cdTICO DE INGRESOS POR FUENTE DE FINANCIAMIENTO (5)\">ESTADO ANAL\u00cdTICO DE INGRESOS POR FUENTE DE FINANCIAMIENTO (5)<\/a><\/td><\/tr><tr><td><a href=\"http:\/\/www.municipiomugica.com\/Ley_Dis_Fin\/2023\/3er_Trim\/FRACC%20V%20INFORMACI%C3%93N%20PRESUPUESTARIA\/ESTADO%20ANAL%C3%8DTICO%20DE%20INGRESOS%20POR%20FUENTE%20DE%20FINANCIAMIENTO%20%286%29.pdf\" title=\"ESTADO ANAL\u00cdTICO DE INGRESOS POR FUENTE DE FINANCIAMIENTO (6)\">ESTADO ANAL\u00cdTICO DE INGRESOS POR FUENTE DE FINANCIAMIENTO (6)<\/a><\/td><\/tr><tr><td><a href=\"http:\/\/www.municipiomugica.com\/Ley_Dis_Fin\/2023\/3er_Trim\/FRACC%20V%20INFORMACI%C3%93N%20PRESUPUESTARIA\/ESTADO%20ANAL%C3%8DTICO%20DE%20INGRESOS%20POR%20FUENTE%20DE%20FINANCIAMIENTO%20%287%29.pdf\" title=\"ESTADO ANAL\u00cdTICO DE INGRESOS POR FUENTE DE FINANCIAMIENTO (7)\">ESTADO ANAL\u00cdTICO DE INGRESOS POR FUENTE DE FINANCIAMIENTO (7)<\/a><\/td><\/tr><tr><td><a href=\"http:\/\/www.municipiomugica.com\/Ley_Dis_Fin\/2023\/3er_Trim\/FRACC%20V%20INFORMACI%C3%93N%20PRESUPUESTARIA\/ESTADO%20ANAL%C3%8DTICO%20DE%20INGRESOS%20POR%20FUENTE%20DE%20FINANCIAMIENTO%20%288%29.pdf\" title=\"ESTADO ANAL\u00cdTICO DE INGRESOS POR FUENTE DE FINANCIAMIENTO (8)\">ESTADO ANAL\u00cdTICO DE INGRESOS POR FUENTE DE FINANCIAMIENTO (8)<\/a><\/td><\/tr><tr><td><a href=\"http:\/\/www.municipiomugica.com\/Ley_Dis_Fin\/2023\/3er_Trim\/FRACC%20V%20INFORMACI%C3%93N%20PRESUPUESTARIA\/ESTADO%20ANAL%C3%8DTICO%20DE%20INGRESOS%20POR%20FUENTE%20DE%20FINANCIAMIENTO%20%289%29.pdf\" title=\"ESTADO ANAL\u00cdTICO DE INGRESOS POR FUENTE DE FINANCIAMIENTO (9)\">ESTADO ANAL\u00cdTICO DE INGRESOS POR FUENTE DE FINANCIAMIENTO (9)<\/a><\/td><\/tr><tr><td><a href=\"http:\/\/www.municipiomugica.com\/Ley_Dis_Fin\/2023\/3er_Trim\/FRACC%20V%20INFORMACI%C3%93N%20PRESUPUESTARIA\/ESTADO%20ANAL%C3%8DTICO%20DE%20INGRESOS%20POR%20FUENTE%20DE%20FINANCIAMIENTO%20%2810%29.pdf\" title=\"ESTADO ANAL\u00cdTICO DE INGRESOS POR FUENTE DE FINANCIAMIENTO (10)\">ESTADO ANAL\u00cdTICO DE INGRESOS POR FUENTE DE FINANCIAMIENTO (10)<\/a><\/td><\/tr><tr><td><a href=\"http:\/\/www.municipiomugica.com\/Ley_Dis_Fin\/2023\/3er_Trim\/FRACC%20V%20INFORMACI%C3%93N%20PRESUPUESTARIA\/EDO%20ANAL%C3%8DTICO%20EJERC%20PRESUP%20EGRESOS%20CLASIF%20POR%20OBJETO%20GASTO.pdf\" title=\"EDO ANAL\u00cdTICO EJERC PRESUP EGRESOS CLASIF POR OBJETO GASTO\">EDO ANAL\u00cdTICO EJERC PRESUP EGRESOS CLASIF POR OBJETO GASTO<\/a><\/td><\/tr><tr><td><a href=\"http:\/\/www.municipiomugica.com\/Ley_Dis_Fin\/2023\/3er_Trim\/FRACC%20V%20INFORMACI%C3%93N%20PRESUPUESTARIA\/EDO%20ANAL%C3%8DTICO%20EJERC%20PRESUP%20EGRESOS%20CLASIF%20FUNCIONAL.pdf\" title=\"EDO ANAL\u00cdTICO EJERC PRESUP EGRESOS CLASIF FUNCIONAL\">EDO ANAL\u00cdTICO EJERC PRESUP EGRESOS CLASIF FUNCIONAL<\/a><\/td><\/tr><tr><td><a href=\"http:\/\/www.municipiomugica.com\/Ley_Dis_Fin\/2023\/3er_Trim\/FRACC%20V%20INFORMACI%C3%93N%20PRESUPUESTARIA\/EDO%20ANAL%C3%8DTICO%20EJERC%20PRESUP%20EGRESOS%20CLASIF%20ECON.pdf{\" title=\"EDO ANAL\u00cdTICO EJERC PRESUP EGRESOS CLASIF ECON\">EDO ANAL\u00cdTICO EJERC PRESUP EGRESOS CLASIF ECON<\/a><\/td><\/tr><tr><td><a href=\"http:\/\/www.municipiomugica.com\/Ley_Dis_Fin\/2023\/3er_Trim\/FRACC%20V%20INFORMACI%C3%93N%20PRESUPUESTARIA\/EDO%20ANAL%C3%8DTICO%20EJERC%20PRESUP%20EGRESOS%20CLASIF%20ADMIN.pdf\" title=\"EDO ANAL\u00cdTICO EJERC PRESUP EGRESOS CLASIF ADMIN\">EDO ANAL\u00cdTICO EJERC PRESUP EGRESOS CLASIF ADMIN<\/a><\/td><\/tr><tr><td><a href=\"http:\/\/www.municipiomugica.com\/Ley_Dis_Fin\/2023\/3er_Trim\/FRACC%20V%20INFORMACI%C3%93N%20PRESUPUESTARIA\/EDO%20ANAL%C3%8DTICO%20EJERC%20PRESUP%20EGRESOS%20CLASIF%20ADMIN%202.pdf\" title=\"EDO ANAL\u00cdTICO EJERC PRESUP EGRESOS CLASIF ADMIN 2\">EDO ANAL\u00cdTICO EJERC PRESUP EGRESOS CLASIF ADMIN 2<\/a><\/td><\/tr><\/tbody><\/table><\/figure>\n\n\n\n<p>VI. INFORMACI\u00d3N COMPLEMENTARIA<\/p>\n\n\n\n<figure class=\"wp-block-table is-style-stripes\"><table><tbody><tr><td><a href=\"http:\/\/www.municipiomugica.com\/Ley_Dis_Fin\/2023\/3er_Trim\/FRACC%20VI%20INFORMACI%C3%93N%20COMPLEMENTARIA\/NORMA%20PARA%20ESTABLECER%20EJERCICIO%20Y%20DESTINO%20DEL%20GASTO.pdf\" title=\"A) NORMA PARA ESTABLECER LA ESTRUCTURA DE LA INF DEL FORMATO DE EJERCICIO Y DESTINO DEL GASTO FEDERALIZADO\">A) NORMA PARA ESTABLECER LA ESTRUCTURA DE LA INF DEL FORMATO DE EJERCICIO Y DESTINO DEL GASTO FEDERALIZADO<\/a><\/td><\/tr><tr><td><a href=\"http:\/\/www.municipiomugica.com\/Ley_Dis_Fin\/2023\/3er_Trim\/FRACC%20VI%20INFORMACI%C3%93N%20COMPLEMENTARIA\/CONCILIACI%C3%93N%20INGRESOS%20PRESUP%20Y%20CONTABLES.pdf\" title=\"B) CONCILIACI\u00d3N ENTRE LOS INGRESOS PRESUPUESTARIOS Y CONTABLES\">B) CONCILIACI\u00d3N ENTRE LOS INGRESOS PRESUPUESTARIOS Y CONTABLES<\/a><\/td><\/tr><tr><td><a href=\"http:\/\/www.municipiomugica.com\/Ley_Dis_Fin\/2023\/3er_Trim\/FRACC%20VI%20INFORMACI%C3%93N%20COMPLEMENTARIA\/CONCILIACI%C3%93N%20EGRESOS%20PRESUP%20Y%20CONTABLES.pdf\" title=\"C) CONCILIACI\u00d3N ENTRE LOS EGRESOS Y PRESUPUESTARIOS Y LOS GASTOS CONTABLES\">C) CONCILIACI\u00d3N ENTRE LOS EGRESOS Y PRESUPUESTARIOS Y LOS GASTOS CONTABLES<\/a><\/td><\/tr><\/tbody><\/table><\/figure>\n\n\n\n<p>VII. INFORMACI\u00d3N LDF<\/p>\n\n\n\n<figure class=\"wp-block-table is-style-stripes\"><table><tbody><tr><td><a href=\"http:\/\/www.municipiomugica.com\/Ley_Dis_Fin\/2023\/3er_Trim\/FRACC%20VII%20CUMPLIMIENTO%20LDF\/EDO%20SIT%20FINANCIERA%20LDF.pdf\" title=\"1.- ESTADO DE SITUACI\u00d3N FINANCIERA\">1.- ESTADO DE SITUACI\u00d3N FINANCIERA<\/a><\/td><\/tr><tr><td><a href=\"http:\/\/www.municipiomugica.com\/Ley_Dis_Fin\/2023\/3er_Trim\/FRACC%20VII%20CUMPLIMIENTO%20LDF\/INFORME%20ANAL%C3%8DTICO%20DE%20OTROS%20DEUDA%20Y%20OTROS%20FINANCIAMIENTOS.pdf\" title=\"2.- INFORME ANAL\u00cdTICO DE LA DEUDA P\u00daBLICA Y OTROS PASIVOS\">2.- INFORME ANAL\u00cdTICO DE LA DEUDA P\u00daBLICA Y OTROS PASIVOS<\/a><\/td><\/tr><tr><td><a href=\"http:\/\/www.municipiomugica.com\/Ley_Dis_Fin\/2023\/3er_Trim\/FRACC%20VII%20CUMPLIMIENTO%20LDF\/INFORME%20ANAL%C3%8DTICO%20DE%20OTROS%20FINANCIAMIENTOS.pdf\" title=\"3.- INFORME ANAL\u00cdTICO DE OBLIGACIONES DIFERENTES DE FINANCIAMIENTOS\">3.- INFORME ANAL\u00cdTICO DE OBLIGACIONES DIFERENTES DE FINANCIAMIENTOS<\/a><\/td><\/tr><tr><td><a href=\"http:\/\/www.municipiomugica.com\/Ley_Dis_Fin\/2023\/3er_Trim\/FRACC%20VII%20CUMPLIMIENTO%20LDF\/BALANCE%20PRESUPUESTARIO%20LDF.pdf\" title=\"4.- BALANCE PRESUPUESTARIO\">4.- BALANCE PRESUPUESTARIO<\/a><\/td><\/tr><tr><td><a href=\"http:\/\/www.municipiomugica.com\/Ley_Dis_Fin\/2023\/3er_Trim\/FRACC%20VII%20CUMPLIMIENTO%20LDF\/EDO%20ANAL%C3%8DTICO%20DE%20INGRESOS%20DETALLADO%20LDF.pdf\" title=\"5.- ESTADO ANAL\u00cdTICO DE INGRESOS DETALLADO\">5.- ESTADO ANAL\u00cdTICO DE INGRESOS DETALLADO<\/a><\/td><\/tr><tr><td><a href=\"http:\/\/www.municipiomugica.com\/Ley_Dis_Fin\/2023\/3er_Trim\/FRACC%20VII%20CUMPLIMIENTO%20LDF\/EDO%20ANAL%C3%8DTICO%20DE%20INGRESOS%20DETALLADO%20LDF%202.pdf\" title=\"5.- EDO ANAL\u00cdTICO DE INGRESOS DETALLADO LDF 2\">5.- EDO ANAL\u00cdTICO DE INGRESOS DETALLADO LDF 2<\/a><\/td><\/tr><tr><td><a href=\"http:\/\/www.municipiomugica.com\/Ley_Dis_Fin\/2023\/3er_Trim\/FRACC%20VII%20CUMPLIMIENTO%20LDF\/EDO%20ANAL%C3%8DTICO%20EJERC%20PRESUP%20EGRESOS%20CLASIF%20ADMIN%20%20LDF.pdf\" title=\"6.- ESTADO ANAL\u00cdTICO DEL EJERC DEL PRESUP EGRESOS CLASIF ADMINISTRATIVA\">6.- ESTADO ANAL\u00cdTICO DEL EJERC DEL PRESUP EGRESOS CLASIF ADMINISTRATIVA<\/a><\/td><\/tr><tr><td><a href=\"http:\/\/www.municipiomugica.com\/Ley_Dis_Fin\/2023\/3er_Trim\/FRACC%20VII%20CUMPLIMIENTO%20LDF\/EDO%20ANAL%C3%8DTICO%20EJERC%20PRESUP%20EGRESOS%20CLASIF%20SERV%20PERSONALES%20%20LDF.pdf\" title=\"6.- ESTADO ANAL\u00cdTICO DEL EJERC DEL PRESUP EGRESOS CLASIF SERVICIOS PERSONALES POR CATEGOR\u00cdA\">6.- ESTADO ANAL\u00cdTICO DEL EJERC DEL PRESUP EGRESOS CLASIF SERVICIOS PERSONALES POR CATEGOR\u00cdA<\/a><\/td><\/tr><tr><td><a href=\"http:\/\/www.municipiomugica.com\/Ley_Dis_Fin\/2023\/3er_Trim\/FRACC%20VII%20CUMPLIMIENTO%20LDF\/EDO%20ANAL%C3%8DTICO%20EJERC%20PRESUP%20EGRESOS%20CLASIF%20OBJ%20DE%20GASTO%20%20LDF.pdf\" title=\"6.- ESTADO ANAL\u00cdTICO DEL EJERC DEL PRESUP EGRESOS OBJETO DE GASTO\">6.- ESTADO ANAL\u00cdTICO DEL EJERC DEL PRESUP EGRESOS OBJETO DE GASTO<\/a><\/td><\/tr><tr><td><a href=\"http:\/\/www.municipiomugica.com\/Ley_Dis_Fin\/2023\/3er_Trim\/FRACC%20VII%20CUMPLIMIENTO%20LDF\/EDO%20ANAL%C3%8DTICO%20EJERC%20PRESUP%20EGRESOS%20CLASIF%20FUNCIONAL%20%20LDF.pdf\" title=\"6. EDO ANAL\u00cdTICO EJER PRESUP DE EGRESOS CLASIF FUNCIONAL\">6. EDO ANAL\u00cdTICO EJER PRESUP DE EGRESOS CLASIF FUNCIONAL<\/a><\/td><\/tr><tr><td><a href=\"http:\/\/www.municipiomugica.com\/Ley_Dis_Fin\/2023\/3er_Trim\/FRACC%20VII%20CUMPLIMIENTO%20LDF\/PROYECCI%C3%93N%20DE%20EGRESOS.pdf\" title=\"7.- PROYECCI\u00d3N DE EGRESOS\">7.- PROYECCI\u00d3N DE EGRESOS<\/a><\/td><\/tr><tr><td><a href=\"http:\/\/www.municipiomugica.com\/Ley_Dis_Fin\/2023\/3er_Trim\/FRACC%20VII%20CUMPLIMIENTO%20LDF\/PROYECCI%C3%93N%20DE%20INGRESOS.pdf\" title=\"7.- PROYECCI\u00d3N DE LOS INGRESOS\">7.- PROYECCI\u00d3N DE LOS INGRESOS<\/a><\/td><\/tr><tr><td><a href=\"http:\/\/www.municipiomugica.com\/Ley_Dis_Fin\/2023\/3er_Trim\/FRACC%20VII%20CUMPLIMIENTO%20LDF\/RESULTADO%20DE%20EGRESOS.pdf\" title=\"7.- RESULTADO DE EGRESOS\">7.- RESULTADO DE EGRESOS<\/a><\/td><\/tr><tr><td><a href=\"http:\/\/www.municipiomugica.com\/Ley_Dis_Fin\/2023\/3er_Trim\/FRACC%20VII%20CUMPLIMIENTO%20LDF\/RESULTADO%20DE%20INGRESOS.pdf\" title=\"7.- RESULTADO DE INGRESOS\">7.- RESULTADO DE INGRESOS<\/a><\/td><\/tr><\/tbody><\/table><\/figure>\n\n\n\n<p>VIII.- INFORMACI\u00d3N COMPLEMENTARIA ASM<\/p>\n\n\n\n<figure class=\"wp-block-table is-style-stripes\"><table><tbody><tr><td><a href=\"http:\/\/www.municipiomugica.com\/Ley_Dis_Fin\/2023\/3er_Trim\/FRACC%20VIII%20INFORMACI%C3%93N%20COMPLEMENTARIA\/1.-%20EDO%20DE%20CUENTA%20CONCILIACIONES%20Y%20ANALITICO%20MENSUAL%20JULIO%20AGO%20SEPT.pdf\" title=\"1.- EDOS DE CUENTA, AUXILIARES MENSUALES Y CONCILIACIONES JULIO, AGOSTO Y SEPTIEMBRE\">1.- EDOS DE CUENTA, AUXILIARES MENSUALES Y CONCILIACIONES JULIO, AGOSTO Y SEPTIEMBRE<\/a><\/td><\/tr><tr><td><a href=\"http:\/\/www.municipiomugica.com\/Ley_Dis_Fin\/2023\/3er_Trim\/FRACC%20VIII%20INFORMACI%C3%93N%20COMPLEMENTARIA\/1%20EDO%20DE%20CUENTA%20CONCILIACIONES%20Y%20ANALITICO%20MENSUAL%20JULIO%20AGO%20SEPT%202.pdf\" title=\"1.- EDOS DE CUENTA, AUXILIARES MENSUALES Y CONCILIACIONES JULIO, AGOSTO Y SEPTIEMBRE 2\">1.- EDOS DE CUENTA, AUXILIARES MENSUALES Y CONCILIACIONES JULIO, AGOSTO Y SEPTIEMBRE 2<\/a><\/td><\/tr><tr><td><a href=\"http:\/\/www.municipiomugica.com\/Ley_Dis_Fin\/2023\/3er_Trim\/FRACC%20VIII%20INFORMACI%C3%93N%20COMPLEMENTARIA\/1.-%20EDO%20DE%20CUENTA%20CONCILIACIONES%20Y%20ANALITICO%20MENSUAL%20JULIO%20AGO%20SEPT%203.pdf\" title=\"1.- EDOS DE CUENTA, AUXILIARES MENSUALES Y CONCILIACIONES JULIO, AGOSTO Y SEPTIEMBRE 3\">1.- EDOS DE CUENTA, AUXILIARES MENSUALES Y CONCILIACIONES JULIO, AGOSTO Y SEPTIEMBRE 3<\/a><\/td><\/tr><tr><td><a href=\"http:\/\/www.municipiomugica.com\/Ley_Dis_Fin\/2023\/3er_Trim\/FRACC%20VIII%20INFORMACI%C3%93N%20COMPLEMENTARIA\/2.-%20BALANZA%20DE%20COMPROBACI%C3%93N.pdf\" title=\"2.- BALANZA DE COMPROBACI\u00d3N\">2.- BALANZA DE COMPROBACI\u00d3N<\/a><\/td><\/tr><tr><td><a href=\"http:\/\/www.municipiomugica.com\/Ley_Dis_Fin\/2023\/3er_Trim\/FRACC%20VIII%20INFORMACI%C3%93N%20COMPLEMENTARIA\/3.-%20INFORME%20DE%20LA%20DEUDA.pdf\" title=\"3.- ANEXO 1 REPORTE DE LA DEUDA P\u00daBLICA ADQUIRIDA PARA INVERSIONES P\u00daBLICAS PRODUCTIVAS\">3.- ANEXO 1 REPORTE DE LA DEUDA P\u00daBLICA ADQUIRIDA PARA INVERSIONES P\u00daBLICAS PRODUCTIVAS<\/a><\/td><\/tr><tr><td><a href=\"http:\/\/www.municipiomugica.com\/Ley_Dis_Fin\/2023\/3er_Trim\/FRACC%20VIII%20INFORMACI%C3%93N%20COMPLEMENTARIA\/4.-%20ANEXOS%20DE%20OBRAS%20%281%29.pdf\" title=\"ANEXO 1 OBRA P\u00daBLICA\">ANEXO 1 OBRA P\u00daBLICA<\/a><\/td><\/tr><tr><td><a href=\"http:\/\/www.municipiomugica.com\/Ley_Dis_Fin\/2023\/3er_Trim\/FRACC%20VIII%20INFORMACI%C3%93N%20COMPLEMENTARIA\/4.-%20ANEXOS%20DE%20OBRAS%20%282%29.pdf\" title=\"ANEXO 2 OBRA P\u00daBLICA\">ANEXO 2 OBRA P\u00daBLICA<\/a><\/td><\/tr><tr><td><a href=\"http:\/\/www.municipiomugica.com\/Ley_Dis_Fin\/2023\/3er_Trim\/FRACC%20VIII%20INFORMACI%C3%93N%20COMPLEMENTARIA\/4.-%20ANEXOS%20DE%20OBRAS%20%283%29.pdf\" title=\"ANEXO 3 OBRA P\u00daBLICA\">ANEXO 3 OBRA P\u00daBLICA<\/a><\/td><\/tr><tr><td><a href=\"http:\/\/www.municipiomugica.com\/Ley_Dis_Fin\/2023\/3er_Trim\/FRACC%20VIII%20INFORMACI%C3%93N%20COMPLEMENTARIA\/5.-%20ANEXO%20VINCULACI%C3%93N%20DE%20OBJETIVOS.pdf\" title=\"ANEXO 5 VINCULACI\u00d3N DE OBJETIVOS\">ANEXO 5 VINCULACI\u00d3N DE OBJETIVOS<\/a><\/td><\/tr><\/tbody><\/table><\/figure>\n","protected":false},"excerpt":{"rendered":"<p>00. PORTADA PORTADA I. CARATULA CARATULA II. \u00cdNDICE \u00cdNDICE III. ACTA DE SESI\u00d3N DE CABILDO ACTA DE SESI\u00d3N DE CABILDO IV. INFORMACI\u00d3N CONTABLE ESTADO ANALITICO DEL ACTIVO NOTAS A LOS &#8230;<\/p>\n","protected":false},"author":2,"featured_media":0,"parent":0,"menu_order":0,"comment_status":"closed","ping_status":"closed","template":"","meta":{"om_disable_all_campaigns":false,"footnotes":""},"class_list":["post-4600","page","type-page","status-publish","hentry"],"aioseo_notices":[],"_links":{"self":[{"href":"https:\/\/municipiomugica.com\/index.php\/wp-json\/wp\/v2\/pages\/4600","targetHints":{"allow":["GET"]}}],"collection":[{"href":"https:\/\/municipiomugica.com\/index.php\/wp-json\/wp\/v2\/pages"}],"about":[{"href":"https:\/\/municipiomugica.com\/index.php\/wp-json\/wp\/v2\/types\/page"}],"author":[{"embeddable":true,"href":"https:\/\/municipiomugica.com\/index.php\/wp-json\/wp\/v2\/users\/2"}],"replies":[{"embeddable":true,"href":"https:\/\/municipiomugica.com\/index.php\/wp-json\/wp\/v2\/comments?post=4600"}],"version-history":[{"count":11,"href":"https:\/\/municipiomugica.com\/index.php\/wp-json\/wp\/v2\/pages\/4600\/revisions"}],"predecessor-version":[{"id":4652,"href":"https:\/\/municipiomugica.com\/index.php\/wp-json\/wp\/v2\/pages\/4600\/revisions\/4652"}],"wp:attachment":[{"href":"https:\/\/municipiomugica.com\/index.php\/wp-json\/wp\/v2\/media?parent=4600"}],"curies":[{"name":"wp","href":"https:\/\/api.w.org\/{rel}","templated":true}]}}