{"id":4615,"date":"2023-10-30T11:22:59","date_gmt":"2023-10-30T17:22:59","guid":{"rendered":"http:\/\/municipiomugica.com\/?page_id=4615"},"modified":"2023-11-09T16:27:01","modified_gmt":"2023-11-09T22:27:01","slug":"capamu-2023-3er-trimestre","status":"publish","type":"page","link":"https:\/\/municipiomugica.com\/index.php\/capamu-2023-3er-trimestre\/","title":{"rendered":"CAPAMU 2023 3ER TRIMESTRE"},"content":{"rendered":"\n<figure class=\"wp-block-table is-style-stripes\"><table><tbody><tr><td><a href=\"http:\/\/www.municipiomugica.com\/CAPAMU\/2023\/3er_Trim\/1.-PORTADA.pdf\" title=\"1.-Portada\">1.-Portada<\/a><\/td><\/tr><tr><td><a href=\"http:\/\/www.municipiomugica.com\/CAPAMU\/2023\/3er_Trim\/2.-INDICE.pdf\" title=\"2.-Indice\">2.-Indice<\/a><\/td><\/tr><tr><td><a href=\"http:\/\/www.municipiomugica.com\/CAPAMU\/2023\/3er_Trim\/3.-ACTA%2096%20JUNTA%20DE%20SESION%20ORDINARIA%20DE%20CABILDO.pdf\" title=\"3.-Acta Junta de Cabildo\">3.-Acta Junta de Cabildo<\/a><\/td><\/tr><tr><td><a href=\"http:\/\/www.municipiomugica.com\/CAPAMU\/2023\/3er_Trim\/4.-ACTA%20JUNTA%20DE%20GOBIERNO.pdf\" title=\"4.-Acta de Junta de Gobierno\">4.-Acta de Junta de Gobierno<\/a><\/td><\/tr><tr><td><a href=\"http:\/\/www.municipiomugica.com\/CAPAMU\/2023\/3er_Trim\/5.-ESTADO%20DE%20ACTIVIDADES.pdf\" title=\"5.-Estado de Actividades\">5.-Estado de Actividades<\/a><\/td><\/tr><tr><td><a href=\"http:\/\/www.municipiomugica.com\/CAPAMU\/2023\/3er_Trim\/6.-ESTADO%20DE%20SITUACION%20FINANCIERA.pdf\" title=\"6.-Estado de Situaci\u00f3n Financiera\">6.-Estado de Situaci\u00f3n Financiera<\/a><\/td><\/tr><tr><td><a href=\"http:\/\/www.municipiomugica.com\/CAPAMU\/2023\/3er_Trim\/7.-ESTADO%20DE%20VARIACION%20EN%20LA%20HACIENDA%20PUBLICA.pdf\" title=\"7.-Estado de Variaci\u00f3n en la Hacienda P\u00fablica\">7.-Estado de Variaci\u00f3n en la Hacienda P\u00fablica<\/a><\/td><\/tr><tr><td><a href=\"http:\/\/www.municipiomugica.com\/CAPAMU\/2023\/3er_Trim\/8.-ESTADO%20DE%20CAMBIO%20EN%20LA%20SITUACION%20FINANCIERA.pdf\" title=\"8.-Estado de Cambio en la Situaci\u00f3n Financiera\">8.-Estado de Cambio en la Situaci\u00f3n Financiera<\/a><\/td><\/tr><tr><td><a href=\"http:\/\/www.municipiomugica.com\/CAPAMU\/2023\/3er_Trim\/9.-ESTADO%20DE%20FLUJOS%20DE%20EFECTIVO.pdf\" title=\"9.-Estado de Flujo de Efectivo\">9.-Estado de Flujo de Efectivo<\/a><\/td><\/tr><tr><td><a href=\"http:\/\/www.municipiomugica.com\/CAPAMU\/2023\/3er_Trim\/10.-NOTA%20A%20LOS%20ESTADOS%20FINANCIEROS.pdf\" title=\"10.-Nota a los Estados Financieros\">10.-Nota a los Estados Financieros<\/a><\/td><\/tr><tr><td><a href=\"http:\/\/www.municipiomugica.com\/CAPAMU\/2023\/3er_Trim\/11.-ESTADO%20ANALITICO%20DEL%20ACTIVO.pdf\" title=\"11.-Estado Anal\u00edtico del Activo\">11.-Estado Anal\u00edtico del Activo<\/a><\/td><\/tr><tr><td><a href=\"http:\/\/www.municipiomugica.com\/CAPAMU\/2023\/3er_Trim\/12.-ESTADO%20ANALITICO%20DE%20INGRESOS.pdf\" title=\"12.-Estado Anal\u00edtico de Ingresos\">12.-Estado Anal\u00edtico de Ingresos<\/a><\/td><\/tr><tr><td><a href=\"http:\/\/www.municipiomugica.com\/CAPAMU\/2023\/3er_Trim\/13.-ESTADO%20ANALITICO%20DE%20INGRESOS%20POR%20FUENTE%20DE%20FINANCIAMIENTO%20RF%20NO%20ET.pdf\" title=\"13.-ESTADO ANALITICO DE INGRESOS POR FUENTE DE FINANCIAMIENTO RF NO ET\">13.-ESTADO ANALITICO DE INGRESOS POR FUENTE DE FINANCIAMIENTO RF NO ET<\/a><\/td><\/tr><tr><td><a href=\"http:\/\/www.municipiomugica.com\/CAPAMU\/2023\/3er_Trim\/14.-ESTADO%20ANALITICO%20DE%20INGRESOS%20POR%20FUENTE%20DE%20FINANCIAMIENTO%20FI%20NO%20ET.pdf\" title=\"14.-ESTADO ANALITICO DE INGRESOS POR FUENTE DE FINANCIAMIENTO FI NO ET\">14.-ESTADO ANALITICO DE INGRESOS POR FUENTE DE FINANCIAMIENTO FI NO ET<\/a><\/td><\/tr><tr><td><a href=\"http:\/\/www.municipiomugica.com\/CAPAMU\/2023\/3er_Trim\/15.-ESTADO%20ANALITICO%20DE%20INGRESOS%20POR%20FUENTE%20DE%20FINANCIAMIENTO%20FE%20NO%20ET.pdf\" title=\"15.-ESTADO ANALITICO DE INGRESOS POR FUENTE DE FINANCIAMIENTO FE NO ET\">15.-ESTADO ANALITICO DE INGRESOS POR FUENTE DE FINANCIAMIENTO FE NO ET<\/a><\/td><\/tr><tr><td><a href=\"http:\/\/www.municipiomugica.com\/CAPAMU\/2023\/3er_Trim\/16.-ESTADO%20ANALITICO%20DE%20INGRESOS%20POR%20FUENTE%20DE%20FINANCIAMIENTO%20IP%20NO%20ET.pdf\" title=\"16.-ESTADO ANALITICO DE INGRESOS POR FUENTE DE FINANCIAMIENTO IP NO ET\">16.-ESTADO ANALITICO DE INGRESOS POR FUENTE DE FINANCIAMIENTO IP NO ET<\/a><\/td><\/tr><tr><td><a href=\"http:\/\/www.municipiomugica.com\/CAPAMU\/2023\/3er_Trim\/17.-ESTADO%20ANALITICO%20DE%20INGRESOS%20POR%20FUENTE%20DE%20FINANCIAMIENTO%20RF%20NO%20ET.pdf\" title=\"17.-ESTADO ANALITICO DE INGRESOS POR FUENTE DE FINANCIAMIENTO RF NO ET\">17.-ESTADO ANALITICO DE INGRESOS POR FUENTE DE FINANCIAMIENTO RF NO ET<\/a><\/td><\/tr><tr><td><a href=\"http:\/\/www.municipiomugica.com\/CAPAMU\/2023\/3er_Trim\/18.-ESTADO%20ANALITICO%20DE%20INGRESOS%20POR%20FUENTE%20DE%20FINANCIAMIENTO%20RE%20NO%20ET.pdf\" title=\"18.-ESTADO ANALITICO DE INGRESOS POR FUENTE DE FINANCIAMIENTO RE NO ET\">18.-ESTADO ANALITICO DE INGRESOS POR FUENTE DE FINANCIAMIENTO RE NO ET<\/a><\/td><\/tr><tr><td><a href=\"http:\/\/www.municipiomugica.com\/CAPAMU\/2023\/3er_Trim\/19.-ESTADO%20ANALITICO%20DE%20INGRESOS%20POR%20FUENTE%20DE%20FINANCIAMIENTO%20OTROS%20RLD%20NO%20ET.pdf\" title=\"19.-ESTADO ANALITICO DE INGRESOS POR FUENTE DE FINANCIAMIENTO OTROS RLD NO ET\">19.-ESTADO ANALITICO DE INGRESOS POR FUENTE DE FINANCIAMIENTO OTROS RLD NO ET<\/a><\/td><\/tr><tr><td><a href=\"http:\/\/www.municipiomugica.com\/CAPAMU\/2023\/3er_Trim\/20.-ESTADO%20ANALITICO%20DE%20INGRESOS%20POR%20FUENTE%20DE%20FINANCIAMIENTO%20RF%20ET.pdf\" title=\"20.-ESTADO ANALITICO DE INGRESOS POR FUENTE DE FINANCIAMIENTO RF ET\">20.-ESTADO ANALITICO DE INGRESOS POR FUENTE DE FINANCIAMIENTO RF ET<\/a><\/td><\/tr><tr><td><a href=\"http:\/\/www.municipiomugica.com\/CAPAMU\/2023\/3er_Trim\/21.-ESTADO%20ANALITICO%20DE%20INGRESOS%20POR%20FUENTE%20DE%20FINANCIAMIENTO%20RE%20ET.pdf\" title=\"21.-ESTADO ANALITICO DE INGRESOS POR FUENTE DE FINANCIAMIENTO RE ET\">21.-ESTADO ANALITICO DE INGRESOS POR FUENTE DE FINANCIAMIENTO RE ET<\/a><\/td><\/tr><tr><td><a href=\"http:\/\/www.municipiomugica.com\/CAPAMU\/2023\/3er_Trim\/22.-ESTADO%20ANALITICO%20DE%20INGRESOS%20POR%20FUENTE%20DE%20FINANCIAMIENTO%20OTROS%20RTF%20ET.pdf\" title=\"22.-ESTADO ANALITICO DE INGRESOS POR FUENTE DE FINANCIAMIENTO OTROS RTF ET\">22.-ESTADO ANALITICO DE INGRESOS POR FUENTE DE FINANCIAMIENTO OTROS RTF ET<\/a><\/td><\/tr><tr><td><a href=\"http:\/\/www.municipiomugica.com\/CAPAMU\/2023\/3er_Trim\/23.-ESTADO%20ANALITICO%20DEL%20EJERCICIO%20DEL%20PRESUPUESTO%20DE%20EGRESOS%20CLASIFICACION%20ADM.pdf\" title=\"23.-ESTADO ANALITICO DEL EJERCICIO DEL PRESUPUESTO DE EGRESOS CLASIFICACION ADM\">23.-ESTADO ANALITICO DEL EJERCICIO DEL PRESUPUESTO DE EGRESOS CLASIFICACION ADM<\/a><\/td><\/tr><tr><td><a href=\"http:\/\/www.municipiomugica.com\/CAPAMU\/2023\/3er_Trim\/24.-ESTADO%20ANALITICO%20DEL%20EJERCICIO%20DEL%20PRESUPUESTO%20DE%20EGRESOS%20CA%20POR%20TIPO%20DE%20GASTO.pdf\" title=\"24.-ESTADO ANALITICO DEL EJERCICIO DEL PRESUPUESTO DE EGRESOS CA POR TIPO DE GASTO\">24.-ESTADO ANALITICO DEL EJERCICIO DEL PRESUPUESTO DE EGRESOS CA POR TIPO DE GASTO<\/a><\/td><\/tr><tr><td><a href=\"http:\/\/www.municipiomugica.com\/CAPAMU\/2023\/3er_Trim\/25.-ESTADO%20ANALITICO%20DEL%20EJERCICIO%20DEL%20PRESUPUESTO%20DE%20EGRESOS%20CA%20CAP%20Y%20CON.pdf\" title=\"25.-ESTADO ANALITICO DEL EJERCICIO DEL PRESUPUESTO DE EGRESOS CA CAP Y CON\">25.-ESTADO ANALITICO DEL EJERCICIO DEL PRESUPUESTO DE EGRESOS CA CAP Y CON<\/a><\/td><\/tr><tr><td><a href=\"http:\/\/www.municipiomugica.com\/CAPAMU\/2023\/3er_Trim\/26.-ESTADO%20ANALITICO%20DEL%20EJERCICIO%20DEL%20PRESUPUESTO%20DE%20EGRESOS%20CA%20FIN%20Y%20FUN.pdf\" title=\"26.-ESTADO ANALITICO DEL EJERCICIO DEL PRESUPUESTO DE EGRESOS CA FIN Y FUN\">26.-ESTADO ANALITICO DEL EJERCICIO DEL PRESUPUESTO DE EGRESOS CA FIN Y FUN<\/a><\/td><\/tr><tr><td><a href=\"http:\/\/www.municipiomugica.com\/CAPAMU\/2023\/3er_Trim\/27.-FORMATO%20DEL%20EJERCICIO%20Y%20DESTINO%20DEL%20GASTO%20FEDERALIZADOS%20Y%20REINTEGROS.pdf\" title=\"27.-FORMATO DEL EJERCICIO Y DESTINO DEL GASTO FEDERALIZADOS Y REINTEGROS\">27.-FORMATO DEL EJERCICIO Y DESTINO DEL GASTO FEDERALIZADOS Y REINTEGROS<\/a><\/td><\/tr><tr><td><a href=\"http:\/\/www.municipiomugica.com\/CAPAMU\/2023\/3er_Trim\/28.-CONCILIACIONES%20ENTRE%20LOS%20EGRESOS%20PRESUPUESTARIOS%20Y%20LOS%20GASTOS%20CONTABLES.pdf\" title=\"28.-CONCILIACIONES ENTRE LOS EGRESOS PRESUPUESTARIOS Y LOS GASTOS CONTABLES\">28.-CONCILIACIONES ENTRE LOS EGRESOS PRESUPUESTARIOS Y LOS GASTOS CONTABLES<\/a><\/td><\/tr><tr><td><a href=\"http:\/\/www.municipiomugica.com\/CAPAMU\/2023\/3er_Trim\/28.-CONCILIACIONES%20ENTRE%20LOS%20EGRESOS%20PRESUPUESTARIOS%20Y%20LOS%20GASTOS%20CONTABLES.pdf\" title=\"29.-CONCILIACION ENTRE LOS EGRESOS PRESUPUESTARIOS Y LOS GASTOS CONTABLE\">29.-CONCILIACION ENTRE LOS EGRESOS PRESUPUESTARIOS Y LOS GASTOS CONTABLE<\/a><\/td><\/tr><tr><td><a href=\"http:\/\/www.municipiomugica.com\/CAPAMU\/2023\/3er_Trim\/30.-ESTADO%20DE%20SITUACION%20FINANCIERA%20DETALLADO%20LDF.pdf\" title=\"30.-ESTADO DE SITUACION FINANCIERA DETALLADO LDF\">30.-ESTADO DE SITUACION FINANCIERA DETALLADO LDF<\/a><\/td><\/tr><tr><td><a href=\"http:\/\/www.municipiomugica.com\/CAPAMU\/2023\/3er_Trim\/31.-INFORMACION%20ANALITICA%20DE%20OBLIGACIONES%20DIFERENTES%20DE%20FINANCIEMIENTOS%20LDF.pdf\" title=\"31.-INFORMACION ANALITICA DE OBLIGACIONES DIFERENTES DE FINANCIEMIENTOS LDF\">31.-INFORMACION ANALITICA DE OBLIGACIONES DIFERENTES DE FINANCIEMIENTOS LDF<\/a><\/td><\/tr><tr><td><a href=\"http:\/\/www.municipiomugica.com\/CAPAMU\/2023\/3er_Trim\/32.-BALANCE%20PRESUPUESTARIOS%20LDF.pdf\" title=\"32.-BALANCE PRESUPUESTARIOS LDF\">32.-BALANCE PRESUPUESTARIOS LDF<\/a><\/td><\/tr><tr><td><a href=\"http:\/\/www.municipiomugica.com\/CAPAMU\/2023\/3er_Trim\/33.-ESTADO%20ANALITICO%20DE%20INGRESOS%20DETALLADO%20LDF.pdf\" title=\"33.-ESTADO ANALITICO DE INGRESOS DETALLADO LDF\">33.-ESTADO ANALITICO DE INGRESOS DETALLADO LDF<\/a><\/td><\/tr><tr><td><a href=\"http:\/\/www.municipiomugica.com\/CAPAMU\/2023\/3er_Trim\/34.-ESTADO%20ANALITICO%20DEL%20EJERCICIO%20DEL%20PRESUPUESTO%20DE%20EGRESOS%20DETALLADO%20LDF.pdf\" title=\"34.-ESTADO ANALITICO DEL EJERCICIO DEL PRESUPUESTO DE EGRESOS DETALLADO LDF\">34.-ESTADO ANALITICO DEL EJERCICIO DEL PRESUPUESTO DE EGRESOS DETALLADO LDF<\/a><\/td><\/tr><tr><td><a href=\"http:\/\/www.municipiomugica.com\/CAPAMU\/2023\/3er_Trim\/35.-ESTADO%20ANALITICO%20DEL%20EJERCICIO%20DEL%20PRESUPUESTO%20DE%20EGRESOS%20DETALLADO%20LDF%20CLA%20ADM.pdf\" title=\"35.-ESTADO ANALITICO DEL EJERCICIO DEL PRESUPUESTO DE EGRESOS DETALLADO LDF CLA ADM\">35.-ESTADO ANALITICO DEL EJERCICIO DEL PRESUPUESTO DE EGRESOS DETALLADO LDF CLA ADM<\/a><\/td><\/tr><tr><td><a href=\"http:\/\/www.municipiomugica.com\/CAPAMU\/2023\/3er_Trim\/36.-ESTADO%20ANALITICO%20DEL%20EJERCICIO%20DEL%20PRESUPUESTO%20DE%20EGRESOS%20DETALLADO%20LDF%20CLA%20FIN%20Y%20FUN.pdf\" title=\"36.-ESTADO ANALITICO DEL EJERCICIO DEL PRESUPUESTO DE EGRESOS DETALLADO LDF CLA FIN Y FUN\">36.-ESTADO ANALITICO DEL EJERCICIO DEL PRESUPUESTO DE EGRESOS DETALLADO LDF CLA FIN Y FUN<\/a><\/td><\/tr><tr><td><a href=\"http:\/\/www.municipiomugica.com\/CAPAMU\/2023\/3er_Trim\/37.-ESTADO%20ANALITICO%20DEL%20EJERCICIO%20DEL%20PRESUPUESTO%20DE%20EGRESOS%20DETALLADO%20LDF%20CLA%20DE%20SERV%20PER%20POR%20CAT.pdf\" title=\"37.-ESTADO ANALITICO DEL EJERCICIO DEL PRESUPUESTO DE EGRESOS DETALLADO LDF CLA DE SERV PER POR CAT\">37.-ESTADO ANALITICO DEL EJERCICIO DEL PRESUPUESTO DE EGRESOS DETALLADO LDF CLA DE SERV PER POR CAT<\/a><\/td><\/tr><tr><td><a href=\"http:\/\/www.municipiomugica.com\/CAPAMU\/2023\/3er_Trim\/38.-PROYECCIONES%20DE%20INGRESOS%20LDF.pdf\" title=\"38.-PROYECCIONES DE INGRESOS LDF\">38.-PROYECCIONES DE INGRESOS LDF<\/a><\/td><\/tr><tr><td><a href=\"http:\/\/www.municipiomugica.com\/CAPAMU\/2023\/3er_Trim\/39.-PROYECCIONES%20DE%20EGRESOS%20LDF.pdf\" title=\"39.-PROYECCIONES DE EGRESOS LDF\">39.-PROYECCIONES DE EGRESOS LDF<\/a><\/td><\/tr><tr><td><a href=\"http:\/\/www.municipiomugica.com\/CAPAMU\/2023\/3er_Trim\/40.-RESULTADOS%20DE%20INGRESOS%20LDF.pdf\" title=\"40.-RESULTADOS DE INGRESOS LDF\">40.-RESULTADOS DE INGRESOS LDF<\/a><\/td><\/tr><tr><td><a href=\"http:\/\/www.municipiomugica.com\/CAPAMU\/2023\/3er_Trim\/41.-RESULTADOS%20DE%20EGRESOS%20LDF.pdf\" title=\"41.-RESULTADOS DE EGRESOS LDF\">41.-RESULTADOS DE EGRESOS LDF<\/a><\/td><\/tr><tr><td><a href=\"http:\/\/www.municipiomugica.com\/CAPAMU\/2023\/3er_Trim\/42.-ANALITICO%20MENSUAL%20JULIO%202023.pdf\" title=\"42.-ANALITICO MENSUAL JULIO 2023\">42.-ANALITICO MENSUAL JULIO 2023<\/a><\/td><\/tr><tr><td><a href=\"http:\/\/www.municipiomugica.com\/CAPAMU\/2023\/3er_Trim\/43.-CONCILIACION%20BANCARIA%20JULIO%202023.pdf\" title=\"43.-CONCILIACION BANCARIA JULIO 2023\">43.-CONCILIACION BANCARIA JULIO 2023<\/a><\/td><\/tr><tr><td><a href=\"http:\/\/www.municipiomugica.com\/CAPAMU\/2023\/3er_Trim\/44.-ESTADO%20DE%20CUENTA%20JULIO%202023.pdf\" title=\"44.-ESTADO DE CUENTA JULIO 2023\">44.-ESTADO DE CUENTA JULIO 2023<\/a><\/td><\/tr><tr><td><a href=\"http:\/\/www.municipiomugica.com\/CAPAMU\/2023\/3er_Trim\/45.-ANALITICO%20JULIO%202023.pdf\" title=\"45.-ANALITICO JULIO 2023\">45.-ANALITICO JULIO 2023<\/a><\/td><\/tr><tr><td><a href=\"http:\/\/www.municipiomugica.com\/CAPAMU\/2023\/3er_Trim\/46.-ANALITICO%20MENSUAL%20AGOSTO%202023.pdf\" title=\"46.-ANALITICO MENSUAL AGOSTO 2023\">46.-ANALITICO MENSUAL AGOSTO 2023<\/a><\/td><\/tr><tr><td><a href=\"http:\/\/www.municipiomugica.com\/CAPAMU\/2023\/3er_Trim\/47.-CONCILIACION%20BANCARIA%20AGOSTO%202023.pdf{\" title=\"47.-CONCILIACION BANCARIA AGOSTO 2023\">47.-CONCILIACION BANCARIA AGOSTO 2023<\/a><\/td><\/tr><tr><td><a href=\"http:\/\/www.municipiomugica.com\/CAPAMU\/2023\/3er_Trim\/48.-ESTADO%20DE%20CUENTA%20AGOSTO%202023.pdf\" title=\"48.-ESTADO DE CUENTA AGOSTO 2023\">48.-ESTADO DE CUENTA AGOSTO 2023<\/a><\/td><\/tr><tr><td><a href=\"http:\/\/www.municipiomugica.com\/CAPAMU\/2023\/3er_Trim\/49.-ANALITICO%20AGOSTO%202023.pdf\" title=\"49.-ANALITICO AGOSTO 2023\">49.-ANALITICO AGOSTO 2023<\/a><\/td><\/tr><tr><td><a href=\"http:\/\/www.municipiomugica.com\/CAPAMU\/2023\/3er_Trim\/50.-ANALITICO%20MENSUAL%20SEPTIEMBRE%202023.pdf\" title=\"50.-ANALITICO MENSUAL SEPTIEMBRE 2023\">50.-ANALITICO MENSUAL SEPTIEMBRE 2023<\/a><\/td><\/tr><tr><td><a href=\"http:\/\/www.municipiomugica.com\/CAPAMU\/2023\/3er_Trim\/51.-CONCILIACION%20BANCARIA%20SEPTIEMBRE%202023.pdf\" title=\"51.-CONCILIACION BANCARIA SEPTIEMBRE 2023\">51.-CONCILIACION BANCARIA SEPTIEMBRE 2023<\/a><\/td><\/tr><tr><td><a href=\"http:\/\/www.municipiomugica.com\/CAPAMU\/2023\/3er_Trim\/52.-ESTADO%20DE%20CUENTA%20SEPTIEMBRE%202023.pdf\" title=\"52.-ESTADO DE CUENTA SEPTIEMBRE 2023\">52.-ESTADO DE CUENTA SEPTIEMBRE 2023<\/a><\/td><\/tr><tr><td><a href=\"http:\/\/www.municipiomugica.com\/CAPAMU\/2023\/3er_Trim\/53.-ANALITICO%20SEPTIEMBRE%202023.pdf\" title=\"53.-ANALITICO SEPTIEMBRE 2023\">53.-ANALITICO SEPTIEMBRE 2023<\/a><\/td><\/tr><tr><td><a href=\"http:\/\/www.municipiomugica.com\/CAPAMU\/2023\/3er_Trim\/54.-BALANZA%20DE%20COMPROBACION.pdf\" title=\"54.-BALANZA DE COMPROBACION\">54.-BALANZA DE COMPROBACION<\/a><\/td><\/tr><tr><td><a href=\"http:\/\/www.municipiomugica.com\/CAPAMU\/2023\/3er_Trim\/55.-ANEXO%201%20REPORTE%20DE%20LA%20APLICACION%20DE%20LA%20DEUDA%20PUBLICA%20ADQUIRIDA%20PARA%20INVERSIONES%20PUBLICAS%20PRODUCTIVAS.pdf\" title=\"55.-ANEXO 1 REPORTE DE LA APLICACION DE LA DEUDA PUBLICA ADQUIRIDA PARA INVERSIONES PUBLICAS PRODUCTIVAS\">55.-ANEXO 1 REPORTE DE LA APLICACION DE LA DEUDA PUBLICA ADQUIRIDA PARA INVERSIONES PUBLICAS PRODUCTIVAS<\/a><\/td><\/tr><tr><td><a href=\"http:\/\/www.municipiomugica.com\/CAPAMU\/2023\/3er_Trim\/56.-ANEXO%202%20RELACION%20DE%20GASTOS%20REALIZADOS%20EN%20OBRA%20EJECUTADAS%20POR%20ADMINISTRACION%20DIRECTA.pdf\" title=\"56.-ANEXO 2 RELACION DE GASTOS REALIZADOS EN OBRA EJECUTADAS POR ADMINISTRACION DIRECTA\">56.-ANEXO 2 RELACION DE GASTOS REALIZADOS EN OBRA EJECUTADAS POR ADMINISTRACION DIRECTA<\/a><\/td><\/tr><tr><td><a href=\"http:\/\/www.municipiomugica.com\/CAPAMU\/2023\/3er_Trim\/57.-ANEXO%203%20RELACION%20DE%20OBRAS%20EJECUTADAS.pdf\" title=\"57.-ANEXO 3 RELACION DE OBRAS EJECUTADAS\">57.-ANEXO 3 RELACION DE OBRAS EJECUTADAS<\/a><\/td><\/tr><tr><td><a href=\"http:\/\/www.municipiomugica.com\/CAPAMU\/2023\/3er_Trim\/58.-ANEXO%204%20VINCULACION%20DE%20OBJETIVOS.pdf\" title=\"58.-ANEXO 4 VINCULACION DE OBJETIVOS\">58.-ANEXO 4 VINCULACION DE OBJETIVOS<\/a><\/td><\/tr><tr><td><a href=\"http:\/\/www.municipiomugica.com\/CAPAMU\/2023\/3er_Trim\/59.-ANEXO%205%20INFORME%20DEL%20AVANCE%20PROGRAMATICO%20PRESUPUESTARIO.pdf\" title=\"59.-ANEXO 5 INFORME DEL AVANCE PROGRAMATICO PRESUPUESTARIO\">59.-ANEXO 5 INFORME DEL AVANCE PROGRAMATICO PRESUPUESTARIO<\/a><\/td><\/tr><tr><td><a href=\"http:\/\/www.municipiomugica.com\/CAPAMU\/2023\/3er_Trim\/60.-DEPRECIACIONES%20AL%20MES%20DE%20AGOSTO%202023.pdf\" title=\"60.-DEPRECIACIONES AL MES DE AGOSTO 2023\">60.-DEPRECIACIONES AL MES DE AGOSTO 2023<\/a><\/td><\/tr><tr><td><a href=\"http:\/\/www.municipiomugica.com\/CAPAMU\/2023\/3er_Trim\/61.-DEPRECIACIONES%20AL%20MES%20DE%20JULIO%202023.pdf\" title=\"61.-DEPRECIACIONES AL MES DE JULIO 2023\">61.-DEPRECIACIONES AL MES DE JULIO 2023<\/a><\/td><\/tr><tr><td><a href=\"http:\/\/www.municipiomugica.com\/CAPAMU\/2023\/3er_Trim\/62.-DEPRECIACIONES%20AL%20MES%20DE%20SEPTIEMBRE%202023.pdf\" title=\"62.-DEPRECIACIONES AL MES DE SEPTIEMBRE 2023\">62.-DEPRECIACIONES AL MES DE SEPTIEMBRE 2023<\/a><\/td><\/tr><tr><td><a href=\"http:\/\/www.municipiomugica.com\/CAPAMU\/2023\/3er_Trim\/63.-GASTOS POR CATEGORIA PROGRAMATICA.pdf\" title=\"63.- GASTOS POR CATEGOR\u00cdA PROGRAM\u00c1TICA\">63.- GASTOS POR CATEGOR\u00cdA PROGRAM\u00c1TICA<\/a><\/td><\/tr><tr><td><a href=\"http:\/\/www.municipiomugica.com\/CAPAMU\/2023\/3er_Trim\/Estado%20Analitico%20de%20la%20Deuda%20y%20OtrosPasivos%20.pdf\" title=\"Subsidios julio a Septiembre 2023\">Estado Anal\u00edtico de la Deuda y Otros Pasivos<\/a><\/td><\/tr><tr><td><a href=\"http:\/\/www.municipiomugica.com\/CAPAMU\/2023\/3er_Trim\/Subsidios%20julio%20a%20Septiembre%20%202023%203er%20trimestre%202023.pdf\" title=\"Estado Anal\u00edtico de la Deuda y Otros Pasivos\">Subsidios Julio a Septiembre 2023<\/a><\/td><\/tr><\/tbody><\/table><\/figure>\n\n\n\n<p><\/p>\n","protected":false},"excerpt":{"rendered":"<p>1.-Portada 2.-Indice 3.-Acta Junta de Cabildo 4.-Acta de Junta de Gobierno 5.-Estado de Actividades 6.-Estado de Situaci\u00f3n Financiera 7.-Estado de Variaci\u00f3n en la Hacienda P\u00fablica 8.-Estado de Cambio en la &#8230;<\/p>\n","protected":false},"author":2,"featured_media":0,"parent":0,"menu_order":0,"comment_status":"closed","ping_status":"closed","template":"","meta":{"om_disable_all_campaigns":false,"footnotes":""},"class_list":["post-4615","page","type-page","status-publish","hentry"],"aioseo_notices":[],"_links":{"self":[{"href":"https:\/\/municipiomugica.com\/index.php\/wp-json\/wp\/v2\/pages\/4615","targetHints":{"allow":["GET"]}}],"collection":[{"href":"https:\/\/municipiomugica.com\/index.php\/wp-json\/wp\/v2\/pages"}],"about":[{"href":"https:\/\/municipiomugica.com\/index.php\/wp-json\/wp\/v2\/types\/page"}],"author":[{"embeddable":true,"href":"https:\/\/municipiomugica.com\/index.php\/wp-json\/wp\/v2\/users\/2"}],"replies":[{"embeddable":true,"href":"https:\/\/municipiomugica.com\/index.php\/wp-json\/wp\/v2\/comments?post=4615"}],"version-history":[{"count":11,"href":"https:\/\/municipiomugica.com\/index.php\/wp-json\/wp\/v2\/pages\/4615\/revisions"}],"predecessor-version":[{"id":4638,"href":"https:\/\/municipiomugica.com\/index.php\/wp-json\/wp\/v2\/pages\/4615\/revisions\/4638"}],"wp:attachment":[{"href":"https:\/\/municipiomugica.com\/index.php\/wp-json\/wp\/v2\/media?parent=4615"}],"curies":[{"name":"wp","href":"https:\/\/api.w.org\/{rel}","templated":true}]}}