{"id":4817,"date":"2024-04-18T01:06:36","date_gmt":"2024-04-18T07:06:36","guid":{"rendered":"https:\/\/municipiomugica.com\/?page_id=4817"},"modified":"2024-12-02T11:29:55","modified_gmt":"2024-12-02T17:29:55","slug":"cuenta-publica-anual-2023","status":"publish","type":"page","link":"https:\/\/municipiomugica.com\/index.php\/cuenta-publica-anual-2023\/","title":{"rendered":"CUENTA P\u00daBLICA ANUAL 2023"},"content":{"rendered":"\n<p>FRACC. I CAR\u00c1TULA<\/p>\n\n\n\n<figure class=\"wp-block-table is-style-stripes\"><table><tbody><tr><td><a href=\"http:\/\/www.municipiomugica.com\/Cuenta_Publica\/2023\/FRACC.%20I%20CAR%C3%81TULA\/CAR%C3%81TULA.pdf\" title=\"\">CAR\u00c1TULA<\/a><\/td><\/tr><\/tbody><\/table><\/figure>\n\n\n\n<p>FRACC. II \u00cdNDICE DE CONTENIDO<\/p>\n\n\n\n<figure class=\"wp-block-table is-style-stripes\"><table><tbody><tr><td><a href=\"http:\/\/www.municipiomugica.com\/Cuenta_Publica\/2023\/FRACC.%20II%20%C3%8DNDICE%20DE%20CONTENIDO\/%C3%8DNDICE.pdf\" title=\"\">\u00cdNDICE<\/a><\/td><\/tr><\/tbody><\/table><\/figure>\n\n\n\n<p>FRACC. III COPIA DE ACTAS DE SESI\u00d3N DE CABILDO<\/p>\n\n\n\n<figure class=\"wp-block-table is-style-stripes\"><table><tbody><tr><td><a href=\"http:\/\/www.municipiomugica.com\/Cuenta_Publica\/2023\/FRACC.%20III%20COPIA%20DE%20ACTAS%20DE%20SESI%C3%93N%20DE%20CABILDO\/COPIAS%20DE%20ACTAS%20DE%20SESI%C3%93N%20DE%20CABILDO.pdf\" title=\"\">COPIAS DE ACTAS DE SESI\u00d3N DE CABILDO<\/a><\/td><\/tr><\/tbody><\/table><\/figure>\n\n\n\n<p>FRACC. IV INFORMACI\u00d3N CONTABLE<\/p>\n\n\n\n<figure class=\"wp-block-table is-style-stripes\"><table><tbody><tr><td><a href=\"http:\/\/www.municipiomugica.com\/Cuenta_Publica\/2023\/FRACC.%20IV%20INFORMACI%C3%93N%20CONTABLE\/1.-%20ESTADO%20DE%20ACTIVIDADES.pdf\" title=\"\">1.- ESTADO DE ACTIVIDADES<\/a><\/td><\/tr><tr><td><a href=\"http:\/\/www.municipiomugica.com\/Cuenta_Publica\/2023\/FRACC.%20IV%20INFORMACI%C3%93N%20CONTABLE\/2.-%20ESTADO%20DE%20SITUACI%C3%93N%20FINANCIERA.pdf\" title=\"\">2.- ESTADO DE SITUACI\u00d3N FINANCIERA<\/a><\/td><\/tr><tr><td><a href=\"http:\/\/www.municipiomugica.com\/Cuenta_Publica\/2023\/FRACC.%20IV%20INFORMACI%C3%93N%20CONTABLE\/3.-%20ESTADO%20DE%20VARIACI%C3%93N%20EN%20LA%20HACIENDA%20P%C3%9ABLICA.pdf\" title=\"\">3.- ESTADO DE VARIACI\u00d3N EN LA HACIENDA P\u00daBLICA<\/a><\/td><\/tr><tr><td><a href=\"http:\/\/www.municipiomugica.com\/Cuenta_Publica\/2023\/FRACC.%20IV%20INFORMACI%C3%93N%20CONTABLE\/4.-%20ESTADO%20DE%20CAMBIOS%20EN%20LA%20SITUACI%C3%93N%20FINANCIERA.pdf\" title=\"\">4.- ESTADO DE CAMBIOS EN LA SITUACI\u00d3N FINANCIERA<\/a><\/td><\/tr><tr><td><a href=\"http:\/\/www.municipiomugica.com\/Cuenta_Publica\/2023\/FRACC.%20IV%20INFORMACI%C3%93N%20CONTABLE\/5.-%20ESTADO%20DE%20FLUJOS%20DE%20EFECTIVO.pdf\" title=\"\">5.- ESTADO DE FLUJOS DE EFECTIVO<\/a><\/td><\/tr><tr><td><a href=\"http:\/\/www.municipiomugica.com\/Cuenta_Publica\/2023\/FRACC.%20IV%20INFORMACI%C3%93N%20CONTABLE\/6.-%20NOTAS%20A%20LOS%20ESTADOS%20FINANCIEROS.pdf\" title=\"\">6.- NOTAS A LOS ESTADOS FINANCIEROS<\/a><\/td><\/tr><tr><td><a href=\"http:\/\/www.municipiomugica.com\/Cuenta_Publica\/2023\/FRACC.%20IV%20INFORMACI%C3%93N%20CONTABLE\/7.-%20ESTADO%20ANAL%C3%8DTICO%20DEL%20ACTIVO.pdf\" title=\"\">7.- ESTADO ANAL\u00cdTICO DEL ACTIVO<\/a><\/td><\/tr><tr><td><a href=\"http:\/\/www.municipiomugica.com\/Cuenta_Publica\/2023\/FRACC.%20IV%20INFORMACI%C3%93N%20CONTABLE\/8.-%20CONCILIACI%C3%93N%20ENTRE%20LOS%20INGRESOS%20PRESUPUESTARIOS%20Y%20CONTABLES.pdf\" title=\"\">8.- CONCILIACI\u00d3N ENTRE LOS INGRESOS PRESUPUESTARIOS Y CONTABLES<\/a><\/td><\/tr><tr><td><a href=\"http:\/\/www.municipiomugica.com\/Cuenta_Publica\/2023\/FRACC.%20IV%20INFORMACI%C3%93N%20CONTABLE\/9.-%20CONCILIACI%C3%93N%20ENTRE%20LOS%20EGRESOS%20PRESUPUESTARIOS%20Y%20CONTABLES.pdf\" title=\"\">9.- CONCILIACI\u00d3N ENTRE LOS EGRESOS PRESUPUESTARIOS Y CONTABLES<\/a><\/td><\/tr><\/tbody><\/table><\/figure>\n\n\n\n<p>FRACC. V INFORMACI\u00d3N PRESUPUESTAL<\/p>\n\n\n\n<figure class=\"wp-block-table is-style-stripes\"><table><tbody><tr><td><a href=\"http:\/\/www.municipiomugica.com\/Cuenta_Publica\/2023\/FRACC.%20V%20INFORMACI%C3%93N%20PRESUPUESTAL\/1.-%20ESTADO%20ANAL%C3%8DTICO%20DE%20INGRESOS.pdf\" title=\"\">1.- ESTADO ANAL\u00cdTICO DE INGRESOS<\/a><\/td><\/tr><tr><td><a href=\"http:\/\/www.municipiomugica.com\/Cuenta_Publica\/2023\/FRACC.%20V%20INFORMACI%C3%93N%20PRESUPUESTAL\/2.-%20ESTADO%20ANAL%C3%8DTICO%20DE%20INGRESOS%20POR%20CLASIFICACI%C3%93N%20DE%20FF%20%281%29.pdf\" title=\"\">2.- ESTADO ANAL\u00cdTICO DE INGRESOS POR CLASIFICACI\u00d3N DE FF (1)<\/a><\/td><\/tr><tr><td><a href=\"http:\/\/www.municipiomugica.com\/Cuenta_Publica\/2023\/FRACC.%20V%20INFORMACI%C3%93N%20PRESUPUESTAL\/3.-%20ESTADO%20ANAL%C3%8DTICO%20DE%20INGRESOS%20POR%20CLASIFICACI%C3%93N%20DE%20FF%20%282%29.pdf\" title=\"\">3.- ESTADO ANAL\u00cdTICO DE INGRESOS POR CLASIFICACI\u00d3N DE FF (2)<\/a><\/td><\/tr><tr><td><a href=\"http:\/\/www.municipiomugica.com\/Cuenta_Publica\/2023\/FRACC.%20V%20INFORMACI%C3%93N%20PRESUPUESTAL\/4.-%20ESTADO%20ANAL%C3%8DTICO%20DE%20INGRESOS%20POR%20CLASIFICACI%C3%93N%20DE%20FF%20%283%29.pdf\" title=\"\">4.- ESTADO ANAL\u00cdTICO DE INGRESOS POR CLASIFICACI\u00d3N DE FF (3)<\/a><\/td><\/tr><tr><td><a href=\"http:\/\/www.municipiomugica.com\/Cuenta_Publica\/2023\/FRACC.%20V%20INFORMACI%C3%93N%20PRESUPUESTAL\/5.-%20ESTADO%20ANAL%C3%8DTICO%20DE%20INGRESOS%20POR%20CLASIFICACI%C3%93N%20DE%20FF%20%284%29.pdf\" title=\"\">5.- ESTADO ANAL\u00cdTICO DE INGRESOS POR CLASIFICACI\u00d3N DE FF (4)<\/a><\/td><\/tr><tr><td><a href=\"http:\/\/www.municipiomugica.com\/Cuenta_Publica\/2023\/FRACC.%20V%20INFORMACI%C3%93N%20PRESUPUESTAL\/6.-%20ESTADO%20ANAL%C3%8DTICO%20DE%20INGRESOS%20POR%20CLASIFICACI%C3%93N%20DE%20FF%20%285%29.pdf\" title=\"\">6.- ESTADO ANAL\u00cdTICO DE INGRESOS POR CLASIFICACI\u00d3N DE FF (5)<\/a><\/td><\/tr><tr><td><a href=\"http:\/\/www.municipiomugica.com\/Cuenta_Publica\/2023\/FRACC.%20V%20INFORMACI%C3%93N%20PRESUPUESTAL\/7.-%20ESTADO%20ANAL%C3%8DTICO%20DE%20INGRESOS%20POR%20CLASIFICACI%C3%93N%20DE%20FF%20%286%29.pdf\" title=\"\">7.- ESTADO ANAL\u00cdTICO DE INGRESOS POR CLASIFICACI\u00d3N DE FF (6)<\/a><\/td><\/tr><tr><td><a href=\"http:\/\/www.municipiomugica.com\/Cuenta_Publica\/2023\/FRACC.%20V%20INFORMACI%C3%93N%20PRESUPUESTAL\/8.-%20ESTADO%20ANAL%C3%8DTICO%20DE%20INGRESOS%20POR%20CLASIFICACI%C3%93N%20DE%20FF%20%287%29.pdf\" title=\"\">8.- ESTADO ANAL\u00cdTICO DE INGRESOS POR CLASIFICACI\u00d3N DE FF (7)<\/a><\/td><\/tr><tr><td><a href=\"http:\/\/www.municipiomugica.com\/Cuenta_Publica\/2023\/FRACC.%20V%20INFORMACI%C3%93N%20PRESUPUESTAL\/9.-%20ESTADO%20ANAL%C3%8DTICO%20DE%20INGRESOS%20POR%20CLASIFICACI%C3%93N%20DE%20FF%20%288%29.pdf\" title=\"\">9.- ESTADO ANAL\u00cdTICO DE INGRESOS POR CLASIFICACI\u00d3N DE FF (8)<\/a><\/td><\/tr><tr><td><a href=\"http:\/\/www.municipiomugica.com\/Cuenta_Publica\/2023\/FRACC.%20V%20INFORMACI%C3%93N%20PRESUPUESTAL\/10.-%20ESTADO%20ANAL%C3%8DTICO%20DE%20INGRESOS%20POR%20CLASIFICACI%C3%93N%20DE%20FF%20%289%29.pdf\" title=\"\">10.- ESTADO ANAL\u00cdTICO DE INGRESOS POR CLASIFICACI\u00d3N DE FF (9)<\/a><\/td><\/tr><tr><td><a href=\"http:\/\/www.municipiomugica.com\/Cuenta_Publica\/2023\/FRACC.%20V%20INFORMACI%C3%93N%20PRESUPUESTAL\/11.-%20ESTADO%20ANAL%C3%8DTICO%20DE%20INGRESOS%20POR%20CLASIFICACI%C3%93N%20DE%20FF%20%2810%29.pdf\" title=\"\">11.- ESTADO ANAL\u00cdTICO DE INGRESOS POR CLASIFICACI\u00d3N DE FF (10)<\/a><\/td><\/tr><tr><td><a href=\"http:\/\/www.municipiomugica.com\/Cuenta_Publica\/2023\/FRACC.%20V%20INFORMACI%C3%93N%20PRESUPUESTAL\/12.-%20ESTADO%20ANAL%C3%8DTICO%20DEL%20EJERC%20DEL%20PRESUP%20DE%20EGRESOS%20CLASIF%20ADMIN.pdf\" title=\"\">12.- ESTADO ANAL\u00cdTICO DEL EJERC DEL PRESUP DE EGRESOS CLASIF ADMIN<\/a><\/td><\/tr><tr><td><a href=\"http:\/\/www.municipiomugica.com\/Cuenta_Publica\/2023\/FRACC.%20V%20INFORMACI%C3%93N%20PRESUPUESTAL\/13.-%20ESTADO%20ANAL%C3%8DTICO%20DEL%20EJERC%20DEL%20PRESUP%20DE%20EGRESOS%20CLASIF%20ADMINIST.pdf\" title=\"\">13.- ESTADO ANAL\u00cdTICO DEL EJERC DEL PRESUP DE EGRESOS CLASIF ADMINIST<\/a><\/td><\/tr><tr><td><a href=\"http:\/\/www.municipiomugica.com\/Cuenta_Publica\/2023\/FRACC.%20V%20INFORMACI%C3%93N%20PRESUPUESTAL\/14.-%20ESTADO%20ANAL%C3%8DTICO%20DEL%20EJERC%20DEL%20PRESUP%20DE%20EGRESOS%20CLASIF%20ECON.pdf\" title=\"\">14.- ESTADO ANAL\u00cdTICO DEL EJERC DEL PRESUP DE EGRESOS CLASIF ECON<\/a><\/td><\/tr><tr><td><a href=\"http:\/\/www.municipiomugica.com\/Cuenta_Publica\/2023\/FRACC.%20V%20INFORMACI%C3%93N%20PRESUPUESTAL\/15.-%20ESTADO%20ANAL%C3%8DTICO%20DEL%20EJERC%20DEL%20PRESUP%20DE%20EGRESOS%20CLASIF%20OBJETO%20DEL%20GASTO.pdf\" title=\"\">15.- ESTADO ANAL\u00cdTICO DEL EJERC DEL PRESUP DE EGRESOS CLASIF OBJETO DEL GASTO<\/a><\/td><\/tr><tr><td><a href=\"http:\/\/www.municipiomugica.com\/Cuenta_Publica\/2023\/FRACC.%20V%20INFORMACI%C3%93N%20PRESUPUESTAL\/16.-%20ESTADO%20ANAL%C3%8DTICO%20DEL%20EJERC%20DEL%20PRESUP%20DE%20EGRESOS%20CLASIF%20ADMIN%20FUNCIONAL.pdf\" title=\"\">16.- ESTADO ANAL\u00cdTICO DEL EJERC DEL PRESUP DE EGRESOS CLASIF ADMIN FUNCIONAL<\/a><\/td><\/tr><\/tbody><\/table><\/figure>\n\n\n\n<p>FRACC. VI INFORMACI\u00d3N ADICIONAL DE ACUERDO A CONAC<\/p>\n\n\n\n<figure class=\"wp-block-table is-style-stripes\"><table><tbody><tr><td><a href=\"http:\/\/www.municipiomugica.com\/Cuenta_Publica\/2023\/FRACC.%20VI%20INFORMACI%C3%93N%20ADICIONAL%20DE%20ACUERDO%20A%20CONAC\/CONCILIACI%C3%93N%20DE%20LOS%20EGRESOS%20CONTABLES%20Y%20PRESUPUESTARIOS.pdf\" title=\"\">CONCILIACI\u00d3N DE LOS EGRESOS CONTABLES Y PRESUPUESTARIOS<\/a><\/td><\/tr><tr><td><a href=\"http:\/\/www.municipiomugica.com\/Cuenta_Publica\/2023\/FRACC.%20VI%20INFORMACI%C3%93N%20ADICIONAL%20DE%20ACUERDO%20A%20CONAC\/CONCILIACI%C3%93N%20DE%20LOS%20INGRESOS%20CONTABLES%20Y%20PRESUPUESTARIOS.pdf\" title=\"\">CONCILIACI\u00d3N DE LOS INGRESOS CONTABLES Y PRESUPUESTARIOS<\/a><\/td><\/tr><tr><td><a href=\"http:\/\/www.municipiomugica.com\/Cuenta_Publica\/2023\/FRACC.%20VI%20INFORMACI%C3%93N%20ADICIONAL%20DE%20ACUERDO%20A%20CONAC\/RELACI%C3%93N%20DE%20BIENES%20MUEBLES%20E%20INMUEBLES%2C%20CUENTAS%20ACTIVAS%20Y%20NORMA%20PARA%20ESTABLECER%20ESTRUCTURA%20DESTINO%20Y%20EJERCICIO%20GTO%20FED.pdf\" title=\"\">RELACI\u00d3N DE BIENES MUEBLES E INMUEBLES, CUENTAS ACTIVAS Y NORMA PARA ESTABLECER ESTRUCTURA DESTINO Y EJERCICIO GTO FED<\/a><\/td><\/tr><tr><td><a href=\"http:\/\/www.municipiomugica.com\/Cuenta_Publica\/2023\/FRACC.%20VI%20INFORMACI%C3%93N%20ADICIONAL%20DE%20ACUERDO%20A%20CONAC\/GASTOS%20POR%20CATEGOR%C3%8DA%20PROGRAM%C3%81TICA%20AL%2031%20DICIEMBRE%20DE%202023.pdf\" title=\"\">GASTOS POR CATEGOR\u00cdA PROGRAM\u00c1TICA AL 31 DICIEMBRE DE 2023<\/a><\/td><\/tr><tr><td><a href=\"http:\/\/www.municipiomugica.com\/Cuenta_Publica\/2023\/FRACC.%20VI%20INFORMACI%C3%93N%20ADICIONAL%20DE%20ACUERDO%20A%20CONAC\/INDICADOR%20DE%20POSTURA%20FISCAL%20AL%2031%20DE%20DICIEMBRE%20DE%202023.pdf\" title=\"\">INDICADOR DE POSTURA FISCAL AL 31 DE DICIEMBRE DE 2023<\/a><\/td><\/tr><\/tbody><\/table><\/figure>\n\n\n\n<p>FRACC. VII INFORMACI\u00d3N DE CUMPLIMIENTO DE LDF<\/p>\n\n\n\n<figure class=\"wp-block-table is-style-stripes\"><table><tbody><tr><td><a href=\"http:\/\/www.municipiomugica.com\/Cuenta_Publica\/2023\/FRACC.%20VII%20INFORMACI%C3%93N%20DE%20CUMPLIMIENTO%20DE%20LDF\/1.-%20ESTADO%20DE%20SITUACI%C3%93N%20FINANCIERA%20DETALLADO.pdf\" title=\"\">1.- ESTADO DE SITUACI\u00d3N FINANCIERA DETALLADO<\/a><\/td><\/tr><tr><td><a href=\"http:\/\/www.municipiomugica.com\/Cuenta_Publica\/2023\/FRACC.%20VII%20INFORMACI%C3%93N%20DE%20CUMPLIMIENTO%20DE%20LDF\/2%20Y%203.-%20INFORME%20ANAL%C3%8DTICO%20DE%20LA%20DEUDA%20P%C3%9ABLICA%20Y%20OTROS%20PASIVOS%20Y%20ANAL%C3%8DTICO%20DE%20OBLIGACIONES%20DIF%20FINANCIAMIENTOS.pdf\" title=\"\">2.- INFORME ANAL\u00cdTICO DE LA DEUDA P\u00daBLICA Y OTROS PASIVOS Y ANAL\u00cdTICO DE OBLIGACIONES DIF FINANCIAMIENTOS<\/a><\/td><\/tr><tr><td><a href=\"http:\/\/www.municipiomugica.com\/Cuenta_Publica\/2023\/FRACC.%20VII%20INFORMACI%C3%93N%20DE%20CUMPLIMIENTO%20DE%20LDF\/ESTADO%20ANAL%C3%8DTICO%20DE%20LA%20DEUDA%20Y%20OTROS%20PASIVOS%20AL%2031%20DE%20DICIEMBRE%202023%20-%20CUENTA%20P%C3%9ABLICA.pdf\" title=\"\">3.- ESTADO ANAL\u00cdTICO DE LA DEUDA Y OTROS PASIVOS AL 31 DE DICIEMBRE 2023 &#8211; CUENTA P\u00daBLICA<\/a><\/td><\/tr><tr><td><a href=\"http:\/\/www.municipiomugica.com\/Cuenta_Publica\/2023\/FRACC.%20VII%20INFORMACI%C3%93N%20DE%20CUMPLIMIENTO%20DE%20LDF\/4.-%20BALANCE%20PRESUPUESTARIO.pdf\" title=\"\">4.- BALANCE PRESUPUESTARIO<\/a><\/td><\/tr><tr><td><a href=\"http:\/\/www.municipiomugica.com\/Cuenta_Publica\/2023\/FRACC.%20VII%20INFORMACI%C3%93N%20DE%20CUMPLIMIENTO%20DE%20LDF\/5.-%20ESTADO%20ANAL%C3%8DTICO%20DE%20INGRESOS%20DETALLADO.pdf\" title=\"\">5.- ESTADO ANAL\u00cdTICO DE INGRESOS DETALLADO<\/a><\/td><\/tr><tr><td><a href=\"http:\/\/www.municipiomugica.com\/Cuenta_Publica\/2023\/FRACC.%20VII%20INFORMACI%C3%93N%20DE%20CUMPLIMIENTO%20DE%20LDF\/6.-%20ESTADO%20DEL%20EJERC%20DEL%20PRESUP%20DE%20EGRESOS%20CLASIF%20POR%20OBJETO%20DE%20GASTO.pdf\" title=\"\">6.- ESTADO DEL EJERC DEL PRESUP DE EGRESOS CLASIF POR OBJETO DE GASTO<\/a><\/td><\/tr><tr><td><a href=\"http:\/\/www.municipiomugica.com\/Cuenta_Publica\/2023\/FRACC.%20VII%20INFORMACI%C3%93N%20DE%20CUMPLIMIENTO%20DE%20LDF\/7.-%20ESTADO%20DEL%20EJERC%20DEL%20PRESUP%20DE%20EGRESOS%20CLASIF%20ADMINISTRATIVA.pdf\" title=\"\">7.- ESTADO DEL EJERC DEL PRESUP DE EGRESOS CLASIF ADMINISTRATIVA<\/a><\/td><\/tr><tr><td><a href=\"http:\/\/www.municipiomugica.com\/Cuenta_Publica\/2023\/FRACC.%20VII%20INFORMACI%C3%93N%20DE%20CUMPLIMIENTO%20DE%20LDF\/8.-%20ESTADO%20DEL%20EJERC%20DEL%20PRESUP%20DE%20EGRESOS%20CLASIF%20FUNCIONAL.pdf\" title=\"\">8.- ESTADO DEL EJERC DEL PRESUP DE EGRESOS CLASIF FUNCIONAL<\/a><\/td><\/tr><tr><td><a href=\"http:\/\/www.municipiomugica.com\/Cuenta_Publica\/2023\/FRACC.%20VII%20INFORMACI%C3%93N%20DE%20CUMPLIMIENTO%20DE%20LDF\/9.-%20ESTADO%20DEL%20EJERC%20DEL%20PRESUP%20DE%20EGRESOS%20CLASIF%20SERV%20PERSONALES.pdf\" title=\"\">9.- ESTADO DEL EJERC DEL PRESUP DE EGRESOS CLASIF SERV PERSONALES<\/a><\/td><\/tr><tr><td><a href=\"http:\/\/www.municipiomugica.com\/Cuenta_Publica\/2023\/FRACC.%20VII%20INFORMACI%C3%93N%20DE%20CUMPLIMIENTO%20DE%20LDF\/10.-%20GU%C3%8DA%20DE%20CUMPLIMIENTO%20DE%20LA%20LEY%20DE%20DISCIPLINA%20FINANCIERA%20DE%20LAS%20ENT%20FED%20Y%20LOS%20MUNICIPIOS.pdf\" title=\"\">10.- GU\u00cdA DE CUMPLIMIENTO DE LA LEY DE DISCIPLINA FINANCIERA DE LAS ENT FED Y LOS MUNICIPIOS<\/a><\/td><\/tr><\/tbody><\/table><\/figure>\n\n\n\n<p>FRACC. VIII INFORMACI\u00d3N COMPLEMENTARIA ASM<\/p>\n\n\n\n<figure class=\"wp-block-table is-style-stripes\"><table><tbody><tr><td><a href=\"https:\/\/municipiomugica.com\/index.php\/conciliaciones-estados-de-cuenta-auxiliares-mensuales\/\" title=\"\">1.- CONCILIACIONES ESTADOS DE CUENTA AUXILIARES MENSUALES<\/a><\/td><\/tr><tr><td><a href=\"http:\/\/www.municipiomugica.com\/Cuenta_Publica\/2023\/FRACC.%20VIII%20INFORMACI%C3%93N%20COMPLEMENTARIA%20ASM\/2.-%20BALANZA%20DE%20COMPROBACI%C3%93N.pdf\" title=\"\">2.- BALANZA DE COMPROBACI\u00d3N<\/a><\/td><\/tr><tr><td><a href=\"http:\/\/www.municipiomugica.com\/Cuenta_Publica\/2023\/FRACC.%20VIII%20INFORMACI%C3%93N%20COMPLEMENTARIA%20ASM\/3.-%20REPORTE%20DE%20LA%20DEUDA%20ADQUIRIDA%20PARA%20INVERSIONES%20P%C3%9ABLICAS%20PRODUCTIVAS.pdf\" title=\"\">3.- REPORTE DE LA DEUDA ADQUIRIDA PARA INVERSIONES P\u00daBLICAS PRODUCTIVAS<\/a><\/td><\/tr><tr><td><a href=\"http:\/\/www.municipiomugica.com\/Cuenta_Publica\/2023\/FRACC.%20VIII%20INFORMACI%C3%93N%20COMPLEMENTARIA%20ASM\/4.-%20ANEXO%202%20DE%20OBRA%20P%C3%9ABLICA.pdf\" title=\"\">4.- ANEXO 2 DE OBRA P\u00daBLICA<\/a><\/td><\/tr><tr><td><a href=\"http:\/\/www.municipiomugica.com\/Cuenta_Publica\/2023\/FRACC.%20VIII%20INFORMACI%C3%93N%20COMPLEMENTARIA%20ASM\/5.-%20VINCULACI%C3%93N%20DE%20OBJETIVOS.pdf\" title=\"\">5.- VINCULACI\u00d3N DE OBJETIVOS<\/a><\/td><\/tr><tr><td><a href=\"http:\/\/www.municipiomugica.com\/Cuenta_Publica\/2023\/FRACC.%20VIII%20INFORMACI%C3%93N%20COMPLEMENTARIA%20ASM\/6.-%20AVANCE%20PROGRAM%C3%81TICO.pdf\" title=\"\">6.- AVANCE PROGRAM\u00c1TICO<\/a><\/td><\/tr><\/tbody><\/table><\/figure>\n\n\n\n<p>POA INICIAL Y SUS MODIFICACIONES<\/p>\n\n\n\n<figure class=\"wp-block-table is-style-stripes\"><table><tbody><tr><td><a href=\"http:\/\/www.municipiomugica.com\/Cuenta_Publica\/2023\/POA%20INICIAL%20Y%20SUS%20MODIFICACIONES\/1.%20POA%20INICIAL.pdf\" title=\"\">1.- POA INICIAL<\/a><\/td><\/tr><tr><td><a href=\"http:\/\/www.municipiomugica.com\/Cuenta_Publica\/2023\/POA%20INICIAL%20Y%20SUS%20MODIFICACIONES\/2.%20POA%20PRIMERA%20MODIFICACION.pdf\" title=\"\">2.- POA PRIMERA MODIFICACION<\/a><\/td><\/tr><tr><td><a href=\"http:\/\/www.municipiomugica.com\/Cuenta_Publica\/2023\/POA%20INICIAL%20Y%20SUS%20MODIFICACIONES\/3.%20POA%20SEGUNDA%20MODIFICACION.pdf\" title=\"\">3.- POA SEGUNDA MODIFICACION<\/a><\/td><\/tr><tr><td><a href=\"http:\/\/www.municipiomugica.com\/Cuenta_Publica\/2023\/POA%20INICIAL%20Y%20SUS%20MODIFICACIONES\/4.%20POA%20TERCERA%20MODIFICACION.pdf\" title=\"\">4.- POA TERCERA MODIFICACION<\/a><\/td><\/tr><tr><td><a href=\"http:\/\/www.municipiomugica.com\/Cuenta_Publica\/2023\/POA%20INICIAL%20Y%20SUS%20MODIFICACIONES\/5.%20POA%20CUARTA%20MODIFICACION.pdf\" title=\"\">5.- POA CUARTA MODIFICACION<\/a><\/td><\/tr><tr><td><a href=\"http:\/\/www.municipiomugica.com\/Cuenta_Publica\/2023\/POA%20INICIAL%20Y%20SUS%20MODIFICACIONES\/6.%20POA%20QUINTA%20MODIFICACION.pdf\" title=\"\">6.- POA QUINTA MODIFICACION<\/a><\/td><\/tr><tr><td><a href=\"http:\/\/www.municipiomugica.com\/Cuenta_Publica\/2023\/POA%20INICIAL%20Y%20SUS%20MODIFICACIONES\/7.%20POA%20SEXTA%20MODIFICACION.pdf\" title=\"\">7.- POA SEXTA MODIFICACION<\/a><\/td><\/tr><tr><td><a href=\"http:\/\/www.municipiomugica.com\/Cuenta_Publica\/2023\/POA%20INICIAL%20Y%20SUS%20MODIFICACIONES\/8.%20POA%20SEPTIMA%20MODIFICACION.pdf\" title=\"\">8.- POA SEPTIMA MODIFICACION<\/a><\/td><\/tr><\/tbody><\/table><\/figure>\n","protected":false},"excerpt":{"rendered":"<p>FRACC. I CAR\u00c1TULA CAR\u00c1TULA FRACC. II \u00cdNDICE DE CONTENIDO \u00cdNDICE FRACC. III COPIA DE ACTAS DE SESI\u00d3N DE CABILDO COPIAS DE ACTAS DE SESI\u00d3N DE CABILDO FRACC. IV INFORMACI\u00d3N CONTABLE &#8230;<\/p>\n","protected":false},"author":2,"featured_media":0,"parent":0,"menu_order":0,"comment_status":"closed","ping_status":"closed","template":"","meta":{"om_disable_all_campaigns":false,"footnotes":""},"class_list":["post-4817","page","type-page","status-publish","hentry"],"aioseo_notices":[],"_links":{"self":[{"href":"https:\/\/municipiomugica.com\/index.php\/wp-json\/wp\/v2\/pages\/4817","targetHints":{"allow":["GET"]}}],"collection":[{"href":"https:\/\/municipiomugica.com\/index.php\/wp-json\/wp\/v2\/pages"}],"about":[{"href":"https:\/\/municipiomugica.com\/index.php\/wp-json\/wp\/v2\/types\/page"}],"author":[{"embeddable":true,"href":"https:\/\/municipiomugica.com\/index.php\/wp-json\/wp\/v2\/users\/2"}],"replies":[{"embeddable":true,"href":"https:\/\/municipiomugica.com\/index.php\/wp-json\/wp\/v2\/comments?post=4817"}],"version-history":[{"count":9,"href":"https:\/\/municipiomugica.com\/index.php\/wp-json\/wp\/v2\/pages\/4817\/revisions"}],"predecessor-version":[{"id":5379,"href":"https:\/\/municipiomugica.com\/index.php\/wp-json\/wp\/v2\/pages\/4817\/revisions\/5379"}],"wp:attachment":[{"href":"https:\/\/municipiomugica.com\/index.php\/wp-json\/wp\/v2\/media?parent=4817"}],"curies":[{"name":"wp","href":"https:\/\/api.w.org\/{rel}","templated":true}]}}