{"id":4973,"date":"2024-05-05T23:11:03","date_gmt":"2024-05-06T05:11:03","guid":{"rendered":"https:\/\/municipiomugica.com\/?page_id=4973"},"modified":"2024-05-05T23:16:39","modified_gmt":"2024-05-06T05:16:39","slug":"presupuesto-de-egresos-2024","status":"publish","type":"page","link":"https:\/\/municipiomugica.com\/index.php\/presupuesto-de-egresos-2024\/","title":{"rendered":"PRESUPUESTO DE EGRESOS 2024"},"content":{"rendered":"\n<figure class=\"wp-block-table is-style-stripes\"><table><tbody><tr><td><a href=\"http:\/\/www.municipiomugica.com\/Presupuesto\/2024\/1.-%20PORTADA.pdf\" title=\"\">1.- PORTADA<\/a><\/td><\/tr><tr><td><a href=\"http:\/\/www.municipiomugica.com\/Presupuesto\/2024\/2.-%20CAR%C3%81TULA.pdf\" title=\"\">2.- CAR\u00c1TULA<\/a><\/td><\/tr><tr><td><a href=\"http:\/\/www.municipiomugica.com\/Presupuesto\/2024\/3.-%20%C3%8DNDICE.pdf\" title=\"\">3.- \u00cdNDICE<\/a><\/td><\/tr><tr><td><a href=\"http:\/\/www.municipiomugica.com\/Presupuesto\/2024\/4.-%C3%81RBOLES%20DE%20PROBLEMAS%20Y%20OBJETIVOS.pdf\" title=\"\">4.-\u00c1RBOLES DE PROBLEMAS Y OBJETIVOS<\/a><\/td><\/tr><tr><td><a href=\"http:\/\/www.municipiomugica.com\/Presupuesto\/2024\/5.-%20CRI%20Y%20CALENDARIO%20DE%20INGRESOS%202024.pdf\" title=\"\">5.- CRI Y CALENDARIO DE INGRESOS 2024<\/a><\/td><\/tr><tr><td><a href=\"http:\/\/www.municipiomugica.com\/Presupuesto\/2024\/6.-%20FORMATO%207B.pdf\" title=\"\">6.- FORMATO 7B<\/a><\/td><\/tr><tr><td><a href=\"http:\/\/www.municipiomugica.com\/Presupuesto\/2024\/7.-%20FORMATO%207D.pdf\" title=\"\">7.- FORMATO 7D<\/a><\/td><\/tr><tr><td><a href=\"http:\/\/www.municipiomugica.com\/Presupuesto\/2024\/8.-%20MATRICES%20DE%20INDICADORES%20PROGRAMA%201.pdf\" title=\"\">8.- MATRICES DE INDICADORES PROGRAMA 1<\/a><\/td><\/tr><tr><td><a href=\"http:\/\/www.municipiomugica.com\/Presupuesto\/2024\/9.-%20APERTURA%20PROGRAM%C3%81TICA%20PROGRAMA%201.pdf\" title=\"\">9.- APERTURA PROGRAM\u00c1TICA PROGRAMA 1<\/a><\/td><\/tr><tr><td><a href=\"http:\/\/www.municipiomugica.com\/Presupuesto\/2024\/10.-%20PROGRAMA%20OPERATIVO%20ANUAL.pdf\" title=\"\">10.- PROGRAMA OPERATIVO ANUAL<\/a><\/td><\/tr><tr><td><a href=\"http:\/\/www.municipiomugica.com\/Presupuesto\/2024\/11.-%20ALINEACI%C3%93N%20PLANEACI%C3%93N%20Y%20PROGRAMACI%C3%93N.pdf\" title=\"\">11.- ALINEACI\u00d3N PLANEACI\u00d3N Y PROGRAMACI\u00d3N<\/a><\/td><\/tr><tr><td><a href=\"http:\/\/www.municipiomugica.com\/Presupuesto\/2024\/12.-%20CLASIFICACI%C3%93N%20DEL%20GASTO.pdf\" title=\"\">12.- CLASIFICACI\u00d3N DEL GASTO<\/a><\/td><\/tr><tr><td><a href=\"http:\/\/www.municipiomugica.com\/Presupuesto\/2024\/13.-%20PRESUPUESTO%20DE%20GASTOS%20GENERAL.pdf\" title=\"\">13.- PRESUPUESTO DE GASTOS GENERAL<\/a><\/td><\/tr><tr><td><a href=\"http:\/\/www.municipiomugica.com\/Presupuesto\/2024\/14.-%20PLANTILLA%20DE%20PERSONAL.pdf\" title=\"\">14.- PLANTILLA DE PERSONAL<\/a><\/td><\/tr><tr><td><a href=\"http:\/\/www.municipiomugica.com\/Presupuesto\/2024\/15.-%20TABULADOR%20DE%20SUELDOS.pdf\" title=\"\">15.- TABULADOR DE SUELDOS<\/a><\/td><\/tr><tr><td><a href=\"http:\/\/www.municipiomugica.com\/Presupuesto\/2024\/16.-%20ANEXO%20PROGRAM%C3%81TICO%20DE%20OBRAS.pdf\" title=\"\">16.- ANEXO PROGRAM\u00c1TICO DE OBRAS<\/a><\/td><\/tr><tr><td><a href=\"http:\/\/www.municipiomugica.com\/Presupuesto\/2024\/17.-%20INFORMACI%C3%93N%20DE%20DEUDA%20P%C3%9ABLICA.pdf\" title=\"\">17.- INFORMACI\u00d3N DE DEUDA P\u00daBLICA<\/a><\/td><\/tr><tr><td><a href=\"http:\/\/www.municipiomugica.com\/Presupuesto\/2024\/18.-%20PRESUPUESTO%20DE%20EGRESOS%20DEL%20COMIT%C3%89%20DE%20AGUA%20POTABLE.pdf\" title=\"\">18.- PRESUPUESTO DE EGRESOS DEL COMIT\u00c9 DE AGUA POTABLE<\/a><\/td><\/tr><tr><td><a href=\"http:\/\/www.municipiomugica.com\/Presupuesto\/2024\/19.-%20ACTA%20DE%20CABILDO%20DE%20APROBACI%C3%93N%20DEL%20PRESUPUESTO%20DE%20EGRESOS.pdf\" title=\"\">19.- ACTA DE CABILDO DE APROBACI\u00d3N DEL PRESUPUESTO DE EGRESOS<\/a><\/td><\/tr><\/tbody><\/table><\/figure>\n\n","protected":false},"excerpt":{"rendered":"<p>1.- PORTADA 2.- CAR\u00c1TULA 3.- \u00cdNDICE 4.-\u00c1RBOLES DE PROBLEMAS Y OBJETIVOS 5.- CRI Y CALENDARIO DE INGRESOS 2024 6.- FORMATO 7B 7.- FORMATO 7D 8.- MATRICES DE INDICADORES PROGRAMA 1 &#8230;<\/p>\n","protected":false},"author":2,"featured_media":0,"parent":0,"menu_order":0,"comment_status":"closed","ping_status":"closed","template":"","meta":{"om_disable_all_campaigns":false,"footnotes":""},"class_list":["post-4973","page","type-page","status-publish","hentry"],"aioseo_notices":[],"_links":{"self":[{"href":"https:\/\/municipiomugica.com\/index.php\/wp-json\/wp\/v2\/pages\/4973","targetHints":{"allow":["GET"]}}],"collection":[{"href":"https:\/\/municipiomugica.com\/index.php\/wp-json\/wp\/v2\/pages"}],"about":[{"href":"https:\/\/municipiomugica.com\/index.php\/wp-json\/wp\/v2\/types\/page"}],"author":[{"embeddable":true,"href":"https:\/\/municipiomugica.com\/index.php\/wp-json\/wp\/v2\/users\/2"}],"replies":[{"embeddable":true,"href":"https:\/\/municipiomugica.com\/index.php\/wp-json\/wp\/v2\/comments?post=4973"}],"version-history":[{"count":3,"href":"https:\/\/municipiomugica.com\/index.php\/wp-json\/wp\/v2\/pages\/4973\/revisions"}],"predecessor-version":[{"id":4977,"href":"https:\/\/municipiomugica.com\/index.php\/wp-json\/wp\/v2\/pages\/4973\/revisions\/4977"}],"wp:attachment":[{"href":"https:\/\/municipiomugica.com\/index.php\/wp-json\/wp\/v2\/media?parent=4973"}],"curies":[{"name":"wp","href":"https:\/\/api.w.org\/{rel}","templated":true}]}}