{"id":5147,"date":"2024-07-23T00:34:14","date_gmt":"2024-07-23T06:34:14","guid":{"rendered":"https:\/\/municipiomugica.com\/?page_id=5147"},"modified":"2025-11-06T22:32:47","modified_gmt":"2025-11-07T04:32:47","slug":"2do-informe-trimestral-2024","status":"publish","type":"page","link":"https:\/\/municipiomugica.com\/index.php\/2do-informe-trimestral-2024\/","title":{"rendered":"2DO INFORME TRIMESTRAL 2024"},"content":{"rendered":"\n<p>FRACC I<\/p>\n\n\n\n<figure class=\"wp-block-table is-style-stripes\"><table><tbody><tr><td><a href=\"http:\/\/www.municipiomugica.com\/Ley_Dis_Fin\/2024\/2do_Trim\/FRACC%20I\/CAR%C3%81TULA.pdf\" title=\"\">CAR\u00c1TULA<\/a><\/td><\/tr><tr><td><a href=\"http:\/\/www.municipiomugica.com\/Ley_Dis_Fin\/2024\/2do_Trim\/FRACC%20I\/PORTADA.pdf\" title=\"\">PORTADA<\/a><\/td><\/tr><\/tbody><\/table><\/figure>\n\n\n\n<p>FRACC II<\/p>\n\n\n\n<figure class=\"wp-block-table is-style-stripes\"><table><tbody><tr><td><a href=\"http:\/\/www.municipiomugica.com\/Ley_Dis_Fin\/2024\/2do_Trim\/FRACC%20II\/%C3%8DNDICE.pdf\" title=\"\">2.- INDICE<\/a><\/td><\/tr><\/tbody><\/table><\/figure>\n\n\n\n<p>FRACC III<\/p>\n\n\n\n<figure class=\"wp-block-table is-style-stripes\"><table><tbody><tr><td><a href=\"http:\/\/www.municipiomugica.com\/Ley_Dis_Fin\/2024\/2do_Trim\/FRACC%20III\/00%20ACTA%20No.%20123%20S.O.%2088%20%20SEGUNDO%20INFORME%20TRIMESTAL%202024.pdf\" title=\"\">ACTA No. 123 S.O. 88 <\/a><\/td><\/tr><\/tbody><\/table><\/figure>\n\n\n\n<p>FRACC IV<\/p>\n\n\n\n<figure class=\"wp-block-table is-style-stripes\"><table><tbody><tr><td><a href=\"http:\/\/www.municipiomugica.com\/Ley_Dis_Fin\/2024\/2do_Trim\/FRACC%20IV\/07%20ESTADO%20ANAL%C3%8DTICO%20DEL%20ACTIVO.pdf\" title=\"\">ESTADO ANAL\u00cdTICO DEL ACTIVO<\/a><\/td><\/tr><tr><td><a href=\"http:\/\/www.municipiomugica.com\/Ley_Dis_Fin\/2024\/2do_Trim\/FRACC%20IV\/01%20ESTADO%20DE%20ACTIVIDADES.pdf\" title=\"\">ESTADO DE ACTIVIDADES<\/a><\/td><\/tr><tr><td><a href=\"http:\/\/www.municipiomugica.com\/Ley_Dis_Fin\/2024\/2do_Trim\/FRACC%20IV\/04%20ESTADO%20DE%20CAMBIOS%20EN%20LA%20SITUACI%C3%93N%20FINANCIERA.pdf\" title=\"\">ESTADO DE CAMBIOS EN LA SITUACI\u00d3N FINANCIERA<\/a><\/td><\/tr><tr><td><a href=\"http:\/\/www.municipiomugica.com\/Ley_Dis_Fin\/2024\/2do_Trim\/FRACC%20IV\/02%20ESTADO%20DE%20SITUACI%C3%93N%20FINANCIERA.pdf\" title=\"\">ESTADO DE SITUACI\u00d3N FINANCIERA<\/a><\/td><\/tr><tr><td><a href=\"http:\/\/www.municipiomugica.com\/Ley_Dis_Fin\/2024\/2do_Trim\/FRACC%20IV\/03%20ESTADO%20DE%20VARIACI%C3%93N%20EN%20LA%20HACIENDA%20P%C3%9ABLICA.pdf\" title=\"\">ESTADO DE VARIACI\u00d3N EN LA HACIENDA P\u00daBLICA<\/a><\/td><\/tr><tr><td><a href=\"http:\/\/www.municipiomugica.com\/Ley_Dis_Fin\/2024\/2do_Trim\/FRACC%20IV\/05%20ESTADOS%20DE%20FLUJOS%20DE%20EFECTIVO.pdf\" title=\"\">ESTADOS DE FLUJO DE EFECTIVO<\/a><\/td><\/tr><tr><td><a href=\"http:\/\/www.municipiomugica.com\/Ley_Dis_Fin\/2024\/2do_Trim\/FRACC%20IV\/06%20NOTAS%20A%20LOS%20ESTADOS%20FINANCIEROS.pdf\" title=\"\">NOTAS A LOS ESTADOS FINANCIEROS<\/a><\/td><\/tr><\/tbody><\/table><\/figure>\n\n\n\n<p>FRACC V<\/p>\n\n\n\n<figure class=\"wp-block-table is-style-stripes\"><table><tbody><tr><td><a href=\"http:\/\/www.municipiomugica.com\/Ley_Dis_Fin\/2024\/2do_Trim\/FRACC%20V\/ESTADO%20ANAL%C3%8DTICO%20DE%20INGRESOS.pdf\" title=\"\">ESTADO ANAL\u00cdTICO DE INGRESOS<\/a><\/td><\/tr><tr><td><a href=\"http:\/\/www.municipiomugica.com\/Ley_Dis_Fin\/2024\/2do_Trim\/FRACC%20V\/ESTADO%20ANAL%C3%8DTICO%20DE%20INGRESOS%20CLASIF.pdf\" title=\"\">ESTADO ANAL\u00cdTICO DE INGRESOS CLASIF<\/a><\/td><\/tr><tr><td><a href=\"http:\/\/www.municipiomugica.com\/Ley_Dis_Fin\/2024\/2do_Trim\/FRACC%20V\/ESTADO%20ANAL%C3%8DTICO%20DE%20INGRESOS%20CLASIF%201.pdf\" title=\"\">ESTADO ANAL\u00cdTICO DE INGRESOS CLASIF 1<\/a><\/td><\/tr><tr><td><a href=\"http:\/\/www.municipiomugica.com\/Ley_Dis_Fin\/2024\/2do_Trim\/FRACC%20V\/ESTADO%20ANAL%C3%8DTICO%20DE%20INGRESOS%20CLASIF%202.pdf\" title=\"\">ESTADO ANAL\u00cdTICO DE INGRESOS CLASIF 2<\/a><\/td><\/tr><tr><td><a href=\"http:\/\/www.municipiomugica.com\/Ley_Dis_Fin\/2024\/2do_Trim\/FRACC%20V\/ESTADO%20ANAL%C3%8DTICO%20DE%20INGRESOS%20CLASIF%203.pdf\" title=\"\">ESTADO ANAL\u00cdTICO DE INGRESOS CLASIF 3<\/a><\/td><\/tr><tr><td><a href=\"http:\/\/www.municipiomugica.com\/Ley_Dis_Fin\/2024\/2do_Trim\/FRACC%20V\/ESTADO%20ANAL%C3%8DTICO%20DE%20INGRESOS%20CLASIF%204.pdf\" title=\"\">ESTADO ANAL\u00cdTICO DE INGRESOS CLASIF 4<\/a><\/td><\/tr><tr><td><a href=\"http:\/\/www.municipiomugica.com\/Ley_Dis_Fin\/2024\/2do_Trim\/FRACC%20V\/ESTADO%20ANAL%C3%8DTICO%20DE%20INGRESOS%20CLASIF%205.pdf\" title=\"\">ESTADO ANAL\u00cdTICO DE INGRESOS CLASIF 5<\/a><\/td><\/tr><tr><td><a href=\"http:\/\/www.municipiomugica.com\/Ley_Dis_Fin\/2024\/2do_Trim\/FRACC%20V\/ESTADO%20ANAL%C3%8DTICO%20DE%20INGRESOS%20CLASIF%206.pdf\" title=\"\">ESTADO ANAL\u00cdTICO DE INGRESOS CLASIF 6<\/a><\/td><\/tr><tr><td><a href=\"http:\/\/www.municipiomugica.com\/Ley_Dis_Fin\/2024\/2do_Trim\/FRACC%20V\/ESTADO%20ANAL%C3%8DTICO%20DE%20INGRESOS%20CLASIF%207.pdf\" title=\"\">ESTADO ANAL\u00cdTICO DE INGRESOS CLASIF 7<\/a><\/td><\/tr><tr><td><a href=\"http:\/\/www.municipiomugica.com\/Ley_Dis_Fin\/2024\/2do_Trim\/FRACC%20V\/ESTADO%20ANAL%C3%8DTICO%20DE%20INGRESOS%20CLASIF%208.pdf\" title=\"\">ESTADO ANAL\u00cdTICO DE INGRESOS CLASIF 8<\/a><\/td><\/tr><tr><td><a href=\"http:\/\/www.municipiomugica.com\/Ley_Dis_Fin\/2024\/2do_Trim\/FRACC%20V\/ESTADO%20ANAL%C3%8DTICO%20DE%20INGRESOS%20CLASIF%209.pdf\" title=\"\">ESTADO ANAL\u00cdTICO DE INGRESOS CLASIF 9<\/a><\/td><\/tr><tr><td><a href=\"http:\/\/www.municipiomugica.com\/Ley_Dis_Fin\/2024\/2do_Trim\/FRACC%20V\/ESTADO%20ANAL%C3%8DTICO%20DEL%20EJERC%20DEL%20PRESUP%20DE%20EGRESOS%20CLASIF%20ADMINISTRATIVA.pdf\" title=\"\">ESTADO ANAL\u00cdTICO DEL EJERC DEL PRESUP DE EGRESOS CLASIF ADMINISTRATIVA<\/a><\/td><\/tr><tr><td><a href=\"http:\/\/www.municipiomugica.com\/Ley_Dis_Fin\/2024\/2do_Trim\/FRACC%20V\/ESTADO%20ANAL%C3%8DTICO%20DEL%20EJERC%20DEL%20PRESUP%20DE%20EGRESOS%20CLASIF%20ADMINISTRATIVA%202.pdf\" title=\"\">ESTADO ANAL\u00cdTICO DEL EJERC DEL PRESUP DE EGRESOS CLASIF ADMINISTRATIVA 2<\/a><\/td><\/tr><tr><td><a href=\"http:\/\/www.municipiomugica.com\/Ley_Dis_Fin\/2024\/2do_Trim\/FRACC%20V\/ESTADO%20ANAL%C3%8DTICO%20DEL%20EJERC%20DEL%20PRESUP%20DE%20EGRESOS%20CLASIF%20ECON%C3%93MICA.pdf\" title=\"\">ESTADO ANAL\u00cdTICO DEL EJERC DEL PRESUP DE EGRESOS CLASIF ECON\u00d3MICA<\/a><\/td><\/tr><tr><td><a href=\"http:\/\/www.municipiomugica.com\/Ley_Dis_Fin\/2024\/2do_Trim\/FRACC%20V\/ESTADO%20ANAL%C3%8DTICO%20DEL%20EJERC%20DEL%20PRESUP%20DE%20EGRESOS%20CLASIF%20FUNCIONAL.pdf\" title=\"\">ESTADO ANAL\u00cdTICO DEL EJERC DEL PRESUP DE EGRESOS CLASIF FUNCIONAL<\/a><\/td><\/tr><tr><td><a href=\"http:\/\/www.municipiomugica.com\/Ley_Dis_Fin\/2024\/2do_Trim\/FRACC%20V\/ESTADO%20ANAL%C3%8DTICO%20DEL%20EJERC%20DEL%20PRESUP%20DE%20EGRESOS%20CLASIF%20POR%20OBJETO%20DEL%20GASTOO.pdf\" title=\"\">ESTADO ANAL\u00cdTICO DEL EJERC DEL PRESUP DE EGRESOS CLASIF POR OBJETO DEL GASTO<\/a><\/td><\/tr><\/tbody><\/table><\/figure>\n\n\n\n<p>FRACC VI<\/p>\n\n\n\n<figure class=\"wp-block-table is-style-stripes\"><table><tbody><tr><td><a href=\"http:\/\/www.municipiomugica.com\/Ley_Dis_Fin\/2024\/2do_Trim\/FRACC%20VI\/A%29%20NORMA%20PARA%20ESTABLECER%20LA%20ESTRUCTURA%20DE%20LA%20INFORMACI%C3%93N%20FORMATO%20DE%20EJERCICIO%20Y%20DESTINO%20DEL%20GASTO%20FEDERALIZADO%20Y%20REINTEGROS.pdf\" title=\"\">A) NORMA PARA ESTABLECER LA ESTRUCTURA DE LA INFORMACI\u00d3N DEL FORMATO DEL EJERCICIO Y DESTINO DEL GASTO FEDERALIZADO<\/a><\/td><\/tr><tr><td><a href=\"http:\/\/www.municipiomugica.com\/Ley_Dis_Fin\/2024\/2do_Trim\/FRACC%20VI\/B%29%20CONCILIACI%C3%93N%20ENTRE%20LOS%20INGRESOS%20CONTABLES%20E%20INGRESOS%20PRESUPUESTARIOS.pdf\" title=\"\">B) CONCILIACI\u00d3N ENTRE LOS INGRESOS PRESUPUESTARIOS E INGRESOS CONTABLES<\/a><\/td><\/tr><tr><td><a href=\"http:\/\/www.municipiomugica.com\/Ley_Dis_Fin\/2024\/2do_Trim\/FRACC%20VI\/C%29%20CONCILIACI%C3%93N%20ENTRE%20LOS%20EGRESOS%20CONTABLES%20Y%20EGRESOS%20PRESUPUESTARIOS.pdf\" title=\"\">C) CONCILIACI\u00d3N ENTRE LOS EGRESOS PRESUPUESTARIOS Y EGRESOS CONTABLES<\/a><\/td><\/tr><\/tbody><\/table><\/figure>\n\n\n\n<p>FRACC VII<\/p>\n\n\n\n<figure class=\"wp-block-table is-style-stripes\"><table><tbody><tr><td><a href=\"http:\/\/www.municipiomugica.com\/Ley_Dis_Fin\/2024\/2do_Trim\/FRACC%20VII\/BALANCE%20PRESUPUESTARIO.pdf\" title=\"\">BALANCE PRESUPUESTARIO<\/a><\/td><\/tr><tr><td><a href=\"http:\/\/www.municipiomugica.com\/Ley_Dis_Fin\/2024\/2do_Trim\/FRACC%20VII\/ESTADO%20ANAL%C3%8DTICO%20DE%20INGRESOS.pdf\" title=\"\">ESTADO ANAL\u00cdTICO DE INGRESOS<\/a><\/td><\/tr><tr><td><a href=\"https:\/\/www.municipiomugica.com\/Ley_Dis_Fin\/2025\/INFORME%20ANAL%C3%8DTICO%20DE%20LA%20DEUDA%20Y%20OTROS%20PASIVOS%20SEGUNDO%20TRIMESTRE%202024.pdf\">INFORME ANAL\u00cdTICO DE LA DEUDA Y OTROS PASIVOS SEGUNDO TRIMESTRE 2024<\/a><\/td><\/tr><tr><td><a href=\"http:\/\/www.municipiomugica.com\/Ley_Dis_Fin\/2024\/2do_Trim\/FRACC%20VII\/ESTADO%20ANAL%C3%8DTICO%20DEL%20EJERC%20DEL%20PRESUP%20DE%20EGRESOS%20DETALLADO%20CLASIF%20ADMINISTRATIVA.pdf\" title=\"\">ESTADO ANAL\u00cdTICO DEL EJERC DEL PRESUP DE EGRESOS DETALLADO CLASIF ADMINISTRATIVA<\/a><\/td><\/tr><tr><td><a href=\"http:\/\/www.municipiomugica.com\/Ley_Dis_Fin\/2024\/2do_Trim\/FRACC%20VII\/ESTADO%20ANAL%C3%8DTICO%20DEL%20EJERC%20DEL%20PRESUP%20DE%20EGRESOS%20DETALLADO%20CLASIF%20FUNCIONAL.pdf\" title=\"\">ESTADO ANAL\u00cdTICO DEL EJERC DEL PRESUP DE EGRESOS DETALLADO CLASIF FUNCIONAL<\/a><\/td><\/tr><tr><td><a href=\"http:\/\/www.municipiomugica.com\/Ley_Dis_Fin\/2024\/2do_Trim\/FRACC%20VII\/ESTADO%20ANAL%C3%8DTICO%20DEL%20EJERC%20DEL%20PRESUP%20DE%20EGRESOS%20DETALLADO%20CLASIF%20POR%20OBJETO%20DE%20GASTO.pdf\" title=\"\">ESTADO ANAL\u00cdTICO DEL EJERC DEL PRESUP DE EGRESOS DETALLADO CLASIF POR OBJETO DE GASTO<\/a><\/td><\/tr><tr><td><a href=\"http:\/\/www.municipiomugica.com\/Ley_Dis_Fin\/2024\/2do_Trim\/FRACC%20VII\/ESTADO%20DE%20STUACI%C3%93N%20FINANCIERA%20DETALLADO.pdf\" title=\"\">ESTADO DE STUACI\u00d3N FINANCIERA DETALLADO<\/a><\/td><\/tr><tr><td><a href=\"http:\/\/www.municipiomugica.com\/Ley_Dis_Fin\/2024\/2do_Trim\/FRACC%20VII\/INFORME%20ANALL%C3%8DTICO%20DE%20OBLIGCIONS%20DIFERETES%20FINANCIAMIENTOS.pdf\" title=\"\">INFORME ANAL\u00cdTCO DE OBLIGACIONES DIFERENTES FUENTES DE FINANCIAMIENTOS<\/a><\/td><\/tr><tr><td><a href=\"http:\/\/www.municipiomugica.com\/Ley_Dis_Fin\/2024\/2do_Trim\/FRACC%20VII\/INFORME%20ANAL%C3%8DTCOE%20BLIGACIONES%20DIDFENTES%20DE%20FINANNCIAMIENTOS.pdf\" title=\"\">INFORME ANAL\u00cdTCO DE OBLIGACIONES DIFERENTES FUENTES DE FINANCIAMIENTOS<\/a><\/td><\/tr><tr><td><a href=\"http:\/\/www.municipiomugica.com\/Ley_Dis_Fin\/2024\/2do_Trim\/FRACC%20VII\/PROYECCI%C3%93N%20DE%20EGRESOS.pdf\" title=\"\">PROYECCI\u00d3N DE EGRESOS<\/a><\/td><\/tr><tr><td><a href=\"http:\/\/www.municipiomugica.com\/Ley_Dis_Fin\/2024\/2do_Trim\/FRACC%20VII\/PROYECCI%C3%93N%20DE%20INGRESOS.pdf\" title=\"\">PROYECCI\u00d3N DE INGRESOS<\/a><\/td><\/tr><tr><td><a href=\"http:\/\/www.municipiomugica.com\/Ley_Dis_Fin\/2024\/2do_Trim\/FRACC%20VII\/RESULTADO%20DE%20EGRESOS.pdf\" title=\"\">RESULTADO DE EGRESOS<\/a><\/td><\/tr><tr><td><a href=\"http:\/\/www.municipiomugica.com\/Ley_Dis_Fin\/2024\/2do_Trim\/FRACC%20VII\/RESULTADO%20DE%20INGRESOS.pdf\" title=\"\">RESULTADO DE INGRESOS<\/a><\/td><\/tr><\/tbody><\/table><\/figure>\n\n\n\n<p>FRACC VIII<\/p>\n\n\n\n<p><\/p>\n\n\n\n<figure class=\"wp-block-table is-style-stripes\"><table><tbody><tr><td><a href=\"http:\/\/www.municipiomugica.com\/Ley_Dis_Fin\/2024\/2do_Trim\/FRACC%20VIII\/2.-%20BALANZA%20DE%20COMPROBACI%C3%93N.pdf\" title=\"\">BALANZA DE COMPROBACI\u00d3N<\/a><\/td><\/tr><tr><td><a href=\"http:\/\/www.municipiomugica.com\/Ley_Dis_Fin\/2024\/2do_Trim\/FRACC%20VIII\/1.-%20CONCILIACIONES%20BANCARIAS%2C%20ESTADOS%20DE%20CUENTA%20Y%20AUXILIARES%20MENSUALES\/ESTADOS%20DE%20CUENTA%20CONCILIACIONES%20BANCARIAS%20Y%20ANALITICOS%20MENSUALES%20ABRIL%20A%20JUNIO%20%281%29.pdf\" title=\"\">ESTADOS DE CUENTA, CONCILIACIONES Y ANALITICOS MENSUAL 1<\/a><\/td><\/tr><tr><td><a href=\"http:\/\/www.municipiomugica.com\/Ley_Dis_Fin\/2024\/2do_Trim\/FRACC%20VIII\/1.-%20CONCILIACIONES%20BANCARIAS%2C%20ESTADOS%20DE%20CUENTA%20Y%20AUXILIARES%20MENSUALES\/ESTADOS%20DE%20CUENTA%20CONCILIACIONES%20BANCARIAS%20Y%20ANALITICOS%20MENSUALES%20ABRIL%20A%20JUNIO%20%282%29.pdf\" title=\"\">ESTADOS DE CUENTA, CONCILIACIONES Y ANALITICOS MENSUAL 2<\/a><\/td><\/tr><tr><td><a href=\"http:\/\/www.municipiomugica.com\/Ley_Dis_Fin\/2024\/2do_Trim\/FRACC%20VIII\/1.-%20CONCILIACIONES%20BANCARIAS%2C%20ESTADOS%20DE%20CUENTA%20Y%20AUXILIARES%20MENSUALES\/ESTADOS%20DE%20CUENTA%20CONCILIACIONES%20BANCARIAS%20Y%20ANALITICOS%20MENSUALES%20ABRIL%20A%20JUNIO%20%283%29.pdf\" title=\"\">ESTADOS DE CUENTA, CONCILIACIONES Y ANALITICOS MENSUAL 3<\/a><\/td><\/tr><tr><td><a href=\"http:\/\/www.municipiomugica.com\/Ley_Dis_Fin\/2024\/2do_Trim\/FRACC%20VIII\/3.-%20ANEXOS\/ANEXO%202%20RELACION%20DE%20OBRAS%20EJECUTADAS.pdf\" title=\"\">ANEXO 2 RELACION DE OBRAS EJECUTADAS <\/a><\/td><\/tr><tr><td><a href=\"http:\/\/www.municipiomugica.com\/Ley_Dis_Fin\/2024\/2do_Trim\/FRACC%20VIII\/3.-%20ANEXOS\/ANEXO%202%20RELACION%20DE%20OBRAS%20EJECUTADAS%202.pdf\" title=\"\">ANEXO 2 RELACION DE OBRAS EJECUTADAS 2<\/a><\/td><\/tr><tr><td><a href=\"http:\/\/www.municipiomugica.com\/Ley_Dis_Fin\/2024\/2do_Trim\/FRACC%20VIII\/3.-%20ANEXOS\/ANEXO%202%20RELACION%20DE%20OBRAS%20EJECUTADAS%203.pdf\" title=\"\">ANEXO 2 RELACION DE OBRAS EJECUTADAS 3<\/a><\/td><\/tr><tr><td><a href=\"http:\/\/www.municipiomugica.com\/Ley_Dis_Fin\/2024\/2do_Trim\/FRACC%20VIII\/3.-%20ANEXOS\/ANEXO%203%20RELACI%C3%93N%20DE%20OBRAS%20EJECUTADAS.pdf\" title=\"\">ANEXO 3 RELACI\u00d3N DE OBRAS EJECUTADAS<\/a><\/td><\/tr><tr><td><a href=\"http:\/\/www.municipiomugica.com\/Ley_Dis_Fin\/2024\/2do_Trim\/FRACC%20VIII\/3.-%20ANEXOS\/ANEEXO%205%20VINCULACI%C3%93N%20DE%20OBJETIVOS.pdf\" title=\"\">ANEXO 5 VINCULACI\u00d3N DE OBJETIVOS<\/a><\/td><\/tr><tr><td><a href=\"http:\/\/www.municipiomugica.com\/Ley_Dis_Fin\/2024\/2do_Trim\/FRACC%20VIII\/3.-%20ANEXOS\/ANEXO%206%20%20INFORME%20DEL%20AVANCE%20PROGRAM%C3%81TICO%20PRESUPUESTALES.pdf\" title=\"\">ANEXO 6 INFORME DEL AVANCE PROGRAM\u00c1TICO PRESUPUESTALES<\/a><\/td><\/tr><tr><td><a href=\"http:\/\/www.municipiomugica.com\/Ley_Dis_Fin\/2024\/2do_Trim\/FRACC%20VIII\/3.-%20ANEXOS\/4%20MODIFICACIONES%20PRESUPUESTLES%20D%20DE%20OBRAS%20DURUANTE%20EJERCICIO.pdf\" title=\"\">MODIFICACIONES PRESUPUESTALES DE OBRAS DURANTE EL EJERCICIO<\/a><\/td><\/tr><tr><td><a href=\"http:\/\/www.municipiomugica.com\/Ley_Dis_Fin\/2024\/2do_Trim\/FRACC%20VIII\/3.-%20ANEXOS\/REPORTE%20DE%20LA%20APLICACI%C3%93N%20DE%20LA%20DEUDA.pdf\" title=\"\">REPORTE DE LA APLICACI\u00d3N DE LA DEUDA<\/a><\/td><\/tr><\/tbody><\/table><\/figure>\n","protected":false},"excerpt":{"rendered":"<p>FRACC I CAR\u00c1TULA PORTADA FRACC II 2.- INDICE FRACC III ACTA No. 123 S.O. 88 FRACC IV ESTADO ANAL\u00cdTICO DEL ACTIVO ESTADO DE ACTIVIDADES ESTADO DE CAMBIOS EN LA SITUACI\u00d3N &#8230;<\/p>\n","protected":false},"author":2,"featured_media":0,"parent":0,"menu_order":0,"comment_status":"closed","ping_status":"closed","template":"","meta":{"om_disable_all_campaigns":false,"footnotes":""},"class_list":["post-5147","page","type-page","status-publish","hentry"],"aioseo_notices":[],"_links":{"self":[{"href":"https:\/\/municipiomugica.com\/index.php\/wp-json\/wp\/v2\/pages\/5147","targetHints":{"allow":["GET"]}}],"collection":[{"href":"https:\/\/municipiomugica.com\/index.php\/wp-json\/wp\/v2\/pages"}],"about":[{"href":"https:\/\/municipiomugica.com\/index.php\/wp-json\/wp\/v2\/types\/page"}],"author":[{"embeddable":true,"href":"https:\/\/municipiomugica.com\/index.php\/wp-json\/wp\/v2\/users\/2"}],"replies":[{"embeddable":true,"href":"https:\/\/municipiomugica.com\/index.php\/wp-json\/wp\/v2\/comments?post=5147"}],"version-history":[{"count":6,"href":"https:\/\/municipiomugica.com\/index.php\/wp-json\/wp\/v2\/pages\/5147\/revisions"}],"predecessor-version":[{"id":5859,"href":"https:\/\/municipiomugica.com\/index.php\/wp-json\/wp\/v2\/pages\/5147\/revisions\/5859"}],"wp:attachment":[{"href":"https:\/\/municipiomugica.com\/index.php\/wp-json\/wp\/v2\/media?parent=5147"}],"curies":[{"name":"wp","href":"https:\/\/api.w.org\/{rel}","templated":true}]}}