{"id":5181,"date":"2024-08-13T00:09:45","date_gmt":"2024-08-13T06:09:45","guid":{"rendered":"https:\/\/municipiomugica.com\/?page_id=5181"},"modified":"2024-08-13T00:32:44","modified_gmt":"2024-08-13T06:32:44","slug":"capamu-2023-cuenta-anual","status":"publish","type":"page","link":"https:\/\/municipiomugica.com\/index.php\/capamu-2023-cuenta-anual\/","title":{"rendered":"CAPAMU 2023 CUENTA ANUAL"},"content":{"rendered":"\n<figure class=\"wp-block-table is-style-stripes\"><table><tbody><tr><td><a href=\"http:\/\/www.municipiomugica.com\/CAPAMU\/2023\/Cuenta_Anual\/01%20Portada.pdf\" title=\"\">01 Portada<\/a><\/td><\/tr><tr><td><a href=\"http:\/\/www.municipiomugica.com\/CAPAMU\/2023\/Cuenta_Anual\/02%20Indice.pdf\" title=\"\">02 \u00cdndice<\/a><\/td><\/tr><tr><td><a href=\"http:\/\/www.municipiomugica.com\/CAPAMU\/2023\/Cuenta_Anual\/03%20Actas%20de%20cabildo.pdf\" title=\"\">03 Actas de cabildo<\/a><\/td><\/tr><tr><td><a href=\"http:\/\/www.municipiomugica.com\/CAPAMU\/2023\/Cuenta_Anual\/04%20Estado%20de%20actividades.pdf\" title=\"\">04 Estado de actividades<\/a><\/td><\/tr><tr><td><a href=\"http:\/\/www.municipiomugica.com\/CAPAMU\/2023\/Cuenta_Anual\/05%20Actas%20junta%20de%20gobierno.pdf\" title=\"\">05 Actas junta de gobierno<\/a><\/td><\/tr><tr><td><a href=\"http:\/\/www.municipiomugica.com\/CAPAMU\/2023\/Cuenta_Anual\/06%20Estado%20de%20situacion%20financiera.pdf\" title=\"\">06 Estado de situaci\u00f3n financiera<\/a><\/td><\/tr><tr><td><a href=\"http:\/\/www.municipiomugica.com\/CAPAMU\/2023\/Cuenta_Anual\/07%20Estado%20de%20variacion%20en%20la%20hacienda%20publica.pdf\" title=\"\">07 Estado de variaci\u00f3n en la hacienda publica<\/a><\/td><\/tr><tr><td><a href=\"http:\/\/www.municipiomugica.com\/CAPAMU\/2023\/Cuenta_Anual\/08%20Estado%20de%20cambios%20en%20la%20situacion%20financiera.pdf\" title=\"\">08 Estado de cambios en la situaci\u00f3n financiera<\/a><\/td><\/tr><tr><td><a href=\"http:\/\/www.municipiomugica.com\/CAPAMU\/2023\/Cuenta_Anual\/09%20Estado%20de%20flujos%20de%20efectivo.pdf\" title=\"\">09 Estado de flujos de efectivo<\/a><\/td><\/tr><tr><td><a href=\"http:\/\/www.municipiomugica.com\/CAPAMU\/2023\/Cuenta_Anual\/10%20Estado%20analitico%20del%20activo.pdf\" title=\"\">10 Estado anal\u00edtico del activo<\/a><\/td><\/tr><tr><td><a href=\"http:\/\/www.municipiomugica.com\/CAPAMU\/2023\/Cuenta_Anual\/11%20Estado%20analitico%20de%20la%20deuda%20y%20otros%20pasivos.pdf\" title=\"\">11 Estado anal\u00edtico de la deuda y otros pasivos<\/a><\/td><\/tr><tr><td><a href=\"http:\/\/www.municipiomugica.com\/CAPAMU\/2023\/Cuenta_Anual\/12%20Notas%20a%20los%20estados%20financieros%20%28%28Cifras%20en%20pesos%29.pdf\" title=\"\">12 Notas a los estados financieros (Cifras en pesos)<\/a><\/td><\/tr><tr><td><a href=\"http:\/\/www.municipiomugica.com\/CAPAMU\/2023\/Cuenta_Anual\/13%20Estado%20analitico%20de%20ingresos.pdf\" title=\"\">13 Estado anal\u00edtico de ingresos<\/a><\/td><\/tr><tr><td><a href=\"http:\/\/www.municipiomugica.com\/CAPAMU\/2023\/Cuenta_Anual\/14%20Estado%20analitico%20de%20ingresos%20por%20fuente%20de%20financiamiento.pdf\" title=\"\">14 Estado anal\u00edtico de ingresos por fuente de financiamiento<\/a><\/td><\/tr><tr><td><a href=\"http:\/\/www.municipiomugica.com\/CAPAMU\/2023\/Cuenta_Anual\/15%20Estado%20analitico%20del%20ejercicio%20del%20presupuesto%20de%20egresos.pdf\" title=\"\">15 Estado anal\u00edtico del ejercicio del presupuesto de egresos<\/a><\/td><\/tr><tr><td><a href=\"http:\/\/www.municipiomugica.com\/CAPAMU\/2023\/Cuenta_Anual\/16%20Gasto%20por%20categoria%20programatica.pdf\" title=\"\">16 Gasto por categor\u00eda program\u00e1tica<\/a><\/td><\/tr><tr><td><a href=\"http:\/\/www.municipiomugica.com\/CAPAMU\/2023\/Cuenta_Anual\/17%20Formato%20del%20ejercicio%20y%20destino%20del%20gasto%20federalizado%20y%20reintegros.pdf\" title=\"\">17 Formato del ejercicio y destino del gasto federalizado y reintegros<\/a><\/td><\/tr><tr><td><a href=\"http:\/\/www.municipiomugica.com\/CAPAMU\/2023\/Cuenta_Anual\/18%20Estado%20de%20situacion%20financiera%20detallado%20-%20LDF.pdf\" title=\"\">18 Estado de situaci\u00f3n financiera detallado &#8211; LDF<\/a><\/td><\/tr><tr><td><a href=\"http:\/\/www.municipiomugica.com\/CAPAMU\/2023\/Cuenta_Anual\/19%20Informe%20analitico%20de%20obligaciones%20diferentes%20de%20financiamiento%20LDF.pdf\" title=\"\">19 Informe anal\u00edtico de obligaciones diferentes de financiamiento LDF<\/a><\/td><\/tr><tr><td><a href=\"http:\/\/www.municipiomugica.com\/CAPAMU\/2023\/Cuenta_Anual\/20%20Balance%20Presupuestario%20-%20LDF.pdf\" title=\"\">20 Balance Presupuestario &#8211; LDF<\/a><\/td><\/tr><tr><td><a href=\"http:\/\/www.municipiomugica.com\/CAPAMU\/2023\/Cuenta_Anual\/21%20Estado%20analitico%20de%20ingresos%20detallado%20-%20LDF.pdf\" title=\"\">21 Estado anal\u00edtico de ingresos detallado &#8211; LDF<\/a><\/td><\/tr><tr><td><a href=\"http:\/\/www.municipiomugica.com\/CAPAMU\/2023\/Cuenta_Anual\/22%20Estado%20analitico%20del%20ejercicio%20del%20presupuesto%20de%20egresos%20detallado%20-%20LDF.pdf\" title=\"\">22 Estado anal\u00edtico del ejercicio del presupuesto de egresos detallado &#8211; LDF<\/a><\/td><\/tr><tr><td><a href=\"http:\/\/www.municipiomugica.com\/CAPAMU\/2023\/Cuenta_Anual\/23%20Proyecciones%20de%20ingresos%20-%20LDF.pdf\" title=\"\">23 Proyecciones de ingresos &#8211; LDF<\/a><\/td><\/tr><tr><td><a href=\"http:\/\/www.municipiomugica.com\/CAPAMU\/2023\/Cuenta_Anual\/24%20Proyecciones%20de%20egresos%20-%20LDF.pdf\" title=\"\">24 Proyecciones de egresos &#8211; LDF<\/a><\/td><\/tr><tr><td><a href=\"http:\/\/www.municipiomugica.com\/CAPAMU\/2023\/Cuenta_Anual\/25%20Resultados%20de%20ingresos%20-%20LDF.pdf\" title=\"\">25 Resultados de ingresos &#8211; LDF<\/a><\/td><\/tr><tr><td><a href=\"http:\/\/www.municipiomugica.com\/CAPAMU\/2023\/Cuenta_Anual\/26%20Resultados%20de%20egresos%20-%20LDF.pdf\" title=\"\">26 Resultados de egresos &#8211; LDF<\/a><\/td><\/tr><tr><td><a href=\"http:\/\/www.municipiomugica.com\/CAPAMU\/2023\/Cuenta_Anual\/27%20Concilacion%20bancaria%20enero.pdf\" title=\"\">27 Conciliaci\u00f3n bancaria enero<\/a><\/td><\/tr><tr><td><a href=\"http:\/\/www.municipiomugica.com\/CAPAMU\/2023\/Cuenta_Anual\/28%20Analiticos%20Mensuales%20Enero.pdf\" title=\"\">28 Anal\u00edticos Mensuales Enero<\/a><\/td><\/tr><tr><td><a href=\"http:\/\/www.municipiomugica.com\/CAPAMU\/2023\/Cuenta_Anual\/29%20Estado%20de%20Cuenta%20Enero.pdf\" title=\"\">29 Estado de Cuenta Enero<\/a><\/td><\/tr><tr><td><a href=\"http:\/\/www.municipiomugica.com\/CAPAMU\/2023\/Cuenta_Anual\/30%20Concilacion%20bancaria%20febrero.pdf\" title=\"\">30 Conciliaci\u00f3n bancaria febrero<\/a><\/td><\/tr><tr><td><a href=\"http:\/\/www.municipiomugica.com\/CAPAMU\/2023\/Cuenta_Anual\/31%20Analiticos%20Mensuales%20Febrero.pdf\" title=\"\">31 Anal\u00edticos Mensuales Febrero<\/a><\/td><\/tr><tr><td><a href=\"http:\/\/www.municipiomugica.com\/CAPAMU\/2023\/Cuenta_Anual\/32%20Estado%20de%20Cuenta%20Febrero.pdf\" title=\"\">32 Estado de Cuenta Febrero<\/a><\/td><\/tr><tr><td><a href=\"http:\/\/www.municipiomugica.com\/CAPAMU\/2023\/Cuenta_Anual\/33%20Concilacion%20bancaria%20marzo.pdf\" title=\"\">33 Conciliaci\u00f3n bancaria marzo<\/a><\/td><\/tr><tr><td><a href=\"http:\/\/www.municipiomugica.com\/CAPAMU\/2023\/Cuenta_Anual\/34%20Analiticos%20Mensuales%20Marzo.pdf\" title=\"\">34 Anal\u00edticos Mensuales Marzo<\/a><\/td><\/tr><tr><td><a href=\"http:\/\/www.municipiomugica.com\/CAPAMU\/2023\/Cuenta_Anual\/35%20Estado%20de%20Cuenta%20Marzo.pdf\" title=\"\">35 Estado de Cuenta Marzo<\/a><\/td><\/tr><tr><td><a href=\"http:\/\/www.municipiomugica.com\/CAPAMU\/2023\/Cuenta_Anual\/36%20Concilacion%20bancaria%20abril.pdf\" title=\"\">36 Conciliaci\u00f3n bancaria abril<\/a><\/td><\/tr><tr><td><a href=\"http:\/\/www.municipiomugica.com\/CAPAMU\/2023\/Cuenta_Anual\/37%20Analiticos%20Mensuales%20Abril.pdf\" title=\"\">37 Anal\u00edticos Mensuales Abril<\/a><\/td><\/tr><tr><td><a href=\"http:\/\/www.municipiomugica.com\/CAPAMU\/2023\/Cuenta_Anual\/38%20Estado%20de%20Cuenta%20Abril.pdf\" title=\"\">38 Estado de Cuenta Abril<\/a><\/td><\/tr><tr><td><a href=\"http:\/\/www.municipiomugica.com\/CAPAMU\/2023\/Cuenta_Anual\/39%20Concilacion%20bancaria%20mayo.pdf\" title=\"\">39 Conciliaci\u00f3n bancaria mayo<\/a><\/td><\/tr><tr><td><a href=\"http:\/\/www.municipiomugica.com\/CAPAMU\/2023\/Cuenta_Anual\/40%20Analiticos%20Mensuales%20Mayo.pdf\" title=\"\">40 Anal\u00edticos Mensuales Mayo<\/a><\/td><\/tr><tr><td><a href=\"http:\/\/www.municipiomugica.com\/CAPAMU\/2023\/Cuenta_Anual\/41%20Estado%20de%20Cuenta%20Mayo.pdf\" title=\"\">41 Estado de Cuenta Mayo<\/a><\/td><\/tr><tr><td><a href=\"http:\/\/www.municipiomugica.com\/CAPAMU\/2023\/Cuenta_Anual\/42%20Concilacion%20bancaria%20Junio.pdf\" title=\"\">42 Conciliaci\u00f3n bancaria Junio<\/a><\/td><\/tr><tr><td><a href=\"http:\/\/www.municipiomugica.com\/CAPAMU\/2023\/Cuenta_Anual\/43%20Analiticos%20Mensuales%20Junio.pdf\" title=\"\">43 Analiticos Mensuales Junio<\/a><\/td><\/tr><tr><td><a href=\"http:\/\/www.municipiomugica.com\/CAPAMU\/2023\/Cuenta_Anual\/44%20Estado%20de%20Cuenta%20Junio.pdf\" title=\"\">44 Estado de Cuenta Junio<\/a><\/td><\/tr><tr><td><a href=\"http:\/\/www.municipiomugica.com\/CAPAMU\/2023\/Cuenta_Anual\/45%20Concilacion%20bancaria%20julio.pdf\" title=\"\">45 Concilacion bancaria julio<\/a><\/td><\/tr><tr><td><a href=\"http:\/\/www.municipiomugica.com\/CAPAMU\/2023\/Cuenta_Anual\/46%20Analiticos%20Mensuales%20Julio.pdf\" title=\"\">46 Anal\u00edticos Mensuales Julio<\/a><\/td><\/tr><tr><td><a href=\"http:\/\/www.municipiomugica.com\/CAPAMU\/2023\/Cuenta_Anual\/47%20Estado%20de%20Cuenta%20Julio.pdf\" title=\"\">47 Estado de Cuenta Julio<\/a><\/td><\/tr><tr><td><a href=\"http:\/\/www.municipiomugica.com\/CAPAMU\/2023\/Cuenta_Anual\/48%20Concilacion%20bancaria%20agosto.pdf\" title=\"\">48 Conciliaci\u00f3n bancaria agosto<\/a><\/td><\/tr><tr><td><a href=\"http:\/\/www.municipiomugica.com\/CAPAMU\/2023\/Cuenta_Anual\/49%20Analiticos%20Mensuales%20Agosto.pdf\" title=\"\">49 Anal\u00edticos Mensuales Agosto<\/a><\/td><\/tr><tr><td><a href=\"http:\/\/www.municipiomugica.com\/CAPAMU\/2023\/Cuenta_Anual\/50%20Estado%20de%20Cuenta%20Agosto.pdf\" title=\"\">50 Estado de Cuenta Agosto<\/a><\/td><\/tr><tr><td><a href=\"http:\/\/www.municipiomugica.com\/CAPAMU\/2023\/Cuenta_Anual\/51%20Concilacion%20bancaria%20septiembre.pdf\" title=\"\">51 Conciliaci\u00f3n bancaria septiembre<\/a><\/td><\/tr><tr><td><a href=\"http:\/\/www.municipiomugica.com\/CAPAMU\/2023\/Cuenta_Anual\/52%20Analiticos%20Mensuales%20Septiembre.pdf\" title=\"\">52 Anal\u00edticos Mensuales Septiembre<\/a><\/td><\/tr><tr><td><a href=\"http:\/\/www.municipiomugica.com\/CAPAMU\/2023\/Cuenta_Anual\/53%20Estado%20de%20Cuenta%20Septiembre.pdf\" title=\"\">53 Estado de Cuenta Septiembre<\/a><\/td><\/tr><tr><td><a href=\"http:\/\/www.municipiomugica.com\/CAPAMU\/2023\/Cuenta_Anual\/54%20Concilacion%20bancaria%20octubre.pdf\" title=\"\">54 Conciliaci\u00f3n bancaria octubre<\/a><\/td><\/tr><tr><td><a href=\"http:\/\/www.municipiomugica.com\/CAPAMU\/2023\/Cuenta_Anual\/55%20Analiticos%20Mensuales%20Octubre.pdf\" title=\"\">55 Anal\u00edticos Mensuales Octubre<\/a><\/td><\/tr><tr><td><a href=\"http:\/\/www.municipiomugica.com\/CAPAMU\/2023\/Cuenta_Anual\/56%20Estado%20de%20Cuenta%20Octubre.pdf\" title=\"\">56 Estado de Cuenta Octubre<\/a><\/td><\/tr><tr><td><a href=\"http:\/\/www.municipiomugica.com\/CAPAMU\/2023\/Cuenta_Anual\/57%20Concilacion%20bancaria%20noviembre.pdf\" title=\"\">57 Conciliaci\u00f3n bancaria noviembre<\/a><\/td><\/tr><tr><td><a href=\"http:\/\/www.municipiomugica.com\/CAPAMU\/2023\/Cuenta_Anual\/58%20Analiticos%20Mensuales%20Noviembre.pdf\" title=\"\">58 Anal\u00edticos Mensuales Noviembre<\/a><\/td><\/tr><tr><td><a href=\"http:\/\/www.municipiomugica.com\/CAPAMU\/2023\/Cuenta_Anual\/59%20Estado%20de%20Cuenta%20Noviembre.pdf\" title=\"\">59 Estado de Cuenta Noviembre<\/a><\/td><\/tr><tr><td><a href=\"http:\/\/www.municipiomugica.com\/CAPAMU\/2023\/Cuenta_Anual\/60%20Concilacion%20bancaria%20diciembre.pdf\" title=\"\">60 Conciliaci\u00f3n bancaria diciembre<\/a><\/td><\/tr><tr><td><a href=\"http:\/\/www.municipiomugica.com\/CAPAMU\/2023\/Cuenta_Anual\/61%20Analiticos%20Mensuales%20Diciembre.pdf\" title=\"\">61 Anal\u00edticos Mensuales Diciembre<\/a><\/td><\/tr><tr><td><a href=\"http:\/\/www.municipiomugica.com\/CAPAMU\/2023\/Cuenta_Anual\/62%20Estado%20de%20Cuenta%20Diciembre.pdf\" title=\"\">62 Estado de Cuenta Diciembre<\/a><\/td><\/tr><tr><td><a href=\"http:\/\/www.municipiomugica.com\/CAPAMU\/2023\/Cuenta_Anual\/63%20Balanza%20de%20comprobacion.pdf\" title=\"\">63 Balanza de comprobaci\u00f3n<\/a><\/td><\/tr><tr><td><a href=\"http:\/\/www.municipiomugica.com\/CAPAMU\/2023\/Cuenta_Anual\/64%20Anexo%201.%20Reporte%20de%20la%20aplicacion%20de%20la%20deuda%20publica%20adquirida%20para%20inversiones%20publicas%20productivas.pdf\" title=\"\">64 Anexo 1. Reporte de la aplicaci\u00f3n de la deuda p\u00fablica adquirida para inversiones p\u00fablicas productivas<\/a><\/td><\/tr><tr><td><a href=\"http:\/\/www.municipiomugica.com\/CAPAMU\/2023\/Cuenta_Anual\/65%20Anexo%202.%20Relacion%20de%20gastos%20realizados%20en%20obras%20ejecutivas%20por%20administracion%20directa.pdf\" title=\"\">65 Anexo 2. Relaci\u00f3n de gastos realizados en obras ejecutivas por administraci\u00f3n directa<\/a><\/td><\/tr><tr><td><a href=\"http:\/\/www.municipiomugica.com\/CAPAMU\/2023\/Cuenta_Anual\/66%20Anexo%203.%20Relacion%20de%20obras%20ejecutadas.pdf\" title=\"\">66 Anexo 3. Relaci\u00f3n de obras ejecutadas<\/a><\/td><\/tr><tr><td><a href=\"http:\/\/www.municipiomugica.com\/CAPAMU\/2023\/Cuenta_Anual\/67%20Anexo%204.%20Vinculacion%20de%20objetivos.pdf\" title=\"\">67 Anexo 4. Vinculaci\u00f3n de objetivos<\/a><\/td><\/tr><tr><td><a href=\"http:\/\/www.municipiomugica.com\/CAPAMU\/2023\/Cuenta_Anual\/68%20Anexo%205.%20Informe%20del%20avance%20programatico%20presupuestal.pdf\" title=\"\">68 Anexo 5. Informe del avance program\u00e1tico presupuestal<\/a><\/td><\/tr><\/tbody><\/table><\/figure>\n","protected":false},"excerpt":{"rendered":"<p>01 Portada 02 \u00cdndice 03 Actas de cabildo 04 Estado de actividades 05 Actas junta de gobierno 06 Estado de situaci\u00f3n financiera 07 Estado de variaci\u00f3n en la hacienda publica &#8230;<\/p>\n","protected":false},"author":2,"featured_media":0,"parent":0,"menu_order":0,"comment_status":"closed","ping_status":"closed","template":"","meta":{"om_disable_all_campaigns":false,"footnotes":""},"class_list":["post-5181","page","type-page","status-publish","hentry"],"aioseo_notices":[],"_links":{"self":[{"href":"https:\/\/municipiomugica.com\/index.php\/wp-json\/wp\/v2\/pages\/5181","targetHints":{"allow":["GET"]}}],"collection":[{"href":"https:\/\/municipiomugica.com\/index.php\/wp-json\/wp\/v2\/pages"}],"about":[{"href":"https:\/\/municipiomugica.com\/index.php\/wp-json\/wp\/v2\/types\/page"}],"author":[{"embeddable":true,"href":"https:\/\/municipiomugica.com\/index.php\/wp-json\/wp\/v2\/users\/2"}],"replies":[{"embeddable":true,"href":"https:\/\/municipiomugica.com\/index.php\/wp-json\/wp\/v2\/comments?post=5181"}],"version-history":[{"count":6,"href":"https:\/\/municipiomugica.com\/index.php\/wp-json\/wp\/v2\/pages\/5181\/revisions"}],"predecessor-version":[{"id":5191,"href":"https:\/\/municipiomugica.com\/index.php\/wp-json\/wp\/v2\/pages\/5181\/revisions\/5191"}],"wp:attachment":[{"href":"https:\/\/municipiomugica.com\/index.php\/wp-json\/wp\/v2\/media?parent=5181"}],"curies":[{"name":"wp","href":"https:\/\/api.w.org\/{rel}","templated":true}]}}