{"id":5267,"date":"2024-10-31T10:53:10","date_gmt":"2024-10-31T16:53:10","guid":{"rendered":"https:\/\/municipiomugica.com\/?page_id=5267"},"modified":"2025-11-06T22:30:19","modified_gmt":"2025-11-07T04:30:19","slug":"3er-informe-trimestral-2024","status":"publish","type":"page","link":"https:\/\/municipiomugica.com\/index.php\/3er-informe-trimestral-2024\/","title":{"rendered":"3ER INFORME TRIMESTRAL 2024"},"content":{"rendered":"\n<p>FRACC I<\/p>\n\n\n\n<figure class=\"wp-block-table is-style-stripes\"><table><tbody><tr><td><a href=\"http:\/\/www.municipiomugica.com\/Ley_Dis_Fin\/2024\/3er_Trim\/FRACC%20I\/CAR%C3%81TULA.pdf\" title=\"\">CAR\u00c1TULA<\/a><\/td><\/tr><\/tbody><\/table><\/figure>\n\n\n\n<p>FRACC II<\/p>\n\n\n\n<figure class=\"wp-block-table is-style-stripes\"><table><tbody><tr><td><a href=\"http:\/\/www.municipiomugica.com\/Ley_Dis_Fin\/2024\/3er_Trim\/FRACC%20II\/%C3%8DNDICE.pdf\" title=\"\">\u00cdNDICE<\/a><\/td><\/tr><\/tbody><\/table><\/figure>\n\n\n\n<p>FRACC III<\/p>\n\n\n\n<figure class=\"wp-block-table is-style-stripes\"><table><tbody><tr><td><a href=\"http:\/\/www.municipiomugica.com\/Ley_Dis_Fin\/2024\/3er_Trim\/FRACC%20III\/ACTA%20DE%20SESI%C3%93N%20DE%20CABILDO.pdf\" title=\"\">ACTA DE SESI\u00d3N DE CABILDO<\/a><\/td><\/tr><\/tbody><\/table><\/figure>\n\n\n\n<p>FRACC IV<\/p>\n\n\n\n<figure class=\"wp-block-table is-style-stripes\"><table><tbody><tr><td><a href=\"http:\/\/www.municipiomugica.com\/Ley_Dis_Fin\/2024\/3er_Trim\/FRACC%20IV\/1.-%20ESTADO%20DE%20ACTIVIDADES.pdf\" title=\"\">1.- ESTADO DE ACTIVIDADES<\/a><\/td><\/tr><tr><td><a href=\"http:\/\/www.municipiomugica.com\/Ley_Dis_Fin\/2024\/3er_Trim\/FRACC%20IV\/2.-%20ESTADO%20DE%20SITUACI%C3%93N%20FINANCIERA.pdf\" title=\"\">2.- ESTADO DE SITUACI\u00d3N FINANCIERA<\/a><\/td><\/tr><tr><td><a href=\"http:\/\/www.municipiomugica.com\/Ley_Dis_Fin\/2024\/3er_Trim\/FRACC%20IV\/3.-%20ESTADO%20DE%20VARIACI%C3%93N%20EN%20LA%20HACIENDA%20P%C3%9ABLICA.pdf\" title=\"\">3.- ESTADO DE VARIACI\u00d3N EN LA HACIENDA P\u00daBLICA<\/a><\/td><\/tr><tr><td><a href=\"http:\/\/www.municipiomugica.com\/Ley_Dis_Fin\/2024\/3er_Trim\/FRACC%20IV\/4.-%20ESTADO%20DE%20CAMBIOS%20EN%20LA%20SITUACI%C3%93N%20FINANCIERA.pdf\" title=\"\">4.- ESTADO DE CAMBIOS EN LA SITUACI\u00d3N FINANCIERA<\/a><\/td><\/tr><tr><td><a href=\"http:\/\/www.municipiomugica.com\/Ley_Dis_Fin\/2024\/3er_Trim\/FRACC%20IV\/5.-%20ESTADO%20DE%20FLUJOS%20DE%20EFECTIVO.pdf\" title=\"\">5.- ESTADO DE FLUJOS DE EFECTIVO<\/a><\/td><\/tr><tr><td><a href=\"http:\/\/www.municipiomugica.com\/Ley_Dis_Fin\/2024\/3er_Trim\/FRACC%20IV\/6.-%20NOTAS%20A%20LOS%20ESTADOS%20FINANCIEROS.pdf\" title=\"\">6.- NOTAS A LOS ESTADOS FINANCIEROS<\/a><\/td><\/tr><tr><td><a href=\"http:\/\/www.municipiomugica.com\/Ley_Dis_Fin\/2024\/3er_Trim\/FRACC%20IV\/7.-%20ESTADO%20ANAL%C3%8DTICO%20DEL%20ACTIVO.pdf\" title=\"\">7.- ESTADO ANAL\u00cdTICO DEL ACTIVO<\/a><\/td><\/tr><\/tbody><\/table><\/figure>\n\n\n\n<p>FRACC V<\/p>\n\n\n\n<figure class=\"wp-block-table is-style-stripes\"><table><tbody><tr><td><a href=\"http:\/\/www.municipiomugica.com\/Ley_Dis_Fin\/2024\/3er_Trim\/FRACC%20V\/A%29%20ESTADO%20ANAL%C3%8DTICO%20DE%20INGRESOS%20Y%20SUS%20CLASIFICACIONES.pdf\" title=\"\">A) ESTADO ANAL\u00cdTICO DE INGRESOS Y SUS CLASIFICACIONES<\/a><\/td><\/tr><tr><td><a href=\"http:\/\/www.municipiomugica.com\/Ley_Dis_Fin\/2024\/3er_Trim\/FRACC%20V\/B%29%20ESTADO%20ANAL%C3%8DTICO%20DEL%20EJERCICIO%20DEL%20PRESUPUESTO%20DE%20EGRESOS%20CLASIF%20ADMINISTRATIVA%202.pdf\" title=\"\">B) ESTADO ANAL\u00cdTICO DEL EJERCICIO DEL PRESUPUESTO DE EGRESOS CLASIF ADMINISTRATIVA <\/a><\/td><\/tr><tr><td><a href=\"http:\/\/www.municipiomugica.com\/Ley_Dis_Fin\/2024\/3er_Trim\/FRACC%20V\/B%29%20ESTADO%20ANAL%C3%8DTICO%20DEL%20EJERCICIO%20DEL%20PRESUPUESTO%20DE%20EGRESOS%20CLASIF%20ADMINISTRATIVA.pdf\" title=\"\">B) ESTADO ANAL\u00cdTICO DEL EJERCICIO DEL PRESUPUESTO DE EGRESOS CLASIF ADMINISTRATIVA 2<\/a><\/td><\/tr><tr><td><a href=\"http:\/\/www.municipiomugica.com\/Ley_Dis_Fin\/2024\/3er_Trim\/FRACC%20V\/B%29%20ESTADO%20ANAL%C3%8DTICO%20DEL%20EJERCICIO%20DEL%20PRESUPUESTO%20DE%20EGRESOS%20CLASIF%20ECON%C3%93MICA.pdf\" title=\"\">B) ESTADO ANAL\u00cdTICO DEL EJERCICIO DEL PRESUPUESTO DE EGRESOS CLASIF ECON\u00d3MICA<\/a><\/td><\/tr><tr><td><a href=\"http:\/\/www.municipiomugica.com\/Ley_Dis_Fin\/2024\/3er_Trim\/FRACC%20V\/B%29%20ESTADO%20ANAL%C3%8DTICO%20DEL%20EJERCICIO%20DEL%20PRESUPUESTO%20DE%20EGRESOS%20CLASIF%20FUNCIONAL.pdf\" title=\"\">B) ESTADO ANAL\u00cdTICO DEL EJERCICIO DEL PRESUPUESTO DE EGRESOS CLASIF FUNCIONAL<\/a><\/td><\/tr><tr><td><a href=\"http:\/\/www.municipiomugica.com\/Ley_Dis_Fin\/2024\/3er_Trim\/FRACC%20V\/B%29%20ESTADO%20ANAL%C3%8DTICO%20DEL%20EJERCICIO%20DEL%20PRESUPUESTO%20DE%20EGRESOS%20CLASIF%20POR%20OBJETO%20DEL%20GASTO.pdf\" title=\"\">B) ESTADO ANAL\u00cdTICO DEL EJERCICIO DEL PRESUPUESTO DE EGRESOS CLASIF POR OBJETO DEL GASTO<\/a><\/td><\/tr><tr><td><a href=\"http:\/\/www.municipiomugica.com\/Ley_Dis_Fin\/2024\/3er_Trim\/FRACC%20V\/GASTOS%20POR%20CATEGOR%C3%8DA%20PROGRAM%C3%81TICA%2030%20SEPTIEMBRE%202024.pdf\" title=\"\">GASTOS POR CATEGOR\u00cdA PROGRAM\u00c1TICA 30 SEPTIEMBRE 2024.pdf<\/a><\/td><\/tr><\/tbody><\/table><\/figure>\n\n\n\n<p>FRACC VI<\/p>\n\n\n\n<figure class=\"wp-block-table is-style-stripes\"><table><tbody><tr><td><a href=\"http:\/\/www.municipiomugica.com\/Ley_Dis_Fin\/2024\/3er_Trim\/FRACC%20VI\/CONCILIACI%C3%93N%20ENTRE%20LOS%20EGRESOS%20%20PRESUPUESTARIOS%20Y%20CONTABLES.pdf\" title=\"\">CONCILIACI\u00d3N ENTRE LOS EGRESOS PRESUPUESTARIOS Y CONTABLES<\/a><\/td><\/tr><tr><td><a href=\"http:\/\/www.municipiomugica.com\/Ley_Dis_Fin\/2024\/3er_Trim\/FRACC%20VI\/CONCILIACI%C3%93N%20ENTRE%20LOS%20INGRESOS%20PRESUPUESTARIOS%20Y%20CONTABLES.pdf\" title=\"\">CONCILIACI\u00d3N ENTRE LOS INGRESOS PRESUPUESTARIOS Y CONTABLES<\/a><\/td><\/tr><tr><td><a href=\"http:\/\/www.municipiomugica.com\/Ley_Dis_Fin\/2024\/3er_Trim\/FRACC%20VI\/NORMA%20PARA%20ESTABLECER%20EL%20FORMATO%20DEL%20DESTINO%20Y%20GASTO%20FEDERALIZADO.pdf\" title=\"\">NORMA PARA ESTABLECER EL FORMATO DEL DESTINO Y GASTO FEDERALIZADO<\/a><\/td><\/tr><tr><td><a href=\"http:\/\/www.municipiomugica.com\/Ley_Dis_Fin\/2024\/3er_Trim\/FRACC%20VI\/INDICADOR%20DE%20POSTURA%20FISCAL%20AL%2030%20DE%20SEPTIEMBRE%20DE%202024.pdf\" title=\"\">INDICADOR DE POSTURA FISCAL AL 30 DE SEPTIEMBRE DE 2024<\/a><\/td><\/tr><\/tbody><\/table><\/figure>\n\n\n\n<p>FRACC VII<\/p>\n\n\n\n<figure class=\"wp-block-table is-style-stripes\"><table><tbody><tr><td><a href=\"http:\/\/www.municipiomugica.com\/Ley_Dis_Fin\/2024\/3er_Trim\/FRACC%20VII\/1.-%20ESTADO%20DE%20SITUACI%C3%93N%20FINANCIERA%20DETALLADO.pdf\" title=\"\">1.- ESTADO DE SITUACI\u00d3N FINANCIERA DETALLADO<\/a><\/td><\/tr><tr><td><a href=\"http:\/\/www.municipiomugica.com\/Ley_Dis_Fin\/2024\/3er_Trim\/FRACC%20VII\/2.-%20INFORME%20ANAL%C3%8DTICO%20DE%20LA%20DEUDA%20Y%20OTROS%20PASIVOS.pdf\" title=\"\">2.- INFORME ANAL\u00cdTICO DE LA DEUDA Y OTROS PASIVOS<\/a><\/td><\/tr><tr><td><a href=\"https:\/\/www.municipiomugica.com\/Ley_Dis_Fin\/2025\/2.-%20INFORME%20ANAL%C3%8DTICO%20DE%20LA%20DEUDA%20Y%20OTROS%20PASIVOS%20TERCER%20TRIMESTRE%202024.pdf\" title=\"\">2.- INFORME ANAL\u00cdTICO DE LA DEUDA Y OTROS PASIVOS TERCER TRIMESTRE 2024<\/a><\/td><\/tr><tr><td><a href=\"http:\/\/www.municipiomugica.com\/Ley_Dis_Fin\/2024\/3er_Trim\/FRACC%20VII\/ESTADO%20ANAL%C3%8DTICO%20DE%20LA%20DEUDA%20Y%20OTROS%20PASIVOS%20AL%2030%20DE%20SEPTIEMBRE%202024%20-%20CUENTA%20P%C3%9ABLICA.pdf\" title=\"\">2.- ESTADO ANAL\u00cdTICO DE LA DEUDA Y OTROS PASIVOS AL 30 DE SEPTIEMBRE 2024 <\/a><\/td><\/tr><tr><td><a href=\"http:\/\/www.municipiomugica.com\/Ley_Dis_Fin\/2024\/3er_Trim\/FRACC%20VII\/3.-%20INFORME%20ANAL%C3%8DTICO%20DE%20OBLIGACIONES%20DIFERENTES%20DE%20FINANCIAMIENTOS.pdf\" title=\"\">3.- INFORME ANAL\u00cdTICO DE OBLIGACIONES DIFERENTES DE FINANCIAMIENTOS<\/a><\/td><\/tr><tr><td><a href=\"http:\/\/www.municipiomugica.com\/Ley_Dis_Fin\/2024\/3er_Trim\/FRACC%20VII\/4.-%20BALANCE%20PRESUPUESTARIO.pdf\" title=\"\">4.- BALANCE PRESUPUESTARIO<\/a><\/td><\/tr><tr><td><a href=\"http:\/\/www.municipiomugica.com\/Ley_Dis_Fin\/2024\/3er_Trim\/FRACC%20VII\/5.-%20ESTADO%20ANAL%C3%8DTICO%20DE%20INGRESOS%20DETALLADO.pdf\" title=\"\">5.- ESTADO ANAL\u00cdTICO DE INGRESOS DETALLADO<\/a><\/td><\/tr><tr><td><a href=\"http:\/\/www.municipiomugica.com\/Ley_Dis_Fin\/2024\/3er_Trim\/FRACC%20VII\/6.-%20ESTADO%20ANAL%C3%8DTICO%20DEL%20EJERCICIO%20DEL%20PRESUP%20DE%20EGRESOS%20CLASIF%20ADMINISTRATIVA%20LDF.pdf\" title=\"\">6.- ESTADO ANAL\u00cdTICO DEL EJERCICIO DEL PRESUP DE EGRESOS CLASIF ADMINISTRATIVA LDF<\/a><\/td><\/tr><tr><td><a href=\"http:\/\/www.municipiomugica.com\/Ley_Dis_Fin\/2024\/3er_Trim\/FRACC%20VII\/6.-%20ESTADO%20ANAL%C3%8DTICO%20DEL%20EJERCICIO%20DEL%20PRESUP%20DE%20EGRESOS%20CLASIF%20FUNCIONAL%20LDF.pdf\" title=\"\">6.- ESTADO ANAL\u00cdTICO DEL EJERCICIO DEL PRESUP DE EGRESOS CLASIF FUNCIONAL LDF<\/a><\/td><\/tr><tr><td><a href=\"http:\/\/www.municipiomugica.com\/Ley_Dis_Fin\/2024\/3er_Trim\/FRACC%20VII\/6.-%20ESTADO%20ANAL%C3%8DTICO%20DEL%20EJERCICIO%20DEL%20PRESUP%20DE%20EGRESOS%20CLASIF%20OBJETO%20DEL%20GASTO%20LDF.pdf\" title=\"\">6.- ESTADO ANAL\u00cdTICO DEL EJERCICIO DEL PRESUP DE EGRESOS CLASIF OBJETO DEL GASTO LDF<\/a><\/td><\/tr><tr><td><a href=\"http:\/\/www.municipiomugica.com\/Ley_Dis_Fin\/2024\/3er_Trim\/FRACC%20VII\/6.-%20ESTADO%20ANAL%C3%8DTICO%20DEL%20EJERCICIO%20DEL%20PRESUP%20DE%20EGRESOS%20CLASIF%20SERVICIOS%20PERSONALES%20LDF.pdf\" title=\"\">6.- ESTADO ANAL\u00cdTICO DEL EJERCICIO DEL PRESUP DE EGRESOS CLASIF SERVICIOS PERSONALES LDF<\/a><\/td><\/tr><tr><td><a href=\"http:\/\/www.municipiomugica.com\/Ley_Dis_Fin\/2024\/3er_Trim\/FRACC%20VII\/7.-%20PROYECCI%C3%93N%20DE%20EGRESOS.pdf\" title=\"\">7.- PROYECCI\u00d3N DE EGRESOS<\/a><\/td><\/tr><tr><td><a href=\"http:\/\/www.municipiomugica.com\/Ley_Dis_Fin\/2024\/3er_Trim\/FRACC%20VII\/7.-%20PROYECCI%C3%93N%20DE%20INGRESOS.pdf\" title=\"\">7.- PROYECCI\u00d3N DE INGRESOS<\/a><\/td><\/tr><tr><td><a href=\"http:\/\/www.municipiomugica.com\/Ley_Dis_Fin\/2024\/3er_Trim\/FRACC%20VII\/7.-%20RESULTADO%20DE%20EGRESOS.pdf\" title=\"\">7.- RESULTADO DE EGRESOS<\/a><\/td><\/tr><tr><td><a href=\"http:\/\/www.municipiomugica.com\/Ley_Dis_Fin\/2024\/3er_Trim\/FRACC%20VII\/7.-RESULTADO%20DE%20INGRESOS.pdf\" title=\"\">7.-RESULTADO DE INGRESOS<\/a><\/td><\/tr><\/tbody><\/table><\/figure>\n\n\n\n<p>FRACC VIII<\/p>\n\n\n\n<figure class=\"wp-block-table is-style-stripes\"><table><tbody><tr><td><a href=\"http:\/\/www.municipiomugica.com\/Ley_Dis_Fin\/2024\/3er_Trim\/FRACC%20VIII\/1.-%20AUXILIARES%20CONTABLES%20MENSUALES\/ESTADOS%20DE%20CUENTA%2C%20CONCILIACIONES%20Y%20ANAL%C3%8DTICOS%20MENSUALES%20%281%29.pdf\" title=\"\">ESTADOS DE CUENTA, CONCILIACIONES Y ANAL\u00cdTICOS MENSUALES (1)<\/a><\/td><\/tr><tr><td><a href=\"http:\/\/www.municipiomugica.com\/Ley_Dis_Fin\/2024\/3er_Trim\/FRACC%20VIII\/1.-%20AUXILIARES%20CONTABLES%20MENSUALES\/ESTADOS%20DE%20CUENTA%2C%20CONCILIACIONES%20Y%20ANAL%C3%8DTICOS%20MENSUALES%20%282%29.pdf\" title=\"\">ESTADOS DE CUENTA, CONCILIACIONES Y ANAL\u00cdTICOS MENSUALES (2)<\/a><\/td><\/tr><tr><td><a href=\"http:\/\/www.municipiomugica.com\/Ley_Dis_Fin\/2024\/3er_Trim\/FRACC%20VIII\/1.-%20AUXILIARES%20CONTABLES%20MENSUALES\/ESTADOS%20DE%20CUENTA%2C%20CONCILIACIONES%20Y%20ANAL%C3%8DTICOS%20MENSUALES%20%283%29.pdf\" title=\"\">ESTADOS DE CUENTA, CONCILIACIONES Y ANAL\u00cdTICOS MENSUALES (3)<\/a><\/td><\/tr><tr><td><a href=\"http:\/\/www.municipiomugica.com\/Ley_Dis_Fin\/2024\/3er_Trim\/FRACC%20VIII\/2.-%20BALANZA%20DE%20COMPROBACI%C3%93N\/BALANZA%20DE%20COMPROBACI%C3%93N.pdf\" title=\"\">BALANZA DE COMPROBACI\u00d3N<\/a><\/td><\/tr><tr><td><a href=\"http:\/\/www.municipiomugica.com\/Ley_Dis_Fin\/2024\/3er_Trim\/FRACC%20VIII\/3.-%20ANEXO%201%20REPORTE%20DE%20LA%20DEUDA%20P%C3%9ABLICA%20ADQUIRIDA%20PARA%20INVERSIONES%20P%C3%9ABLICAS%20PRODUCTIVAS\/REPORTE%20DE%20LA%20DEUDA%20P%C3%9ABLICA.pdf\" title=\"\">REPORTE DE LA DEUDA P\u00daBLICA<\/a><\/td><\/tr><tr><td><a href=\"http:\/\/www.municipiomugica.com\/Ley_Dis_Fin\/2024\/3er_Trim\/FRACC%20VIII\/3.-%20ANEXO%202%20OBRAS%20P%C3%9ABLICAS\/ANEXO%202%20OBRAS%20P%C3%9ABLICAS.pdf\" title=\"\">ANEXO 2 OBRAS P\u00daBLICAS<\/a><\/td><\/tr><tr><td><a href=\"http:\/\/www.municipiomugica.com\/Ley_Dis_Fin\/2024\/3er_Trim\/FRACC%20VIII\/3.-%20ANEXO%202%20OBRAS%20P%C3%9ABLICAS\/ANEXO%203%20OBRAS%20P%C3%9ABLICAS.pdf\" title=\"\">ANEXO 3 OBRAS P\u00daBLICAS<\/a><\/td><\/tr><tr><td><a href=\"http:\/\/www.municipiomugica.com\/Ley_Dis_Fin\/2024\/3er_Trim\/FRACC%20VIII\/3.-%20ANEXO%202%20OBRAS%20P%C3%9ABLICAS\/ANEXO%204%20OBRAS%20P%C3%9ABLICAS.pdf\" title=\"\">ANEXO 4 OBRAS P\u00daBLICAS<\/a><\/td><\/tr><tr><td><a href=\"http:\/\/www.municipiomugica.com\/Ley_Dis_Fin\/2024\/3er_Trim\/FRACC%20VIII\/3.-%20ANEXO%203%20Y%204%20AVANCE%20PROGRAM%C3%81TICO%20Y%20VINCULACI%C3%93N%20DE%20OBJETIVOS\/ANEXO%205%20VINCULACI%C3%93N%20DE%20OBJETIVOS.pdf\" title=\"\">ANEXO 5 VINCULACI\u00d3N DE OBJETIVOS<\/a><\/td><\/tr><tr><td><a href=\"http:\/\/www.municipiomugica.com\/Ley_Dis_Fin\/2024\/3er_Trim\/FRACC%20VIII\/3.-%20ANEXO%203%20Y%204%20AVANCE%20PROGRAM%C3%81TICO%20Y%20VINCULACI%C3%93N%20DE%20OBJETIVOS\/ANEXO%206%20AVANCE%20PROGRAM%C3%81TICO.pdf\" title=\"\">ANEXO 6 AVANCE PROGRAM\u00c1TICO<\/a><\/td><\/tr><\/tbody><\/table><\/figure>\n","protected":false},"excerpt":{"rendered":"<p>FRACC I CAR\u00c1TULA FRACC II \u00cdNDICE FRACC III ACTA DE SESI\u00d3N DE CABILDO FRACC IV 1.- ESTADO DE ACTIVIDADES 2.- ESTADO DE SITUACI\u00d3N FINANCIERA 3.- ESTADO DE VARIACI\u00d3N EN LA &#8230;<\/p>\n","protected":false},"author":2,"featured_media":0,"parent":0,"menu_order":0,"comment_status":"closed","ping_status":"closed","template":"","meta":{"om_disable_all_campaigns":false,"footnotes":""},"class_list":["post-5267","page","type-page","status-publish","hentry"],"aioseo_notices":[],"_links":{"self":[{"href":"https:\/\/municipiomugica.com\/index.php\/wp-json\/wp\/v2\/pages\/5267","targetHints":{"allow":["GET"]}}],"collection":[{"href":"https:\/\/municipiomugica.com\/index.php\/wp-json\/wp\/v2\/pages"}],"about":[{"href":"https:\/\/municipiomugica.com\/index.php\/wp-json\/wp\/v2\/types\/page"}],"author":[{"embeddable":true,"href":"https:\/\/municipiomugica.com\/index.php\/wp-json\/wp\/v2\/users\/2"}],"replies":[{"embeddable":true,"href":"https:\/\/municipiomugica.com\/index.php\/wp-json\/wp\/v2\/comments?post=5267"}],"version-history":[{"count":10,"href":"https:\/\/municipiomugica.com\/index.php\/wp-json\/wp\/v2\/pages\/5267\/revisions"}],"predecessor-version":[{"id":5857,"href":"https:\/\/municipiomugica.com\/index.php\/wp-json\/wp\/v2\/pages\/5267\/revisions\/5857"}],"wp:attachment":[{"href":"https:\/\/municipiomugica.com\/index.php\/wp-json\/wp\/v2\/media?parent=5267"}],"curies":[{"name":"wp","href":"https:\/\/api.w.org\/{rel}","templated":true}]}}