{"id":5479,"date":"2025-01-30T12:35:10","date_gmt":"2025-01-30T18:35:10","guid":{"rendered":"https:\/\/municipiomugica.com\/?page_id=5479"},"modified":"2025-11-06T22:28:50","modified_gmt":"2025-11-07T04:28:50","slug":"4to-informe-trimestral-2024","status":"publish","type":"page","link":"https:\/\/municipiomugica.com\/index.php\/4to-informe-trimestral-2024\/","title":{"rendered":"4TO INFORME TRIMESTRAL 2024"},"content":{"rendered":"\n<p>FRACC I<\/p>\n\n\n\n<figure class=\"wp-block-table is-style-stripes\"><table class=\"has-fixed-layout\"><tbody><tr><td><a href=\"http:\/\/www.municipiomugica.com\/Ley_Dis_Fin\/2024\/4to_Trim\/FRACC%20I\/CAR%C3%81TULA.pdf\" title=\"\">CAR\u00c1TULA<\/a><\/td><\/tr><\/tbody><\/table><\/figure>\n\n\n\n<p>FRACC II<\/p>\n\n\n\n<figure class=\"wp-block-table is-style-stripes\"><table class=\"has-fixed-layout\"><tbody><tr><td><a href=\"http:\/\/www.municipiomugica.com\/Ley_Dis_Fin\/2024\/4to_Trim\/FRACC%20II\/INDICE.pdf\" title=\"\">INDICE<\/a><\/td><\/tr><\/tbody><\/table><\/figure>\n\n\n\n<p>FRACC III<\/p>\n\n\n\n<figure class=\"wp-block-table is-style-stripes\"><table class=\"has-fixed-layout\"><tbody><tr><td><a href=\"http:\/\/www.municipiomugica.com\/Ley_Dis_Fin\/2024\/4to_Trim\/FRACC%20III\/ACTA%20NO%2042%20DE%20SESI%C3%93N%20DE%20CABILDO%2028%20DE%20ENERO%202025.pdf\" title=\"\">ACTA NO 42 DE SESI\u00d3N DE CABILDO 28 DE ENERO 2025<\/a><\/td><\/tr><\/tbody><\/table><\/figure>\n\n\n\n<p>FRACC IV<\/p>\n\n\n\n<figure class=\"wp-block-table is-style-stripes\"><table class=\"has-fixed-layout\"><tbody><tr><td><a href=\"http:\/\/www.municipiomugica.com\/Ley_Dis_Fin\/2024\/4to_Trim\/FRACC%20IV\/1.-%20ESTADO%20DE%20ACTIVIDADES.pdf\" title=\"\">1.- ESTADO DE ACTIVIDADES<\/a><\/td><\/tr><tr><td><a href=\"http:\/\/www.municipiomugica.com\/Ley_Dis_Fin\/2024\/4to_Trim\/FRACC%20IV\/2.-%20ESTADO%20DE%20SITUACI%C3%93N%20FINANCIERA.pdf\" title=\"\">2.- ESTADO DE SITUACI\u00d3N FINANCIERA<\/a><\/td><\/tr><tr><td><a href=\"http:\/\/www.municipiomugica.com\/Ley_Dis_Fin\/2024\/4to_Trim\/FRACC%20IV\/3.-%20ESTADO%20DE%20VARIACI%C3%93N%20EN%20LA%20HACIENDA%20P%C3%9ABLICA.pdf\" title=\"\">3.- ESTADO DE VARIACI\u00d3N EN LA HACIENDA P\u00daBLICA<\/a><\/td><\/tr><tr><td><a href=\"http:\/\/www.municipiomugica.com\/Ley_Dis_Fin\/2024\/4to_Trim\/FRACC%20IV\/4.-%20ESTADO%20DE%20CAMBIOS%20EN%20LA%20SITUACI%C3%93N%20FINANCIERA.pdf\" title=\"\">4.- ESTADO DE CAMBIOS EN LA SITUACI\u00d3N FINANCIERA<\/a><\/td><\/tr><tr><td><a href=\"http:\/\/www.municipiomugica.com\/Ley_Dis_Fin\/2024\/4to_Trim\/FRACC%20IV\/5.-%20ESTADOS%20DE%20FLUJO%20DE%20EFECTIVO.pdf\" title=\"\">5.- ESTADOS DE FLUJO DE EFECTIVO<\/a><\/td><\/tr><tr><td><a href=\"http:\/\/www.municipiomugica.com\/Ley_Dis_Fin\/2024\/4to_Trim\/FRACC%20IV\/6.-%20NOTAS%20A%20LOS%20ESTADOS%20FINANCIEROS.pdf\" title=\"\">6.- NOTAS A LOS ESTADOS FINANCIEROS<\/a><\/td><\/tr><tr><td><a href=\"http:\/\/www.municipiomugica.com\/Ley_Dis_Fin\/2024\/4to_Trim\/FRACC%20IV\/7.-%20ESTADO%20ANAL%C3%8DTICO%20DEL%20ACTIVO.pdf\" title=\"\">7.- ESTADO ANAL\u00cdTICO DEL ACTIVO<\/a><\/td><\/tr><\/tbody><\/table><\/figure>\n\n\n\n<p>FRACC V<\/p>\n\n\n\n<figure class=\"wp-block-table is-style-stripes\"><table class=\"has-fixed-layout\"><tbody><tr><td><a href=\"http:\/\/www.municipiomugica.com\/Ley_Dis_Fin\/2024\/4to_Trim\/FRACC%20V\/A%29%20ESTADO%20ANAL%C3%8DTICO%20DE%20INGRESOS%20POR%20FUENTE%20DE%20FINANCIAMIENTO.pdf\" title=\"\">A) ESTADO ANAL\u00cdTICO DE INGRESOS POR FUENTE DE FINANCIAMIENTO<\/a><\/td><\/tr><tr><td><a href=\"http:\/\/www.municipiomugica.com\/Ley_Dis_Fin\/2024\/4to_Trim\/FRACC%20V\/B%29%20ESTADO%20ANAL%C3%8DTICO%20DEL%20PRESUP%20DE%20EGRESOS%20CLASIF%20ADMINISTRATIVA.pdf\" title=\"\">B) ESTADO ANAL\u00cdTICO DEL PRESUP DE EGRESOS CLASIF ADMINISTRATIVA<\/a><\/td><\/tr><tr><td><a href=\"http:\/\/www.municipiomugica.com\/Ley_Dis_Fin\/2024\/4to_Trim\/FRACC%20V\/B%29%20ESTADO%20ANAL%C3%8DTICO%20DEL%20PRESUP%20DE%20EGRESOS%20CLASIF%20ECON%C3%93MICA.pdf\" title=\"\">B) ESTADO ANAL\u00cdTICO DEL PRESUP DE EGRESOS CLASIF ECON\u00d3MICA<\/a><\/td><\/tr><tr><td><a href=\"http:\/\/V\" title=\"\">B) ESTADO ANAL\u00cdTICO DEL PRESUP DE EGRESOS CLASIF FUNCIONAL<\/a><\/td><\/tr><tr><td><a href=\"http:\/\/www.municipiomugica.com\/Ley_Dis_Fin\/2024\/4to_Trim\/FRACC%20V\/B%29%20ESTADO%20ANAL%C3%8DTICO%20DEL%20PRESUP%20DE%20EGRESOS%20CLASIF%20OBJETO%20DE%20GASTO.pdf\" title=\"\">B) ESTADO ANAL\u00cdTICO DEL PRESUP DE EGRESOS CLASIF OBJETO DE GASTO<\/a><\/td><\/tr><\/tbody><\/table><\/figure>\n\n\n\n<p>FRACC VI<\/p>\n\n\n\n<figure class=\"wp-block-table is-style-stripes\"><table class=\"has-fixed-layout\"><tbody><tr><td><a href=\"http:\/\/www.municipiomugica.com\/Ley_Dis_Fin\/2024\/4to_Trim\/FRACC%20VI\/A%29%20NORMA%20FORMATO%20DE%20EJERCICIO%20Y%20DESTINO%20DEL%20GASTO%20FEDERALIZADO.pdf\" title=\"\">A) NORMA FORMATO DE EJERCICIO Y DESTINO DEL GASTO FEDERALIZADO<\/a><\/td><\/tr><tr><td><a href=\"http:\/\/www.municipiomugica.com\/Ley_Dis_Fin\/2024\/4to_Trim\/FRACC%20VI\/B%29%20CONCILIACI%C3%93N%20ENTRE%20LOS%20INGRESOS%20PRESUPUESTARIOS%20Y%20%20CONTABLES.pdf\" title=\"\">B) CONCILIACI\u00d3N ENTRE LOS INGRESOS PRESUPUESTARIOS Y CONTABLES<\/a><\/td><\/tr><tr><td><a href=\"http:\/\/www.municipiomugica.com\/Ley_Dis_Fin\/2024\/4to_Trim\/FRACC%20VI\/C%29%20CONCILIACI%C3%93N%20ENTRE%20LOS%20EGRESOS%20PRESUPUESTARIOS%20Y%20CONTABLES.pdf\" title=\"\">C) CONCILIACI\u00d3N ENTRE LOS EGRESOS PRESUPUESTARIOS Y CONTABLES<\/a><\/td><\/tr><\/tbody><\/table><\/figure>\n\n\n\n<p>FRACC VII<\/p>\n\n\n\n<figure class=\"wp-block-table is-style-stripes\"><table class=\"has-fixed-layout\"><tbody><tr><td><a href=\"http:\/\/www.municipiomugica.com\/Ley_Dis_Fin\/2024\/4to_Trim\/FRACC%20VII\/1.-%20ESTADO%20DE%20SITUACI%C3%93N%20FINANCIERA%20DETALLADO.pdf\" title=\"\">1.- ESTADO DE SITUACI\u00d3N FINANCIERA DETALLADO<\/a><\/td><\/tr><tr><td><a href=\"http:\/\/www.municipiomugica.com\/Ley_Dis_Fin\/2024\/4to_Trim\/FRACC%20VII\/2.-%20INFORME%20ANAL%C3%8DTICO%20DE%20LA%20DEUDA%20Y%20OTROS%20PASIVOS.pdf\" title=\"\">2.- INFORME ANAL\u00cdTICO DE LA DEUDA Y OTROS PASIVOS<\/a><\/td><\/tr><tr><td><a href=\"https:\/\/www.municipiomugica.com\/Ley_Dis_Fin\/2025\/2.-%20INFORME%20ANAL%C3%8DTICO%20DE%20LA%20DEUDA%20Y%20OTROS%20PASIVOS%20CUARTO%20TRIMESTRE%202024.pdf\">2.- INFORME ANAL\u00cdTICO DE LA DEUDA Y OTROS PASIVOS CUARTO TRIMESTRE 2024<\/a><\/td><\/tr><tr><td><a href=\"http:\/\/www.municipiomugica.com\/Ley_Dis_Fin\/2024\/4to_Trim\/FRACC%20VII\/3.-%20INFORME%20ANAL%C3%8DTICO%20DE%20OBLIGACIONES%20DIFERENTES%20DE%20FINANCIAMIENTOS.pdf\" title=\"\">3.- INFORME ANAL\u00cdTICO DE OBLIGACIONES DIFERENTES DE FINANCIAMIENTOS<\/a><\/td><\/tr><tr><td><a href=\"http:\/\/www.municipiomugica.com\/Ley_Dis_Fin\/2024\/4to_Trim\/FRACC%20VII\/4.-%20BALANCE%20PRESUPUESTARIO.pdf\" title=\"\">4.- BALANCE PRESUPUESTARIO<\/a><\/td><\/tr><tr><td><a href=\"http:\/\/www.municipiomugica.com\/Ley_Dis_Fin\/2024\/4to_Trim\/FRACC%20VII\/5.-%20ESTADO%20ANAL%C3%8DTICO%20DE%20INGRESOS%20DETALLADO.pdf\" title=\"\">5.- ESTADO ANAL\u00cdTICO DE INGRESOS DETALLADO<\/a><\/td><\/tr><tr><td><a href=\"http:\/\/www.municipiomugica.com\/Ley_Dis_Fin\/2024\/4to_Trim\/FRACC%20VII\/6.-%20ESTADO%20ANAL%C3%8DTICO%20DEL%20EJERCICIO%20DEL%20PRESUPUESTO%20CLASIF%20POR%20OBJETO%20DE%20GASTO.pdf\" title=\"\">6.- ESTADO ANAL\u00cdTICO DEL EJERCICIO DEL PRESUPUESTO CLASIF POR OBJETO DE GASTO<\/a><\/td><\/tr><tr><td><a href=\"http:\/\/www.municipiomugica.com\/Ley_Dis_Fin\/2024\/4to_Trim\/FRACC%20VII\/7.-%20ESTADO%20ANAL%C3%8DTICO%20DEL%20EJERCICIO%20DEL%20PRESUPUESTO%20CLASIF%20ADMINISTRATIVA.pdf\" title=\"\">7.- ESTADO ANAL\u00cdTICO DEL EJERCICIO DEL PRESUPUESTO CLASIF ADMINISTRATIVA<\/a><\/td><\/tr><tr><td><a href=\"http:\/\/www.municipiomugica.com\/Ley_Dis_Fin\/2024\/4to_Trim\/FRACC%20VII\/8.-%20ESTADO%20ANAL%C3%8DTICO%20DEL%20EJERCICIO%20DEL%20PRESUPUESTO%20CLASIF%20FUNCIONAL.pdf\" title=\"\">8.- ESTADO ANAL\u00cdTICO DEL EJERCICIO DEL PRESUPUESTO CLASIF FUNCIONAL<\/a><\/td><\/tr><tr><td><a href=\"http:\/\/www.municipiomugica.com\/Ley_Dis_Fin\/2024\/4to_Trim\/FRACC%20VII\/9.-%20ESTADO%20ANAL%C3%8DTICO%20DEL%20EJERCICIO%20DEL%20PRESUPUESTO%20CLASIF%20SERV%20PERSONALES.pdf\" title=\"\">9.- ESTADO ANAL\u00cdTICO DEL EJERCICIO DEL PRESUPUESTO CLASIF SERV PERSONALES<\/a><\/td><\/tr><tr><td><a href=\"http:\/\/www.municipiomugica.com\/Ley_Dis_Fin\/2024\/4to_Trim\/FRACC%20VII\/10.-%20PROYECCI%C3%93N%20DE%20INGRESOS.pdf\" title=\"\">10.- PROYECCI\u00d3N DE INGRESOS<\/a><\/td><\/tr><tr><td><a href=\"http:\/\/www.municipiomugica.com\/Ley_Dis_Fin\/2024\/4to_Trim\/FRACC%20VII\/11.-%20PROYECCI%C3%93N%20DE%20EGRESOS.pdf\" title=\"\">11.- PROYECCI\u00d3N DE EGRESOS<\/a><\/td><\/tr><tr><td><a href=\"http:\/\/www.municipiomugica.com\/Ley_Dis_Fin\/2024\/4to_Trim\/FRACC%20VII\/12.-%20RESULTADO%20DE%20INGRESOS.pdf\" title=\"\">12.- RESULTADO DE INGRESOS<\/a><\/td><\/tr><tr><td><a href=\"http:\/\/V\" title=\"\">13.- RESULTADO DE EGRESOS<\/a><\/td><\/tr><\/tbody><\/table><\/figure>\n\n\n\n<p>FRACC VIII<\/p>\n\n\n\n<figure class=\"wp-block-table is-style-stripes\"><table class=\"has-fixed-layout\"><tbody><tr><td><a href=\"http:\/\/www.municipiomugica.com\/Ley_Dis_Fin\/2024\/4to_Trim\/FRACC%20VIII\/1.-%20ESTADOS%20DE%20CUENTA%20CONCILIACIONES%20BANCARIAS%20Y%20ANAL%C3%8DTICOS%20MENSUALES%201%20%281%29.pdf\" title=\"\">1.- ESTADOS DE CUENTA CONCILIACIONES BANCARIAS Y ANAL\u00cdTICOS MENSUALES 1 (1)<\/a><\/td><\/tr><tr><td><a href=\"http:\/\/www.municipiomugica.com\/Ley_Dis_Fin\/2024\/4to_Trim\/FRACC%20VIII\/1.-%20ESTADOS%20DE%20CUENTA%20CONCILIACIONES%20BANCARIAS%20Y%20ANAL%C3%8DTICOS%20MENSUALES%201%20%282%29.pdf\" title=\"\">1.- ESTADOS DE CUENTA CONCILIACIONES BANCARIAS Y ANAL\u00cdTICOS MENSUALES 1 (2)<\/a><\/td><\/tr><tr><td><a href=\"http:\/\/www.municipiomugica.com\/Ley_Dis_Fin\/2024\/4to_Trim\/FRACC%20VIII\/1.-%20ESTADOS%20DE%20CUENTA%20CONCILIACIONES%20BANCARIAS%20Y%20ANAL%C3%8DTICOS%20MENSUALES%201.pdf\" title=\"\">1.- ESTADOS DE CUENTA CONCILIACIONES BANCARIAS Y ANAL\u00cdTICOS MENSUALES 1<\/a><\/td><\/tr><tr><td><a href=\"http:\/\/www.municipiomugica.com\/Ley_Dis_Fin\/2024\/4to_Trim\/FRACC%20VIII\/2.-%20BALANZA%20DE%20COMPROBACI%C3%93N%20SEGUNDA%20PARTE.pdf\" title=\"\">2.- BALANZA DE COMPROBACI\u00d3N SEGUNDA PARTE<\/a><\/td><\/tr><tr><td><a href=\"http:\/\/www.municipiomugica.com\/Ley_Dis_Fin\/2024\/4to_Trim\/FRACC%20VIII\/2.-%20BALANZA%20DE%20COMPROBACI%C3%93N.pdf\" title=\"\">2.- BALANZA DE COMPROBACI\u00d3N<\/a><\/td><\/tr><tr><td><a href=\"http:\/\/www.municipiomugica.com\/Ley_Dis_Fin\/2024\/4to_Trim\/FRACC%20VIII\/3.-%20ANEXO%202%20RELACI%C3%93N%20DE%20OBRAS%20EJECUTADAS%20EN%20EL%20EJERCICIO.pdf\" title=\"\">3.- ANEXO 2 RELACI\u00d3N DE OBRAS EJECUTADAS EN EL EJERCICIO<\/a><\/td><\/tr><tr><td><a href=\"http:\/\/www.municipiomugica.com\/Ley_Dis_Fin\/2024\/4to_Trim\/FRACC%20VIII\/3.-%20ANEXO%202%20RELACI%C3%93N%20DE%20OBRAS%20EJECUTADAS.pdf\" title=\"\">3.- ANEXO 2 RELACI\u00d3N DE OBRAS EJECUTADAS<\/a><\/td><\/tr><tr><td><a href=\"http:\/\/www.municipiomugica.com\/Ley_Dis_Fin\/2024\/4to_Trim\/FRACC%20VIII\/3.-%20ANEXO%20AVANCE%20PROGRAM%C3%81TICO%20PRESUPUESTARIO.pdf\" title=\"\">3.- ANEXO AVANCE PROGRAM\u00c1TICO PRESUPUESTARIO<\/a><\/td><\/tr><tr><td><a href=\"http:\/\/www.municipiomugica.com\/Ley_Dis_Fin\/2024\/4to_Trim\/FRACC%20VIII\/3.-%20ANEXO%20VINCULACI%C3%93N%20DE%20OBJETIVOS.pdf\" title=\"\">3.- ANEXO VINCULACI\u00d3N DE OBJETIVOS<\/a><\/td><\/tr><tr><td><a href=\"http:\/\/www.municipiomugica.com\/Ley_Dis_Fin\/2024\/4to_Trim\/FRACC%20VIII\/3.-%20REPORTE%20DE%20APLICACI%C3%93N%20DE%20LA%20DEUDA.pdf\" title=\"\">3.- REPORTE DE APLICACI\u00d3N DE LA DEUDA<\/a><\/td><\/tr><\/tbody><\/table><\/figure>\n","protected":false},"excerpt":{"rendered":"<p>FRACC I CAR\u00c1TULA FRACC II INDICE FRACC III ACTA NO 42 DE SESI\u00d3N DE CABILDO 28 DE ENERO 2025 FRACC IV 1.- ESTADO DE ACTIVIDADES 2.- ESTADO DE SITUACI\u00d3N FINANCIERA &#8230;<\/p>\n","protected":false},"author":1,"featured_media":0,"parent":0,"menu_order":0,"comment_status":"closed","ping_status":"closed","template":"","meta":{"om_disable_all_campaigns":false,"footnotes":""},"class_list":["post-5479","page","type-page","status-publish","hentry"],"aioseo_notices":[],"_links":{"self":[{"href":"https:\/\/municipiomugica.com\/index.php\/wp-json\/wp\/v2\/pages\/5479","targetHints":{"allow":["GET"]}}],"collection":[{"href":"https:\/\/municipiomugica.com\/index.php\/wp-json\/wp\/v2\/pages"}],"about":[{"href":"https:\/\/municipiomugica.com\/index.php\/wp-json\/wp\/v2\/types\/page"}],"author":[{"embeddable":true,"href":"https:\/\/municipiomugica.com\/index.php\/wp-json\/wp\/v2\/users\/1"}],"replies":[{"embeddable":true,"href":"https:\/\/municipiomugica.com\/index.php\/wp-json\/wp\/v2\/comments?post=5479"}],"version-history":[{"count":5,"href":"https:\/\/municipiomugica.com\/index.php\/wp-json\/wp\/v2\/pages\/5479\/revisions"}],"predecessor-version":[{"id":5855,"href":"https:\/\/municipiomugica.com\/index.php\/wp-json\/wp\/v2\/pages\/5479\/revisions\/5855"}],"wp:attachment":[{"href":"https:\/\/municipiomugica.com\/index.php\/wp-json\/wp\/v2\/media?parent=5479"}],"curies":[{"name":"wp","href":"https:\/\/api.w.org\/{rel}","templated":true}]}}