{"id":5575,"date":"2025-05-05T20:35:26","date_gmt":"2025-05-06T02:35:26","guid":{"rendered":"https:\/\/municipiomugica.com\/?page_id=5575"},"modified":"2025-05-14T10:36:08","modified_gmt":"2025-05-14T16:36:08","slug":"1er-informe-trimestral-2025","status":"publish","type":"page","link":"https:\/\/municipiomugica.com\/index.php\/1er-informe-trimestral-2025\/","title":{"rendered":"1ER INFORME TRIMESTRAL 2025"},"content":{"rendered":"\n<p>FRACC. I<\/p>\n\n\n\n<figure class=\"wp-block-table is-style-stripes\"><table class=\"has-fixed-layout\"><tbody><tr><td><a href=\"https:\/\/www.municipiomugica.com\/Ley_Dis_Fin\/2025\/1er_Trim\/I\/CAR%C3%81TULA.pdf\" title=\"\">CAR\u00c1TULA<\/a><\/td><\/tr><\/tbody><\/table><\/figure>\n\n\n\n<p>FRACC. II<\/p>\n\n\n\n<figure class=\"wp-block-table is-style-stripes\"><table class=\"has-fixed-layout\"><tbody><tr><td><a href=\"https:\/\/www.municipiomugica.com\/Ley_Dis_Fin\/2025\/1er_Trim\/II\/INDICE.pdf\" title=\"\">INDICE<\/a><\/td><\/tr><\/tbody><\/table><\/figure>\n\n\n\n<p>FRACC. III<\/p>\n\n\n\n<figure class=\"wp-block-table is-style-stripes\"><table class=\"has-fixed-layout\"><tbody><tr><td><a href=\"https:\/\/www.municipiomugica.com\/Ley_Dis_Fin\/2025\/1er_Trim\/III\/ACTA%20DE%20SESI%C3%93N%20DE%20CABILDO.pdf\" title=\"\">ACTA DE SESI\u00d3N DE CABILDO<\/a><\/td><\/tr><\/tbody><\/table><\/figure>\n\n\n\n<p>FRACC. IV<\/p>\n\n\n\n<figure class=\"wp-block-table is-style-stripes\"><table class=\"has-fixed-layout\"><tbody><tr><td><a href=\"https:\/\/www.municipiomugica.com\/Ley_Dis_Fin\/2025\/1er_Trim\/IV\/A%29%20Estado%20de%20Actividades.pdf\" title=\"\">A) Estado de Actividades<\/a><\/td><\/tr><tr><td><a href=\"https:\/\/www.municipiomugica.com\/Ley_Dis_Fin\/2025\/1er_Trim\/IV\/B%29%20Estado%20de%20Situaci%C3%B3n%20Financiera.pdf\" title=\"\">B) Estado de Situaci\u00f3n Financiera<\/a><\/td><\/tr><tr><td><a href=\"https:\/\/www.municipiomugica.com\/Ley_Dis_Fin\/2025\/1er_Trim\/IV\/c%29%20Estado%20de%20Variaci%C3%B3n%20en%20Hacienda%20P%C3%BAblica.pdf\" title=\"\">C) Estado de Variaci\u00f3n en Hacienda P\u00fablica<\/a><\/td><\/tr><tr><td><a href=\"https:\/\/www.municipiomugica.com\/Ley_Dis_Fin\/2025\/1er_Trim\/IV\/D%29%20Estado%20de%20Cambios%20en%20la%20Situaci%C3%B3n%20Financiera.pdf\" title=\"\">D) Estado de Cambios en la Situaci\u00f3n Financiera<\/a><\/td><\/tr><tr><td><a href=\"https:\/\/www.municipiomugica.com\/Ley_Dis_Fin\/2025\/1er_Trim\/IV\/E%29%20Estado%20de%20Flujo%20de%20Efectivo.pdf\" title=\"\">E) Estado de Flujo de Efectivo<\/a><\/td><\/tr><tr><td><a href=\"https:\/\/www.municipiomugica.com\/Ley_Dis_Fin\/2025\/1er_Trim\/IV\/F%29%20Notas%20a%20los%20Estados%20Financieros.pdf\" title=\"\">F) Notas a los Estados Financieros<\/a><\/td><\/tr><tr><td><a href=\"https:\/\/www.municipiomugica.com\/Ley_Dis_Fin\/2025\/1er_Trim\/IV\/G%29%20Estado%20Anal%C3%ADtico%20de%20Activo.pdf\" title=\"\">G) Estado Anal\u00edtico de Activo<\/a><\/td><\/tr><tr><td><a href=\"https:\/\/www.municipiomugica.com\/Ley_Dis_Fin\/2025\/1er_Trim\/IV\/ESTADO%20ANAL%C3%8DTICO%20DE%20LA%20DEUDA%20Y%20OTROS%20PASIVOS.pdf\" title=\"\">H) ESTADO ANAL\u00cdTICO DE LA DEUDA Y OTROS PASIVOS<\/a><\/td><\/tr><\/tbody><\/table><\/figure>\n\n\n\n<p>FRACC. V<\/p>\n\n\n\n<figure class=\"wp-block-table is-style-stripes\"><table class=\"has-fixed-layout\"><tbody><tr><td><a href=\"https:\/\/www.municipiomugica.com\/Ley_Dis_Fin\/2025\/1er_Trim\/V\/A%29%20Estado%20anal%C3%ADtico%20de%20ingresos%20y%20sus%20clasificaciones.pdf\" title=\"\">A) Estado anal\u00edtico de ingresos y sus clasificaciones<\/a><\/td><\/tr><tr><td><a href=\"https:\/\/www.municipiomugica.com\/Ley_Dis_Fin\/2025\/1er_Trim\/V\/B%29%20Estado%20anal%C3%ADtico%20del%20ejerc%20del%20presup%20de%20egresos%20clasif%20administrativa.pdf\" title=\"\">B) Estado anal\u00edtico del ejerc del presup de egresos clasif administrativa<\/a><\/td><\/tr><tr><td><a href=\"https:\/\/www.municipiomugica.com\/Ley_Dis_Fin\/2025\/1er_Trim\/V\/B%29%20Estado%20anal%C3%ADtico%20del%20ejerc%20del%20presup%20de%20egresos%20clasif%20econ%C3%B3mica.pdf\" title=\"\">B) Estado anal\u00edtico del ejerc del presup de egresos clasif econ\u00f3mica<\/a><\/td><\/tr><tr><td><a href=\"https:\/\/www.municipiomugica.com\/Ley_Dis_Fin\/2025\/1er_Trim\/V\/B%29%20Estado%20anal%C3%ADtico%20del%20ejerc%20del%20presup%20de%20egresos%20clasif%20funcional.pdf\" title=\"\">B) Estado anal\u00edtico del ejerc del presup de egresos clasif funcional<\/a><\/td><\/tr><tr><td><a href=\"https:\/\/www.municipiomugica.com\/Ley_Dis_Fin\/2025\/1er_Trim\/V\/B%29%20Estado%20anal%C3%ADtico%20del%20ejerc%20del%20presup%20de%20egresos%20clasif%20por%20objeto%20del%20gasto.pdf\" title=\"\">B) Estado anal\u00edtico del ejerc del presup de egresos clasif por objeto del gasto<\/a><\/td><\/tr><tr><td><a href=\"https:\/\/www.municipiomugica.com\/Ley_Dis_Fin\/2025\/1er_Trim\/V\/GASTO%20POR%20CATEGOR%C3%8DA%20PROGRAM%C3%81TICA.pdf\" title=\"\">GASTO POR CATEGOR\u00cdA PROGRAM\u00c1TICA<\/a><\/td><\/tr><\/tbody><\/table><\/figure>\n\n\n\n<p>FRACC. VI<\/p>\n\n\n\n<figure class=\"wp-block-table is-style-stripes\"><table class=\"has-fixed-layout\"><tbody><tr><td><a href=\"https:\/\/www.municipiomugica.com\/Ley_Dis_Fin\/2025\/1er_Trim\/VI\/A%29%20Norma%20para%20establecer%20la%20estructura%20de%20la%20informaci%C3%B3n%20del%20formato%20del%20ejercicio%20y%20destino%20del%20gasto%20y%20reintegros.pdf\" title=\"\">A) Norma para establecer la estructura de la informaci\u00f3n del formato del ejercicio y destino del gasto y reintegros<\/a><\/td><\/tr><tr><td><a href=\"https:\/\/www.municipiomugica.com\/Ley_Dis_Fin\/2025\/1er_Trim\/VI\/B%29%20Conciliaci%C3%B3n%20entre%20los%20ingresos%20presupuestarios%20y%20Contables.pdf\" title=\"\">B) Conciliaci\u00f3n entre los ingresos presupuestarios y Contables<\/a><\/td><\/tr><tr><td><a href=\"https:\/\/www.municipiomugica.com\/Ley_Dis_Fin\/2025\/1er_Trim\/VI\/C%29%20Conciliaci%C3%B3n%20entre%20los%20egresos%20presupuestarios%20y%20contables.pdf\" title=\"\">C) Conciliaci\u00f3n entre los egresos presupuestarios y contables<\/a><\/td><\/tr><\/tbody><\/table><\/figure>\n\n\n\n<p>FRACC. VII<\/p>\n\n\n\n<figure class=\"wp-block-table is-style-stripes\"><table class=\"has-fixed-layout\"><tbody><tr><td><a href=\"https:\/\/www.municipiomugica.com\/Ley_Dis_Fin\/2025\/1er_Trim\/VII\/1.-%20Estado%20de%20situaci%C3%B3n%20financiera%20detallado.pdf\" title=\"\">1.- Estado de situaci\u00f3n financiera detallado<\/a><\/td><\/tr><tr><td><a href=\"https:\/\/www.municipiomugica.com\/Ley_Dis_Fin\/2025\/1er_Trim\/VII\/2.-%20informe%20anal%C3%ADtico%20de%20la%20deuda%20p%C3%BAblica%20y%20otros%20pasivos.pdf\" title=\"\">2.- informe anal\u00edtico de la deuda p\u00fablica y otros pasivos<\/a><\/td><\/tr><tr><td><a href=\"https:\/\/www.municipiomugica.com\/Ley_Dis_Fin\/2025\/1er_Trim\/VII\/3.-%20Informe%20anal%C3%ADtico%20de%20Obligaciones%20Diferentes%20de%20Financiamientos.pdf\" title=\"\">3.- Informe anal\u00edtico de Obligaciones Diferentes de Financiamientos<\/a><\/td><\/tr><tr><td><a href=\"https:\/\/www.municipiomugica.com\/Ley_Dis_Fin\/2025\/1er_Trim\/VII\/4.-%20Balance%20presupuestario.pdf\" title=\"\">4.- Balance presupuestario<\/a><\/td><\/tr><tr><td><a href=\"https:\/\/www.municipiomugica.com\/Ley_Dis_Fin\/2025\/1er_Trim\/VII\/5.-%20Estado%20anal%C3%ADtico%20de%20Ingresos%20detallado.pdf\" title=\"\">5.- Estado anal\u00edtico de Ingresos detallado<\/a><\/td><\/tr><tr><td><a href=\"https:\/\/www.municipiomugica.com\/Ley_Dis_Fin\/2025\/1er_Trim\/VII\/6.-%20Estado%20anal%C3%ADtico%20del%20ejercicio%20del%20presup%20de%20egresos%20detallado%20clasif%20%20funcional.pdf\" title=\"\">6.- Estado anal\u00edtico del ejercicio del presup de egresos detallado clasif funcional<\/a><\/td><\/tr><tr><td><a href=\"https:\/\/www.municipiomugica.com\/Ley_Dis_Fin\/2025\/1er_Trim\/VII\/6.-%20Estado%20anal%C3%ADtico%20del%20ejercicio%20del%20presup%20de%20egresos%20detallado%20clasif%20administrativa.pdf\" title=\"\">6.- Estado anal\u00edtico del ejercicio del presup de egresos detallado clasif administrativa<\/a><\/td><\/tr><tr><td><a href=\"https:\/\/www.municipiomugica.com\/Ley_Dis_Fin\/2025\/1er_Trim\/VII\/6.-%20Estado%20anal%C3%ADtico%20del%20ejercicio%20del%20presup%20de%20egresos%20detallado%20clasif%20objeto%20del%20gasto.pdf\" title=\"\">6.- Estado anal\u00edtico del ejercicio del presup de egresos detallado clasif objeto del gasto<\/a><\/td><\/tr><tr><td><a href=\"https:\/\/www.municipiomugica.com\/Ley_Dis_Fin\/2025\/1er_Trim\/VII\/6.-%20Estado%20anal%C3%ADtico%20del%20ejercicio%20del%20presup%20de%20egresos%20detallado%20clasif%20servicios%20personales.pdf\" title=\"\">6.- Estado anal\u00edtico del ejercicio del presup de egresos detallado clasif servicios personales<\/a><\/td><\/tr><tr><td><a href=\"https:\/\/www.municipiomugica.com\/Ley_Dis_Fin\/2025\/1er_Trim\/VII\/7.-%20proyecci%C3%B3n%20de%20egresos.pdf\" title=\"\">7.- proyecci\u00f3n de egresos<\/a><\/td><\/tr><tr><td><a href=\"https:\/\/www.municipiomugica.com\/Ley_Dis_Fin\/2025\/1er_Trim\/VII\/7.-%20proyecci%C3%B3n%20de%20ingresos.pdf\" title=\"\">7.- proyecci\u00f3n de ingresos<\/a><\/td><\/tr><tr><td><a href=\"https:\/\/www.municipiomugica.com\/Ley_Dis_Fin\/2025\/1er_Trim\/VII\/7.-%20Resultado%20de%20Egresos.pdf\" title=\"\">7.- Resultado de Egresos<\/a><\/td><\/tr><tr><td><a href=\"https:\/\/www.municipiomugica.com\/Ley_Dis_Fin\/2025\/1er_Trim\/VII\/7.-%20Resultado%20de%20Ingresos.pdf\" title=\"\">7.- Resultado de Ingresos<\/a><\/td><\/tr><\/tbody><\/table><\/figure>\n\n\n\n<p>FRACC. VIII<\/p>\n\n\n\n<figure class=\"wp-block-table is-style-stripes\"><table class=\"has-fixed-layout\"><tbody><tr><td><a href=\"https:\/\/www.municipiomugica.com\/Ley_Dis_Fin\/2025\/1er_Trim\/VIII\/1.-%20ANAL%C3%8DTICOS%20MENSUALES%20ENERO%20A%20MARZO\/1.-%20CONCILIACIONES%20BANCARIAS%2C%20ESTADOS%20DE%20CUENTA%20Y%20AUXILIARES%20MENSUALES%20DE%20ENERO%20A%20MARZO%20%281%29.pdf\" title=\"\">1.- CONCILIACIONES BANCARIAS, ESTADOS DE CUENTA Y AUXILIARES MENSUALES DE ENERO A MARZO (1)<\/a><\/td><\/tr><tr><td><a href=\"https:\/\/www.municipiomugica.com\/Ley_Dis_Fin\/2025\/1er_Trim\/VIII\/1.-%20ANAL%C3%8DTICOS%20MENSUALES%20ENERO%20A%20MARZO\/1.-%20CONCILIACIONES%20BANCARIAS%2C%20ESTADOS%20DE%20CUENTA%20Y%20AUXILIARES%20MENSUALES%20DE%20ENERO%20A%20MARZO%20%282%29.pdf\" title=\"\">1.- CONCILIACIONES BANCARIAS, ESTADOS DE CUENTA Y AUXILIARES MENSUALES DE ENERO A MARZO (2)<\/a><\/td><\/tr><tr><td><a href=\"https:\/\/www.municipiomugica.com\/Ley_Dis_Fin\/2025\/1er_Trim\/VIII\/2.-%20BALANZA%20DE%20COMPROBACI%C3%93N.pdf\" title=\"\">2.- BALANZA DE COMPROBACI\u00d3N<\/a><\/td><\/tr><tr><td><a href=\"https:\/\/www.municipiomugica.com\/Ley_Dis_Fin\/2025\/1er_Trim\/VIII\/3.%20ANEXOS%201%2C%202%2C%203%20Y%204\/ANEXO%201%20REPORTE%20DE%20LA%20APLICACI%C3%93N%20DE%20LA%20DEUDA.pdf\" title=\"\">ANEXO 1 REPORTE DE LA APLICACI\u00d3N DE LA DEUDA<\/a><\/td><\/tr><tr><td><a href=\"https:\/\/www.municipiomugica.com\/Ley_Dis_Fin\/2025\/1er_Trim\/VIII\/3.%20ANEXOS%201%2C%202%2C%203%20Y%204\/ANEXO%202%20RELACI%C3%93N%20DE%20OBRAS%20P%C3%9ABLICAS%20REALIZADAS%20EN%20EL%20EJERCICIO.pdf\" title=\"\">ANEXO 2 RELACI\u00d3N DE OBRAS P\u00daBLICAS REALIZADAS EN EL EJERCICIO<\/a><\/td><\/tr><tr><td><a href=\"https:\/\/www.municipiomugica.com\/Ley_Dis_Fin\/2025\/1er_Trim\/VIII\/3.%20ANEXOS%201%2C%202%2C%203%20Y%204\/ANEXO%203%20VINCULACI%C3%93N%20DE%20OBJETIVOS.pdf\" title=\"\">ANEXO 3 VINCULACI\u00d3N DE OBJETIVOS<\/a><\/td><\/tr><tr><td><a href=\"https:\/\/www.municipiomugica.com\/Ley_Dis_Fin\/2025\/1er_Trim\/VIII\/3.%20ANEXOS%201%2C%202%2C%203%20Y%204\/ANEXO%204%20INFORME%20DEL%20AVANCE%20PROGRAM%C3%81TICO%20PRESUPUESTARIO.pdf\" title=\"\">ANEXO 4 INFORME DEL AVANCE PROGRAM\u00c1TICO PRESUPUESTARIO<\/a><\/td><\/tr><\/tbody><\/table><\/figure>\n","protected":false},"excerpt":{"rendered":"<p>FRACC. I CAR\u00c1TULA FRACC. II INDICE FRACC. III ACTA DE SESI\u00d3N DE CABILDO FRACC. IV A) Estado de Actividades B) Estado de Situaci\u00f3n Financiera C) Estado de Variaci\u00f3n en Hacienda &#8230;<\/p>\n","protected":false},"author":1,"featured_media":0,"parent":0,"menu_order":0,"comment_status":"closed","ping_status":"closed","template":"","meta":{"om_disable_all_campaigns":false,"footnotes":""},"class_list":["post-5575","page","type-page","status-publish","hentry"],"aioseo_notices":[],"_links":{"self":[{"href":"https:\/\/municipiomugica.com\/index.php\/wp-json\/wp\/v2\/pages\/5575","targetHints":{"allow":["GET"]}}],"collection":[{"href":"https:\/\/municipiomugica.com\/index.php\/wp-json\/wp\/v2\/pages"}],"about":[{"href":"https:\/\/municipiomugica.com\/index.php\/wp-json\/wp\/v2\/types\/page"}],"author":[{"embeddable":true,"href":"https:\/\/municipiomugica.com\/index.php\/wp-json\/wp\/v2\/users\/1"}],"replies":[{"embeddable":true,"href":"https:\/\/municipiomugica.com\/index.php\/wp-json\/wp\/v2\/comments?post=5575"}],"version-history":[{"count":5,"href":"https:\/\/municipiomugica.com\/index.php\/wp-json\/wp\/v2\/pages\/5575\/revisions"}],"predecessor-version":[{"id":5621,"href":"https:\/\/municipiomugica.com\/index.php\/wp-json\/wp\/v2\/pages\/5575\/revisions\/5621"}],"wp:attachment":[{"href":"https:\/\/municipiomugica.com\/index.php\/wp-json\/wp\/v2\/media?parent=5575"}],"curies":[{"name":"wp","href":"https:\/\/api.w.org\/{rel}","templated":true}]}}