{"id":5593,"date":"2025-05-08T00:06:58","date_gmt":"2025-05-08T06:06:58","guid":{"rendered":"https:\/\/municipiomugica.com\/?page_id=5593"},"modified":"2025-05-08T00:14:34","modified_gmt":"2025-05-08T06:14:34","slug":"capamu-2025-1er-trimestre","status":"publish","type":"page","link":"https:\/\/municipiomugica.com\/index.php\/capamu-2025-1er-trimestre\/","title":{"rendered":"CAPAMU 2025 1ER TRIMESTRE"},"content":{"rendered":"\n<figure class=\"wp-block-table is-style-stripes\"><table class=\"has-fixed-layout\"><tbody><tr><td><a href=\"https:\/\/www.municipiomugica.com\/CAPAMU\/2025\/1er_Trim\/01%20CARATULA.pdf\" title=\"\">01 CARATULA<\/a><\/td><\/tr><tr><td><a href=\"https:\/\/www.municipiomugica.com\/CAPAMU\/2025\/1er_Trim\/02%20INDICE.pdf\" title=\"\">02 INDICE<\/a><\/td><\/tr><tr><td><a href=\"https:\/\/www.municipiomugica.com\/CAPAMU\/2025\/1er_Trim\/03%20ACTA%20JUNTA%20DE%20SESION%20CABILDO.pdf\" title=\"\">03 ACTA JUNTA DE SESION CABILDO<\/a><\/td><\/tr><tr><td><a href=\"https:\/\/www.municipiomugica.com\/CAPAMU\/2025\/1er_Trim\/04%20ESTADO%20DE%20ACTIVIDADES.pdf\" title=\"\">04 ESTADO DE ACTIVIDADES<\/a><\/td><\/tr><tr><td><a href=\"https:\/\/www.municipiomugica.com\/CAPAMU\/2025\/1er_Trim\/05%20ESTADO%20DE%20SITUACION%20FINANCIERA.pdf\" title=\"\">05 ESTADO DE SITUACION FINANCIERA<\/a><\/td><\/tr><tr><td><a href=\"https:\/\/www.municipiomugica.com\/CAPAMU\/2025\/1er_Trim\/06%20ESTADO%20DE%20VARIACI%C3%93N%20EN%20LA%20HACIENDA%20P%C3%9ABLICA.pdf\" title=\"\">06 ESTADO DE VARIACI\u00d3N EN LA HACIENDA P\u00daBLICA<\/a><\/td><\/tr><tr><td><a href=\"https:\/\/www.municipiomugica.com\/CAPAMU\/2025\/1er_Trim\/07%20ESTADO%20DE%20CAMBIOS%20EN%20LA%20SITUACION%20FINANCIERA.pdf\" title=\"\">07 ESTADO DE CAMBIOS EN LA SITUACION FINANCIERA<\/a><\/td><\/tr><tr><td><a href=\"https:\/\/www.municipiomugica.com\/CAPAMU\/2025\/1er_Trim\/08%20ESTADO%20DE%20FLUJOS%20DE%20EFECTIVO.pdf\" title=\"\">08 ESTADO DE FLUJOS DE EFECTIVO<\/a><\/td><\/tr><tr><td><a href=\"https:\/\/www.municipiomugica.com\/CAPAMU\/2025\/1er_Trim\/09%20NOTA%20A%20LOS%20ESTADOS%20FINANCIEROS.pdf\" title=\"\">09 NOTA A LOS ESTADOS FINANCIEROS<\/a><\/td><\/tr><tr><td><a href=\"https:\/\/www.municipiomugica.com\/CAPAMU\/2025\/1er_Trim\/10%20ESTADO%20ANALITICO%20DEL%20ACTIVO.pdf\" title=\"\">10 ESTADO ANALITICO DEL ACTIVO<\/a><\/td><\/tr><tr><td><a href=\"https:\/\/www.municipiomugica.com\/CAPAMU\/2025\/1er_Trim\/11%20ESTADO%20ANALITICO%20DE%20INGRESOS%20Y%20SUS%20CLASIFICACIONES.pdf\" title=\"\">11 ESTADO ANALITICO DE INGRESOS Y SUS CLASIFICACIONES<\/a><\/td><\/tr><tr><td><a href=\"https:\/\/www.municipiomugica.com\/CAPAMU\/2025\/1er_Trim\/12%20ESTADO%20ANALITICO%20DE%20EGRESOS%20Y%20SUS%20CLASIFICACIONES.pdf\" title=\"\">12 ESTADO ANALITICO DE EGRESOS Y SUS CLASIFICACIONES<\/a><\/td><\/tr><tr><td><a href=\"https:\/\/www.municipiomugica.com\/CAPAMU\/2025\/1er_Trim\/13%20FORMATO%20DEL%20EJERCICIO%20Y%20DESTINO%20DEL%20GASTO%20FEDERALIZADO%20Y%20REINTEGROS.pdf\" title=\"\">13 FORMATO DEL EJERCICIO Y DESTINO DEL GASTO FEDERALIZADO Y REINTEGROS<\/a><\/td><\/tr><tr><td><a href=\"https:\/\/www.municipiomugica.com\/CAPAMU\/2025\/1er_Trim\/14%20CONCILIACION%20ENTRE%20LOS%20INGRESOS%20PRESUPUESTARIOS%20Y%20CONTABLES.pdf\" title=\"\">14 CONCILIACION ENTRE LOS INGRESOS PRESUPUESTARIOS Y CONTABLES<\/a><\/td><\/tr><tr><td><a href=\"https:\/\/www.municipiomugica.com\/CAPAMU\/2025\/1er_Trim\/15%20CONCILIACI%C3%93N%20ENTRE%20LOS%20EGRESOS%20PRESUPUESTARIOS%20Y%20LOS%20GASTOS%20CONTABLES.pdf\" title=\"\">15 CONCILIACI\u00d3N ENTRE LOS EGRESOS PRESUPUESTARIOS Y LOS GASTOS CONTABLES<\/a><\/td><\/tr><tr><td><a href=\"https:\/\/www.municipiomugica.com\/CAPAMU\/2025\/1er_Trim\/16%20ESTADO%20DE%20SITUACION%20FINANCIERA%20DETALLADO%20-%20LDF.pdf\" title=\"\">16 ESTADO DE SITUACION FINANCIERA DETALLADO &#8211; LDF<\/a><\/td><\/tr><tr><td><a href=\"https:\/\/www.municipiomugica.com\/CAPAMU\/2025\/1er_Trim\/17%20ESTADO%20ANAL%C3%8DTICO%20DE%20LA%20DEUDA%20Y%20OTROS%20PASIVOS.pdf\" title=\"\">17 ESTADO ANAL\u00cdTICO DE LA DEUDA Y OTROS PASIVOS<\/a><\/td><\/tr><tr><td><a href=\"https:\/\/www.municipiomugica.com\/CAPAMU\/2025\/1er_Trim\/18%20INFORME%20ANAL%C3%8DTICO%20DE%20OBLIGACIONES%20DIFERENTES%20DE%20FINANCIAMIENTOS%20LDF.pdf\" title=\"\">18 INFORME ANAL\u00cdTICO DE OBLIGACIONES DIFERENTES DE FINANCIAMIENTOS LDF<\/a><\/td><\/tr><tr><td><a href=\"https:\/\/www.municipiomugica.com\/CAPAMU\/2025\/1er_Trim\/19%20BALANCE%20PRESUPUESTARIO%20-%20LDF.pdf\" title=\"\">19 BALANCE PRESUPUESTARIO &#8211; LDF<\/a><\/td><\/tr><tr><td><a href=\"https:\/\/www.municipiomugica.com\/CAPAMU\/2025\/1er_Trim\/20%20ESTADO%20ANAL%C3%8DTICO%20DE%20INGRESOS%20DETALLADO%20-%20LDF.pdf\" title=\"\">20 ESTADO ANAL\u00cdTICO DE INGRESOS DETALLADO &#8211; LDF<\/a><\/td><\/tr><tr><td><a href=\"https:\/\/www.municipiomugica.com\/CAPAMU\/2025\/1er_Trim\/21%20ESTADO%20ANAL%C3%8DTICO%20DEL%20EJERCICIO%20DEL%20PRESUPUESTO%20DE%20EGRESOS%20DETALLADO%20-%20LDF%20POR%20OBJETO%20DEL%20GASTO.pdf\" title=\"\">21 ESTADO ANAL\u00cdTICO DEL EJERCICIO DEL PRESUPUESTO DE EGRESOS DETALLADO &#8211; LDF POR OBJETO DEL GASTO<\/a><\/td><\/tr><tr><td><a href=\"https:\/\/www.municipiomugica.com\/CAPAMU\/2025\/1er_Trim\/22%20ESTADO%20ANAL%C3%8DTICO%20DEL%20EJERCICIO%20DEL%20PRESUPUESTO%20DE%20EGRESOS%20DETALLADO%20-%20LDF%20CLASIFICACION%20ADM.pdf\" title=\"\">22 ESTADO ANAL\u00cdTICO DEL EJERCICIO DEL PRESUPUESTO DE EGRESOS DETALLADO &#8211; LDF CLASIFICACION ADM<\/a><\/td><\/tr><tr><td><a href=\"https:\/\/www.municipiomugica.com\/CAPAMU\/2025\/1er_Trim\/23%20ESTADO%20ANAL%C3%8DTICO%20DEL%20EJERCICIO%20DEL%20PRESUPUESTO%20DE%20EGRESOS%20DETALLADO%20-%20LDF%20CLASIFICACION%20FUNCIONAL.pdf\" title=\"\">23 ESTADO ANAL\u00cdTICO DEL EJERCICIO DEL PRESUPUESTO DE EGRESOS DETALLADO &#8211; LDF CLASIFICACION FUNCIONAL<\/a><\/td><\/tr><tr><td><a href=\"https:\/\/www.municipiomugica.com\/CAPAMU\/2025\/1er_Trim\/24%20ESTADO%20ANAL%C3%8DTICO%20DEL%20EJERCICIO%20DEL%20PRESUPUESTO%20DE%20EGRESOS%20DETALLADO%20-%20LDF%20CLAS%20DE%20SERV%20PERS%20POR%20CATEGORIA.pdf\" title=\"\">24 ESTADO ANAL\u00cdTICO DEL EJERCICIO DEL PRESUPUESTO DE EGRESOS DETALLADO &#8211; LDF CLAS DE SERV PERS POR CATEGORIA<\/a><\/td><\/tr><tr><td><a href=\"https:\/\/www.municipiomugica.com\/CAPAMU\/2025\/1er_Trim\/25%20PROYECCIONES%20DE%20INGRESOS%20-%20LDF.pdf\" title=\"\">25 PROYECCIONES DE INGRESOS &#8211; LDF<\/a><\/td><\/tr><tr><td><a href=\"https:\/\/www.municipiomugica.com\/CAPAMU\/2025\/1er_Trim\/26%20PROYECCIONES%20DE%20EGRESOS%20-%20LDF.pdf\" title=\"\">26 PROYECCIONES DE EGRESOS &#8211; LDF<\/a><\/td><\/tr><tr><td><a href=\"https:\/\/www.municipiomugica.com\/CAPAMU\/2025\/1er_Trim\/27%20RESULTADOS%20DEL%20INGRESO%20-%20LDF.pdf\" title=\"\">27 RESULTADOS DEL INGRESO &#8211; LDF<\/a><\/td><\/tr><tr><td><a href=\"https:\/\/www.municipiomugica.com\/CAPAMU\/2025\/1er_Trim\/28%20RESULTADOS%20DE%20EGRESOS%20-%20LDF.pdf\" title=\"\">28 RESULTADOS DE EGRESOS &#8211; LDF<\/a><\/td><\/tr><tr><td><a href=\"https:\/\/www.municipiomugica.com\/CAPAMU\/2025\/1er_Trim\/29%20CONCILIACION%20BANCARIA%2C%20ESTADOS%20DE%20CUENTA%20Y%20ANALITICOS%20MENSUALES%20%20ENERO.pdf\" title=\"\">29 CONCILIACION BANCARIA, ESTADOS DE CUENTA Y ANALITICOS MENSUALES ENERO<\/a><\/td><\/tr><tr><td><a href=\"https:\/\/www.municipiomugica.com\/CAPAMU\/2025\/1er_Trim\/30%20CONCILIACION%20BANCARIA%2C%20ESTADOS%20DE%20CUENTA%20Y%20ANALITICOS%20MENSUALES%20FEBRERO.pdf\" title=\"\">30 CONCILIACION BANCARIA, ESTADOS DE CUENTA Y ANALITICOS MENSUALES FEBRERO<\/a><\/td><\/tr><tr><td><a href=\"https:\/\/www.municipiomugica.com\/CAPAMU\/2025\/1er_Trim\/31%20CONCILIACION%20BANCARIA%2C%20ESTADOS%20DE%20CUENTA%20Y%20ANALITICOS%20MENSUALES%20MARZO.pdf\" title=\"\">31 CONCILIACION BANCARIA, ESTADOS DE CUENTA Y ANALITICOS MENSUALES MARZO<\/a><\/td><\/tr><tr><td><a href=\"https:\/\/www.municipiomugica.com\/CAPAMU\/2025\/1er_Trim\/32%20BALANZA%20DE%20COMPROBACION.pdf\" title=\"\">32 BALANZA DE COMPROBACION<\/a><\/td><\/tr><tr><td><a href=\"https:\/\/www.municipiomugica.com\/CAPAMU\/2025\/1er_Trim\/33%20ANEXO%201%20REPORTE%20DE%20LA%20APLICACI%C3%93N%20DE%20LA%20DEUDA%20P%C3%9ABLICA%20ADQUIRIDA%20PARA%20INVERSIONES%20P%C3%9ABLICAS%20PRODUCTIVAS.pdf\" title=\"\">33 ANEXO 1 REPORTE DE LA APLICACI\u00d3N DE LA DEUDA P\u00daBLICA ADQUIRIDA PARA INVERSIONES P\u00daBLICAS PRODUCTIVAS<\/a><\/td><\/tr><tr><td><a href=\"https:\/\/www.municipiomugica.com\/CAPAMU\/2025\/1er_Trim\/34%20ANEXO%202%20RELACION%20DE%20OBRAS%20EJECUTADAS.pdf\" title=\"\">34 ANEXO 2 RELACION DE OBRAS EJECUTADAS<\/a><\/td><\/tr><tr><td><a href=\"https:\/\/www.municipiomugica.com\/CAPAMU\/2025\/1er_Trim\/35%20ANEXO%203%20VINCULACION%20DE%20OBJETIVOS.pdf\" title=\"\">35 ANEXO 3 VINCULACION DE OBJETIVOS<\/a><\/td><\/tr><tr><td><a href=\"https:\/\/www.municipiomugica.com\/CAPAMU\/2025\/1er_Trim\/36%20ANEXO%204%20INFORME%20DE%20AVANCE%20PROGRAMATICO%20PRESUPUESTARIO.pdf\" title=\"\">36 ANEXO 4 INFORME DE AVANCE PROGRAMATICO PRESUPUESTARIO<\/a><\/td><\/tr><tr><td><a href=\"https:\/\/www.municipiomugica.com\/CAPAMU\/2025\/1er_Trim\/37%20GASTOS%20POR%20CATEGORIA%20PROGRAMATICA.pdf\" title=\"\">37 GASTOS POR CATEGORIA PROGRAMATICA<\/a><\/td><\/tr><tr><td><a href=\"https:\/\/www.municipiomugica.com\/CAPAMU\/2025\/1er_Trim\/38%20SUBSIDIOS%201ER%20TRIMESTRE%202025.pdf\" title=\"\">38 SUBSIDIOS 1ER TRIMESTRE 2025<\/a><\/td><\/tr><tr><td><a href=\"https:\/\/www.municipiomugica.com\/CAPAMU\/2025\/1er_Trim\/39%20MANUAL%20CONTABILIDAD%20CAPAMU%202024%20-%202027.pdf\" title=\"\">39 MANUAL CONTABILIDAD CAPAMU 2024 &#8211; 2027<\/a><\/td><\/tr><tr><td><a href=\"https:\/\/www.municipiomugica.com\/CAPAMU\/2025\/1er_Trim\/40%20MANUEL%20SISTEMA%20CONTABLE%20CAPAMU%2024%20-27.pdf\" title=\"\">40 MANUEL SISTEMA CONTABLE CAPAMU 24 -27<\/a><\/td><\/tr><\/tbody><\/table><\/figure>\n\n","protected":false},"excerpt":{"rendered":"<p>01 CARATULA 02 INDICE 03 ACTA JUNTA DE SESION CABILDO 04 ESTADO DE ACTIVIDADES 05 ESTADO DE SITUACION FINANCIERA 06 ESTADO DE VARIACI\u00d3N EN LA HACIENDA P\u00daBLICA 07 ESTADO DE &#8230;<\/p>\n","protected":false},"author":1,"featured_media":0,"parent":0,"menu_order":0,"comment_status":"closed","ping_status":"closed","template":"","meta":{"om_disable_all_campaigns":false,"footnotes":""},"class_list":["post-5593","page","type-page","status-publish","hentry"],"aioseo_notices":[],"_links":{"self":[{"href":"https:\/\/municipiomugica.com\/index.php\/wp-json\/wp\/v2\/pages\/5593","targetHints":{"allow":["GET"]}}],"collection":[{"href":"https:\/\/municipiomugica.com\/index.php\/wp-json\/wp\/v2\/pages"}],"about":[{"href":"https:\/\/municipiomugica.com\/index.php\/wp-json\/wp\/v2\/types\/page"}],"author":[{"embeddable":true,"href":"https:\/\/municipiomugica.com\/index.php\/wp-json\/wp\/v2\/users\/1"}],"replies":[{"embeddable":true,"href":"https:\/\/municipiomugica.com\/index.php\/wp-json\/wp\/v2\/comments?post=5593"}],"version-history":[{"count":3,"href":"https:\/\/municipiomugica.com\/index.php\/wp-json\/wp\/v2\/pages\/5593\/revisions"}],"predecessor-version":[{"id":5597,"href":"https:\/\/municipiomugica.com\/index.php\/wp-json\/wp\/v2\/pages\/5593\/revisions\/5597"}],"wp:attachment":[{"href":"https:\/\/municipiomugica.com\/index.php\/wp-json\/wp\/v2\/media?parent=5593"}],"curies":[{"name":"wp","href":"https:\/\/api.w.org\/{rel}","templated":true}]}}