{"id":5602,"date":"2025-05-09T00:51:52","date_gmt":"2025-05-09T06:51:52","guid":{"rendered":"https:\/\/municipiomugica.com\/?page_id=5602"},"modified":"2025-05-09T00:58:57","modified_gmt":"2025-05-09T06:58:57","slug":"presupuesto-de-egresos-2025","status":"publish","type":"page","link":"https:\/\/municipiomugica.com\/index.php\/presupuesto-de-egresos-2025\/","title":{"rendered":"PRESUPUESTO DE EGRESOS 2025"},"content":{"rendered":"\n<figure class=\"wp-block-table is-style-stripes\"><table class=\"has-fixed-layout\"><tbody><tr><td><a href=\"https:\/\/www.municipiomugica.com\/Presupuesto\/2025\/1.-%20CAR%C3%81TULA.pdf\" title=\"\">1.- CAR\u00c1TULA<\/a><\/td><\/tr><tr><td><a href=\"https:\/\/www.municipiomugica.com\/Presupuesto\/2025\/2.-%20%C3%8DNDICE.pdf\" title=\"\">2.- \u00cdNDICE<\/a><\/td><\/tr><tr><td><a href=\"https:\/\/www.municipiomugica.com\/Presupuesto\/2025\/3.-%20%C3%81RBOLES%20DE%20PROBLEMAS%20Y%20%C3%81RBOLES%20DE%20OBJETIVOS.pdf\" title=\"\">3.- \u00c1RBOLES DE PROBLEMAS Y \u00c1RBOLES DE OBJETIVOS<\/a><\/td><\/tr><tr><td><a href=\"https:\/\/www.municipiomugica.com\/Presupuesto\/2025\/4.-%20CRI%20Y%20CALENDARIO%202025.pdf\" title=\"\">4.- CRI Y CALENDARIO 2025<\/a><\/td><\/tr><tr><td><a href=\"https:\/\/www.municipiomugica.com\/Presupuesto\/2025\/5.-%20FORMATO%207B.pdf\" title=\"\">5.- FORMATO 7B<\/a><\/td><\/tr><tr><td><a href=\"https:\/\/www.municipiomugica.com\/Presupuesto\/2025\/6.-%20FORMATO%207D.pdf\" title=\"\">6.- FORMATO 7D<\/a><\/td><\/tr><tr><td><a href=\"https:\/\/www.municipiomugica.com\/Presupuesto\/2025\/7.-%20MATRIZ%20DE%20INDICADORES.pdf\" title=\"\">7.- MATRIZ DE INDICADORES<\/a><\/td><\/tr><tr><td><a href=\"https:\/\/www.municipiomugica.com\/Presupuesto\/2025\/8.-%20APERTURA%20PROGRAM%C3%81TICA.pdf\" title=\"\">8.- APERTURA PROGRAM\u00c1TICA<\/a><\/td><\/tr><tr><td><a href=\"https:\/\/www.municipiomugica.com\/Presupuesto\/2025\/9.-%20PROGRAMA%20OPERATIVO%20ANUAL.pdf\" title=\"\">9.- PROGRAMA OPERATIVO ANUAL<\/a><\/td><\/tr><tr><td><a href=\"https:\/\/www.municipiomugica.com\/Presupuesto\/2025\/10.-%20ALINEACI%C3%93N%2C%20PLANEACI%C3%93N%20Y%20PROGRAMACI%C3%93N.pdf\" title=\"\">10.- ALINEACI\u00d3N, PLANEACI\u00d3N Y PROGRAMACI\u00d3N<\/a><\/td><\/tr><tr><td><a href=\"https:\/\/www.municipiomugica.com\/Presupuesto\/2025\/11.-%20CLASIFICACI%C3%93N%20DEL%20GASTO.pdf\" title=\"\">11.- CLASIFICACI\u00d3N DEL GASTO<\/a><\/td><\/tr><tr><td><a href=\"https:\/\/www.municipiomugica.com\/Presupuesto\/2025\/12.-%20PRESUPUESTO%20DE%20GASTOS%20GENERAL.pdf\" title=\"\">12.- PRESUPUESTO DE GASTOS GENERAL<\/a><\/td><\/tr><tr><td><a href=\"https:\/\/www.municipiomugica.com\/Presupuesto\/2025\/13.-%20PLANTILLA%20DE%20PERSONAL.pdf\" title=\"\">13.- PLANTILLA DE PERSONAL<\/a><\/td><\/tr><tr><td><a href=\"https:\/\/www.municipiomugica.com\/Presupuesto\/2025\/14.-%20TABULADOR%20DE%20SUELDOS.pdf\" title=\"\">14.- TABULADOR DE SUELDOS<\/a><\/td><\/tr><tr><td><a href=\"https:\/\/www.municipiomugica.com\/Presupuesto\/2025\/15.-%20ANEXO%20PROGRAM%C3%81TICO%20DE%20OBRAS.pdf\" title=\"\">15.- ANEXO PROGRAM\u00c1TICO DE OBRAS<\/a><\/td><\/tr><tr><td><a href=\"https:\/\/www.municipiomugica.com\/Presupuesto\/2025\/16.-%20INFORMACI%C3%93N%20DE%20LA%20DEUDA.pdf\" title=\"\">16.- INFORMACI\u00d3N DE LA DEUDA<\/a><\/td><\/tr><tr><td><a href=\"https:\/\/www.municipiomugica.com\/Presupuesto\/2025\/17.-%20PRESUPUESTO%20DE%20EGRESOS%20ORGANISMO%20DE%20AGUA%20POTABLE.pdf\" title=\"\">17.- PRESUPUESTO DE EGRESOS ORGANISMO DE AGUA POTABLE<\/a><\/td><\/tr><tr><td><a href=\"https:\/\/www.municipiomugica.com\/Presupuesto\/2025\/18.-%20ACTA%20DE%20SESI%C3%93N%20DE%20CABILDO%20DE%20APROBACI%C3%93N%20DE%20PRESUPUESTO%202025.pdf\" title=\"\">18.- ACTA DE SESI\u00d3N DE CABILDO DE APROBACI\u00d3N DE PRESUPUESTO 2025<\/a><\/td><\/tr><\/tbody><\/table><\/figure>\n\n\n\n<p><\/p>\n","protected":false},"excerpt":{"rendered":"<p>1.- CAR\u00c1TULA 2.- \u00cdNDICE 3.- \u00c1RBOLES DE PROBLEMAS Y \u00c1RBOLES DE OBJETIVOS 4.- CRI Y CALENDARIO 2025 5.- FORMATO 7B 6.- FORMATO 7D 7.- MATRIZ DE INDICADORES 8.- APERTURA PROGRAM\u00c1TICA &#8230;<\/p>\n","protected":false},"author":1,"featured_media":0,"parent":0,"menu_order":0,"comment_status":"closed","ping_status":"closed","template":"","meta":{"om_disable_all_campaigns":false,"footnotes":""},"class_list":["post-5602","page","type-page","status-publish","hentry"],"aioseo_notices":[],"_links":{"self":[{"href":"https:\/\/municipiomugica.com\/index.php\/wp-json\/wp\/v2\/pages\/5602","targetHints":{"allow":["GET"]}}],"collection":[{"href":"https:\/\/municipiomugica.com\/index.php\/wp-json\/wp\/v2\/pages"}],"about":[{"href":"https:\/\/municipiomugica.com\/index.php\/wp-json\/wp\/v2\/types\/page"}],"author":[{"embeddable":true,"href":"https:\/\/municipiomugica.com\/index.php\/wp-json\/wp\/v2\/users\/1"}],"replies":[{"embeddable":true,"href":"https:\/\/municipiomugica.com\/index.php\/wp-json\/wp\/v2\/comments?post=5602"}],"version-history":[{"count":4,"href":"https:\/\/municipiomugica.com\/index.php\/wp-json\/wp\/v2\/pages\/5602\/revisions"}],"predecessor-version":[{"id":5607,"href":"https:\/\/municipiomugica.com\/index.php\/wp-json\/wp\/v2\/pages\/5602\/revisions\/5607"}],"wp:attachment":[{"href":"https:\/\/municipiomugica.com\/index.php\/wp-json\/wp\/v2\/media?parent=5602"}],"curies":[{"name":"wp","href":"https:\/\/api.w.org\/{rel}","templated":true}]}}