{"id":5703,"date":"2025-07-31T14:23:35","date_gmt":"2025-07-31T20:23:35","guid":{"rendered":"https:\/\/municipiomugica.com\/?page_id=5703"},"modified":"2025-08-08T15:56:01","modified_gmt":"2025-08-08T21:56:01","slug":"2do-informe-trimestral-2025","status":"publish","type":"page","link":"https:\/\/municipiomugica.com\/index.php\/2do-informe-trimestral-2025\/","title":{"rendered":"2DO INFORME TRIMESTRAL 2025"},"content":{"rendered":"\n<p>FRACC I CAR\u00c1TULA<\/p>\n\n\n\n<figure class=\"wp-block-table is-style-stripes\"><table class=\"has-fixed-layout\"><tbody><tr><td><a href=\"https:\/\/www.municipiomugica.com\/Ley_Dis_Fin\/2025\/2do_Trim\/FRACC%20I%20CAR%C3%81TULA\/CAR%C3%81TULA.pdf\" title=\"\">CAR\u00c1TULA<\/a><\/td><\/tr><\/tbody><\/table><\/figure>\n\n\n\n<p>FRACC II \u00cdNDICE<\/p>\n\n\n\n<figure class=\"wp-block-table is-style-stripes\"><table class=\"has-fixed-layout\"><tbody><tr><td><a href=\"https:\/\/www.municipiomugica.com\/Ley_Dis_Fin\/2025\/2do_Trim\/FRACC%20II%20%C3%8DNDICE\/%C3%8DNDICE.pdf\" title=\"\">\u00cdNDICE<\/a><\/td><\/tr><\/tbody><\/table><\/figure>\n\n\n\n<p>FRACC III ACTA DE SESI\u00d3N DE CABILDO<\/p>\n\n\n\n<figure class=\"wp-block-table is-style-stripes\"><table class=\"has-fixed-layout\"><tbody><tr><td><a href=\"https:\/\/www.municipiomugica.com\/Ley_Dis_Fin\/2025\/2do_Trim\/FRACC%20III%20ACTA%20DE%20SESI%C3%93N%20DE%20CABILDO\/ACTA%20070%20SESI%C3%93N%20ORDINARIA%2039.pdf\" title=\"\">ACTA 070 SESI\u00d3N ORDINARIA 39<\/a><\/td><\/tr><\/tbody><\/table><\/figure>\n\n\n\n<p>FRACC IV INFORMACI\u00d3N CONTABLE<\/p>\n\n\n\n<figure class=\"wp-block-table is-style-stripes\"><table class=\"has-fixed-layout\"><tbody><tr><td><a href=\"https:\/\/www.municipiomugica.com\/Ley_Dis_Fin\/2025\/2do_Trim\/FRACC%20IV%20INFORMACI%C3%93N%20CONTABLE\/1.-%20ESTADO%20DE%20ACTIVIDADES.pdf\" title=\"\">1.- ESTADO DE ACTIVIDADES<\/a><\/td><\/tr><tr><td><a href=\"https:\/\/www.municipiomugica.com\/Ley_Dis_Fin\/2025\/2do_Trim\/FRACC%20IV%20INFORMACI%C3%93N%20CONTABLE\/2.-%20ESTADO%20DE%20SITUACI%C3%93N%20FINANCIERA.pdf\" title=\"\">2.- ESTADO DE SITUACI\u00d3N FINANCIERA<\/a><\/td><\/tr><tr><td><a href=\"https:\/\/www.municipiomugica.com\/Ley_Dis_Fin\/2025\/2do_Trim\/FRACC%20IV%20INFORMACI%C3%93N%20CONTABLE\/3.-%20ESTADO%20DE%20VARIACI%C3%93N%20EN%20LA%20HACIENDA%20P%C3%9ABLICA.pdf\" title=\"\">3.- ESTADO DE VARIACI\u00d3N EN LA HACIENDA P\u00daBLICA<\/a><\/td><\/tr><tr><td><a href=\"https:\/\/www.municipiomugica.com\/Ley_Dis_Fin\/2025\/2do_Trim\/FRACC%20IV%20INFORMACI%C3%93N%20CONTABLE\/4.-%20ESTADO%20DE%20CAMBIOS%20EN%20LA%20SITUACI%C3%93N%20FINANCIERA.pdf\" title=\"\">4.- ESTADO DE CAMBIOS EN LA SITUACI\u00d3N FINANCIERA<\/a><\/td><\/tr><tr><td><a href=\"https:\/\/www.municipiomugica.com\/Ley_Dis_Fin\/2025\/2do_Trim\/FRACC%20IV%20INFORMACI%C3%93N%20CONTABLE\/5.-%20ESTADO%20DE%20FLUJO%20DE%20EFECTIVO.pdf\" title=\"\">5.- ESTADO DE FLUJO DE EFECTIVO<\/a><\/td><\/tr><tr><td><a href=\"https:\/\/www.municipiomugica.com\/Ley_Dis_Fin\/2025\/2do_Trim\/FRACC%20IV%20INFORMACI%C3%93N%20CONTABLE\/6.-%20NOTAS%20A%20LOS%20ESTADOS%20FINANCIEROS.pdf\" title=\"\">6.- NOTAS A LOS ESTADOS FINANCIEROS<\/a><\/td><\/tr><tr><td><a href=\"https:\/\/www.municipiomugica.com\/Ley_Dis_Fin\/2025\/2do_Trim\/FRACC%20IV%20INFORMACI%C3%93N%20CONTABLE\/7.-%20ESTADO%20ANAL%C3%8DTICO%20DEL%20ACTIVO.pdf\" title=\"\">7.- ESTADO ANAL\u00cdTICO DEL ACTIVO<\/a><\/td><\/tr><\/tbody><\/table><\/figure>\n\n\n\n<p>FRACC V INFORMACI\u00d3N PRESUPUESTARIA<\/p>\n\n\n\n<figure class=\"wp-block-table is-style-stripes\"><table class=\"has-fixed-layout\"><tbody><tr><td><a href=\"https:\/\/www.municipiomugica.com\/Ley_Dis_Fin\/2025\/2do_Trim\/FRACC%20V%20INFORMACI%C3%93N%20PRESUPUESTARIA\/1.-%20ESTADO%20ANAL%C3%8DTICO%20DE%20INGRESOS%20POR%20FUENTE%20DE%20FINANCIAMIENTO.pdf\" title=\"\">1.- ESTADO ANAL\u00cdTICO DE INGRESOS POR FUENTE DE FINANCIAMIENTO<\/a><\/td><\/tr><tr><td><a href=\"https:\/\/www.municipiomugica.com\/Ley_Dis_Fin\/2025\/2do_Trim\/FRACC%20V%20INFORMACI%C3%93N%20PRESUPUESTARIA\/2.-ESTADO%20ANAL%C3%8DTICO%20DEL%20EJERC%20DEL%20PRESUP%20DE%20EGRESOS%20CLASIF%20ADMINISTRATIVA.pdf\" title=\"\">2.-ESTADO ANAL\u00cdTICO DEL EJERC DEL PRESUP DE EGRESOS CLASIF ADMINISTRATIVA<\/a><\/td><\/tr><tr><td><a href=\"https:\/\/www.municipiomugica.com\/Ley_Dis_Fin\/2025\/2do_Trim\/FRACC%20V%20INFORMACI%C3%93N%20PRESUPUESTARIA\/2.-ESTADO%20ANAL%C3%8DTICO%20DEL%20EJERC%20DEL%20PRESUP%20DE%20EGRESOS%20CLASIF%20ECON%C3%93MICA.pdf\" title=\"\">2.-ESTADO ANAL\u00cdTICO DEL EJERC DEL PRESUP DE EGRESOS CLASIF ECON\u00d3MICA<\/a><\/td><\/tr><tr><td><a href=\"https:\/\/www.municipiomugica.com\/Ley_Dis_Fin\/2025\/2do_Trim\/FRACC%20V%20INFORMACI%C3%93N%20PRESUPUESTARIA\/2.-ESTADO%20ANAL%C3%8DTICO%20DEL%20EJERC%20DEL%20PRESUP%20DE%20EGRESOS%20CLASIF%20FUNCIONAL.pdf\" title=\"\">2.-ESTADO ANAL\u00cdTICO DEL EJERC DEL PRESUP DE EGRESOS CLASIF FUNCIONAL<\/a><\/td><\/tr><tr><td><a href=\"https:\/\/www.municipiomugica.com\/Ley_Dis_Fin\/2025\/2do_Trim\/FRACC%20V%20INFORMACI%C3%93N%20PRESUPUESTARIA\/2.-ESTADO%20ANAL%C3%8DTICO%20DEL%20EJERC%20DEL%20PRESUP%20DE%20EGRESOS%20CLASIF%20POR%20OBETO%20DE%20GASTO.pdf\" title=\"\">2.-ESTADO ANAL\u00cdTICO DEL EJERC DEL PRESUP DE EGRESOS CLASIF POR OBETO DE GASTO<\/a><\/td><\/tr><tr><td><a href=\"https:\/\/www.municipiomugica.com\/Ley_Dis_Fin\/2025\/2do_Trim\/FRACC%20V%20INFORMACI%C3%93N%20PRESUPUESTARIA\/GASTOS%20POR%20CATEGORI%CC%81A%20PROGRAMA%CC%81TICA.pdf\" title=\"\">GASTOS POR CATEGORIA PROGRAMATICA<\/a><\/td><\/tr><\/tbody><\/table><\/figure>\n\n\n\n<p>FRACC VI INFORMACI\u00d3N COMPLEMENTARIA CONAC<\/p>\n\n\n\n<figure class=\"wp-block-table is-style-stripes\"><table class=\"has-fixed-layout\"><tbody><tr><td><a href=\"https:\/\/www.municipiomugica.com\/Ley_Dis_Fin\/2025\/2do_Trim\/FRACC%20VI%20INFORMACI%C3%93N%20COMPLEMENTARIA%20CONAC\/A%29%20NORMA%20PARA%20ESTABLECER%20LA%20ESTRUCTURA%20DE%20LA%20INFORMACI%C3%93N%20DEL%20FORMATO%20DE%20EJERCICIO%20Y%20DESTINO%20DE%20GASTO%20Y%20REINTEGROS.pdf\" title=\"\">A) NORMA PARA ESTABLECER LA ESTRUCTURA DE LA INFORMACI\u00d3N DEL FORMATO DE EJERCICIO Y DESTINO DE GASTO Y REINTEGROS<\/a><\/td><\/tr><tr><td><a href=\"https:\/\/www.municipiomugica.com\/Ley_Dis_Fin\/2025\/2do_Trim\/FRACC%20VI%20INFORMACI%C3%93N%20COMPLEMENTARIA%20CONAC\/B%29%20CONCILIACI%C3%93N%20ENTRE%20INGRESOS%20PRESUPUESTARIOS%20Y%20CONTBALES.pdf\" title=\"\">B) CONCILIACI\u00d3N ENTRE INGRESOS PRESUPUESTARIOS Y CONTABLES<\/a><\/td><\/tr><tr><td><a href=\"https:\/\/www.municipiomugica.com\/Ley_Dis_Fin\/2025\/2do_Trim\/FRACC%20VI%20INFORMACI%C3%93N%20COMPLEMENTARIA%20CONAC\/C%29%20CONCILIACI%C3%93N%20ENTRE%20EGERESOS%20PRESUPUESTARIOS%20Y%20CONTABLES.pdf\" title=\"\">C) CONCILIACI\u00d3N ENTRE EGERESOS PRESUPUESTARIOS Y CONTABLES<\/a><\/td><\/tr><\/tbody><\/table><\/figure>\n\n\n\n<p>FRACC VII INFORMACI\u00d3N DE CUMPLIMIENTO A LA LEY DE DISCIPLINA FINANCIERA<\/p>\n\n\n\n<figure class=\"wp-block-table is-style-stripes\"><table class=\"has-fixed-layout\"><tbody><tr><td><a href=\"https:\/\/www.municipiomugica.com\/Ley_Dis_Fin\/2025\/2do_Trim\/FRACC%20VII%20INFORMACI%C3%93N%20DE%20CUMPLIMIENTO%20A%20LA%20LEY%20DE%20DISCIPLINA%20FINANCIERA\/1.-%20ESTADO%20DE%20SITUACI%C3%93N%20FINANCIERA%20DETALLADO.pdf\" title=\"\">1.- ESTADO DE SITUACI\u00d3N FINANCIERA DETALLADO<\/a><\/td><\/tr><tr><td><a href=\"https:\/\/www.municipiomugica.com\/Ley_Dis_Fin\/2025\/2do_Trim\/FRACC%20VII%20INFORMACI%C3%93N%20DE%20CUMPLIMIENTO%20A%20LA%20LEY%20DE%20DISCIPLINA%20FINANCIERA\/2.-%20ESTADO%20ANAL%C3%8DTICO%20DE%20LA%20DEUDA%20Y%20OTROS%20PASIVOS.pdf\" title=\"\">2.- ESTADO ANAL\u00cdTICO DE LA DEUDA Y OTROS PASIVOS<\/a><\/td><\/tr><tr><td><a href=\"https:\/\/www.municipiomugica.com\/Ley_Dis_Fin\/2025\/2do_Trim\/FRACC%20VII%20INFORMACI%C3%93N%20DE%20CUMPLIMIENTO%20A%20LA%20LEY%20DE%20DISCIPLINA%20FINANCIERA\/2.-%20INFORME%20ANAL%C3%8DTICO%20DE%20LA%20DEUDA%20Y%20OTROS%20PASIVOS.pdf\" title=\"\">2.- INFORME ANAL\u00cdTICO DE LA DEUDA Y OTROS PASIVOS<\/a><\/td><\/tr><tr><td><a href=\"https:\/\/www.municipiomugica.com\/Ley_Dis_Fin\/2025\/2do_Trim\/FRACC%20VII%20INFORMACI%C3%93N%20DE%20CUMPLIMIENTO%20A%20LA%20LEY%20DE%20DISCIPLINA%20FINANCIERA\/3.-%20INFORME%20ANAL%C3%8DTICO%20DE%20OBLIGACIONES%20DIFERENTES%20DE%20FINANCIAMIENTOS.pdf\" title=\"\">3.- INFORME ANAL\u00cdTICO DE OBLIGACIONES DIFERENTES DE FINANCIAMIENTOS<\/a><\/td><\/tr><tr><td><a href=\"https:\/\/www.municipiomugica.com\/Ley_Dis_Fin\/2025\/2do_Trim\/FRACC%20VII%20INFORMACI%C3%93N%20DE%20CUMPLIMIENTO%20A%20LA%20LEY%20DE%20DISCIPLINA%20FINANCIERA\/4.-%20BALANCE%20PRESUPUESTARIO.pdf\" title=\"\">4.- BALANCE PRESUPUESTARIO<\/a><\/td><\/tr><tr><td><a href=\"https:\/\/www.municipiomugica.com\/Ley_Dis_Fin\/2025\/2do_Trim\/FRACC%20VII%20INFORMACI%C3%93N%20DE%20CUMPLIMIENTO%20A%20LA%20LEY%20DE%20DISCIPLINA%20FINANCIERA\/5.-%20ESTADO%20ANAL%C3%8DTICO%20DE%20INGRESOS%20DETALLADO.pdf\" title=\"\">5.- ESTADO ANAL\u00cdTICO DE INGRESOS DETALLADO<\/a><\/td><\/tr><tr><td><a href=\"https:\/\/www.municipiomugica.com\/Ley_Dis_Fin\/2025\/2do_Trim\/FRACC%20VII%20INFORMACI%C3%93N%20DE%20CUMPLIMIENTO%20A%20LA%20LEY%20DE%20DISCIPLINA%20FINANCIERA\/6.-%20STADO%20ANAL%C3%8DTICO%20DEL%20EJERC%20DEL%20PRESUP%20DE%20EGRESOS%20CLASIF%20ADMINISTRATIVA.pdf\" title=\"\">6.- ESTADO ANAL\u00cdTICO DEL EJERC DEL PRESUP DE EGRESOS CLASIF ADMINISTRATIVA<\/a><\/td><\/tr><tr><td><a href=\"https:\/\/www.municipiomugica.com\/Ley_Dis_Fin\/2025\/2do_Trim\/FRACC%20VII%20INFORMACI%C3%93N%20DE%20CUMPLIMIENTO%20A%20LA%20LEY%20DE%20DISCIPLINA%20FINANCIERA\/6.-%20STADO%20ANAL%C3%8DTICO%20DEL%20EJERC%20DEL%20PRESUP%20DE%20EGRESOS%20CLASIF%20FUNCIONAL.pdf\" title=\"\">6.- ESTADO ANAL\u00cdTICO DEL EJERC DEL PRESUP DE EGRESOS CLASIF FUNCIONAL<\/a><\/td><\/tr><tr><td><a href=\"https:\/\/www.municipiomugica.com\/Ley_Dis_Fin\/2025\/2do_Trim\/FRACC%20VII%20INFORMACI%C3%93N%20DE%20CUMPLIMIENTO%20A%20LA%20LEY%20DE%20DISCIPLINA%20FINANCIERA\/6.-%20STADO%20ANAL%C3%8DTICO%20DEL%20EJERC%20DEL%20PRESUP%20DE%20EGRESOS%20CLASIF%20OBJETO%20DEL%20GASTO.pdf\" title=\"\">6.- ESTADO ANAL\u00cdTICO DEL EJERC DEL PRESUP DE EGRESOS CLASIF OBJETO DEL GASTO<\/a><\/td><\/tr><tr><td><a href=\"https:\/\/www.municipiomugica.com\/Ley_Dis_Fin\/2025\/2do_Trim\/FRACC%20VII%20INFORMACI%C3%93N%20DE%20CUMPLIMIENTO%20A%20LA%20LEY%20DE%20DISCIPLINA%20FINANCIERA\/6.-%20STADO%20ANAL%C3%8DTICO%20DEL%20EJERC%20DEL%20PRESUP%20DE%20EGRESOS%20CLASIF%20SERVICIOS%20PERSONAES.pdf\" title=\"\">6.- ESTADO ANAL\u00cdTICO DEL EJERC DEL PRESUP DE EGRESOS CLASIF SERVICIOS PERSONAES<\/a><\/td><\/tr><tr><td><a href=\"https:\/\/www.municipiomugica.com\/Ley_Dis_Fin\/2025\/2do_Trim\/FRACC%20VII%20INFORMACI%C3%93N%20DE%20CUMPLIMIENTO%20A%20LA%20LEY%20DE%20DISCIPLINA%20FINANCIERA\/7.-%20POYECCI%C3%93N%20DE%20INGRESOS.pdf\" title=\"\">7.- PROYECCI\u00d3N DE INGRESOS<\/a><\/td><\/tr><tr><td><a href=\"https:\/\/www.municipiomugica.com\/Ley_Dis_Fin\/2025\/2do_Trim\/FRACC%20VII%20INFORMACI%C3%93N%20DE%20CUMPLIMIENTO%20A%20LA%20LEY%20DE%20DISCIPLINA%20FINANCIERA\/7.-%20PROYECCI%C3%93N%20DE%20EGRESOS.pdf\" title=\"\">7.- PROYECCI\u00d3N DE EGRESOS<\/a><\/td><\/tr><tr><td><a href=\"https:\/\/www.municipiomugica.com\/Ley_Dis_Fin\/2025\/2do_Trim\/FRACC%20VII%20INFORMACI%C3%93N%20DE%20CUMPLIMIENTO%20A%20LA%20LEY%20DE%20DISCIPLINA%20FINANCIERA\/7.-%20RESULTADO%20DE%20EGRESOS.pdf\" title=\"\">7.- RESULTADO DE EGRESOS<\/a><\/td><\/tr><tr><td><a href=\"https:\/\/www.municipiomugica.com\/Ley_Dis_Fin\/2025\/2do_Trim\/FRACC%20VII%20INFORMACI%C3%93N%20DE%20CUMPLIMIENTO%20A%20LA%20LEY%20DE%20DISCIPLINA%20FINANCIERA\/7.-%20RESULTADO%20DE%20INGRESOS.pdf\" title=\"\">7.- RESULTADO DE INGRESOS<\/a><\/td><\/tr><\/tbody><\/table><\/figure>\n\n\n\n<p>FRACC VIII INFORMACI\u00d3N COMPLEMENTARIA DE ASM<\/p>\n\n\n\n<figure class=\"wp-block-table is-style-stripes\"><table class=\"has-fixed-layout\"><tbody><tr><td>1.- CONCILIACIONES, ESTADOS DE CUENTA Y ANAL\u00cdTICOS MENSUALES<\/td><\/tr><tr><td>      <a href=\"https:\/\/www.municipiomugica.com\/Ley_Dis_Fin\/2025\/2do_Trim\/FRACC%20VIII%20INFORMACI%C3%93N%20COMPLEMENTARIA%20DE%20ASM\/1.-%20CONCILIACIONES%2C%20ESTADOS%20DE%20CUENTA%20Y%20ANAL%C3%8DTICOS%20MENSUALES\/ESTADOS%20DE%20CUENTA%20CONCILIACIONES%20ANAL%C3%8DTICOS%20%20%281%29.pdf\" title=\"\">ESTADOS DE CUENTA CONCILIACIONES ANAL\u00cdTICOS (1)<\/a><\/td><\/tr><tr><td>      <a href=\"https:\/\/www.municipiomugica.com\/Ley_Dis_Fin\/2025\/2do_Trim\/FRACC%20VIII%20INFORMACI%C3%93N%20COMPLEMENTARIA%20DE%20ASM\/1.-%20CONCILIACIONES%2C%20ESTADOS%20DE%20CUENTA%20Y%20ANAL%C3%8DTICOS%20MENSUALES\/ESTADOS%20DE%20CUENTA%20CONCILIACIONES%20ANAL%C3%8DTICOS%20%20%282%29.pdf\" title=\"\">ESTADOS DE CUENTA CONCILIACIONES ANAL\u00cdTICOS (2)<\/a><\/td><\/tr><tr><td>      <a href=\"https:\/\/www.municipiomugica.com\/Ley_Dis_Fin\/2025\/2do_Trim\/FRACC%20VIII%20INFORMACI%C3%93N%20COMPLEMENTARIA%20DE%20ASM\/1.-%20CONCILIACIONES%2C%20ESTADOS%20DE%20CUENTA%20Y%20ANAL%C3%8DTICOS%20MENSUALES\/ESTADOS%20DE%20CUENTA%20CONCILIACIONES%20ANAL%C3%8DTICOS%20%20%283%29.pdf\" title=\"\">ESTADOS DE CUENTA CONCILIACIONES ANAL\u00cdTICOS (3)<\/a><\/td><\/tr><tr><td><a href=\"https:\/\/www.municipiomugica.com\/Ley_Dis_Fin\/2025\/2do_Trim\/FRACC%20VIII%20INFORMACI%C3%93N%20COMPLEMENTARIA%20DE%20ASM\/2.-%20BALANZA%20DE%20COMPROBACI%C3%93N%20DETALLADA.pdf\" title=\"\">2.- BALANZA DE COMPROBACI\u00d3N DETALLADA<\/a><\/td><\/tr><tr><td><a href=\"https:\/\/www.municipiomugica.com\/Ley_Dis_Fin\/2025\/2do_Trim\/FRACC%20VIII%20INFORMACI%C3%93N%20COMPLEMENTARIA%20DE%20ASM\/3.-%20ANEXO%201%20REPORTE%20DE%20LA%20DEUDA%20P%C3%9ABLICA%20ADQUIRIDA%20PARA%20INVERSIONES%20P%C3%9ABLICAS%20PRODUCTIVAS.pdf\" title=\"\">3.- ANEXO 1 REPORTE DE LA DEUDA P\u00daBLICA ADQUIRIDA PARA INVERSIONES P\u00daBLICAS PRODUCTIVAS<\/a><\/td><\/tr><tr><td><a href=\"https:\/\/www.municipiomugica.com\/Ley_Dis_Fin\/2025\/2do_Trim\/FRACC%20VIII%20INFORMACI%C3%93N%20COMPLEMENTARIA%20DE%20ASM\/4.-%20ANEXO%202-RELACION%20DE%20OBRAS%20EJECUTADAS.pdf\" title=\"\">4.- ANEXO 2-RELACION DE OBRAS EJECUTADAS<\/a><\/td><\/tr><tr><td><a href=\"https:\/\/www.municipiomugica.com\/Ley_Dis_Fin\/2025\/2do_Trim\/FRACC%20VIII%20INFORMACI%C3%93N%20COMPLEMENTARIA%20DE%20ASM\/4.-%20Anexo%203%20Obra%20%281%29.pdf\" title=\"\">4.- Anexo 3 Obra<\/a><\/td><\/tr><tr><td><a href=\"https:\/\/www.municipiomugica.com\/Ley_Dis_Fin\/2025\/2do_Trim\/FRACC%20VIII%20INFORMACI%C3%93N%20COMPLEMENTARIA%20DE%20ASM\/ANEXO%20AVANCE%20PROGRAM%C3%81TICO%20PRESUPUESTARIO.pdf\" title=\"\">ANEXO AVANCE PROGRAM\u00c1TICO PRESUPUESTARIO<\/a><\/td><\/tr><tr><td><a href=\"https:\/\/www.municipiomugica.com\/Ley_Dis_Fin\/2025\/2do_Trim\/FRACC%20VIII%20INFORMACI%C3%93N%20COMPLEMENTARIA%20DE%20ASM\/ANEXO%20VINCULACI%C3%93N%20DE%20OBJETIVOS.pdf\" title=\"\">ANEXO VINCULACI\u00d3N DE OBJETIVOS<\/a><\/td><\/tr><\/tbody><\/table><\/figure>\n\n\n\n<p><\/p>\n","protected":false},"excerpt":{"rendered":"<p>FRACC I CAR\u00c1TULA CAR\u00c1TULA FRACC II \u00cdNDICE \u00cdNDICE FRACC III ACTA DE SESI\u00d3N DE CABILDO ACTA 070 SESI\u00d3N ORDINARIA 39 FRACC IV INFORMACI\u00d3N CONTABLE 1.- ESTADO DE ACTIVIDADES 2.- ESTADO &#8230;<\/p>\n","protected":false},"author":1,"featured_media":0,"parent":0,"menu_order":0,"comment_status":"closed","ping_status":"closed","template":"","meta":{"om_disable_all_campaigns":false,"footnotes":""},"class_list":["post-5703","page","type-page","status-publish","hentry"],"aioseo_notices":[],"_links":{"self":[{"href":"https:\/\/municipiomugica.com\/index.php\/wp-json\/wp\/v2\/pages\/5703","targetHints":{"allow":["GET"]}}],"collection":[{"href":"https:\/\/municipiomugica.com\/index.php\/wp-json\/wp\/v2\/pages"}],"about":[{"href":"https:\/\/municipiomugica.com\/index.php\/wp-json\/wp\/v2\/types\/page"}],"author":[{"embeddable":true,"href":"https:\/\/municipiomugica.com\/index.php\/wp-json\/wp\/v2\/users\/1"}],"replies":[{"embeddable":true,"href":"https:\/\/municipiomugica.com\/index.php\/wp-json\/wp\/v2\/comments?post=5703"}],"version-history":[{"count":8,"href":"https:\/\/municipiomugica.com\/index.php\/wp-json\/wp\/v2\/pages\/5703\/revisions"}],"predecessor-version":[{"id":5728,"href":"https:\/\/municipiomugica.com\/index.php\/wp-json\/wp\/v2\/pages\/5703\/revisions\/5728"}],"wp:attachment":[{"href":"https:\/\/municipiomugica.com\/index.php\/wp-json\/wp\/v2\/media?parent=5703"}],"curies":[{"name":"wp","href":"https:\/\/api.w.org\/{rel}","templated":true}]}}