{"id":5834,"date":"2025-10-31T00:08:08","date_gmt":"2025-10-31T06:08:08","guid":{"rendered":"https:\/\/municipiomugica.com\/?page_id=5834"},"modified":"2025-11-05T20:55:13","modified_gmt":"2025-11-06T02:55:13","slug":"capamu-2025-3er-trimestre","status":"publish","type":"page","link":"https:\/\/municipiomugica.com\/index.php\/capamu-2025-3er-trimestre\/","title":{"rendered":"CAPAMU 2025 3ER TRIMESTRE"},"content":{"rendered":"\n<figure class=\"wp-block-table is-style-stripes\"><table class=\"has-fixed-layout\"><tbody><tr><td><a href=\"https:\/\/www.municipiomugica.com\/CAPAMU\/2025\/3er_Trim\/01%20Caratula.pdf\">01 Caratula<\/a><\/td><\/tr><tr><td><a href=\"https:\/\/www.municipiomugica.com\/CAPAMU\/2025\/3er_Trim\/02%20Indice.pdf\" title=\"\">02 Indice<\/a><\/td><\/tr><tr><td><a href=\"https:\/\/www.municipiomugica.com\/CAPAMU\/2025\/3er_Trim\/03%20Acta%20Junta%20de%20Cabildo.pdf\">03 Acta Junta de Cabildo<\/a><\/td><\/tr><tr><td><a href=\"https:\/\/www.municipiomugica.com\/CAPAMU\/2025\/3er_Trim\/04%20ESTADO%20DE%20ACTIVIDADES.pdf\">04 ESTADO DE ACTIVIDADES<\/a><\/td><\/tr><tr><td><a href=\"https:\/\/www.municipiomugica.com\/CAPAMU\/2025\/3er_Trim\/05%20ESTADO%20DE%20SITUACION%20FINANCIERA.pdf\">05 ESTADO DE SITUACION FINANCIERA<\/a><\/td><\/tr><tr><td><a href=\"https:\/\/www.municipiomugica.com\/CAPAMU\/2025\/3er_Trim\/06%20ESTADO%20DE%20VARIACIO%CC%81N%20EN%20LA%20HACIENDA%20PU%CC%81BLICA.pdf\">06 ESTADO DE VARIACI\u00d3N EN LA HACIENDA P\u00daBLICA<\/a><\/td><\/tr><tr><td><a href=\"https:\/\/www.municipiomugica.com\/CAPAMU\/2025\/3er_Trim\/07%20ESTADO%20DE%20CAMBIOS%20EN%20LA%20SITUACION%20FINANCIERA.pdf\">07 ESTADO DE CAMBIOS EN LA SITUACION FINANCIERA<\/a><\/td><\/tr><tr><td><a href=\"https:\/\/www.municipiomugica.com\/CAPAMU\/2025\/3er_Trim\/08%20ESTADO%20DE%20FLUJOS%20DE%20EFECTIVO.pdf\">08 ESTADO DE FLUJOS DE EFECTIVO<\/a><\/td><\/tr><tr><td><a href=\"https:\/\/www.municipiomugica.com\/CAPAMU\/2025\/3er_Trim\/09%20NOTAS%20A%20LOS%20ESTADO%20FINANCIEROS.pdf\">09 NOTAS A LOS ESTADO FINANCIEROS<\/a><\/td><\/tr><tr><td><a href=\"https:\/\/www.municipiomugica.com\/CAPAMU\/2025\/3er_Trim\/10%20ESTADO%20ANALITICO%20DEL%20ACTIVO.pdf\">10 ESTADO ANALITICO DEL ACTIVO<\/a><\/td><\/tr><tr><td><a href=\"https:\/\/www.municipiomugica.com\/CAPAMU\/2025\/3er_Trim\/11.%20ESTADO%20ANALITICO%20DE%20INGRESOS%20Y%20SUS%20CLASIFICACIONES.pdf\">11 ESTADO ANALITICO DE INGRESOS Y SUS CLASIFICACIONES<\/a><\/td><\/tr><tr><td><a href=\"https:\/\/www.municipiomugica.com\/CAPAMU\/2025\/3er_Trim\/12%20ESTADO%20ANALI%CC%81TICO%20DEL%20EJERCICIO%20DEL%20PRESUPUESTO%20DE%20EGRESOS%20CLAS%20ADM.pdf\">12 ESTADO ANAL\u00cdTICO DEL EJERCICIO DEL PRESUPUESTO DE EGRESOS CLAS ADM<\/a><\/td><\/tr><tr><td><a href=\"https:\/\/www.municipiomugica.com\/CAPAMU\/2025\/3er_Trim\/13%20ESTADO%20ANALI%CC%81TICO%20DEL%20EJERCICIO%20DEL%20PRESUPUESTO%20DE%20EGRESOS%20ECONOMICA.pdf\">13 ESTADO ANAL\u00cdTICO DEL EJERCICIO DEL PRESUPUESTO DE EGRESOS ECONOMICA<\/a><\/td><\/tr><tr><td><a href=\"https:\/\/www.municipiomugica.com\/CAPAMU\/2025\/3er_Trim\/14%20ESTADO%20ANALITICO%20DEL%20EJERCICIO%20DEL%20PRESUPUESTO%20DE%20EGRESOS%20POR%20OBJ%20DEL%20GASTO.pdf\">14 ESTADO ANALITICO DEL EJERCICIO DEL PRESUPUESTO DE EGRESOS POR OBJ DEL GASTO<\/a><\/td><\/tr><tr><td><a href=\"https:\/\/www.municipiomugica.com\/CAPAMU\/2025\/3er_Trim\/15%20ESTADO%20ANALI%CC%81TICO%20DEL%20EJERCICIO%20DEL%20PRESUPUESTO%20DE%20EGRESOS%20FUNCIONAL.pdf\">15 ESTADO ANAL\u00cdTICO DEL EJERCICIO DEL PRESUPUESTO DE EGRESOS FUNCIONAL<\/a><\/td><\/tr><tr><td><a href=\"https:\/\/www.municipiomugica.com\/CAPAMU\/2025\/3er_Trim\/16%20ESTADO%20ANALI%CC%81TICO%20DEL%20EJERCICIO%20DEL%20PRESUPUESTO%20DE%20EGRESOS%20CLAS%20ADMI.pdf\">16 ESTADO ANAL\u00cdTICO DEL EJERCICIO DEL PRESUPUESTO DE EGRESOS CLAS ADMI<\/a><\/td><\/tr><tr><td><a href=\"https:\/\/www.municipiomugica.com\/CAPAMU\/2025\/3er_Trim\/17%20ESTADO%20ANALI%CC%81TICO%20DEL%20EJERCICIO%20DEL%20PRESUPUESTO%20DE%20EGRESOS.pdf\">17 ESTADO ANAL\u00cdTICO DEL EJERCICIO DEL PRESUPUESTO DE EGRESOS<\/a><\/td><\/tr><tr><td><a href=\"https:\/\/www.municipiomugica.com\/CAPAMU\/2025\/3er_Trim\/18%20FORMATO%20DEL%20EJERCICIO%20Y%20DESTINO%20DEL%20GASTO%20FEDERALIZADO%20Y%20REINTEGROS.pdf\">18 FORMATO DEL EJERCICIO Y DESTINO DEL GASTO FEDERALIZADO Y REINTEGROS<\/a><\/td><\/tr><tr><td><a href=\"https:\/\/www.municipiomugica.com\/CAPAMU\/2025\/3er_Trim\/19%20CONCILIACION%20ENTRE%20LOS%20INGRESOS%20PRESUPUESTARIOS%20Y%20CONTABLES.pdf\">19 CONCILIACION ENTRE LOS INGRESOS PRESUPUESTARIOS Y CONTABLES<\/a><\/td><\/tr><tr><td><a href=\"https:\/\/www.municipiomugica.com\/CAPAMU\/2025\/3er_Trim\/20%20CONCILIACIO%CC%81N%20ENTRE%20LOS%20EGRESOS%20PRESUPUESTARIOS%20Y%20LOS%20GASTOS%20CONTABLES.pdf\">20 CONCILIACI\u00d3N ENTRE LOS EGRESOS PRESUPUESTARIOS Y LOS GASTOS CONTABLES<\/a><\/td><\/tr><tr><td><a href=\"https:\/\/www.municipiomugica.com\/CAPAMU\/2025\/3er_Trim\/21%20ESTADO%20DE%20SITUACION%20FINANCIERA%20DETALLADO%20-%20LDF.pdf\">21 ESTADO DE SITUACION FINANCIERA DETALLADO &#8211; LDF<\/a><\/td><\/tr><tr><td><a href=\"https:\/\/www.municipiomugica.com\/CAPAMU\/2025\/3er_Trim\/22%20ESTADO%20ANALI%CC%81TICO%20DE%20LA%20DEUDA%20Y%20OTROS%20PASIVOS.pdf\">22 ESTADO ANAL\u00cdTICO DE LA DEUDA Y OTROS PASIVOS<\/a><\/td><\/tr><tr><td><a href=\"https:\/\/www.municipiomugica.com\/CAPAMU\/2025\/3er_Trim\/23%20Informe%20Anali%CC%81tico%20de%20Obligaciones%20Diferentes%20de%20Financiamientos%20LDF.pdf\">23 Informe Anal\u00edtico de Obligaciones Diferentes de Financiamientos LDF<\/a><\/td><\/tr><tr><td><a href=\"https:\/\/www.municipiomugica.com\/CAPAMU\/2025\/3er_Trim\/24%20BALANCE%20PRESUPUESTARIO%20-%20LDF.pdf\">24 BALANCE PRESUPUESTARIO &#8211; LDF<\/a><\/td><\/tr><tr><td><a href=\"https:\/\/www.municipiomugica.com\/CAPAMU\/2025\/3er_Trim\/25%20ESTADO%20ANALI%CC%81TICO%20DE%20INGRESOS%20DETALLADO%20-%20LDF.pdf\">25 ESTADO ANAL\u00cdTICO DE INGRESOS DETALLADO &#8211; LDF<\/a><\/td><\/tr><tr><td><a href=\"https:\/\/www.municipiomugica.com\/CAPAMU\/2025\/3er_Trim\/26%20ESTADO%20ANALI%CC%81TICO%20DEL%20EJERCICIO%20DEL%20PRESUPUESTO%20DE%20EGRESOS%20DETALLADO%20-%20LDF%20POR%20OBJ%20DEL%20GASTO.pdf\">26 ESTADO ANAL\u00cdTICO DEL EJERCICIO DEL PRESUPUESTO DE EGRESOS DETALLADO &#8211; LDF POR OBJ DEL GASTO<\/a><\/td><\/tr><tr><td><a href=\"https:\/\/www.municipiomugica.com\/CAPAMU\/2025\/3er_Trim\/27%20ESTADO%20ANALI%CC%81TICO%20DEL%20EJERCICIO%20DEL%20PRESUPUESTO%20DE%20EGRESOS%20DETALLADO%20-%20LDF%20CLAS%20ADM.pdf\">27 ESTADO ANAL\u00cdTICO DEL EJERCICIO DEL PRESUPUESTO DE EGRESOS DETALLADO &#8211; LDF CLAS ADM<\/a><\/td><\/tr><tr><td><a href=\"https:\/\/www.municipiomugica.com\/CAPAMU\/2025\/3er_Trim\/28%20ESTADO%20ANALI%CC%81TICO%20DEL%20EJERCICIO%20DEL%20PRESUPUESTO%20DE%20EGRESOS%20DETALLADO%20-%20LDF%20FUNCIONAL.pdf\">28 ESTADO ANAL\u00cdTICO DEL EJERCICIO DEL PRESUPUESTO DE EGRESOS DETALLADO &#8211; LDF FUNCIONAL<\/a><\/td><\/tr><tr><td><a href=\"https:\/\/www.municipiomugica.com\/CAPAMU\/2025\/3er_Trim\/29%20ESTADO%20ANALI%CC%81TICO%20DEL%20EJERCICIO%20DEL%20PRESUPUESTO%20DE%20EGRESOS%20DETALLADO%20-%20LDF%20CLA%20DE%20SERV%20PERS%20POR%20CAT.pdf\">29 ESTADO ANAL\u00cdTICO DEL EJERCICIO DEL PRESUPUESTO DE EGRESOS DETALLADO &#8211; LDF CLA DE SERV PERS POR CAT<\/a><\/td><\/tr><tr><td><a href=\"https:\/\/www.municipiomugica.com\/CAPAMU\/2025\/3er_Trim\/30%20PROYECCIONES%20DE%20INGRESOS%20-%20LDF.pdf\">30 PROYECCIONES DE INGRESOS &#8211; LDF<\/a><\/td><\/tr><tr><td><a href=\"https:\/\/www.municipiomugica.com\/CAPAMU\/2025\/3er_Trim\/31%20PROYECCIONES%20DE%20EGRESOS%20-%20LDF.pdf\">31 PROYECCIONES DE EGRESOS &#8211; LDF<\/a><\/td><\/tr><tr><td><a href=\"https:\/\/www.municipiomugica.com\/CAPAMU\/2025\/3er_Trim\/32%20RESULTADOS%20DE%20INGRESOS%20-%20LDF.pdf\">32 RESULTADOS DE INGRESOS &#8211; LDF<\/a><\/td><\/tr><tr><td><a href=\"https:\/\/www.municipiomugica.com\/CAPAMU\/2025\/3er_Trim\/33%20RESULTADOS%20DE%20EGRESOS%20-%20LDF.pdf\">33 RESULTADOS DE EGRESOS &#8211; LDF<\/a><\/td><\/tr><tr><td><a href=\"https:\/\/www.municipiomugica.com\/CAPAMU\/2025\/3er_Trim\/34%20ANALI%CC%81TICOS%20MENSUALES%20JULIO%202025%2C%20CONCILIACION%20BANCARIA%20Y%20ESTADOS%20DE%20CUENTA.pdf\">34 ANAL\u00cdTICOS MENSUALES JULIO 2025, CONCILIACION BANCARIA Y ESTADOS DE CUENTA<\/a><\/td><\/tr><tr><td><a href=\"https:\/\/www.municipiomugica.com\/CAPAMU\/2025\/3er_Trim\/35%20ANALI%CC%81TICOS%20MENSUALES%20AGOSTO%202025%2C%20CONCILIACION%20BANCARIA%20Y%20ESTADOS%20DE%20CUENTA.pdf\">35 ANAL\u00cdTICOS MENSUALES AGOSTO 2025, CONCILIACION BANCARIA Y ESTADOS DE CUENTA<\/a><\/td><\/tr><tr><td><a href=\"https:\/\/www.municipiomugica.com\/CAPAMU\/2025\/3er_Trim\/36%20ANALI%CC%81TICOS%20MENSUALES%20SEPTIEMBRE%202025%2C%20CONCILIACION%20BANCARIA%20Y%20ESTADOS%20DE%20CUENTA.pdf\">36 ANAL\u00cdTICOS MENSUALES SEPTIEMBRE 2025, CONCILIACION BANCARIA Y ESTADOS DE CUENTA<\/a><\/td><\/tr><tr><td><a href=\"https:\/\/www.municipiomugica.com\/CAPAMU\/2025\/3er_Trim\/37%20BALANZA%20DE%20COMPROBACION.pdf\">37 BALANZA DE COMPROBACION<\/a><\/td><\/tr><tr><td><a href=\"https:\/\/www.municipiomugica.com\/CAPAMU\/2025\/3er_Trim\/38%20ANEXO%201%20REPORTE%20DE%20LA%20APLICACIO%CC%81N%20DE%20LA%20DEUDA%20PU%CC%81BLICA%20ADQUIRIDA%20PARA%20INVERSIONES%20PU%CC%81BLICAS%20PRODUCTIVAS.pdf\">38 ANEXO 1 REPORTE DE LA APLICACI\u00d3N DE LA DEUDA P\u00daBLICA ADQUIRIDA PARA INVERSIONES P\u00daBLICAS PRODUCTIVAS<\/a><\/td><\/tr><tr><td><a href=\"https:\/\/www.municipiomugica.com\/CAPAMU\/2025\/3er_Trim\/39%20ANEXO%202%20-%20RELACIO%CC%81N%20DE%20OBRAS%20EJECUTADAS.pdf\">39 ANEXO 2 &#8211; RELACI\u00d3N DE OBRAS EJECUTADAS<\/a><\/td><\/tr><tr><td><a href=\"https:\/\/www.municipiomugica.com\/CAPAMU\/2025\/3er_Trim\/40%20ANEXO%203%20VINCULACION%20DE%20OBJETIVOS.pdf\">40 ANEXO 3 VINCULACION DE OBJETIVOS<\/a><\/td><\/tr><tr><td><a href=\"https:\/\/www.municipiomugica.com\/CAPAMU\/2025\/3er_Trim\/41%20ANEXO%204%20INFORME%20DE%20AVANCE%20PROGRAMATICO%20PRESUPUESTARIO.pdf\">41 ANEXO 4 INFORME DE AVANCE PROGRAMATICO PRESUPUESTARIO<\/a><\/td><\/tr><tr><td><a href=\"https:\/\/www.municipiomugica.com\/CAPAMU\/2025\/3er_Trim\/42%20GASTOS%20POR%20CATEGORIA%20PROGRAMATICA.pdf\">42 GASTOS POR CATEGORIA PROGRAMATICA<\/a><\/td><\/tr><tr><td><a href=\"https:\/\/www.municipiomugica.com\/CAPAMU\/2025\/3er_Trim\/43%20MONTOS%20PAGADOS%20POR%20AYUDAS%20Y%20SUBSIDIOS.pdf\">43 MONTOS PAGADOS POR AYUDAS Y SUBSIDIOS<\/a><\/td><\/tr><tr><td><a href=\"https:\/\/www.municipiomugica.com\/CAPAMU\/2025\/3er_Trim\/44%20MANUAL%20CONTABILIDAD%20CAPAMU%202024%20-%202027.pdf\" title=\"\">44 MANUAL CONTABILIDAD CAPAMU 2024 &#8211; 2027<\/a><\/td><\/tr><\/tbody><\/table><\/figure>\n\n\n\n<p><\/p>\n","protected":false},"excerpt":{"rendered":"<p>01 Caratula 02 Indice 03 Acta Junta de Cabildo 04 ESTADO DE ACTIVIDADES 05 ESTADO DE SITUACION FINANCIERA 06 ESTADO DE VARIACI\u00d3N EN LA HACIENDA P\u00daBLICA 07 ESTADO DE CAMBIOS &#8230;<\/p>\n","protected":false},"author":1,"featured_media":0,"parent":0,"menu_order":0,"comment_status":"closed","ping_status":"closed","template":"","meta":{"om_disable_all_campaigns":false,"footnotes":""},"class_list":["post-5834","page","type-page","status-publish","hentry"],"aioseo_notices":[],"_links":{"self":[{"href":"https:\/\/municipiomugica.com\/index.php\/wp-json\/wp\/v2\/pages\/5834","targetHints":{"allow":["GET"]}}],"collection":[{"href":"https:\/\/municipiomugica.com\/index.php\/wp-json\/wp\/v2\/pages"}],"about":[{"href":"https:\/\/municipiomugica.com\/index.php\/wp-json\/wp\/v2\/types\/page"}],"author":[{"embeddable":true,"href":"https:\/\/municipiomugica.com\/index.php\/wp-json\/wp\/v2\/users\/1"}],"replies":[{"embeddable":true,"href":"https:\/\/municipiomugica.com\/index.php\/wp-json\/wp\/v2\/comments?post=5834"}],"version-history":[{"count":4,"href":"https:\/\/municipiomugica.com\/index.php\/wp-json\/wp\/v2\/pages\/5834\/revisions"}],"predecessor-version":[{"id":5849,"href":"https:\/\/municipiomugica.com\/index.php\/wp-json\/wp\/v2\/pages\/5834\/revisions\/5849"}],"wp:attachment":[{"href":"https:\/\/municipiomugica.com\/index.php\/wp-json\/wp\/v2\/media?parent=5834"}],"curies":[{"name":"wp","href":"https:\/\/api.w.org\/{rel}","templated":true}]}}