{"id":5842,"date":"2025-11-05T00:31:37","date_gmt":"2025-11-05T06:31:37","guid":{"rendered":"https:\/\/municipiomugica.com\/?page_id=5842"},"modified":"2025-11-28T12:31:41","modified_gmt":"2025-11-28T18:31:41","slug":"3er-informe-trimestral-2025","status":"publish","type":"page","link":"https:\/\/municipiomugica.com\/index.php\/3er-informe-trimestral-2025\/","title":{"rendered":"3ER INFORME TRIMESTRAL 2025"},"content":{"rendered":"\n<p>FRACC I CAR\u00c1TULA<\/p>\n\n\n\n<figure class=\"wp-block-table is-style-stripes\"><table class=\"has-fixed-layout\"><tbody><tr><td><a href=\"http:\/\/www.municipiomugica.com\/Ley_Dis_Fin\/2025\/3er_Trim\/I\/CAR%C3%81TULA.pdf\">CAR\u00c1TULA<\/a><\/td><\/tr><\/tbody><\/table><\/figure>\n\n\n\n<p>FRACC II \u00cdNDICE<\/p>\n\n\n\n<figure class=\"wp-block-table is-style-stripes\"><table class=\"has-fixed-layout\"><tbody><tr><td><a href=\"http:\/\/www.municipiomugica.com\/Ley_Dis_Fin\/2025\/3er_Trim\/II\/INDICE.pdf\">INDICE<\/a><\/td><\/tr><\/tbody><\/table><\/figure>\n\n\n\n<p>FRACC III ACTA DE SESI\u00d3N DE CABILDO<\/p>\n\n\n\n<figure class=\"wp-block-table is-style-stripes\"><table class=\"has-fixed-layout\"><tbody><tr><td><a href=\"http:\/\/www.municipiomugica.com\/Ley_Dis_Fin\/2025\/3er_Trim\/III\/ACTA%20DE%20SESI%C3%93N%20DE%20CABILDO%20DE%20APROBACI%C3%93N%201.pdf\">ACTA DE SESI\u00d3N DE CABILDO DE APROBACI\u00d3N 1<\/a><\/td><\/tr><tr><td><a href=\"http:\/\/www.municipiomugica.com\/Ley_Dis_Fin\/2025\/3er_Trim\/III\/ACTA%20DE%20SESI%C3%93N%20DE%20CABILDO%20DE%20APROBACI%C3%93N%202.pdf\">ACTA DE SESI\u00d3N DE CABILDO DE APROBACI\u00d3N 2<\/a><\/td><\/tr><\/tbody><\/table><\/figure>\n\n\n\n<p>FRACC IV INFORMACI\u00d3N CONTABLE<\/p>\n\n\n\n<figure class=\"wp-block-table is-style-stripes\"><table class=\"has-fixed-layout\"><tbody><tr><td><a href=\"http:\/\/www.municipiomugica.com\/Ley_Dis_Fin\/2025\/3er_Trim\/IV\/1.-%20ESTADO%20DE%20ACTIVIDADES.pdf\">1.- ESTADO DE ACTIVIDADES<\/a><\/td><\/tr><tr><td><a href=\"http:\/\/www.municipiomugica.com\/Ley_Dis_Fin\/2025\/3er_Trim\/IV\/2.-%20ESTADO%20DE%20SITUACI%C3%93N%20FINANCIERA.pdf\">2.- ESTADO DE SITUACI\u00d3N FINANCIERA<\/a><\/td><\/tr><tr><td><a href=\"http:\/\/www.municipiomugica.com\/Ley_Dis_Fin\/2025\/3er_Trim\/IV\/3.-%20ESTADO%20DE%20CAMBIOS%20EN%20LA%20SITUACI%C3%93N%20FINANCIERA.pdf\">3.- ESTADO DE CAMBIOS EN LA SITUACI\u00d3N FINANCIERA<\/a><\/td><\/tr><tr><td><a href=\"http:\/\/www.municipiomugica.com\/Ley_Dis_Fin\/2025\/3er_Trim\/IV\/4.-%20ESTADO%20DE%20VARIACI%C3%93N%20EN%20LA%20HACIENDA%20P%C3%9ABLICA.pdf\">4.- ESTADO DE VARIACI\u00d3N EN LA HACIENDA P\u00daBLICA<\/a><\/td><\/tr><tr><td><a href=\"http:\/\/www.municipiomugica.com\/Ley_Dis_Fin\/2025\/3er_Trim\/IV\/5.-%20ESTADOS%20DE%20FLUJO%20DE%20EFECTIVO.pdf\">5.- ESTADOS DE FLUJO DE EFECTIVO<\/a><\/td><\/tr><tr><td><a href=\"http:\/\/www.municipiomugica.com\/Ley_Dis_Fin\/2025\/3er_Trim\/IV\/6.-%20NOTAS%20A%20LOS%20ESTADOS%20FINANCIEROS.pdf\">6.- NOTAS A LOS ESTADOS FINANCIEROS<\/a><\/td><\/tr><tr><td><a href=\"http:\/\/www.municipiomugica.com\/Ley_Dis_Fin\/2025\/3er_Trim\/IV\/7.-%20ESTADO%20ANAL%C3%8DTICO%20DEL%20ACTIVO.pdf\">7.- ESTADO ANAL\u00cdTICO DEL ACTIVO<\/a><\/td><\/tr><\/tbody><\/table><\/figure>\n\n\n\n<p>FRACC V INFORMACI\u00d3N PRESUPUESTARIA<\/p>\n\n\n\n<figure class=\"wp-block-table is-style-stripes\"><table class=\"has-fixed-layout\"><tbody><tr><td><a href=\"http:\/\/www.municipiomugica.com\/Ley_Dis_Fin\/2025\/3er_Trim\/V\/ESTADO%20ANAL%C3%8DTICO%20DE%20INGRESOS%20Y%20SUS%20CLASIFICACIONES.pdf\">ESTADO ANAL\u00cdTICO DE INGRESOS Y SUS CLASIFICACIONES<\/a><\/td><\/tr><tr><td><a href=\"http:\/\/www.municipiomugica.com\/Ley_Dis_Fin\/2025\/3er_Trim\/V\/ESTADO%20ANAL%C3%8DTICO%20DEL%20EJERCICIO%20DEL%20PRESUP%20DE%20EGRESOS%20CLASIF%20ADMINISTRATIVA.pdf\">ESTADO ANAL\u00cdTICO DEL EJERCICIO DEL PRESUP DE EGRESOS CLASIF ADMINISTRATIVA<\/a><\/td><\/tr><tr><td><a href=\"http:\/\/www.municipiomugica.com\/Ley_Dis_Fin\/2025\/3er_Trim\/V\/ESTADO%20ANAL%C3%8DTICO%20DEL%20EJERCICIO%20DEL%20PRESUP%20DE%20EGRESOS%20CLASIF%20ECON%C3%93MICA.pdf\">ESTADO ANAL\u00cdTICO DEL EJERCICIO DEL PRESUP DE EGRESOS CLASIF ECON\u00d3MICA<\/a><\/td><\/tr><tr><td><a href=\"http:\/\/www.municipiomugica.com\/Ley_Dis_Fin\/2025\/3er_Trim\/V\/ESTADO%20ANAL%C3%8DTICO%20DEL%20EJERCICIO%20DEL%20PRESUP%20DE%20EGRESOS%20CLASIF%20FUNCIONAL.pdf\">ESTADO ANAL\u00cdTICO DEL EJERCICIO DEL PRESUP DE EGRESOS CLASIF FUNCIONAL<\/a><\/td><\/tr><tr><td><a href=\"http:\/\/www.municipiomugica.com\/Ley_Dis_Fin\/2025\/3er_Trim\/V\/ESTADO%20ANAL%C3%8DTICO%20DEL%20EJERCICIO%20DEL%20PRESUP%20DE%20EGRESOS%20CLASIF%20POR%20OBJETO%20DE%20GASTO.pdf\">ESTADO ANAL\u00cdTICO DEL EJERCICIO DEL PRESUP DE EGRESOS CLASIF POR OBJETO DE GASTO<\/a><\/td><\/tr><tr><td><a href=\"https:\/\/www.municipiomugica.com\/Ley_Dis_Fin\/2025\/3er_Trim\/V\/ESTADO%20ANAL%C3%8DTICO%20DE%20LA%20DEUDA%20Y%20OTROS%20PASIVOS%20AL%2030%20SEPTIEMBRE%20DE%202025.pdf\" title=\"\">ESTADO ANAL\u00cdTICO DE LA DEUDA Y OTROS PASIVOS AL 30 SEPTIEMBRE DE 2025<\/a><\/td><\/tr><tr><td><a href=\"https:\/\/www.municipiomugica.com\/Ley_Dis_Fin\/2025\/3er_Trim\/V\/GASTOS%20POR%20CATEGOR%C3%8DA%20PROGRAM%C3%81TICA%20AL%2030%20DE%20SEPTIEMBRE%202025.pdf\" title=\"\">GASTOS POR CATEGOR\u00cdA PROGRAM\u00c1TICA AL 30 DE SEPTIEMBRE DE 2025<\/a><\/td><\/tr><\/tbody><\/table><\/figure>\n\n\n\n<p>FRACC VI INFORMACI\u00d3N COMPLEMENTARIA CONAC<\/p>\n\n\n\n<figure class=\"wp-block-table is-style-stripes\"><table class=\"has-fixed-layout\"><tbody><tr><td><a href=\"http:\/\/www.municipiomugica.com\/Ley_Dis_Fin\/2025\/3er_Trim\/VI\/CONCILIACI%C3%93N%20DE%20LOS%20EGRESOS%20PRESUPUESTARIOS%20CON%20LOS%20INGRESOS%20PESUPUESTALES.pdf\">CONCILIACI\u00d3N DE LOS EGRESOS PRESUPUESTARIOS CON LOS INGRESOS PESUPUESTALES<\/a><\/td><\/tr><tr><td><a href=\"http:\/\/www.municipiomugica.com\/Ley_Dis_Fin\/2025\/3er_Trim\/VI\/CONCILIACI%C3%93N%20DE%20LOS%20INGRESOS%20PRESUPUESTARIOS%20CON%20LOS%20INGRESOS%20PESUPUESTALES.pdf\">CONCILIACI\u00d3N DE LOS INGRESOS PRESUPUESTARIOS CON LOS INGRESOS PESUPUESTALES<\/a><\/td><\/tr><tr><td><a href=\"http:\/\/www.municipiomugica.com\/Ley_Dis_Fin\/2025\/3er_Trim\/VI\/NORMA%20PARA%20ESTABLECER%20LA%20ESTRUCTURA%20DE%20LA%20INFORMACI%C3%93N%20DEL%20GASTO%20FEDERALIZADO%20Y%20REINTEGROS.pdf\">NORMA PARA ESTABLECER LA ESTRUCTURA DE LA INFORMACI\u00d3N DEL GASTO FEDERALIZADO Y REINTEGROS<\/a><\/td><\/tr><\/tbody><\/table><\/figure>\n\n\n\n<p>FRACC VII INFORMACI\u00d3N DE CUMPLIMIENTO A LA LEY DE DISCIPLINA FINANCIERA<\/p>\n\n\n\n<figure class=\"wp-block-table is-style-stripes\"><table class=\"has-fixed-layout\"><tbody><tr><td><a href=\"http:\/\/www.municipiomugica.com\/Ley_Dis_Fin\/2025\/3er_Trim\/VII\/1.-%20ESTADO%20DE%20SITUACI%C3%93N%20FINANCIERA%20LDF.pdf\">1.- ESTADO DE SITUACI\u00d3N FINANCIERA LDF<\/a><\/td><\/tr><tr><td><a href=\"http:\/\/www.municipiomugica.com\/Ley_Dis_Fin\/2025\/3er_Trim\/VII\/2.-%20INFORME%20ANAL%C3%8DTICO%20DE%20LA%20DEUDA%20Y%20OTROS%20PASIVOS%20LDF.pdf\">2.- INFORME ANAL\u00cdTICO DE LA DEUDA Y OTROS PASIVOS LDF<\/a><\/td><\/tr><tr><td><a href=\"http:\/\/www.municipiomugica.com\/Ley_Dis_Fin\/2025\/3er_Trim\/VII\/3.-%20INFORME%20ANAL%C3%8DTICO%20DE%20OBLIGACIONES%20DIFERENTES%20DE%20FINANCIAMIENTOS%20LDF.pdf\">3.- INFORME ANAL\u00cdTICO DE OBLIGACIONES DIFERENTES DE FINANCIAMIENTOS LDF<\/a><\/td><\/tr><tr><td><a href=\"http:\/\/www.municipiomugica.com\/Ley_Dis_Fin\/2025\/3er_Trim\/VII\/4.-%20BALANCE%20PRESUPUESTARIO%20LDF.pdf\">4.- BALANCE PRESUPUESTARIO LDF<\/a><\/td><\/tr><tr><td><a href=\"http:\/\/www.municipiomugica.com\/Ley_Dis_Fin\/2025\/3er_Trim\/VII\/5.-%20ESTADO%20ANAL%C3%8DTICO%20DE%20INGRESOS%20DETALLADO%20LDF.pdf\">5.- ESTADO ANAL\u00cdTICO DE INGRESOS DETALLADO LDF<\/a><\/td><\/tr><tr><td><a href=\"http:\/\/www.municipiomugica.com\/Ley_Dis_Fin\/2025\/3er_Trim\/VII\/6.-ESTADO%20ANAL%C3%8DTICO%20DEL%20EJERC%20DEL%20PRESUP%20DE%20EGRESOS%20CLASIF%20ADMINISTRATIVA%20LDF.pdf\">6.-ESTADO ANAL\u00cdTICO DEL EJERC DEL PRESUP DE EGRESOS CLASIF ADMINISTRATIVA LDF<\/a><\/td><\/tr><tr><td><a href=\"http:\/\/www.municipiomugica.com\/Ley_Dis_Fin\/2025\/3er_Trim\/VII\/6.-ESTADO%20ANAL%C3%8DTICO%20DEL%20EJERC%20DEL%20PRESUP%20DE%20EGRESOS%20CLASIF%20FUNCIONAL%20LDF.pdf\">6.-ESTADO ANAL\u00cdTICO DEL EJERC DEL PRESUP DE EGRESOS CLASIF FUNCIONAL LDF<\/a><\/td><\/tr><tr><td><a href=\"http:\/\/www.municipiomugica.com\/Ley_Dis_Fin\/2025\/3er_Trim\/VII\/6.-ESTADO%20ANAL%C3%8DTICO%20DEL%20EJERC%20DEL%20PRESUP%20DE%20EGRESOS%20CLASIF%20OBJETO%20DE%20GASTO%20LDF.pdf\">6.-ESTADO ANAL\u00cdTICO DEL EJERC DEL PRESUP DE EGRESOS CLASIF OBJETO DE GASTO LDF<\/a><\/td><\/tr><tr><td><a href=\"http:\/\/www.municipiomugica.com\/Ley_Dis_Fin\/2025\/3er_Trim\/VII\/6.-ESTADO%20ANAL%C3%8DTICO%20DEL%20EJERC%20DEL%20PRESUP%20DE%20EGRESOS%20CLASIF%20SERV%20PERSONALES%20LDF.pdf\">6.-ESTADO ANAL\u00cdTICO DEL EJERC DEL PRESUP DE EGRESOS CLASIF SERV PERSONALES LDF<\/a><\/td><\/tr><tr><td><a href=\"http:\/\/www.municipiomugica.com\/Ley_Dis_Fin\/2025\/3er_Trim\/VII\/7.-%20PROYECCI%C3%93N%20DE%20EGRESOS%20LDF.pdf\">7.- PROYECCI\u00d3N DE EGRESOS LDF<\/a><\/td><\/tr><tr><td><a href=\"http:\/\/www.municipiomugica.com\/Ley_Dis_Fin\/2025\/3er_Trim\/VII\/7.-%20PROYECCI%C3%93N%20DE%20INGRESOS%20LDF.pdf\">7.- PROYECCI\u00d3N DE INGRESOS LDF<\/a><\/td><\/tr><tr><td><a href=\"http:\/\/www.municipiomugica.com\/Ley_Dis_Fin\/2025\/3er_Trim\/VII\/7.-%20RESULTADO%20DE%20INGRESOS%20LDF.pdf\">7.- RESULTADO DE INGRESOS LDF<\/a><\/td><\/tr><tr><td><a href=\"http:\/\/www.municipiomugica.com\/Ley_Dis_Fin\/2025\/3er_Trim\/VII\/8.-%20RESULTADO%20DE%20EGRESOS%20LDF.pdf\">8.- RESULTADO DE EGRESOS LDF<\/a><\/td><\/tr><\/tbody><\/table><\/figure>\n\n\n\n<p>FRACC VIII INFORMACI\u00d3N COMPLEMENTARIA DE ASM<\/p>\n\n\n\n<figure class=\"wp-block-table is-style-stripes\"><table class=\"has-fixed-layout\"><tbody><tr><td><a href=\"http:\/\/www.municipiomugica.com\/Ley_Dis_Fin\/2025\/3er_Trim\/VIII\/1.-%20ESTADOS%20DE%20CUENTA%2C%20CONCILIACIONES%20Y%20ANAL%C3%8DTICO%20MENSUAL.pdf\">1.- ESTADOS DE CUENTA, CONCILIACIONES Y ANAL\u00cdTICO MENSUAL <\/a><\/td><\/tr><tr><td><a href=\"http:\/\/www.municipiomugica.com\/Ley_Dis_Fin\/2025\/3er_Trim\/VIII\/1.-%20ESTADOS%20DE%20CUENTA%2C%20CONCILIACIONES%20Y%20ANAL%C3%8DTICO%20MENSUAL%202.pdf\">1.- ESTADOS DE CUENTA, CONCILIACIONES Y ANAL\u00cdTICO MENSUAL 2<\/a><\/td><\/tr><tr><td><a href=\"http:\/\/www.municipiomugica.com\/Ley_Dis_Fin\/2025\/3er_Trim\/VIII\/2.-%20BALANZA%20DE%20COMPROBACI%C3%93N.pdf\">2.- BALANZA DE COMPROBACI\u00d3N<\/a><\/td><\/tr><tr><td><a href=\"http:\/\/www.municipiomugica.com\/Ley_Dis_Fin\/2025\/3er_Trim\/VIII\/3.-%20ANEXO%20DE%20LA%20APLICACI%C3%93N%20DE%20LA%20DEUDA%20P%C3%9ABLICA.pdf\">3.- ANEXO DE LA APLICACI\u00d3N DE LA DEUDA P\u00daBLICA<\/a><\/td><\/tr><tr><td><a href=\"http:\/\/www.municipiomugica.com\/Ley_Dis_Fin\/2025\/3er_Trim\/VIII\/4.-%20ANEXO%202%20RELACI%C3%93N%20DE%20OBRAS%20EJECUTADAS.pdf\">4.- ANEXO 2 RELACI\u00d3N DE OBRAS EJECUTADAS<\/a><\/td><\/tr><tr><td><a href=\"http:\/\/www.municipiomugica.com\/Ley_Dis_Fin\/2025\/3er_Trim\/VIII\/5.-%20ANEXO%20VINCULACI%C3%93N%20DE%20OBJETIVOS.pdf\">5.- ANEXO VINCULACI\u00d3N DE OBJETIVOS<\/a><\/td><\/tr><tr><td><a href=\"http:\/\/www.municipiomugica.com\/Ley_Dis_Fin\/2025\/3er_Trim\/VIII\/6.-%20ANEXO%20AVANCE%20PROGRAM%C3%81TICO%20PRESUPUESTARIO.pdf\">6.- ANEXO AVANCE PROGRAM\u00c1TICO PRESUPUESTARIO<\/a><\/td><\/tr><\/tbody><\/table><\/figure>\n\n\n\n<p><\/p>\n","protected":false},"excerpt":{"rendered":"<p>FRACC I CAR\u00c1TULA CAR\u00c1TULA FRACC II \u00cdNDICE INDICE FRACC III ACTA DE SESI\u00d3N DE CABILDO ACTA DE SESI\u00d3N DE CABILDO DE APROBACI\u00d3N 1 ACTA DE SESI\u00d3N DE CABILDO DE APROBACI\u00d3N &#8230;<\/p>\n","protected":false},"author":1,"featured_media":0,"parent":0,"menu_order":0,"comment_status":"closed","ping_status":"closed","template":"","meta":{"om_disable_all_campaigns":false,"footnotes":""},"class_list":["post-5842","page","type-page","status-publish","hentry"],"aioseo_notices":[],"_links":{"self":[{"href":"https:\/\/municipiomugica.com\/index.php\/wp-json\/wp\/v2\/pages\/5842","targetHints":{"allow":["GET"]}}],"collection":[{"href":"https:\/\/municipiomugica.com\/index.php\/wp-json\/wp\/v2\/pages"}],"about":[{"href":"https:\/\/municipiomugica.com\/index.php\/wp-json\/wp\/v2\/types\/page"}],"author":[{"embeddable":true,"href":"https:\/\/municipiomugica.com\/index.php\/wp-json\/wp\/v2\/users\/1"}],"replies":[{"embeddable":true,"href":"https:\/\/municipiomugica.com\/index.php\/wp-json\/wp\/v2\/comments?post=5842"}],"version-history":[{"count":4,"href":"https:\/\/municipiomugica.com\/index.php\/wp-json\/wp\/v2\/pages\/5842\/revisions"}],"predecessor-version":[{"id":5865,"href":"https:\/\/municipiomugica.com\/index.php\/wp-json\/wp\/v2\/pages\/5842\/revisions\/5865"}],"wp:attachment":[{"href":"https:\/\/municipiomugica.com\/index.php\/wp-json\/wp\/v2\/media?parent=5842"}],"curies":[{"name":"wp","href":"https:\/\/api.w.org\/{rel}","templated":true}]}}