{"id":5867,"date":"2026-02-03T23:59:09","date_gmt":"2026-02-04T05:59:09","guid":{"rendered":"https:\/\/municipiomugica.com\/?page_id=5867"},"modified":"2026-02-10T18:21:30","modified_gmt":"2026-02-11T00:21:30","slug":"capamu-2025-3er-trimestre-2","status":"publish","type":"page","link":"https:\/\/municipiomugica.com\/index.php\/capamu-2025-3er-trimestre-2\/","title":{"rendered":"CAPAMU 2025 4TO TRIMESTRE"},"content":{"rendered":"\n<figure class=\"wp-block-table is-style-stripes\"><table class=\"has-fixed-layout\"><tbody><tr><td><a href=\"http:\/\/www.municipiomugica.com\/CAPAMU\/2025\/4to_Trim\/01%20CARATULA.pdf\" title=\"\">01 CARATULA<\/a><\/td><\/tr><tr><td><a href=\"http:\/\/www.municipiomugica.com\/CAPAMU\/2025\/4to_Trim\/02%20INDICE.pdf\" title=\"\">02 INDICE<\/a><\/td><\/tr><tr><td><a href=\"http:\/\/www.municipiomugica.com\/CAPAMU\/2025\/4to_Trim\/03%20ACTAS%20JUNTA%20DE%20CABILDO%20Y%20GOB.pdf\" title=\"\">03 ACTAS JUNTA DE CABILDO Y GOB<\/a><\/td><\/tr><tr><td><a href=\"http:\/\/www.municipiomugica.com\/CAPAMU\/2025\/4to_Trim\/04%20ESTADO%20DE%20ACTIVIDADES.pdf\" title=\"\">04 ESTADO DE ACTIVIDADES<\/a><\/td><\/tr><tr><td><a href=\"http:\/\/www.municipiomugica.com\/CAPAMU\/2025\/4to_Trim\/05%20ESTADO%20DE%20SITUACION%20FINANCIERA.pdf\" title=\"\">05 ESTADO DE SITUACION FINANCIERA<\/a><\/td><\/tr><tr><td><a href=\"http:\/\/www.municipiomugica.com\/CAPAMU\/2025\/4to_Trim\/06%20ESTADO%20DE%20VARIACI%C3%93N%20EN%20LA%20HACIENDA%20P%C3%9ABLICA.pdf\" title=\"\">06 ESTADO DE VARIACI\u00d3N EN LA HACIENDA P\u00daBLICA<\/a><\/td><\/tr><tr><td><a href=\"http:\/\/www.municipiomugica.com\/CAPAMU\/2025\/4to_Trim\/07%20ESTADO%20DE%20CAMBIOS%20EN%20LA%20SITUACION%20FINANCIERA.pdf\" title=\"\">07 ESTADO DE CAMBIOS EN LA SITUACION FINANCIERA<\/a><\/td><\/tr><tr><td><a href=\"http:\/\/www.municipiomugica.com\/CAPAMU\/2025\/4to_Trim\/08%20ESTADO%20DE%20FLUJOS%20DE%20EFECTIVO.pdf\" title=\"\">08 ESTADO DE FLUJOS DE EFECTIVO<\/a><\/td><\/tr><tr><td><a href=\"http:\/\/www.municipiomugica.com\/CAPAMU\/2025\/4to_Trim\/09%20NOTA%20A%20LOS%20ESTADOS%20FINANCIEROS.pdf\" title=\"\">09 NOTA A LOS ESTADOS FINANCIEROS<\/a><\/td><\/tr><tr><td><a href=\"http:\/\/www.municipiomugica.com\/CAPAMU\/2025\/4to_Trim\/10%20ESTADO%20ANALITICO%20DEL%20ACTIVO.pdf\" title=\"\">10 ESTADO ANALITICO DEL ACTIVO<\/a><\/td><\/tr><tr><td><a href=\"http:\/\/www.municipiomugica.com\/CAPAMU\/2025\/4to_Trim\/11%20ESTADO%20ANAL%C3%8DTICO%20DE%20INGRESOS%20Y%20CLASIFICACIONES.pdf\" title=\"\">11 ESTADO ANAL\u00cdTICO DE INGRESOS Y CLASIFICACIONES<\/a><\/td><\/tr><tr><td><a href=\"http:\/\/www.municipiomugica.com\/CAPAMU\/2025\/4to_Trim\/12%20ESTADO%20ANAL%C3%8DTICO%20DEL%20EJERCICIO%20DEL%20PRESUPUESTO%20DE%20EGRESOS%20ADMIS.pdf\" title=\"\">12 ESTADO ANAL\u00cdTICO DEL EJERCICIO DEL PRESUPUESTO DE EGRESOS ADMIS<\/a><\/td><\/tr><tr><td><a href=\"http:\/\/www.municipiomugica.com\/CAPAMU\/2025\/4to_Trim\/13%20ESTADO%20ANAL%C3%8DTICO%20DEL%20EJERCICIO%20DEL%20PRESUPUESTO%20DE%20EGRESOS%20ADMI.pdf\" title=\"\">13 ESTADO ANAL\u00cdTICO DEL EJERCICIO DEL PRESUPUESTO DE EGRESOS ADMI<\/a><\/td><\/tr><tr><td><a href=\"http:\/\/www.municipiomugica.com\/CAPAMU\/2025\/4to_Trim\/14%20ESTADO%20ANAL%C3%8DTICO%20DEL%20EJERCICIO%20DEL%20PRESUPUESTO%20DE%20EGRESOS%20ADM.pdf\" title=\"\">14 ESTADO ANAL\u00cdTICO DEL EJERCICIO DEL PRESUPUESTO DE EGRESOS ADM<\/a><\/td><\/tr><tr><td><a href=\"http:\/\/www.municipiomugica.com\/CAPAMU\/2025\/4to_Trim\/15%20ESTADO%20ANAL%C3%8DTICO%20DEL%20EJERCICIO%20DEL%20PRESUPUESTO%20DE%20EGRESOS%20CLAS%20ECON%20POR%20TIPO%20DE%20GTO.pdf\" title=\"\">15 ESTADO ANAL\u00cdTICO DEL EJERCICIO DEL PRESUPUESTO DE EGRESOS CLAS ECON POR TIPO DE GTO<\/a><\/td><\/tr><tr><td><a href=\"http:\/\/www.municipiomugica.com\/CAPAMU\/2025\/4to_Trim\/16%20ESTADO%20ANALITICO%20DEL%20EJERCICIO%20DEL%20PRESUPUESTO%20DE%20EGRESOS%20CLAS%20POR%20OBJ%20DEL%20GTOS%20CAP%20Y%20CONC.pdf\" title=\"\">16 ESTADO ANALITICO DEL EJERCICIO DEL PRESUPUESTO DE EGRESOS CLAS POR OBJ DEL GTOS CAP Y CONC<\/a><\/td><\/tr><tr><td><a href=\"http:\/\/www.municipiomugica.com\/CAPAMU\/2025\/4to_Trim\/17%20ESTADO%20ANAL%C3%8DTICO%20DEL%20EJERCICIO%20DEL%20PRESUPUESTO%20DE%20EGRESOS%20CLAS%20FUN%20FIN%20Y%20FUN.pdf\" title=\"\">17 ESTADO ANAL\u00cdTICO DEL EJERCICIO DEL PRESUPUESTO DE EGRESOS CLAS FUN FIN Y FUN<\/a><\/td><\/tr><tr><td><a href=\"http:\/\/www.municipiomugica.com\/CAPAMU\/2025\/4to_Trim\/18%20FORMATO%20DEL%20EJERCICIO%20Y%20DESTINO%20DEL%20GASTO%20FEDERALIZADO%20Y%20REINTEGROS.pdf\" title=\"\">18 FORMATO DEL EJERCICIO Y DESTINO DEL GASTO FEDERALIZADO Y REINTEGROS<\/a><\/td><\/tr><tr><td><a href=\"http:\/\/www.municipiomugica.com\/CAPAMU\/2025\/4to_Trim\/19%20CONCILIACI%C3%93N%20ENTRE%20LOS%20INGRESOS%20PRESUPUESTARIOS%20Y%20CONTABLES.pdf\" title=\"\">19 CONCILIACI\u00d3N ENTRE LOS INGRESOS PRESUPUESTARIOS Y CONTABLES<\/a><\/td><\/tr><tr><td><a href=\"http:\/\/www.municipiomugica.com\/CAPAMU\/2025\/4to_Trim\/20%20CONCILIACI%C3%93N%20ENTRE%20LOS%20EGRESOS%20PRESUPUESTARIOS%20Y%20LOS%20GASTOS%20CONTABLES.pdf\" title=\"\">20 CONCILIACI\u00d3N ENTRE LOS EGRESOS PRESUPUESTARIOS Y LOS GASTOS CONTABLES<\/a><\/td><\/tr><tr><td><a href=\"http:\/\/www.municipiomugica.com\/CAPAMU\/2025\/4to_Trim\/21%20ESTADO%20DE%20SITUACION%20FINANCIERA%20DETALLADO%20-%20LDF.pdf\" title=\"\">21 ESTADO DE SITUACION FINANCIERA DETALLADO &#8211; LDF<\/a><\/td><\/tr><tr><td><a href=\"http:\/\/www.municipiomugica.com\/CAPAMU\/2025\/4to_Trim\/22%20ESTADO%20ANAL%C3%8DTICO%20DE%20LA%20DEUDA%20Y%20OTROS%20PASIVOS.pdf\" title=\"\">22 ESTADO ANAL\u00cdTICO DE LA DEUDA Y OTROS PASIVOS<\/a><\/td><\/tr><tr><td><a href=\"http:\/\/www.municipiomugica.com\/CAPAMU\/2025\/4to_Trim\/23%20Informe%20Anal%C3%ADtico%20de%20Obligaciones%20Diferentes%20de%20Financiamientos%20LDF.pdf\" title=\"\">23 Informe Anal\u00edtico de Obligaciones Diferentes de Financiamientos LDF<\/a><\/td><\/tr><tr><td><a href=\"http:\/\/www.municipiomugica.com\/CAPAMU\/2025\/4to_Trim\/24%20BALANCE%20PRESUPUESTARIO%20-%20LDF.pdf\" title=\"\">24 BALANCE PRESUPUESTARIO &#8211; LDF<\/a><\/td><\/tr><tr><td><a href=\"http:\/\/www.municipiomugica.com\/CAPAMU\/2025\/4to_Trim\/25%20ESTADO%20ANAL%C3%8DTICO%20DE%20INGRESOS%20DETALLADO%20-%20LDF.pdf\" title=\"\">25 ESTADO ANAL\u00cdTICO DE INGRESOS DETALLADO &#8211; LDF<\/a><\/td><\/tr><tr><td><a href=\"http:\/\/www.municipiomugica.com\/CAPAMU\/2025\/4to_Trim\/26%20ESTADO%20ANAL%C3%8DTICO%20DEL%20EJERCICIO%20DEL%20PRESUPUESTO%20DE%20EGRESOS%20DETALLADO%20POR%20OBJ%20DEL%20GTO-%20LDF.pdf\" title=\"\">26 ESTADO ANAL\u00cdTICO DEL EJERCICIO DEL PRESUPUESTO DE EGRESOS DETALLADO POR OBJ DEL GTO- LDF<\/a><\/td><\/tr><tr><td><a href=\"http:\/\/www.municipiomugica.com\/CAPAMU\/2025\/4to_Trim\/27%20ESTADO%20ANAL%C3%8DTICO%20DEL%20EJERCICIO%20DEL%20PRESUPUESTO%20DE%20EGRESOS%20DETALLADO%20CLAS%20ADM%20-%20LDF.pdf\" title=\"\">27 ESTADO ANAL\u00cdTICO DEL EJERCICIO DEL PRESUPUESTO DE EGRESOS DETALLADO CLAS ADM &#8211; LDF<\/a><\/td><\/tr><tr><td><a href=\"http:\/\/v\" title=\"\">28 ESTADO ANAL\u00cdTICO DEL EJERCICIO DEL PRESUPUESTO DE EGRESOS DETALLADO CLAS FUN- LDF<\/a><\/td><\/tr><tr><td><a href=\"http:\/\/v\" title=\"\">29 ESTADO ANAL\u00cdTICO DEL EJERCICIO DEL PRESUPUESTO DE EGRESOS DETALLADO CLAS DE SERV PERSO POR CATE- LDF<\/a><\/td><\/tr><tr><td><a href=\"http:\/\/www.municipiomugica.com\/CAPAMU\/2025\/4to_Trim\/30%20PROYECCIONES%20DE%20INGRESOS%20-%20LDF.pdf\" title=\"\">30 PROYECCIONES DE INGRESOS &#8211; LDF<\/a><\/td><\/tr><tr><td><a href=\"http:\/\/www.municipiomugica.com\/CAPAMU\/2025\/4to_Trim\/31%20PROYECCIONES%20DE%20EGRESOS%20-%20LDF.pdf\" title=\"\">31 PROYECCIONES DE EGRESOS &#8211; LDF<\/a><\/td><\/tr><tr><td><a href=\"http:\/\/www.municipiomugica.com\/CAPAMU\/2025\/4to_Trim\/32%20RESULTADOS%20DE%20INGRESOS%20-%20LDF.pdf\" title=\"\">32 RESULTADOS DE INGRESOS &#8211; LDF<\/a><\/td><\/tr><tr><td><a href=\"http:\/\/www.municipiomugica.com\/CAPAMU\/2025\/4to_Trim\/33%20RESULTADOS%20DE%20EGRESOS%20-%20LDF.pdf\" title=\"\">33 RESULTADOS DE EGRESOS &#8211; LDF<\/a><\/td><\/tr><tr><td><a href=\"http:\/\/www.municipiomugica.com\/CAPAMU\/2025\/4to_Trim\/34%20ANAL%C3%8DTICOS%20MENSUALES%2C%20CONCILIACION%20Y%20EDO%20CTAS%20OCTUBRE%202025.pdf\" title=\"\">34 ANAL\u00cdTICOS MENSUALES, CONCILIACION Y EDO CTAS OCTUBRE 2025<\/a><\/td><\/tr><tr><td><a href=\"http:\/\/www.municipiomugica.com\/CAPAMU\/2025\/4to_Trim\/35%20ANAL%C3%8DTICOS%20MENSUALES%2C%20CONCILIACION%20Y%20EDO%20CTAS%20NOVIEMBRE%202025.pdf\" title=\"\">35 ANAL\u00cdTICOS MENSUALES, CONCILIACION Y EDO CTAS NOVIEMBRE 2025<\/a><\/td><\/tr><tr><td><a href=\"http:\/\/www.municipiomugica.com\/CAPAMU\/2025\/4to_Trim\/36%20ANAL%C3%8DTICOS%20MENSUALES%2C%20CONCILIACION%20Y%20EDO%20CTAS%20DICIEMBRE%202025.pdf\" title=\"\">36 ANAL\u00cdTICOS MENSUALES, CONCILIACION Y EDO CTAS DICIEMBRE 2025<\/a><\/td><\/tr><tr><td><a href=\"http:\/\/www.municipiomugica.com\/CAPAMU\/2025\/4to_Trim\/37%20BALANZA%20DE%20COMPROBACION.pdf\" title=\"\">37 BALANZA DE COMPROBACION<\/a><\/td><\/tr><tr><td><a href=\"http:\/\/www.municipiomugica.com\/CAPAMU\/2025\/4to_Trim\/38%20ANEXO%201%20REPORTE%20DE%20LA%20APLICACI%C3%93N%20DE%20LA%20DEUDA%20P%C3%9ABLICA%20ADQUIRIDA%20PARA%20INVERSIONES%20P%C3%9ABLICAS%20PRODUCTIVAS.pdf\" title=\"\">38 ANEXO 1 REPORTE DE LA APLICACI\u00d3N DE LA DEUDA P\u00daBLICA ADQUIRIDA PARA INVERSIONES P\u00daBLICAS PRODUCTIVAS<\/a><\/td><\/tr><tr><td><a href=\"http:\/\/www.municipiomugica.com\/CAPAMU\/2025\/4to_Trim\/39%20ANEXO%202%20-%20RELACI%C3%93N%20DE%20OBRAS%20EJECUTADAS.pdf\" title=\"\">39 ANEXO 2 &#8211; RELACI\u00d3N DE OBRAS EJECUTADAS<\/a><\/td><\/tr><tr><td><a href=\"http:\/\/v\" title=\"\">40 ANEXO 3 VINCULACION DE OBJETIVOS<\/a><\/td><\/tr><tr><td><a href=\"http:\/\/www.municipiomugica.com\/CAPAMU\/2025\/4to_Trim\/41%20ANEXO%204%20INFORME%20DE%20AVANCE%20PROGRAMATICO%20PRESUPUESTARIO.pdf\" title=\"\">41 ANEXO 4 INFORME DE AVANCE PROGRAMATICO PRESUPUESTARIO<\/a><\/td><\/tr><tr><td><a href=\"http:\/\/www.municipiomugica.com\/CAPAMU\/2025\/4to_Trim\/42%20GASTOS%20POR%20CATEGORIA%20PROGRAMATICA.pdf\" title=\"\">42 GASTOS POR CATEGORIA PROGRAMATICA<\/a><\/td><\/tr><tr><td><a href=\"http:\/\/www.municipiomugica.com\/CAPAMU\/2025\/4to_Trim\/43%20MONTOS%20PAGADOS%20POR%20AYUDAS%20Y%20SUBSIDIOS.pdf\" title=\"\">43 MONTOS PAGADOS POR AYUDAS Y SUBSIDIOS<\/a><\/td><\/tr><tr><td><a href=\"http:\/\/www.municipiomugica.com\/CAPAMU\/2025\/4to_Trim\/44 INVENTARIO BIENES MUEBLES E INMUEBLES.pdf\" title=\"\">44 INVENTARIO BIENES MUEBLES E INMUEBLES<\/a><\/td><\/tr><\/tbody><\/table><\/figure>\n","protected":false},"excerpt":{"rendered":"<p>01 CARATULA 02 INDICE 03 ACTAS JUNTA DE CABILDO Y GOB 04 ESTADO DE ACTIVIDADES 05 ESTADO DE SITUACION FINANCIERA 06 ESTADO DE VARIACI\u00d3N EN LA HACIENDA P\u00daBLICA 07 ESTADO &#8230;<\/p>\n","protected":false},"author":1,"featured_media":0,"parent":0,"menu_order":0,"comment_status":"closed","ping_status":"closed","template":"","meta":{"om_disable_all_campaigns":false,"footnotes":""},"class_list":["post-5867","page","type-page","status-publish","hentry"],"aioseo_notices":[],"_links":{"self":[{"href":"https:\/\/municipiomugica.com\/index.php\/wp-json\/wp\/v2\/pages\/5867","targetHints":{"allow":["GET"]}}],"collection":[{"href":"https:\/\/municipiomugica.com\/index.php\/wp-json\/wp\/v2\/pages"}],"about":[{"href":"https:\/\/municipiomugica.com\/index.php\/wp-json\/wp\/v2\/types\/page"}],"author":[{"embeddable":true,"href":"https:\/\/municipiomugica.com\/index.php\/wp-json\/wp\/v2\/users\/1"}],"replies":[{"embeddable":true,"href":"https:\/\/municipiomugica.com\/index.php\/wp-json\/wp\/v2\/comments?post=5867"}],"version-history":[{"count":5,"href":"https:\/\/municipiomugica.com\/index.php\/wp-json\/wp\/v2\/pages\/5867\/revisions"}],"predecessor-version":[{"id":5901,"href":"https:\/\/municipiomugica.com\/index.php\/wp-json\/wp\/v2\/pages\/5867\/revisions\/5901"}],"wp:attachment":[{"href":"https:\/\/municipiomugica.com\/index.php\/wp-json\/wp\/v2\/media?parent=5867"}],"curies":[{"name":"wp","href":"https:\/\/api.w.org\/{rel}","templated":true}]}}