{"id":5874,"date":"2026-02-04T22:41:14","date_gmt":"2026-02-05T04:41:14","guid":{"rendered":"https:\/\/municipiomugica.com\/?page_id=5874"},"modified":"2026-02-04T22:49:34","modified_gmt":"2026-02-05T04:49:34","slug":"4to-informe-trimestral-2025","status":"publish","type":"page","link":"https:\/\/municipiomugica.com\/index.php\/4to-informe-trimestral-2025\/","title":{"rendered":"4TO INFORME TRIMESTRAL 2025"},"content":{"rendered":"\n<p>I<\/p>\n\n\n\n<figure class=\"wp-block-table is-style-stripes\"><table class=\"has-fixed-layout\"><tbody><tr><td><a href=\"http:\/\/www.municipiomugica.com\/Ley_Dis_Fin\/2025\/4to_Trim\/I\/CAR%C3%81TULA.pdf\" title=\"\">CAR\u00c1TULA<\/a><\/td><\/tr><\/tbody><\/table><\/figure>\n\n\n\n<p>II<\/p>\n\n\n\n<figure class=\"wp-block-table is-style-stripes\"><table class=\"has-fixed-layout\"><tbody><tr><td><a href=\"http:\/\/www.municipiomugica.com\/Ley_Dis_Fin\/2025\/4to_Trim\/II\/%C3%8DNDICE.pdf\" title=\"\">\u00cdNDICE<\/a><\/td><\/tr><\/tbody><\/table><\/figure>\n\n\n\n<p>III<\/p>\n\n\n\n<figure class=\"wp-block-table is-style-stripes\"><table class=\"has-fixed-layout\"><tbody><tr><td><a href=\"http:\/\/www.municipiomugica.com\/Ley_Dis_Fin\/2025\/4to_Trim\/III\/ACTA%20SESI%C3%93N%20DE%20CABILDO%204TO%20TRIMESTRAL%202025.pdf\" title=\"\">ACTA SESI\u00d3N DE CABILDO 4TO TRIMESTRAL 2025<\/a><\/td><\/tr><\/tbody><\/table><\/figure>\n\n\n\n<p>IV<\/p>\n\n\n\n<figure class=\"wp-block-table is-style-stripes\"><table class=\"has-fixed-layout\"><tbody><tr><td><a href=\"http:\/\/www.municipiomugica.com\/Ley_Dis_Fin\/2025\/4to_Trim\/IV\/1.-%20ESTADO%20DE%20ACTIVIDADES.pdf\" title=\"\">1.- ESTADO DE ACTIVIDADES<\/a><\/td><\/tr><tr><td><a href=\"http:\/\/www.municipiomugica.com\/Ley_Dis_Fin\/2025\/4to_Trim\/IV\/2.-%20ESTADO%20DE%20SITUACI%C3%93N%20FINANCIERA.pdf\" title=\"\">2.- ESTADO DE SITUACI\u00d3N FINANCIERA<\/a><\/td><\/tr><tr><td><a href=\"http:\/\/www.municipiomugica.com\/Ley_Dis_Fin\/2025\/4to_Trim\/IV\/3.-%20ESTADO%20DE%20VARIACI%C3%93N%20EN%20LA%20HACIENDA%20P%C3%9ABLICA.pdf\" title=\"\">3.- ESTADO DE VARIACI\u00d3N EN LA HACIENDA P\u00daBLICA<\/a><\/td><\/tr><tr><td><a href=\"http:\/\/www.municipiomugica.com\/Ley_Dis_Fin\/2025\/4to_Trim\/IV\/4.-%20ESTADO%20DE%20CAMBIOS%20EN%20LA%20SITUACI%C3%93N%20FINANCIERA.pdf\" title=\"\">4.- ESTADO DE CAMBIOS EN LA SITUACI\u00d3N FINANCIERA<\/a><\/td><\/tr><tr><td><a href=\"http:\/\/www.municipiomugica.com\/Ley_Dis_Fin\/2025\/4to_Trim\/IV\/5.-%20ESTADO%20DE%20FLUJOS%20DE%20EFECTIVO.pdf\" title=\"\">5.- ESTADO DE FLUJOS DE EFECTIVO<\/a><\/td><\/tr><tr><td><a href=\"http:\/\/www.municipiomugica.com\/Ley_Dis_Fin\/2025\/4to_Trim\/IV\/6.-%20NOTAS%20A%20LOS%20ESTADOS%20FINANCIEROS%20AL%2031%20DE%20DICIEMBRE%20DE%202025.pdf\" title=\"\">6.- NOTAS A LOS ESTADOS FINANCIEROS AL 31 DE DICIEMBRE DE 2025<\/a><\/td><\/tr><tr><td><a href=\"http:\/\/www.municipiomugica.com\/Ley_Dis_Fin\/2025\/4to_Trim\/IV\/7.-%20ESTADO%20ANAL%C3%8DTICO%20DEL%20ACTIVO.pdf\" title=\"\">7.- ESTADO ANAL\u00cdTICO DEL ACTIVO<\/a><\/td><\/tr><\/tbody><\/table><\/figure>\n\n\n\n<p>V<\/p>\n\n\n\n<figure class=\"wp-block-table is-style-stripes\"><table class=\"has-fixed-layout\"><tbody><tr><td><a href=\"http:\/\/www.municipiomugica.com\/Ley_Dis_Fin\/2025\/4to_Trim\/V\/A%29%20ESTADO%20ANAL%C3%8DTICO%20DE%20INGRESOS.pdf\" title=\"\">A) ESTADO ANAL\u00cdTICO DE INGRESOS<\/a><\/td><\/tr><tr><td><a href=\"http:\/\/www.municipiomugica.com\/Ley_Dis_Fin\/2025\/4to_Trim\/V\/B%29%20ESTADO%20ANAL%C3%8DTICO%20DEL%20EJERC%20DEL%20PRESUP%20DE%20EGRESOS%20CLASIF%20ADMINISTRATIVA.pdf\" title=\"\">B) ESTADO ANAL\u00cdTICO DEL EJERC DEL PRESUP DE EGRESOS CLASIF ADMINISTRATIVA<\/a><\/td><\/tr><tr><td><a href=\"http:\/\/www.municipiomugica.com\/Ley_Dis_Fin\/2025\/4to_Trim\/V\/B%29%20ESTADO%20ANAL%C3%8DTICO%20DEL%20EJERC%20DEL%20PRESUP%20DE%20EGRESOS%20CLASIF%20ECON%C3%93MICA.pdf\" title=\"\">B) ESTADO ANAL\u00cdTICO DEL EJERC DEL PRESUP DE EGRESOS CLASIF ECON\u00d3MICA<\/a><\/td><\/tr><tr><td><a href=\"http:\/\/www.municipiomugica.com\/Ley_Dis_Fin\/2025\/4to_Trim\/V\/B%29%20ESTADO%20ANAL%C3%8DTICO%20DEL%20EJERC%20DEL%20PRESUP%20DE%20EGRESOS%20CLASIF%20FUNCIONAL.pdf\" title=\"\">B) ESTADO ANAL\u00cdTICO DEL EJERC DEL PRESUP DE EGRESOS CLASIF FUNCIONAL<\/a><\/td><\/tr><tr><td><a href=\"http:\/\/www.municipiomugica.com\/Ley_Dis_Fin\/2025\/4to_Trim\/V\/B%29%20ESTADO%20ANAL%C3%8DTICO%20DEL%20EJERC%20DEL%20PRESUP%20DE%20EGRESOS%20CLASIF%20POR%20OBJETO%20DEL%20GASTO.pdf\" title=\"\">B) ESTADO ANAL\u00cdTICO DEL EJERC DEL PRESUP DE EGRESOS CLASIF POR OBJETO DEL GASTO<\/a><\/td><\/tr><tr><td><a href=\"http:\/\/www.municipiomugica.com\/Ley_Dis_Fin\/2025\/4to_Trim\/V\/B%29%20ESTADO%20ANAL%C3%8DTICO%20DEL%20EJERC%20DEL%20PRESUP%20DE%20EGRESOS%20CLASIF%20PROGRAM%C3%81TICA.pdf\" title=\"\">B) ESTADO ANAL\u00cdTICO DEL EJERC DEL PRESUP DE EGRESOS CLASIF PROGRAM\u00c1TICA<\/a><\/td><\/tr><\/tbody><\/table><\/figure>\n\n\n\n<p>VI<\/p>\n\n\n\n<figure class=\"wp-block-table is-style-stripes\"><table class=\"has-fixed-layout\"><tbody><tr><td><a href=\"http:\/\/www.municipiomugica.com\/Ley_Dis_Fin\/2025\/4to_Trim\/VI\/A%29%20NORMA%20PARA%20ESTABLECER%20ESTRUCTURA%20DE%20LA%20INFORMACI%C3%93N%20DEL%20FORMATO%20DEL%20EJERCICIO%20Y%20DESTINO%20DEL%20GASTO%20FEDERALIZADO%20Y%20REINTEGROS.pdf\" title=\"\">A) NORMA PARA ESTABLECER ESTRUCTURA DE LA INFORMACI\u00d3N DEL FORMATO DEL EJERCICIO Y DESTINO DEL GASTO FEDERALIZADO Y REINTEGROS<\/a><\/td><\/tr><tr><td><a href=\"http:\/\/www.municipiomugica.com\/Ley_Dis_Fin\/2025\/4to_Trim\/VI\/B%29%20CONCILIACI%C3%93N%20DE%20INGRESOS%20CONTABLES%20Y%20PRESUPUESTARIOS.pdf\" title=\"\">B) CONCILIACI\u00d3N DE INGRESOS CONTABLES Y PRESUPUESTARIOS<\/a><\/td><\/tr><tr><td><a href=\"http:\/\/www.municipiomugica.com\/Ley_Dis_Fin\/2025\/4to_Trim\/VI\/C%29%20CONCILIACI%C3%93N%20ENTRE%20LOS%20EGRESOS%20PRESUPUESTARIOS%20Y%20GASTOS%20CONTABLES.pdf\" title=\"\">C) CONCILIACI\u00d3N ENTRE LOS EGRESOS PRESUPUESTARIOS Y GASTOS CONTABLES<\/a><\/td><\/tr><\/tbody><\/table><\/figure>\n\n\n\n<p>VII<\/p>\n\n\n\n<figure class=\"wp-block-table is-style-stripes\"><table class=\"has-fixed-layout\"><tbody><tr><td><a href=\"http:\/\/www.municipiomugica.com\/Ley_Dis_Fin\/2025\/4to_Trim\/VII\/1.-%20ESTADO%20DE%20SITUACI%C3%93N%20FINANCIERA%20DETALLADO.pdf\" title=\"\">1.- ESTADO DE SITUACI\u00d3N FINANCIERA DETALLADO<\/a><\/td><\/tr><tr><td><a href=\"http:\/\/V\" title=\"\">2.- INFORME ANAL\u00cdTICO DE LA DEUDA P\u00daBLICA Y OTROS PASIVOS<\/a><\/td><\/tr><tr><td><a href=\"http:\/\/www.municipiomugica.com\/Ley_Dis_Fin\/2025\/4to_Trim\/VII\/3.-%20INFORME%20ANAL%C3%8DTICO%20DE%20OBLIGACIONES%20DIFERENTES%20DE%20FINANCIAMIENTOS.pdf\" title=\"\">3.- INFORME ANAL\u00cdTICO DE OBLIGACIONES DIFERENTES DE FINANCIAMIENTOS<\/a><\/td><\/tr><tr><td><a href=\"http:\/\/www.municipiomugica.com\/Ley_Dis_Fin\/2025\/4to_Trim\/VII\/4.-%20BALANCE%20PRESUPUESTARIO.pdf\" title=\"\">4.- BALANCE PRESUPUESTARIO<\/a><\/td><\/tr><tr><td><a href=\"http:\/\/www.municipiomugica.com\/Ley_Dis_Fin\/2025\/4to_Trim\/VII\/5.-%20ESTADO%20ANAL%C3%8DTICO%20DE%20INGRESOS%20DETALLADO.pdf\" title=\"\">5.- ESTADO ANAL\u00cdTICO DE INGRESOS DETALLADO<\/a><\/td><\/tr><tr><td><a href=\"http:\/\/www.municipiomugica.com\/Ley_Dis_Fin\/2025\/4to_Trim\/VII\/6.-%20ESTADO%20ANAL%C3%8DTICO%20DEL%20EJERC%20DEL%20PRESUP%20DE%20EGRESOS%20CLASIF%20ADMINISTRATIVA%20LDF.pdf\" title=\"\">6.- ESTADO ANAL\u00cdTICO DEL EJERC DEL PRESUP DE EGRESOS CLASIF ADMINISTRATIVA LDF<\/a><\/td><\/tr><tr><td><a href=\"http:\/\/www.municipiomugica.com\/Ley_Dis_Fin\/2025\/4to_Trim\/VII\/6.-%20ESTADO%20ANAL%C3%8DTICO%20DEL%20EJERC%20DEL%20PRESUP%20DE%20EGRESOS%20CLASIF%20FUNCIONAL%20LDF.pdf\" title=\"\">6.- ESTADO ANAL\u00cdTICO DEL EJERC DEL PRESUP DE EGRESOS CLASIF FUNCIONAL LDF<\/a><\/td><\/tr><tr><td><a href=\"http:\/\/www.municipiomugica.com\/Ley_Dis_Fin\/2025\/4to_Trim\/VII\/6.-%20ESTADO%20ANAL%C3%8DTICO%20DEL%20EJERC%20DEL%20PRESUP%20DE%20EGRESOS%20CLASIF%20OBJETO%20DE%20GASTO%20LDF.pdf\" title=\"\">6.- ESTADO ANAL\u00cdTICO DEL EJERC DEL PRESUP DE EGRESOS CLASIF OBJETO DE GASTO LDF<\/a><\/td><\/tr><tr><td><a href=\"http:\/\/www.municipiomugica.com\/Ley_Dis_Fin\/2025\/4to_Trim\/VII\/6.-%20ESTADO%20ANAL%C3%8DTICO%20DEL%20EJERC%20DEL%20PRESUP%20DE%20EGRESOS%20CLASIF%20SERVICIOS%20PERSONALES%20LDF.pdf\" title=\"\">6.- ESTADO ANAL\u00cdTICO DEL EJERC DEL PRESUP DE EGRESOS CLASIF SERVICIOS PERSONALES LDF<\/a><\/td><\/tr><tr><td><a href=\"http:\/\/www.municipiomugica.com\/Ley_Dis_Fin\/2025\/4to_Trim\/VII\/7.-%20RESULTADO%20D%20EINGRESOS.pdf\" title=\"\">7.- RESULTADO DE EINGRESOS<\/a><\/td><\/tr><tr><td><a href=\"http:\/\/www.municipiomugica.com\/Ley_Dis_Fin\/2025\/4to_Trim\/VII\/7.-%20RESULTADO%20DE%20EGRESOS.pdf\" title=\"\">7.- RESULTADO DE EGRESOS<\/a><\/td><\/tr><tr><td><a href=\"http:\/\/www.municipiomugica.com\/Ley_Dis_Fin\/2025\/4to_Trim\/VII\/7.-PROYECCI%C3%93N%20DE%20EGRESOS.pdf\" title=\"\">7.-PROYECCI\u00d3N DE EGRESOS<\/a><\/td><\/tr><tr><td><a href=\"http:\/\/www.municipiomugica.com\/Ley_Dis_Fin\/2025\/4to_Trim\/VII\/7.-PROYECCI%C3%93N%20DE%20INGRESOS.pdf\" title=\"\">7.-PROYECCI\u00d3N DE INGRESOS<\/a><\/td><\/tr><\/tbody><\/table><\/figure>\n\n\n\n<p>VII<\/p>\n\n\n\n<figure class=\"wp-block-table is-style-stripes\"><table class=\"has-fixed-layout\"><tbody><tr><td><a href=\"http:\/\/www.municipiomugica.com\/Ley_Dis_Fin\/2025\/4to_Trim\/VIII\/1.-%20ESTADOS%20DE%20CUENTA%20CONCILIACIONES%20BANCARIAS%20Y%20ANAL%C3%8DTICOS%20MENSUALES.pdf\" title=\"\">1.- ESTADOS DE CUENTA CONCILIACIONES BANCARIAS Y ANAL\u00cdTICOS MENSUALES <\/a><\/td><\/tr><tr><td><a href=\"http:\/\/www.municipiomugica.com\/Ley_Dis_Fin\/2025\/4to_Trim\/VIII\/1.-%20ESTADOS%20DE%20CUENTA%20CONCILIACIONES%20BANCARIAS%20Y%20ANAL%C3%8DTICOS%20MENSUALES%202.pdf\" title=\"\">1.- ESTADOS DE CUENTA CONCILIACIONES BANCARIAS Y ANAL\u00cdTICOS MENSUALES 2<\/a><\/td><\/tr><tr><td><a href=\"http:\/\/www.municipiomugica.com\/Ley_Dis_Fin\/2025\/4to_Trim\/VIII\/2.-%20BALANZA%20DE%20COMPROBACI%C3%93N.pdf\" title=\"\">2.- BALANZA DE COMPROBACI\u00d3N<\/a><\/td><\/tr><tr><td><a href=\"http:\/\/www.municipiomugica.com\/Ley_Dis_Fin\/2025\/4to_Trim\/VIII\/3.-%20ANEXO%201%20REPORTE%20DE%20LA%20DEUDA%20P%C3%9ABLICA%20ADQUIRIDA%20PARA%20INVERSIONES%20P%C3%9ABLICAS%20PRODUCTIVAS.pdf\" title=\"\">3.- ANEXO 1 REPORTE DE LA DEUDA P\u00daBLICA ADQUIRIDA PARA INVERSIONES P\u00daBLICAS PRODUCTIVAS<\/a><\/td><\/tr><tr><td><a href=\"http:\/\/www.municipiomugica.com\/Ley_Dis_Fin\/2025\/4to_Trim\/VIII\/3.-%20ANEXO%202-RELACION%20DE%20OBRAS%20EJECUTADAS.pdf\" title=\"\">3.- ANEXO 2-RELACION DE OBRAS EJECUTADAS<\/a><\/td><\/tr><tr><td><a href=\"http:\/\/www.municipiomugica.com\/Ley_Dis_Fin\/2025\/4to_Trim\/VIII\/3.-%20ANEXO%203%20VINCULACI%C3%93N%20DE%20OBJETIVOS.pdf\" title=\"\">3.- ANEXO 3 VINCULACI\u00d3N DE OBJETIVOS<\/a><\/td><\/tr><tr><td><a href=\"http:\/\/www.municipiomugica.com\/Ley_Dis_Fin\/2025\/4to_Trim\/VIII\/3.-%20ANEXO%204%20AVANCE%20PROGRAM%C3%81TICO.pdf\" title=\"\">3.- ANEXO 4 AVANCE PROGRAM\u00c1TICO<\/a><\/td><\/tr><\/tbody><\/table><\/figure>\n\n","protected":false},"excerpt":{"rendered":"<p>I CAR\u00c1TULA II \u00cdNDICE III ACTA SESI\u00d3N DE CABILDO 4TO TRIMESTRAL 2025 IV 1.- ESTADO DE ACTIVIDADES 2.- ESTADO DE SITUACI\u00d3N FINANCIERA 3.- ESTADO DE VARIACI\u00d3N EN LA HACIENDA P\u00daBLICA &#8230;<\/p>\n","protected":false},"author":1,"featured_media":0,"parent":0,"menu_order":0,"comment_status":"closed","ping_status":"closed","template":"","meta":{"om_disable_all_campaigns":false,"footnotes":""},"class_list":["post-5874","page","type-page","status-publish","hentry"],"aioseo_notices":[],"_links":{"self":[{"href":"https:\/\/municipiomugica.com\/index.php\/wp-json\/wp\/v2\/pages\/5874","targetHints":{"allow":["GET"]}}],"collection":[{"href":"https:\/\/municipiomugica.com\/index.php\/wp-json\/wp\/v2\/pages"}],"about":[{"href":"https:\/\/municipiomugica.com\/index.php\/wp-json\/wp\/v2\/types\/page"}],"author":[{"embeddable":true,"href":"https:\/\/municipiomugica.com\/index.php\/wp-json\/wp\/v2\/users\/1"}],"replies":[{"embeddable":true,"href":"https:\/\/municipiomugica.com\/index.php\/wp-json\/wp\/v2\/comments?post=5874"}],"version-history":[{"count":4,"href":"https:\/\/municipiomugica.com\/index.php\/wp-json\/wp\/v2\/pages\/5874\/revisions"}],"predecessor-version":[{"id":5880,"href":"https:\/\/municipiomugica.com\/index.php\/wp-json\/wp\/v2\/pages\/5874\/revisions\/5880"}],"wp:attachment":[{"href":"https:\/\/municipiomugica.com\/index.php\/wp-json\/wp\/v2\/media?parent=5874"}],"curies":[{"name":"wp","href":"https:\/\/api.w.org\/{rel}","templated":true}]}}