{"id":5888,"date":"2026-02-10T00:48:20","date_gmt":"2026-02-10T06:48:20","guid":{"rendered":"https:\/\/municipiomugica.com\/?page_id=5888"},"modified":"2026-02-10T00:51:30","modified_gmt":"2026-02-10T06:51:30","slug":"manual-de-contabilidad","status":"publish","type":"page","link":"https:\/\/municipiomugica.com\/index.php\/manual-de-contabilidad\/","title":{"rendered":"MANUAL DE CONTABILIDAD"},"content":{"rendered":"\n<figure class=\"wp-block-table is-style-stripes\"><table class=\"has-fixed-layout\"><tbody><tr><td><a href=\"http:\/\/www.municipiomugica.com\/Manual_Contabilidad\/00%20INTRODUCCI%C3%93N%20Definitivo.pdf\" title=\"\">00 INTRODUCCI\u00d3N<\/a><\/td><\/tr><tr><td><a href=\"http:\/\/www.municipiomugica.com\/Manual_Contabilidad\/01%20CAP%C3%8DTULO%20I%20FINALIDAD%20Definitivo.pdf\" title=\"\">01 CAP\u00cdTULO I FINALIDAD <\/a><\/td><\/tr><tr><td><a href=\"http:\/\/www.municipiomugica.com\/Manual_Contabilidad\/02%20CAP%C3%8DTULO%20II%20MARCO%20JUR%C3%8DDICO%20Definitivo.pdf\" title=\"\">02 CAP\u00cdTULO II MARCO JUR\u00cdDICO<\/a><\/td><\/tr><tr><td><a href=\"http:\/\/www.municipiomugica.com\/Manual_Contabilidad\/03%20CAP%C3%8DTULO%20III%20POL%C3%8DTICAS%20CONTABLE%20Definitivo.pdf\" title=\"\">03 CAP\u00cdTULO III POL\u00cdTICAS CONTABLE <\/a><\/td><\/tr><tr><td><a href=\"http:\/\/www.municipiomugica.com\/Manual_Contabilidad\/04%20CAP%C3%8DTULO%20IV%20LISTA%20DE%20CUENTAS%20Definitivo.pdf\" title=\"\">04 CAP\u00cdTULO IV LISTA DE CUENTAS<\/a><\/td><\/tr><tr><td><a href=\"http:\/\/www.municipiomugica.com\/Manual_Contabilidad\/05%20CAPITULO%20V%20INSTRUCTIVO%20DE%20CUENTAS%20Definitivo.pdf\" title=\"\">05 CAPITULO V INSTRUCTIVO DE CUENTAS<\/a><\/td><\/tr><tr><td><a href=\"http:\/\/v\" title=\"\">06 CAP\u00cdTULO VI MODELO DE ASIENTOS<\/a><\/td><\/tr><tr><td><a href=\"http:\/\/www.municipiomugica.com\/Manual_Contabilidad\/07%20CAPITULO%20VII%20GUIAS%20CONTABILIZADORAS%20%20Definitivo.pdf\" title=\"\">07 CAPITULO VII GUIAS CONTABILIZADORAS<\/a><\/td><\/tr><tr><td><a href=\"http:\/\/www.municipiomugica.com\/Manual_Contabilidad\/08%20CAP%C3%8DTULO%20VIII%20ESTADOS%20FINANCIEROS%20Definitivo.pdf\" title=\"\">08 CAP\u00cdTULO VIII ESTADOS FINANCIEROS<\/a><\/td><\/tr><tr><td><a href=\"http:\/\/www.municipiomugica.com\/Manual_Contabilidad\/Anexo%201%20Matrices%20de%20Conversi%C3%B3n%20Definitivo%2024%20nov%202025.pdf\" title=\"\">Anexo 1 Matrices de Conversi\u00f3n<\/a><\/td><\/tr><\/tbody><\/table><\/figure>\n\n","protected":false},"excerpt":{"rendered":"<p>00 INTRODUCCI\u00d3N 01 CAP\u00cdTULO I FINALIDAD 02 CAP\u00cdTULO II MARCO JUR\u00cdDICO 03 CAP\u00cdTULO III POL\u00cdTICAS CONTABLE 04 CAP\u00cdTULO IV LISTA DE CUENTAS 05 CAPITULO V INSTRUCTIVO DE CUENTAS 06 CAP\u00cdTULO &#8230;<\/p>\n","protected":false},"author":1,"featured_media":0,"parent":0,"menu_order":0,"comment_status":"closed","ping_status":"closed","template":"","meta":{"om_disable_all_campaigns":false,"footnotes":""},"class_list":["post-5888","page","type-page","status-publish","hentry"],"aioseo_notices":[],"_links":{"self":[{"href":"https:\/\/municipiomugica.com\/index.php\/wp-json\/wp\/v2\/pages\/5888","targetHints":{"allow":["GET"]}}],"collection":[{"href":"https:\/\/municipiomugica.com\/index.php\/wp-json\/wp\/v2\/pages"}],"about":[{"href":"https:\/\/municipiomugica.com\/index.php\/wp-json\/wp\/v2\/types\/page"}],"author":[{"embeddable":true,"href":"https:\/\/municipiomugica.com\/index.php\/wp-json\/wp\/v2\/users\/1"}],"replies":[{"embeddable":true,"href":"https:\/\/municipiomugica.com\/index.php\/wp-json\/wp\/v2\/comments?post=5888"}],"version-history":[{"count":3,"href":"https:\/\/municipiomugica.com\/index.php\/wp-json\/wp\/v2\/pages\/5888\/revisions"}],"predecessor-version":[{"id":5892,"href":"https:\/\/municipiomugica.com\/index.php\/wp-json\/wp\/v2\/pages\/5888\/revisions\/5892"}],"wp:attachment":[{"href":"https:\/\/municipiomugica.com\/index.php\/wp-json\/wp\/v2\/media?parent=5888"}],"curies":[{"name":"wp","href":"https:\/\/api.w.org\/{rel}","templated":true}]}}