{"id":5906,"date":"2026-04-13T20:45:35","date_gmt":"2026-04-14T02:45:35","guid":{"rendered":"https:\/\/municipiomugica.com\/?page_id=5906"},"modified":"2026-04-13T20:54:11","modified_gmt":"2026-04-14T02:54:11","slug":"cuenta-publica-anual-2025","status":"publish","type":"page","link":"https:\/\/municipiomugica.com\/index.php\/cuenta-publica-anual-2025\/","title":{"rendered":"CUENTA P\u00daBLICA ANUAL 2025"},"content":{"rendered":"\n<p>I<\/p>\n\n\n\n<figure class=\"wp-block-table is-style-stripes\"><table class=\"has-fixed-layout\"><tbody><tr><td><a href=\"https:\/\/www.municipiomugica.com\/Cuenta_Publica\/2025\/I\/1.-%20CAR%C3%81TULA.pdf\" title=\"\">CAR\u00c1TULA<\/a><\/td><\/tr><\/tbody><\/table><\/figure>\n\n\n\n<p>II<\/p>\n\n\n\n<figure class=\"wp-block-table is-style-stripes\"><table class=\"has-fixed-layout\"><tbody><tr><td><a href=\"https:\/\/www.municipiomugica.com\/Cuenta_Publica\/2025\/II\/INDICE.pdf\" title=\"\">INDICE<\/a><\/td><\/tr><\/tbody><\/table><\/figure>\n\n\n\n<p>III<\/p>\n\n\n\n<figure class=\"wp-block-table is-style-stripes\"><table class=\"has-fixed-layout\"><tbody><tr><td><a href=\"https:\/\/www.municipiomugica.com\/Cuenta_Publica\/2025\/III\/ACTA%20DE%20APROBACI%C3%93N%20DE%20LA%20CUENTA%20P%C3%9ABLICA%202025%2C%20POA%2C%20PRESUP%20EGRESOS%2C%20MODIF%20Y%20PLANTILLA.pdf\" title=\"\">ACTA DE APROBACI\u00d3N DE LA CUENTA P\u00daBLICA 2025, POA, PRESUP EGRESOS, MODIF Y PLANTILLA<\/a><\/td><\/tr><\/tbody><\/table><\/figure>\n\n\n\n<p>IV<\/p>\n\n\n\n<figure class=\"wp-block-table is-style-stripes\"><table class=\"has-fixed-layout\"><tbody><tr><td><a href=\"https:\/\/www.municipiomugica.com\/Cuenta_Publica\/2025\/IV\/1.-%20ESTADO%20DE%20ACTIVIDADES.pdf\" title=\"\">1.- ESTADO DE ACTIVIDADES<\/a><\/td><\/tr><tr><td><a href=\"https:\/\/www.municipiomugica.com\/Cuenta_Publica\/2025\/IV\/2.-%20ESTADO%20DE%20SITUACI%C3%93N%20FINANCIERA.pdf\" title=\"\">2.- ESTADO DE SITUACI\u00d3N FINANCIERA<\/a><\/td><\/tr><tr><td><a href=\"https:\/\/www.municipiomugica.com\/Cuenta_Publica\/2025\/IV\/3.-%20ESTADO%20DE%20VARIACI%C3%93N%20EN%20LA%20HACIENDA%20P%C3%9ABLICA.pdf\" title=\"\">3.- ESTADO DE VARIACI\u00d3N EN LA HACIENDA P\u00daBLICA<\/a><\/td><\/tr><tr><td><a href=\"https:\/\/www.municipiomugica.com\/Cuenta_Publica\/2025\/IV\/4.-%20ESTADO%20DE%20CAMBIOS%20EN%20LA%20SITUACI%C3%93N%20FINANCIERA.pdf\" title=\"\">4.- ESTADO DE CAMBIOS EN LA SITUACI\u00d3N FINANCIERA<\/a><\/td><\/tr><tr><td><a href=\"https:\/\/www.municipiomugica.com\/Cuenta_Publica\/2025\/IV\/5.-%20ESTADO%20DE%20FLUJOS%20DE%20EFECTIVO.pdf\" title=\"\">5.- ESTADO DE FLUJOS DE EFECTIVO<\/a><\/td><\/tr><tr><td><a href=\"https:\/\/www.municipiomugica.com\/Cuenta_Publica\/2025\/IV\/6.-%20NOTAS%20A%20LOS%20ESTADOS%20FINANCIEROS.pdf\" title=\"\">6.- NOTAS A LOS ESTADOS FINANCIEROS<\/a><\/td><\/tr><tr><td><a href=\"https:\/\/www.municipiomugica.com\/Cuenta_Publica\/2025\/IV\/7.-%20ESTADO%20ANAL%C3%8DTICO%20DEL%20ACTIVO.pdf\" title=\"\">7.- ESTADO ANAL\u00cdTICO DEL ACTIVO<\/a><\/td><\/tr><tr><td><a href=\"https:\/\/www.municipiomugica.com\/Cuenta_Publica\/2025\/IV\/8.-%20CONCILIACI%C3%93N%20ENTRE%20LOS%20EGRESOS%20CONTABLES%20Y%20PRESUPUESTARIOS.pdf\" title=\"\">8.- CONCILIACI\u00d3N ENTRE LOS EGRESOS CONTABLES Y PRESUPUESTARIOS<\/a><\/td><\/tr><tr><td><a href=\"https:\/\/www.municipiomugica.com\/Cuenta_Publica\/2025\/IV\/8.-%20CONCILIACI%C3%93N%20ENTRE%20LOS%20INGRESOS%20CONTABLES%20Y%20PRESUPUESTARIOS.pdf\" title=\"\">8.- CONCILIACI\u00d3N ENTRE LOS INGRESOS CONTABLES Y PRESUPUESTARIOS<\/a><\/td><\/tr><\/tbody><\/table><\/figure>\n\n\n\n<p>V<\/p>\n\n\n\n<figure class=\"wp-block-table is-style-stripes\"><table class=\"has-fixed-layout\"><tbody><tr><td><a href=\"https:\/\/www.municipiomugica.com\/Cuenta_Publica\/2025\/V\/A%29%20ESTADO%20ANAL%C3%8DTICO%20DE%20INGRESOS.pdf\" title=\"\">A) ESTADO ANAL\u00cdTICO DE INGRESOS<\/a><\/td><\/tr><tr><td><a href=\"https:\/\/www.municipiomugica.com\/Cuenta_Publica\/2025\/V\/B%29%20ESTADO%20ANAL%C3%8DTICO%20DEL%20EJERCICIO%20DEL%20PRESUPUESTO%20DE%20EGRESOS%20CLASIF%20ADMIN.pdf\" title=\"\">B) ESTADO ANAL\u00cdTICO DEL EJERCICIO DEL PRESUPUESTO DE EGRESOS CLASIF ADMIN<\/a><\/td><\/tr><tr><td><a href=\"https:\/\/www.municipiomugica.com\/Cuenta_Publica\/2025\/V\/B%29%20ESTADO%20ANAL%C3%8DTICO%20DEL%20EJERCICIO%20DEL%20PRESUPUESTO%20DE%20EGRESOS%20CLASIF%20ECON.pdf\" title=\"\">B) ESTADO ANAL\u00cdTICO DEL EJERCICIO DEL PRESUPUESTO DE EGRESOS CLASIF ECON<\/a><\/td><\/tr><tr><td><a href=\"https:\/\/www.municipiomugica.com\/Cuenta_Publica\/2025\/V\/B%29%20ESTADO%20ANAL%C3%8DTICO%20DEL%20EJERCICIO%20DEL%20PRESUPUESTO%20DE%20EGRESOS%20CLASIF%20FUNCIONAL.pdf\" title=\"\">B) ESTADO ANAL\u00cdTICO DEL EJERCICIO DEL PRESUPUESTO DE EGRESOS CLASIF FUNCIONAL<\/a><\/td><\/tr><tr><td><a href=\"https:\/\/www.municipiomugica.com\/Cuenta_Publica\/2025\/V\/B%29%20ESTADO%20ANAL%C3%8DTICO%20DEL%20EJERCICIO%20DEL%20PRESUPUESTO%20DE%20EGRESOS%20CLASIF%20OBJETO%20DEL%20GASTO.pdf\" title=\"\">B) ESTADO ANAL\u00cdTICO DEL EJERCICIO DEL PRESUPUESTO DE EGRESOS CLASIF OBJETO DEL GASTO<\/a><\/td><\/tr><\/tbody><\/table><\/figure>\n\n\n\n<p>VI<\/p>\n\n\n\n<figure class=\"wp-block-table is-style-stripes\"><table class=\"has-fixed-layout\"><tbody><tr><td><a href=\"https:\/\/www.municipiomugica.com\/Cuenta_Publica\/2025\/VI\/A%29%20RELACI%C3%93N%20DE%20BIENES%20INMUEBLES.pdf\" title=\"\">A) RELACI\u00d3N DE BIENES INMUEBLES<\/a><\/td><\/tr><tr><td><a href=\"https:\/\/www.municipiomugica.com\/Cuenta_Publica\/2025\/VI\/A%29%20RELACI%C3%93N%20DE%20BIENES%20MUEBLES.pdf\" title=\"\">A) RELACI\u00d3N DE BIENES MUEBLES<\/a><\/td><\/tr><tr><td><a href=\"https:\/\/www.municipiomugica.com\/Cuenta_Publica\/2025\/VI\/B%29%20RELACI%C3%93N%20DE%20CUENTAS%20BANCARIAS.pdf\" title=\"\">B) RELACI\u00d3N DE CUENTAS BANCARIAS<\/a><\/td><\/tr><tr><td><a href=\"https:\/\/www.municipiomugica.com\/Cuenta_Publica\/2025\/VI\/C%29%20NORMA%20PARA%20ESTABLECER%20LA%20ESTRUCTURA%20DE%20LA%20INFORMACI%C3%93N%20DEL%20DORMATO%20DE%20EJERCICIO%20Y%20DESTINO%20DEL%20GASTO%20Y%20REINTEGROS.pdf\" title=\"\">C) NORMA PARA ESTABLECER LA ESTRUCTURA DE LA INFORMACI\u00d3N DEL DORMATO DE EJERCICIO Y DESTINO DEL GASTO Y REINTEGROS<\/a><\/td><\/tr><tr><td><a href=\"https:\/\/www.municipiomugica.com\/Cuenta_Publica\/2025\/VI\/D%29%20CONCILIACI%C3%93N%20ENTRE%20LOS%20INGRESOS%20PRESUPUESTARIOS%20Y%20CONTABLES.pdf\" title=\"\">D) CONCILIACI\u00d3N ENTRE LOS INGRESOS PRESUPUESTARIOS Y CONTABLES<\/a><\/td><\/tr><tr><td><a href=\"https:\/\/www.municipiomugica.com\/Cuenta_Publica\/2025\/VI\/E%29%20CONCILIACI%C3%93N%20ENTRE%20LOS%20EGRESOS%20PRESUPUESTARIOS%20Y%20CONTABLES.pdf\" title=\"\">E) CONCILIACI\u00d3N ENTRE LOS EGRESOS PRESUPUESTARIOS Y CONTABLES<\/a><\/td><\/tr><\/tbody><\/table><\/figure>\n\n\n\n<p>VII<\/p>\n\n\n\n<figure class=\"wp-block-table is-style-stripes\"><table class=\"has-fixed-layout\"><tbody><tr><td><a href=\"https:\/\/www.municipiomugica.com\/Cuenta_Publica\/2025\/VII\/1.-%20ESTADO%20DE%20SITUACI%C3%93N%20FINANCIERA%20DETALLADO.pdf\" title=\"\">1.- ESTADO DE SITUACI\u00d3N FINANCIERA DETALLADO<\/a><\/td><\/tr><tr><td><a href=\"https:\/\/www.municipiomugica.com\/Cuenta_Publica\/2025\/VII\/2.-%20INFORME%20ANAL%C3%8DTICO%20D%20ELA%20DEUDA%20Y%20OTROS%20PASIVOS.pdf\" title=\"\">2.- INFORME ANAL\u00cdTICO D ELA DEUDA Y OTROS PASIVOS<\/a><\/td><\/tr><tr><td><a href=\"https:\/\/www.municipiomugica.com\/Cuenta_Publica\/2025\/VII\/3.-%20INFORME%20ANAL%C2%B4%C2%B4ITICO%20DE%20OBLIGACIONES%20DIFERENTES%20DE%20FINANCIAMIENTOS.pdf\" title=\"\">3.- INFORME ANAL\u00cdTICO DE OBLIGACIONES DIFERENTES DE FINANCIAMIENTOS<\/a><\/td><\/tr><tr><td><a href=\"https:\/\/www.municipiomugica.com\/Cuenta_Publica\/2025\/VII\/4.-%20BALANCE%20PRESUPUESTARIO.pdf\" title=\"\">4.- BALANCE PRESUPUESTARIO<\/a><\/td><\/tr><tr><td><a href=\"https:\/\/www.municipiomugica.com\/Cuenta_Publica\/2025\/VII\/5.-%20ESTADO%20ANAL%C3%8DTICO%20DE%20INGRESOS%20DETALLADO.pdf\" title=\"\">5.- ESTADO ANAL\u00cdTICO DE INGRESOS DETALLADO<\/a><\/td><\/tr><tr><td><a href=\"https:\/\/www.municipiomugica.com\/Cuenta_Publica\/2025\/VII\/6.-%20ESTADO%20ANAL%C3%8DTICO%20DEL%20EJERCICIO%20DEL%20PRESUPUESTO%20DE%20EGRESOS%20CLASIF%20ADMINISTRATIVA.pdf\" title=\"\">6.- ESTADO ANAL\u00cdTICO DEL EJERCICIO DEL PRESUPUESTO DE EGRESOS CLASIF ADMINISTRATIVA<\/a><\/td><\/tr><tr><td><a href=\"https:\/\/www.municipiomugica.com\/Cuenta_Publica\/2025\/VII\/6.-%20ESTADO%20ANAL%C3%8DTICO%20DEL%20EJERCICIO%20DEL%20PRESUPUESTO%20DE%20EGRESOS%20CLASIF%20FUNCIONAL.pdf\" title=\"\">6.- ESTADO ANAL\u00cdTICO DEL EJERCICIO DEL PRESUPUESTO DE EGRESOS CLASIF FUNCIONAL<\/a><\/td><\/tr><tr><td><a href=\"https:\/\/www.municipiomugica.com\/Cuenta_Publica\/2025\/VII\/6.-%20ESTADO%20ANAL%C3%8DTICO%20DEL%20EJERCICIO%20DEL%20PRESUPUESTO%20DE%20EGRESOS%20CLASIF%20OBJETO%20DEL%20GASTO.pdf\" title=\"\">6.- ESTADO ANAL\u00cdTICO DEL EJERCICIO DEL PRESUPUESTO DE EGRESOS CLASIF OBJETO DEL GASTO<\/a><\/td><\/tr><tr><td><a href=\"https:\/\/www.municipiomugica.com\/Cuenta_Publica\/2025\/VII\/6.-%20ESTADO%20ANAL%C3%8DTICO%20DEL%20EJERCICIO%20DEL%20PRESUPUESTO%20DE%20EGRESOS%20CLASIF%20SERVICIOS%20PERSONALES.pdf\" title=\"\">6.- ESTADO ANAL\u00cdTICO DEL EJERCICIO DEL PRESUPUESTO DE EGRESOS CLASIF SERVICIOS PERSONALES<\/a><\/td><\/tr><tr><td><a href=\"https:\/\/www.municipiomugica.com\/Cuenta_Publica\/2025\/VII\/7.-%20Guia%20de%20cumplimiento%20de%20la%20ley%20de%20disciplina%20financiera%20de%20las%20entidades%20federativas%20y%20municipios%202025.pdf\" title=\"\">7.- Gu\u00eda de cumplimiento de la ley de disciplina financiera de las entidades federativas y municipios 2025<\/a><\/td><\/tr><\/tbody><\/table><\/figure>\n\n\n\n<p>VIII<\/p>\n\n\n\n<figure class=\"wp-block-table is-style-stripes\"><table class=\"has-fixed-layout\"><tbody><tr><td><a href=\"https:\/\/www.municipiomugica.com\/Cuenta_Publica\/2025\/VIII\/1.-%20CONCILIACIONES%2C%20ESTADOS%20DE%20CUENTA%20Y%20ANAL%C3%8DTICOS%20MENSUALES.pdf\" title=\"\">1.- CONCILIACIONES, ESTADOS DE CUENTA Y ANAL\u00cdTICOS MENSUALES<\/a><\/td><\/tr><tr><td><a href=\"https:\/\/www.municipiomugica.com\/Cuenta_Publica\/2025\/VIII\/1.-%20CONCILIACIONES%2C%20ESTADOS%20DE%20CUENTA%20Y%20ANAL%C3%8DTICOS%20MENSUALES%20%281%29.pdf\" title=\"\">1.- CONCILIACIONES, ESTADOS DE CUENTA Y ANAL\u00cdTICOS MENSUALES (1)<\/a><\/td><\/tr><tr><td><a href=\"https:\/\/www.municipiomugica.com\/Cuenta_Publica\/2025\/VIII\/1.-%20CONCILIACIONES%2C%20ESTADOS%20DE%20CUENTA%20Y%20ANAL%C3%8DTICOS%20MENSUALES%20%282%29.pdf\" title=\"\">1.- CONCILIACIONES, ESTADOS DE CUENTA Y ANAL\u00cdTICOS MENSUALES (2)<\/a><\/td><\/tr><tr><td><a href=\"https:\/\/www.municipiomugica.com\/Cuenta_Publica\/2025\/VIII\/1.-%20CONCILIACIONES%2C%20ESTADOS%20DE%20CUENTA%20Y%20ANAL%C3%8DTICOS%20MENSUALES%20%283%29.pdf\" title=\"\">1.- CONCILIACIONES, ESTADOS DE CUENTA Y ANAL\u00cdTICOS MENSUALES (3)<\/a><\/td><\/tr><tr><td><a href=\"https:\/\/www.municipiomugica.com\/Cuenta_Publica\/2025\/VIII\/1.-%20CONCILIACIONES%2C%20ESTADOS%20DE%20CUENTA%20Y%20ANAL%C3%8DTICOS%20MENSUALES%20%284%29.pdf\" title=\"\">1.- CONCILIACIONES, ESTADOS DE CUENTA Y ANAL\u00cdTICOS MENSUALES (4)<\/a><\/td><\/tr><tr><td><a href=\"https:\/\/www.municipiomugica.com\/Cuenta_Publica\/2025\/VIII\/1.-%20CONCILIACIONES%2C%20ESTADOS%20DE%20CUENTA%20Y%20ANAL%C3%8DTICOS%20MENSUALES%20%285%29.pdf\" title=\"\">1.- CONCILIACIONES, ESTADOS DE CUENTA Y ANAL\u00cdTICOS MENSUALES (5)<\/a><\/td><\/tr><tr><td><a href=\"https:\/\/www.municipiomugica.com\/Cuenta_Publica\/2025\/VIII\/1.-%20CONCILIACIONES%2C%20ESTADOS%20DE%20CUENTA%20Y%20ANAL%C3%8DTICOS%20MENSUALES%20%286%29.pdf\" title=\"\">1.- CONCILIACIONES, ESTADOS DE CUENTA Y ANAL\u00cdTICOS MENSUALES (6)<\/a><\/td><\/tr><tr><td><a href=\"https:\/\/www.municipiomugica.com\/Cuenta_Publica\/2025\/VIII\/2.-%20BALANZA%20DE%20COMPROBACI%C3%93N.pdf\" title=\"\">2.- BALANZA DE COMPROBACI\u00d3N<\/a><\/td><\/tr><tr><td><a href=\"https:\/\/www.municipiomugica.com\/Cuenta_Publica\/2025\/VIII\/3.-%20ANEXO%201%20REPORTE%20DE%20LA%20DEUDA%20P%C3%9ABLICA%20ADQUIRIDA%20PARA%20INVERSIONES%20P%C3%9ABLICAS%20PRODUCTIVAS.pdf\" title=\"\">3.- ANEXO 1 REPORTE DE LA DEUDA P\u00daBLICA ADQUIRIDA PARA INVERSIONES P\u00daBLICAS PRODUCTIVAS<\/a><\/td><\/tr><tr><td><a href=\"https:\/\/www.municipiomugica.com\/Cuenta_Publica\/2025\/VIII\/3.-%20ANEXO%202-RELACION%20DE%20OBRAS%20EJECUTADAS.pdf\" title=\"\">3.- ANEXO 2-RELACION DE OBRAS EJECUTADAS<\/a><\/td><\/tr><tr><td><a href=\"https:\/\/www.municipiomugica.com\/Cuenta_Publica\/2025\/VIII\/3.-%20ANEXO%203%20VINCULACI%C3%93N%20DE%20OBJETIVOS.pdf\" title=\"\">3.- ANEXO 3 VINCULACI\u00d3N DE OBJETIVOS<\/a><\/td><\/tr><tr><td><a href=\"https:\/\/www.municipiomugica.com\/Cuenta_Publica\/2025\/VIII\/3.-%20ANEXO%204%20AVANCE%20PROGRAM%C3%81TICO.pdf\" title=\"\">3.- ANEXO 4 AVANCE PROGRAM\u00c1TICO<\/a><\/td><\/tr><\/tbody><\/table><\/figure>\n\n\n\n<p><\/p>\n\n","protected":false},"excerpt":{"rendered":"<p>I CAR\u00c1TULA II INDICE III ACTA DE APROBACI\u00d3N DE LA CUENTA P\u00daBLICA 2025, POA, PRESUP EGRESOS, MODIF Y PLANTILLA IV 1.- ESTADO DE ACTIVIDADES 2.- ESTADO DE SITUACI\u00d3N FINANCIERA 3.- &#8230;<\/p>\n","protected":false},"author":1,"featured_media":0,"parent":0,"menu_order":0,"comment_status":"closed","ping_status":"closed","template":"","meta":{"om_disable_all_campaigns":false,"footnotes":""},"class_list":["post-5906","page","type-page","status-publish","hentry"],"aioseo_notices":[],"_links":{"self":[{"href":"https:\/\/municipiomugica.com\/index.php\/wp-json\/wp\/v2\/pages\/5906","targetHints":{"allow":["GET"]}}],"collection":[{"href":"https:\/\/municipiomugica.com\/index.php\/wp-json\/wp\/v2\/pages"}],"about":[{"href":"https:\/\/municipiomugica.com\/index.php\/wp-json\/wp\/v2\/types\/page"}],"author":[{"embeddable":true,"href":"https:\/\/municipiomugica.com\/index.php\/wp-json\/wp\/v2\/users\/1"}],"replies":[{"embeddable":true,"href":"https:\/\/municipiomugica.com\/index.php\/wp-json\/wp\/v2\/comments?post=5906"}],"version-history":[{"count":3,"href":"https:\/\/municipiomugica.com\/index.php\/wp-json\/wp\/v2\/pages\/5906\/revisions"}],"predecessor-version":[{"id":5911,"href":"https:\/\/municipiomugica.com\/index.php\/wp-json\/wp\/v2\/pages\/5906\/revisions\/5911"}],"wp:attachment":[{"href":"https:\/\/municipiomugica.com\/index.php\/wp-json\/wp\/v2\/media?parent=5906"}],"curies":[{"name":"wp","href":"https:\/\/api.w.org\/{rel}","templated":true}]}}